{"id":156021,"date":"2013-01-03T15:31:20","date_gmt":"2013-01-03T14:31:20","guid":{"rendered":"https:\/\/plumvillage.org\/plum-village\/"},"modified":"2020-09-18T10:16:40","modified_gmt":"2020-09-18T08:16:40","slug":"plum-village","status":"publish","type":"page","link":"https:\/\/dev.plumvillage.org\/de\/plum-village","title":{"rendered":"Plum Village"},"content":{"rendered":"\n<p class=\"has-large-font-size\">Plum Village liegt in der N\u00e4he von Bordeaux im S\u00fcdwesten Frankreichs und ist das gr\u00f6\u00dfte internationale Praxiszentrum in der Plum Village-Tradition. Es ist das erste von Zen-Meister <a href=\"https:\/\/dev.plumvillage.org\/about\/thich-nhat-hanh\/\">Thich Nhat Hanh<\/a> (Thay) gegr\u00fcndete Kloster im Westen.<\/p>\n\n\n\n<div class=\"wp-block-image\"><figure class=\"alignright size-large\"><img loading=\"lazy\" decoding=\"async\" width=\"290\" height=\"200\" src=\"https:\/\/dev.plumvillage.org\/wp-content\/uploads\/2020\/06\/smrti-samadhi-prajna-1.jpg\" alt=\"\" class=\"wp-image-156030\"\/><\/figure><\/div>\n\n\n\n<p>Plum Village ist der Ort, an dem Thay seinen Traum vom Aufbau einer geliebten Gemeinschaft verwirklicht hat: die Schaffung einer gesunden, n\u00e4hrenden Umgebung, in der Menschen die Kunst erlernen k\u00f6nnen, in Harmonie miteinander und mit der Erde zu leben.<\/p>\n\n\n\n<p>Plum Village begann 1982 als kleines, l\u00e4ndliches Geh\u00f6ft und hat sich heute zum gr\u00f6\u00dften buddhistischen Kloster Europas entwickelt. Hier leben und praktizieren \u00fcber 200 M\u00f6nche und Nonnen in <a href=\"https:\/\/dev.plumvillage.org\/de\/visiting-us\/hamlet\/\">vier verschiedenen Hamlets<\/a>, die \u00fcber die franz\u00f6sische Landschaft verteilt sind. Es ist eine Fortsetzung der urspr\u00fcnglichen &#8222;S\u00fc\u00dfkartoffel-Gemeinschaft&#8220;, die Thay in den 1970er Jahren in der N\u00e4he von Paris gr\u00fcndete, kurz nachdem er aus Vietnam ins Exil geschickt worden war.<\/p>\n\n\n\n<figure class=\"wp-block-image alignwide\"><img loading=\"lazy\" decoding=\"async\" width=\"1024\" height=\"773\" src=\"https:\/\/dev.plumvillage.org\/wp-content\/uploads\/2019\/08\/180-Plum-Village-monastery-in-France-birdseye-view-PHOTO-PVCEB-1024x773.jpg\" alt=\"\" class=\"wp-image-139387\" srcset=\"https:\/\/dev.plumvillage.org\/wp-content\/uploads\/2019\/08\/180-Plum-Village-monastery-in-France-birdseye-view-PHOTO-PVCEB-1024x773.jpg 1024w, https:\/\/dev.plumvillage.org\/wp-content\/uploads\/2019\/08\/180-Plum-Village-monastery-in-France-birdseye-view-PHOTO-PVCEB-499x377.jpg 499w, https:\/\/dev.plumvillage.org\/wp-content\/uploads\/2019\/08\/180-Plum-Village-monastery-in-France-birdseye-view-PHOTO-PVCEB-768x580.jpg 768w, https:\/\/dev.plumvillage.org\/wp-content\/uploads\/2019\/08\/180-Plum-Village-monastery-in-France-birdseye-view-PHOTO-PVCEB.jpg 1149w\" sizes=\"auto, (max-width: 1024px) 100vw, 1024px\" \/><figcaption>Upper Hamlet, Plum Village <\/figcaption><\/figure>\n\n\n<div class=\"block text-inset   alignright\">\n\t<div class=\"block-inside text-inset-inside\">\n\t\t<h5>Die Anf\u00e4nge von Plum Village<\/h5>\t\t<p>Sie k\u00f6nnen hier eine Abschrift eines Dharma-Vortrags von Thich Nhat Hanh lesen:<br \/>\n&#8222;Ich bin angekommen, ich bin zu Hause: Wir feiern zwanzig Jahre Plum Village&#8220;<\/p>\n<p><a href=\"https:\/\/plumvillage.org\/about\/plum-village\/i-have-arrived-i-am-home\/\">&#8222;Ich bin angekommen, ich bin zu Hause: Wir feiern zwanzig Jahre Plum Village&#8220;<\/a><\/p>\n\t<\/div>\n<\/div>\n\n\n\n<p>In Plum Village integrieren wir Achtsamkeit in all unsere t\u00e4glichen Aktivit\u00e4ten und wir trainieren diese den ganzen Tag lang aufrecht zu erhalten: Sei es beim Essen, Spazierengehen, bei der Arbeit oder beim gemeinsamen Genuss einer Tasse Tee. Plum Village ist ein Zuhause weit weg von unserem Heimatlandund eine sch\u00f6ne, n\u00e4hrende und einfache Umgebung, in der wir den Geist des Erwachens kultivieren k\u00f6nnen.<\/p>\n\n\n\n<p>Wir genie\u00dfen Zeiten der Stille, Sitzmeditation, Ruhe, Entspannung, achtsamen Arbeit und des Spielens. Jede(r) Praktizierende(r), der nach Plum Village kommt, ist eingeladen, sich an den gemeinsamen Aktivit\u00e4ten in seinem Hamlet zu beteiligen. Sei es bei der Zubereitung von Mahlzeiten, beim Putzen oder beim Abwaschen des Geschirrs. Auf diese Weise lernen wir Freude und Achtsamkeit zu kultivieren, bei allem was wir tun.<\/p>\n\n\n\n<p>Jedes Jahr empf\u00e4ngt Plum Village Tausende von Meditierenden aus der ganzen Welt, die kommen um die Kunst des achtsamen Gemeinschaftslebens zu erleben. Beim allj\u00e4hrlichen vierw\u00f6chigen Sommer-Retreat, welches auch spezielle Programme f\u00fcr Kinder und Jugendliche anbietet, sind oft \u00fcber 40 Nationalit\u00e4ten vertreten.<\/p>\n\n\n\n<figure class=\"wp-block-image alignwide\"><img loading=\"lazy\" decoding=\"async\" width=\"1024\" height=\"638\" src=\"https:\/\/dev.plumvillage.org\/wp-content\/uploads\/2019\/08\/082-TNH-teaching-in-Plum-Village-PHOTO-PVCEB-1024x638.jpg\" alt=\"\" class=\"wp-image-139388\" srcset=\"https:\/\/dev.plumvillage.org\/wp-content\/uploads\/2019\/08\/082-TNH-teaching-in-Plum-Village-PHOTO-PVCEB-1024x638.jpg 1024w, https:\/\/dev.plumvillage.org\/wp-content\/uploads\/2019\/08\/082-TNH-teaching-in-Plum-Village-PHOTO-PVCEB-499x311.jpg 499w, https:\/\/dev.plumvillage.org\/wp-content\/uploads\/2019\/08\/082-TNH-teaching-in-Plum-Village-PHOTO-PVCEB-768x479.jpg 768w, https:\/\/dev.plumvillage.org\/wp-content\/uploads\/2019\/08\/082-TNH-teaching-in-Plum-Village-PHOTO-PVCEB.jpg 1600w\" sizes=\"auto, (max-width: 1024px) 100vw, 1024px\" \/><figcaption>Dharma Vortrag w\u00e4hrend des Sommerretreats<\/figcaption><\/figure>\n\n\n\n<p>Zus\u00e4tzlich zur Fr\u00fchlings- und Herbst-Retreat-Saison, in der Besucher f\u00fcr eine Woche oder l\u00e4nger willkommen sind, bietet Plum Village auch spezielle Achtsamkeits-Retreats an. Darunter Retreats f\u00fcr Franzosen, Lehrer und auch f\u00fcr junge Leute. Das j\u00e4hrliche 3-monatige Regen-Retreat, das sowohl Laien<span class=\"footnote\">Menschen, die keine M\u00f6nche oder Nonnen sind<\/span>als auch M\u00f6nchen und Nonnen offen steht, zieht jedes Jahr Hunderte von Praktizierenden an, die kommen, um ihre Praxis der Achtsamkeit zu vertiefen und um neunzig Tage lang einfach und harmonisch in Gemeinschaft zu leben.<\/p>\n\n\n\n<figure class=\"wp-block-image alignwide\"><img loading=\"lazy\" decoding=\"async\" width=\"942\" height=\"598\" src=\"https:\/\/dev.plumvillage.org\/wp-content\/uploads\/2019\/08\/182-Eating-the-midday-meal-in-Plum-Village-PHOTO-PVCEB.jpg\" alt=\"\" class=\"wp-image-139390\" srcset=\"https:\/\/dev.plumvillage.org\/wp-content\/uploads\/2019\/08\/182-Eating-the-midday-meal-in-Plum-Village-PHOTO-PVCEB.jpg 942w, https:\/\/dev.plumvillage.org\/wp-content\/uploads\/2019\/08\/182-Eating-the-midday-meal-in-Plum-Village-PHOTO-PVCEB-499x317.jpg 499w, https:\/\/dev.plumvillage.org\/wp-content\/uploads\/2019\/08\/182-Eating-the-midday-meal-in-Plum-Village-PHOTO-PVCEB-768x488.jpg 768w\" sizes=\"auto, (max-width: 942px) 100vw, 942px\" \/><\/figure>\n\n\n<div class=\"block text-inset   alignright\">\n\t<div class=\"block-inside text-inset-inside\">\n\t\t<h5>Rechtliche Informationen<\/h5>\t\t<p>Plum Village ist eingetragen als:<\/p>\n<p>Communaut\u00e9 Bouddhique Zen Village des Pruniers<br data-rich-text-line-break=\"true\" \/>Meyrac<br data-rich-text-line-break=\"true\" \/>47120 \u2013 Loubes Bernac<br data-rich-text-line-break=\"true\" \/>Tel: +33.5.53.58.48.58<br data-rich-text-line-break=\"true\" \/>SIRET: 425 182 565 00019<\/p>\n\t<\/div>\n<\/div>\n\n\n\n<p>Die Hamlets von Plum Village unterhalten ein Freiwilligenprogramm f\u00fcr\u00a0 junge Erwachsene und haben eine biologische &#8222;Happy Farm&#8220; gegr\u00fcndet Die sogenannten \u201cHappy Farmer\u201d (bestehend aus Ein-Jahres-Praktikanten und mehrj\u00e4hrigen Experten) versuchen \u00d6kologie und Achtsamkeit zu kombinieren, w\u00e4hrend sie Gem\u00fcse f\u00fcr die veganen Mahlzeiten der Gemeinschaft anbauen.<\/p>\n\n\n\n<p>Bevor er k\u00fcrzlich in seine Heimat Vietnam zur\u00fcckkehrte, lebte Thich Nhat Hanh in Plum Village, wenn er nicht gerade auf Reisen war. Von Plum Village aus schrieb, lehrte, g\u00e4rtnerte und leitete er seine globale Gemeinschaft. Viele der Wege rund um die H\u00fcgel und Felder von Plum Village sind f\u00fcr Thich Nhat Hanh und seine Gemeinschaft zu legend\u00e4ren Wegen der Gehmeditation geworden.<\/p>\n\n\n\n<p>Heute gibt es acht weitere <a href=\"http:\/\/www.bluecliffmonastery.org\/monastic-practice-centers\/\">kl\u00f6sterliche Praxiszentren<\/a> in der Plum Village Tradition in Europa, den USA und Asien, die alle von Thich Nhat Hanh selbst gegr\u00fcndet wurden. Das Kloster und Praxiszentrum von Plum Village in Deutschland ist das <a href=\"https:\/\/eiab.eu\/\">\u201cEurop\u00e4ische Institut f\u00fcr Angewandten Buddhismus\u201d<\/a> und befindet sich im Oberbergischen Kreis in Waldbr\u00f6l bei Bonn.<\/p>\n\n\n\n<p><\/p>\n","protected":false},"excerpt":{"rendered":"<p>Plum Village liegt in der N\u00e4he von Bordeaux im S\u00fcdwesten Frankreichs und ist das gr\u00f6\u00dfte internationale Praxiszentrum in der Plum Village-Tradition. Es ist das erste von Zen-Meister Thich Nhat Hanh (Thay) gegr\u00fcndete Kloster im Westen. Plum Village ist der Ort, an dem Thay seinen Traum vom Aufbau einer geliebten Gemeinschaft verwirklicht hat: die Schaffung einer<\/p>\n","protected":false},"author":9,"featured_media":0,"parent":0,"menu_order":0,"comment_status":"closed","ping_status":"closed","template":"","meta":{"_acf_changed":false,"sync_status":"","episode_type":"","audio_file":"","castos_file_data":"","podmotor_file_id":"","cover_image":"","cover_image_id":"","duration":"","filesize":"","filesize_raw":"","date_recorded":"","explicit":"","block":"","itunes_episode_number":"","itunes_title":"","itunes_season_number":"","itunes_episode_type":"","ep_exclude_from_search":false,"footnotes":""},"class_list":["post-156021","page","type-page","status-publish","hentry"],"acf":[],"_links":{"self":[{"href":"https:\/\/dev.plumvillage.org\/de\/wp-json\/wp\/v2\/pages\/156021","targetHints":{"allow":["GET"]}}],"collection":[{"href":"https:\/\/dev.plumvillage.org\/de\/wp-json\/wp\/v2\/pages"}],"about":[{"href":"https:\/\/dev.plumvillage.org\/de\/wp-json\/wp\/v2\/types\/page"}],"author":[{"embeddable":true,"href":"https:\/\/dev.plumvillage.org\/de\/wp-json\/wp\/v2\/users\/9"}],"replies":[{"embeddable":true,"href":"https:\/\/dev.plumvillage.org\/de\/wp-json\/wp\/v2\/comments?post=156021"}],"version-history":[{"count":0,"href":"https:\/\/dev.plumvillage.org\/de\/wp-json\/wp\/v2\/pages\/156021\/revisions"}],"wp:attachment":[{"href":"https:\/\/dev.plumvillage.org\/de\/wp-json\/wp\/v2\/media?parent=156021"}],"curies":[{"name":"wp","href":"https:\/\/api.w.org\/{rel}","templated":true}]}}