{"id":156066,"date":"2012-12-15T14:51:18","date_gmt":"2012-12-15T13:51:18","guid":{"rendered":"https:\/\/plumvillage.org\/international-sangha-directory\/"},"modified":"2020-10-11T08:11:13","modified_gmt":"2020-10-11T06:11:13","slug":"international-sangha-directory","status":"publish","type":"page","link":"https:\/\/dev.plumvillage.org\/de\/community\/international-sangha-directory","title":{"rendered":"Finden Sie eine Gruppe in Ihrer N\u00e4he"},"content":{"rendered":"\n<div class=\"wp-block-image\"><figure class=\"alignright size-medium\"><img loading=\"lazy\" decoding=\"async\" width=\"499\" height=\"212\" src=\"https:\/\/dev.plumvillage.org\/wp-content\/uploads\/2017\/09\/Go-as-a-sangha1-e1512984434529-499x212.jpg\" alt=\"\" class=\"wp-image-15624\" srcset=\"https:\/\/dev.plumvillage.org\/wp-content\/uploads\/2017\/09\/Go-as-a-sangha1-e1512984434529-499x212.jpg 499w, https:\/\/dev.plumvillage.org\/wp-content\/uploads\/2017\/09\/Go-as-a-sangha1-e1512984434529-768x327.jpg 768w, https:\/\/dev.plumvillage.org\/wp-content\/uploads\/2017\/09\/Go-as-a-sangha1-e1512984434529-1024x436.jpg 1024w, https:\/\/dev.plumvillage.org\/wp-content\/uploads\/2017\/09\/Go-as-a-sangha1-e1512984434529.jpg 1200w\" sizes=\"auto, (max-width: 499px) 100vw, 499px\" \/><\/figure><\/div>\n\n\n\n<p class=\"has-large-font-size\">Eine Gemeinschaft von buddhistischen Praktizierenden wird als &#8222;Sangha&#8220; bezeichnet.<span class=\"footnote\">(Sanskrit for inseparable)<\/span>Eine Sangha kann sowohl M\u00f6nche, Nonnen als auch Laienpraktizierende umfassen. Als drittes Juwel des Buddhismus bieten die Sanghas einen tiefen Brunnen der Unterst\u00fctzung und Weisheit.<\/p>\n\n\n\n<p>Wir ermutigen jede(n), sich einer Sangha in Ihrer N\u00e4he anzuschlie\u00dfen oder an Aktivit\u00e4ten mit einer Gemeinschaft der Achtsamkeitspraxis teilzunehmen, damit Sie von der kollektiven Energie der Achtsamkeit, des Friedens und der Freude profitieren k\u00f6nnen.<\/p>\n\n\n\n<figure class=\"wp-block-pullquote\"><blockquote><p>Ohne eine Sangha verliert man sehr schnell seine Praxis.<\/p><cite>Thich Nhat Hanh<\/cite><\/blockquote><\/figure>\n\n\n\n<p>In der Plum Village-Tradition gibt es in Europa, Asien und Amerika <a href=\"https:\/\/dev.plumvillage.org\/de\/monastic-practice-centres\/\">Zentren f\u00fcr Achtsamkeitspraxis<\/a> mit Gemeinschaften von M\u00f6nchen, Nonnen, und Laien. Dar\u00fcber hinaus gibt es weltweit Dutzende von Laienzentren zur Achtsamkeitspraxis und \u00fcber 1.000 Laien Sanghas, die sich regelm\u00e4\u00dfig abends, morgens oder an Achtsamkeitstagen zur gemeinsamen \u00dcbung und Austausch in St\u00e4dten und Gemeinden treffen.<\/p>\n\n\n\n<h2 class=\"wp-block-heading\">Liste aller deutschsprachigen Sanghas<\/h2>\n\n\n\n<p><a href=\"https:\/\/www.intersein.de\/gemeinschaften.html\">Diese Liste enth\u00e4lt die Kontaktdaten aller uns bekannten Sanghas<\/a> bzw. Gruppen in Deutschland, \u00d6sterreich und der Schweiz, die in der Tradition von Thich Nhat Hanh und Plum Village praktizieren.<\/p>\n\n\n\n<h2 class=\"wp-block-heading\">International Sangha Directory<\/h2>\n\n\n\n<p>Find a <strong>lay sangha<\/strong> practising in the tradition of Plum Village on the map below.<\/p>\n\n\n\n<figure class=\"alignwide\"><iframe loading=\"lazy\" src=\"https:\/\/www.google.com\/maps\/d\/embed?mid=1Xw3-bgsbKsK47_RT9Rykh_TwdWc&amp;zoom=2\" width=\"884\" height=\"480\"><\/iframe><\/figure>\n\n\n\n<p>A list of these sanghas is also available on <a href=\"https:\/\/www.parallax.org\/mindfulnessbell\/\/directory\" target=\"_blank\" rel=\"noreferrer noopener\" aria-label=\" (opens in a new tab)\">www.mindfulnessbell.org<\/a>. If you have a sangha or know a sangha in your region that is not shown, please contact the <a href=\"https:\/\/www.parallax.org\/mindfulnessbell\/\/contact-us\" data-link-description=\"\" data-link-type=\"website\" target=\"\" rel=\"noopener noreferrer\" class=\"advanced-url\">Mindfulness Bell<\/a>.<\/p>\n\n\n\n<h4 class=\"wp-block-heading\">Online sanghas<\/h4>\n\n\n\n<p>Es gibt auch eine Reihe von &#8222;Online&#8220;-Sanghas (die sich nur per Telefon oder Internet treffen). Die Plumline-Webseite ist ein Unterst\u00fctzungszentrum f\u00fcr jeden, der eine Online-Sangha finden, einrichten, aufbauen und unterhalten m\u00f6chte. Ein Ort zum Austausch von Ideen und Ressourcen bei der Entwicklung einer Online-Sangha: <a rel=\"noreferrer noopener\" aria-label=\" (opens in a new tab)\" href=\"http:\/\/plumline.org\/\" target=\"_blank\">plumline.org<\/a>.<\/p>\n","protected":false},"excerpt":{"rendered":"<p>Eine Gemeinschaft von buddhistischen Praktizierenden wird als &#8222;Sangha&#8220; bezeichnet.(Sanskrit for inseparable)Eine Sangha kann sowohl M\u00f6nche, Nonnen als auch Laienpraktizierende umfassen. Als drittes Juwel des Buddhismus bieten die Sanghas einen tiefen Brunnen der Unterst\u00fctzung und Weisheit. Wir ermutigen jede(n), sich einer Sangha in Ihrer N\u00e4he anzuschlie\u00dfen oder an Aktivit\u00e4ten mit einer Gemeinschaft der Achtsamkeitspraxis teilzunehmen, damit<\/p>\n","protected":false},"author":9,"featured_media":0,"parent":156070,"menu_order":0,"comment_status":"closed","ping_status":"closed","template":"","meta":{"_acf_changed":false,"sync_status":"","episode_type":"","audio_file":"","castos_file_data":"","podmotor_file_id":"","cover_image":"","cover_image_id":"","duration":"","filesize":"","filesize_raw":"","date_recorded":"","explicit":"","block":"","itunes_episode_number":"","itunes_title":"","itunes_season_number":"","itunes_episode_type":"","ep_exclude_from_search":false,"footnotes":""},"class_list":["post-156066","page","type-page","status-publish","hentry"],"acf":[],"_links":{"self":[{"href":"https:\/\/dev.plumvillage.org\/de\/wp-json\/wp\/v2\/pages\/156066","targetHints":{"allow":["GET"]}}],"collection":[{"href":"https:\/\/dev.plumvillage.org\/de\/wp-json\/wp\/v2\/pages"}],"about":[{"href":"https:\/\/dev.plumvillage.org\/de\/wp-json\/wp\/v2\/types\/page"}],"author":[{"embeddable":true,"href":"https:\/\/dev.plumvillage.org\/de\/wp-json\/wp\/v2\/users\/9"}],"replies":[{"embeddable":true,"href":"https:\/\/dev.plumvillage.org\/de\/wp-json\/wp\/v2\/comments?post=156066"}],"version-history":[{"count":0,"href":"https:\/\/dev.plumvillage.org\/de\/wp-json\/wp\/v2\/pages\/156066\/revisions"}],"up":[{"embeddable":true,"href":"https:\/\/dev.plumvillage.org\/de\/wp-json\/wp\/v2\/pages\/156070"}],"wp:attachment":[{"href":"https:\/\/dev.plumvillage.org\/de\/wp-json\/wp\/v2\/media?parent=156066"}],"curies":[{"name":"wp","href":"https:\/\/api.w.org\/{rel}","templated":true}]}}