{"id":255019,"date":"2022-01-25T12:26:27","date_gmt":"2022-01-25T11:26:27","guid":{"rendered":"https:\/\/plumvillage.org\/?page_id=255019"},"modified":"2022-01-25T22:56:12","modified_gmt":"2022-01-25T21:56:12","slug":"danksagungen-fuer-thich-nhat-hanh","status":"publish","type":"page","link":"https:\/\/dev.plumvillage.org\/de\/thich-nhat-hanh\/acht-gedanktage-fuer-thich-nhat-hanh\/danksagungen-fuer-thich-nhat-hanh","title":{"rendered":"Danksagungen f\u00fcr Thich Nhat Hanh"},"content":{"rendered":"\n<p>Bitte schreiben Sie hier, wie Sie von Thays Lehren geh\u00f6rt haben, wie Sie an seinen Retreats teilgenommen haben oder wie sich seine Lehren und Schriften auf Ihr Leben ausgewirkt haben.<\/p>\n\n\n\n<p>Ist es Ihnen gelungen, eine Beziehung zu vers\u00f6hnen oder eine Schwierigkeit zu \u00fcberwinden? Hat er Sie zu Handlungen in den Bereichen Friedensarbeit, soziale Gerechtigkeit, \u00d6kologie, Bildung, Gemeinschaftsbildung oder anderen Formen des engagierten Dienstes inspiriert? Wie m\u00f6chten Sie seine Botschaft in Ihrem eigenen Leben weiterf\u00fchren?<\/p>\n\n\n\n<p><a href=\"https:\/\/dev.plumvillage.org\/gratitude-for-thich-nhat-hanh\/\">Internationale Danksagungen k\u00f6nnen sie hier lesen.<\/a><\/p>\n\n\n\n<p>Plum Village und die Thich Nhat Hanh Foundation sammeln ein Archiv mit Erinnerungen an Thay. Wir laden Sie ein, uns ein Foto oder Video von Thay oder ein hochaufl\u00f6sendes Foto einer seiner Kalligraphien zur Verf\u00fcgung zu stellen. Bitte laden Sie sie <a href=\"https:\/\/plumvillage.app.box.com\/f\/b1bca36c0adf4c7a91af2f50dba9b1e7\">hier hoch<\/a>.<\/p>\n\n\n\n<p>Wenn Sie etwas mit uns teilen, aber lieber nicht ver\u00f6ffentlichen m\u00f6chten, senden Sie es bitte an: <a href=\"mailto:thankyouTNH@plumvillage.org\" data-type=\"mailto\" data-id=\"mailto:thankyouTNH@plumvillage.org\">thankyouTNH@plumvillage.org<\/a><\/p>\n\n\n<div class=\"quotes-collection alignfull is-style-slider\">\n  <div class=\"quotes-collection-quotes\">\n    \n\n<figure class=\"wp-block-pullquote\"><blockquote><p>It is not an exaggeration to say Thich Nhat Hanh\u2019s writings saved my life and continue to beautify it.<\/p><cite>Victoria Schafer<\/cite><\/blockquote><\/figure>\n\n\n\n<figure class=\"wp-block-pullquote\"><blockquote><p>I cannot begin to express how deeply this man has moved me and shaken my understanding of the world to its core. \u2026 My life is infinitely clearer, more grounded, joyful, calmer, more spacious, more filled with appreciation and gratitude.<\/p><cite>Tanya Meyer<\/cite><\/blockquote><\/figure>\n\n\n\n<figure class=\"wp-block-pullquote\"><blockquote><p>May we all continue to live as he showed us in peace and nonviolence that we too might spread the light of peace throughout the world.<\/p><cite>Father John Dear<\/cite><\/blockquote><\/figure>\n\n\n\n<figure class=\"wp-block-pullquote\"><blockquote><p>I\u2019m just a regular guy from Texas. I read about Thay and ordered \u2018The Pocket Thich Nhat Hanh.\u2019 It completely changed my life. I stopped rushing and seeking. I learned to be still and enjoy each moment.<\/p><cite>Dan Watson<\/cite><\/blockquote><\/figure>\n\n\n\n<figure class=\"wp-block-pullquote\"><blockquote><p>While my root teacher is Jesus, the practices of Thay and the dharma of Plum Village have shown me the path to joy. The present moment is the only eternity we will ever know.<\/p><cite>Trudy <\/cite><\/blockquote><\/figure>\n\n\n\n<figure class=\"wp-block-pullquote\"><blockquote><p>I met this loving man in 2008 in the desert \u2026 he spoke to a small group of us veterans who were struggling to adapt to our new lives back in the civilian society. What he taught me saved my life \u2026 for that I am eternally grateful.<\/p><cite>Mateo Hevezi<\/cite><\/blockquote><\/figure>\n\n\n\n<figure class=\"wp-block-pullquote\"><blockquote><p>I will see you everywhere, always, as my breath beside me.<\/p><cite>Terrence Geary<\/cite><\/blockquote><\/figure>\n\n\n\n<figure class=\"wp-block-pullquote\"><blockquote><p>I cannot begin to tell you how much your teachings have helped me and how much you mean to me. You&nbsp;gave me the tools to transform difficult emotions by shining the light of mindfulness on them. You showed me how to find peace with my father<\/p><cite>Terra<\/cite><\/blockquote><\/figure>\n\n\n\n<figure class=\"wp-block-pullquote\"><blockquote><p>I worked in a prison and used Thay\u2019s teachings to help and guide the men in my unit. The simplicity of it all makes it easy to demonstrate and teach. Thank you.<\/p><cite>Tammy<\/cite><\/blockquote><\/figure>\n\n\n\n<figure class=\"wp-block-pullquote\"><blockquote><p>I drove almost 1000 miles to see you and I am holding to my heart those few moments that I met you. You are a great teacher and a beautiful soul.&nbsp;<\/p><cite>Linda<\/cite><\/blockquote><\/figure>\n\n\n  <\/div>\n  <a class=\"show-slider-quotes show-more-simple\" href=\"#\"><span class=\"icon icon-caret-right\"><\/span>Show more quotes<\/a>\n<\/div>","protected":false},"excerpt":{"rendered":"<p>Bitte schreiben Sie hier, wie Sie von Thays Lehren geh\u00f6rt haben, wie Sie an seinen Retreats teilgenommen haben oder wie sich seine Lehren und Schriften auf Ihr Leben ausgewirkt haben. Internationale Danksagungen k\u00f6nnen sie auf der Englischen Seite lesen.<\/p>\n","protected":false},"author":1159,"featured_media":250556,"parent":247598,"menu_order":0,"comment_status":"open","ping_status":"closed","template":"","meta":{"_acf_changed":false,"sync_status":"","episode_type":"","audio_file":"","castos_file_data":"","podmotor_file_id":"","cover_image":"","cover_image_id":"","duration":"","filesize":"","filesize_raw":"","date_recorded":"","explicit":"","block":"","itunes_episode_number":"","itunes_title":"","itunes_season_number":"","itunes_episode_type":"","ep_exclude_from_search":false,"footnotes":""},"class_list":["post-255019","page","type-page","status-publish","has-post-thumbnail","hentry"],"acf":[],"_links":{"self":[{"href":"https:\/\/dev.plumvillage.org\/de\/wp-json\/wp\/v2\/pages\/255019","targetHints":{"allow":["GET"]}}],"collection":[{"href":"https:\/\/dev.plumvillage.org\/de\/wp-json\/wp\/v2\/pages"}],"about":[{"href":"https:\/\/dev.plumvillage.org\/de\/wp-json\/wp\/v2\/types\/page"}],"author":[{"embeddable":true,"href":"https:\/\/dev.plumvillage.org\/de\/wp-json\/wp\/v2\/users\/1159"}],"replies":[{"embeddable":true,"href":"https:\/\/dev.plumvillage.org\/de\/wp-json\/wp\/v2\/comments?post=255019"}],"version-history":[{"count":0,"href":"https:\/\/dev.plumvillage.org\/de\/wp-json\/wp\/v2\/pages\/255019\/revisions"}],"up":[{"embeddable":true,"href":"https:\/\/dev.plumvillage.org\/de\/wp-json\/wp\/v2\/pages\/247598"}],"wp:featuredmedia":[{"embeddable":true,"href":"https:\/\/dev.plumvillage.org\/de\/wp-json\/wp\/v2\/media\/250556"}],"wp:attachment":[{"href":"https:\/\/dev.plumvillage.org\/de\/wp-json\/wp\/v2\/media?parent=255019"}],"curies":[{"name":"wp","href":"https:\/\/api.w.org\/{rel}","templated":true}]}}