{"id":156129,"date":"2012-12-15T14:51:18","date_gmt":"2012-12-15T13:51:18","guid":{"rendered":"https:\/\/plumvillage.org\/international-sangha-directory\/"},"modified":"2020-09-14T17:52:13","modified_gmt":"2020-09-14T15:52:13","slug":"international-sangha-directory","status":"publish","type":"page","link":"https:\/\/dev.plumvillage.org\/es\/community\/international-sangha-directory","title":{"rendered":"Encuentra un grupo local"},"content":{"rendered":"\n<div class=\"wp-block-image\"><figure class=\"alignright size-medium\"><img loading=\"lazy\" decoding=\"async\" width=\"499\" height=\"212\" src=\"https:\/\/dev.plumvillage.org\/wp-content\/uploads\/2017\/09\/Go-as-a-sangha1-e1512984434529-499x212.jpg\" alt=\"\" class=\"wp-image-15624\" srcset=\"https:\/\/dev.plumvillage.org\/wp-content\/uploads\/2017\/09\/Go-as-a-sangha1-e1512984434529-499x212.jpg 499w, https:\/\/dev.plumvillage.org\/wp-content\/uploads\/2017\/09\/Go-as-a-sangha1-e1512984434529-768x327.jpg 768w, https:\/\/dev.plumvillage.org\/wp-content\/uploads\/2017\/09\/Go-as-a-sangha1-e1512984434529-1024x436.jpg 1024w, https:\/\/dev.plumvillage.org\/wp-content\/uploads\/2017\/09\/Go-as-a-sangha1-e1512984434529.jpg 1200w\" sizes=\"auto, (max-width: 499px) 100vw, 499px\" \/><\/figure><\/div>\n\n\n\n<p class=\"has-large-font-size\">Una comunidad de practicantes budistas se conoce como \u00absangha\u00bb.<span class=\"footnote\">(En sanscrito significa inseparable)<\/span>Una sangha puede incluir tanto a mon\u00e1sticos como a practicantes laicos. Como tercera joya del budismo, las sanghas son una fuente de apoyo y sabidur\u00eda.<\/p>\n\n\n\n<p>Alentamos a todos a unirse a una sangha cercana, o participar en actividades con una comunidad de pr\u00e1ctica de Plena Consciencia para que puedan beneficiarse de la energ\u00eda colectiva de Plena Consciencia, paz y alegr\u00eda.<\/p>\n\n\n\n<figure class=\"wp-block-pullquote\"><blockquote><p>Sin sangha pierdes tu pr\u00e1ctica muy r\u00e1pido.<\/p><cite>Thich Nhat Hanh<\/cite><\/blockquote><\/figure>\n\n\n\n<p>En la tradici\u00f3n de Plum Village, existen Centros de Pr\u00e1ctica de Mindfulness en Europa, Asia y Am\u00e9rica, con comunidades de monjes, monjas, laicos y laicas. Tambi\u00e9n hay docenas de centros de pr\u00e1ctica de Mindfulness laicos en todo el mundo, y m\u00e1s de 1,000 sanghas laicas que se re\u00fanen regularmente en pueblos y ciudades para las noches, por las ma\u00f1anas o los d\u00edas de pr\u00e1ctica de Plena Consciencia.<\/p>\n\n\n\n<h2 class=\"wp-block-heading\">Directorio Internacional de Sanghas<\/h2>\n\n\n\n<p>Encuentre una sangha laica que practique la tradici\u00f3n de Plum Village en el siguiente mapa.<\/p>\n\n\n\n<figure class=\"alignwide\"><iframe loading=\"lazy\" src=\"https:\/\/www.google.com\/maps\/d\/embed?mid=1Xw3-bgsbKsK47_RT9Rykh_TwdWc&amp;zoom=2\" width=\"884\" height=\"480\"><\/iframe><\/figure>\n\n\n\n<p>Una lista de estas sanghas tambi\u00e9n est\u00e1 disponible en www.mindfulnessbell.org. Si tienes una sangha o conoces una sangha en tu regi\u00f3n que no se muestra en el mapa, comun\u00edcate con Mindfulness Bell.<\/p>\n\n\n\n<h4 class=\"wp-block-heading\">Sanghas Online<\/h4>\n\n\n\n<p>Tambi\u00e9n hay algunas sanghas \u00aben l\u00ednea\u00bb (que se re\u00fanen s\u00f3lo por tel\u00e9fono o Internet). El sitio web de Plumline es un centro de apoyo para cualquiera que desee encontrar, establecer, construir y mantener una Sangha en l\u00ednea. Un lugar para compartir ideas y recursos a medida que se desarrolla la Sangha en l\u00ednea: plumline.org.<\/p>\n","protected":false},"excerpt":{"rendered":"<p>Una comunidad de practicantes budistas se conoce como \u00absangha\u00bb.(En sanscrito significa inseparable)Una sangha puede incluir tanto a mon\u00e1sticos como a practicantes laicos. Como tercera joya del budismo, las sanghas son una fuente de apoyo y sabidur\u00eda. Alentamos a todos a unirse a una sangha cercana, o participar en actividades con una comunidad de pr\u00e1ctica de<\/p>\n","protected":false},"author":1157,"featured_media":0,"parent":156204,"menu_order":0,"comment_status":"closed","ping_status":"closed","template":"","meta":{"_acf_changed":false,"sync_status":"","episode_type":"","audio_file":"","castos_file_data":"","podmotor_file_id":"","cover_image":"","cover_image_id":"","duration":"","filesize":"","filesize_raw":"","date_recorded":"","explicit":"","block":"","itunes_episode_number":"","itunes_title":"","itunes_season_number":"","itunes_episode_type":"","ep_exclude_from_search":false,"footnotes":""},"class_list":["post-156129","page","type-page","status-publish","hentry"],"acf":[],"_links":{"self":[{"href":"https:\/\/dev.plumvillage.org\/es\/wp-json\/wp\/v2\/pages\/156129","targetHints":{"allow":["GET"]}}],"collection":[{"href":"https:\/\/dev.plumvillage.org\/es\/wp-json\/wp\/v2\/pages"}],"about":[{"href":"https:\/\/dev.plumvillage.org\/es\/wp-json\/wp\/v2\/types\/page"}],"author":[{"embeddable":true,"href":"https:\/\/dev.plumvillage.org\/es\/wp-json\/wp\/v2\/users\/1157"}],"replies":[{"embeddable":true,"href":"https:\/\/dev.plumvillage.org\/es\/wp-json\/wp\/v2\/comments?post=156129"}],"version-history":[{"count":0,"href":"https:\/\/dev.plumvillage.org\/es\/wp-json\/wp\/v2\/pages\/156129\/revisions"}],"up":[{"embeddable":true,"href":"https:\/\/dev.plumvillage.org\/es\/wp-json\/wp\/v2\/pages\/156204"}],"wp:attachment":[{"href":"https:\/\/dev.plumvillage.org\/es\/wp-json\/wp\/v2\/media?parent=156129"}],"curies":[{"name":"wp","href":"https:\/\/api.w.org\/{rel}","templated":true}]}}