{"id":156131,"date":"2013-01-03T15:31:20","date_gmt":"2013-01-03T14:31:20","guid":{"rendered":"https:\/\/plumvillage.org\/plum-village\/"},"modified":"2021-04-07T14:20:17","modified_gmt":"2021-04-07T12:20:17","slug":"plum-village","status":"publish","type":"page","link":"https:\/\/dev.plumvillage.org\/es\/plum-village","title":{"rendered":"Plum Village"},"content":{"rendered":"\n<p class=\"has-large-font-size\">Plum Village, se encuentra cerca de Burdeos en el suroeste de Francia y es el centro de pr\u00e1ctica internacional m\u00e1s grande de la tradici\u00f3n de Plum Village, la primera comunidad mon\u00e1stica fundada por el maestro zen Thich Nhat Hanh (Thay) en Occidente.<\/p>\n\n\n\n<p>Plum Village es el lugar en el que Thay ha realizado su sue\u00f1o de construir una Comunidad basada en el amor, creando un ambiente saludable y nutritivo donde la gente puede aprender el arte de vivir en armon\u00eda unos con otros y con la Madre Tierra.<\/p>\n\n\n\n<p>Plum Village comenz\u00f3 en 1982 como una peque\u00f1a granja r\u00fastica y hoy se ha convertido en el monasterio budista m\u00e1s grande de Europa, con m\u00e1s de 200 monjes y monjas residentes, que viven y practican en cuatro aldeas (hamlets) diferentes repartidas por la campi\u00f1a francesa. Es una continuaci\u00f3n de la \u00abComunidad de la Patata\u00bb original que Thay fund\u00f3 por primera vez cerca de Par\u00eds en la d\u00e9cada de 1970, poco despu\u00e9s de ser exiliado de Vietnam.<\/p>\n\n\n\n<figure class=\"wp-block-image alignwide\"><img loading=\"lazy\" decoding=\"async\" width=\"1024\" height=\"773\" src=\"https:\/\/dev.plumvillage.org\/wp-content\/uploads\/2019\/08\/180-Plum-Village-monastery-in-France-birdseye-view-PHOTO-PVCEB-1024x773.jpg\" alt=\"\" class=\"wp-image-139387\" srcset=\"https:\/\/dev.plumvillage.org\/wp-content\/uploads\/2019\/08\/180-Plum-Village-monastery-in-France-birdseye-view-PHOTO-PVCEB-1024x773.jpg 1024w, https:\/\/dev.plumvillage.org\/wp-content\/uploads\/2019\/08\/180-Plum-Village-monastery-in-France-birdseye-view-PHOTO-PVCEB-499x377.jpg 499w, https:\/\/dev.plumvillage.org\/wp-content\/uploads\/2019\/08\/180-Plum-Village-monastery-in-France-birdseye-view-PHOTO-PVCEB-768x580.jpg 768w, https:\/\/dev.plumvillage.org\/wp-content\/uploads\/2019\/08\/180-Plum-Village-monastery-in-France-birdseye-view-PHOTO-PVCEB.jpg 1149w\" sizes=\"auto, (max-width: 1024px) 100vw, 1024px\" \/><figcaption>Upper Hamlet, Plum Village <\/figcaption><\/figure>\n\n\n<div class=\"block text-inset   alignright\">\n\t<div class=\"block-inside text-inset-inside\">\n\t\t<h5>The early days of Plum Village<\/h5>\t\t<p>You may enjoy reading this transcript of a Dharma Talk by Thich That Hanh:<\/p>\n<p><a href=\"https:\/\/plumvillage.org\/about\/plum-village\/i-have-arrived-i-am-home\/\">\u00abI Have Arrive, I&#8217;m Home: Celebrating twenty years of Plum Village Life\u00bb<\/a><\/p>\n\t<\/div>\n<\/div>\n\n\n\n<p>En Plum Village incorporamos la Plena Consciencia a todas nuestras actividades diarias, entrenandonos a nosotros mismos para ser conscientes durante todo el d\u00eda: mientras comemos, caminamos, trabajamos o disfrutamos de una taza de t\u00e9 juntos. Plum Village es un hogar y un entorno hermoso, nutritivo y sencillo en el que cultivar la mente del despertar.<\/p>\n\n\n\n<p><\/p>\n\n\n\n<p>Disfrutamos de per\u00edodos de silencio, meditaci\u00f3n sentados, descanso, relajaci\u00f3n, trabajo meditativo y juego. Todos los practicantes que vienen a Plum Village est\u00e1n invitados a participar en las actividades comunitarias en su aldea (hamlet), ya sea preparando comidas, lavando platos o limpiando, como una forma de aprender a cultivar la alegr\u00eda y la Plena Consciencia en todo lo que estemos haciendo.<\/p>\n\n\n\n<p>Cada a\u00f1o, Plum Village da la bienvenida a miles de practicantes de meditaci\u00f3n de todo el mundo que vienen a experimentar el arte de la vida consciente en comunidad. A menudo nos visitan personas de m\u00e1s de 40 nacionalidades diferentes en el retiro anual de verano, que dura cuatro semanas y que ofrece programas especiales para ni\u00f1os y adolescentes.<\/p>\n\n\n\n<figure class=\"wp-block-image alignwide\"><img loading=\"lazy\" decoding=\"async\" width=\"1024\" height=\"638\" src=\"https:\/\/dev.plumvillage.org\/wp-content\/uploads\/2019\/08\/082-TNH-teaching-in-Plum-Village-PHOTO-PVCEB-1024x638.jpg\" alt=\"\" class=\"wp-image-139388\" srcset=\"https:\/\/dev.plumvillage.org\/wp-content\/uploads\/2019\/08\/082-TNH-teaching-in-Plum-Village-PHOTO-PVCEB-1024x638.jpg 1024w, https:\/\/dev.plumvillage.org\/wp-content\/uploads\/2019\/08\/082-TNH-teaching-in-Plum-Village-PHOTO-PVCEB-499x311.jpg 499w, https:\/\/dev.plumvillage.org\/wp-content\/uploads\/2019\/08\/082-TNH-teaching-in-Plum-Village-PHOTO-PVCEB-768x479.jpg 768w, https:\/\/dev.plumvillage.org\/wp-content\/uploads\/2019\/08\/082-TNH-teaching-in-Plum-Village-PHOTO-PVCEB.jpg 1600w\" sizes=\"auto, (max-width: 1024px) 100vw, 1024px\" \/><figcaption>Dharma talk during a summer retreat<\/figcaption><\/figure>\n\n\n\n<p>Adem\u00e1s de las temporadas de retiros de primavera y oto\u00f1o, donde los visitantes pueden quedarse durante una semana o m\u00e1s, Plum Village tambi\u00e9n ofrece retiros especiales de Plena Consciencia para franco-parlantes, profesores y j\u00f3venes. El retiro anual de lluvias de 3 meses, en el que recibimos tanto monjes como laicos, atrae a cientos de practicantes que vienen a profundizar en su pr\u00e1ctica de Plena Consciencia y a vivir en comunidad de manera sencilla y armoniosa durante noventa d\u00edas consecutivos.<\/p>\n\n\n\n<figure class=\"wp-block-image alignwide\"><img loading=\"lazy\" decoding=\"async\" width=\"942\" height=\"598\" src=\"https:\/\/dev.plumvillage.org\/wp-content\/uploads\/2019\/08\/182-Eating-the-midday-meal-in-Plum-Village-PHOTO-PVCEB.jpg\" alt=\"\" class=\"wp-image-139390\" srcset=\"https:\/\/dev.plumvillage.org\/wp-content\/uploads\/2019\/08\/182-Eating-the-midday-meal-in-Plum-Village-PHOTO-PVCEB.jpg 942w, https:\/\/dev.plumvillage.org\/wp-content\/uploads\/2019\/08\/182-Eating-the-midday-meal-in-Plum-Village-PHOTO-PVCEB-499x317.jpg 499w, https:\/\/dev.plumvillage.org\/wp-content\/uploads\/2019\/08\/182-Eating-the-midday-meal-in-Plum-Village-PHOTO-PVCEB-768x488.jpg 768w\" sizes=\"auto, (max-width: 942px) 100vw, 942px\" \/><\/figure>\n\n\n<div class=\"block text-inset   alignright\">\n\t<div class=\"block-inside text-inset-inside\">\n\t\t<h5>Legal Information<\/h5>\t\t<p>Plum Village is registered as:<\/p>\n<p>Communaut\u00e9 Bouddhique Zen Village des Pruniers<br data-rich-text-line-break=\"true\" \/>Meyrac<br data-rich-text-line-break=\"true\" \/>47120 \u2013 Loubes Bernac<br data-rich-text-line-break=\"true\" \/>Tel: +33.5.53.58.48.58<br data-rich-text-line-break=\"true\" \/>SIRET: 425 182 565 00019<\/p>\n\t<\/div>\n<\/div>\n\n\n\n<p>Las Aldeas o Hamlets de Plum Village tiene un programa de voluntariado para el servicio juvenil y ha abierto una \u00abGranja Feliz\u00bb org\u00e1nica, donde los agricultores residen durante un a\u00f1o y combinan la ecolog\u00eda y la Plena Consciencia mientras cultivan verduras para las comidas veganas de la comunidad.<\/p>\n\n\n\n<p>Recientemente, antes de regresar a su tierra natal, Vietnam, Thich Nhat Hanh viv\u00eda en Plum Village cuando no estaba de viaje. Mientras estuvo en Plum Village, escribi\u00f3, ense\u00f1\u00f3, cultiv\u00f3 y gui\u00f3 a su comunidad global. Muchos de los senderos alrededor de las colinas y los campos de Plum Village se han convertido en senderos legendarios de meditaci\u00f3n caminando para Thich Nhat Hanh y su comunidad.<\/p>\n\n\n\n<p>Hoy en d\u00eda existen otros ocho centros de pr\u00e1ctica mon\u00e1stica en la tradici\u00f3n de Plum Village en Europa, Estados Unidos y Asia, todos fundados por el mismo Thich Nhat Hanh.<\/p>\n","protected":false},"excerpt":{"rendered":"<p>Plum Village, se encuentra cerca de Burdeos en el suroeste de Francia y es el centro de pr\u00e1ctica internacional m\u00e1s grande de la tradici\u00f3n de Plum Village, la primera comunidad mon\u00e1stica fundada por el maestro zen Thich Nhat Hanh (Thay) en Occidente. Plum Village es el lugar en el que Thay ha realizado su sue\u00f1o<\/p>\n","protected":false},"author":1157,"featured_media":0,"parent":0,"menu_order":0,"comment_status":"closed","ping_status":"closed","template":"","meta":{"_acf_changed":false,"sync_status":"","episode_type":"","audio_file":"","castos_file_data":"","podmotor_file_id":"","cover_image":"","cover_image_id":"","duration":"","filesize":"","filesize_raw":"","date_recorded":"","explicit":"","block":"","itunes_episode_number":"","itunes_title":"","itunes_season_number":"","itunes_episode_type":"","ep_exclude_from_search":false,"footnotes":""},"class_list":["post-156131","page","type-page","status-publish","hentry"],"acf":[],"_links":{"self":[{"href":"https:\/\/dev.plumvillage.org\/es\/wp-json\/wp\/v2\/pages\/156131","targetHints":{"allow":["GET"]}}],"collection":[{"href":"https:\/\/dev.plumvillage.org\/es\/wp-json\/wp\/v2\/pages"}],"about":[{"href":"https:\/\/dev.plumvillage.org\/es\/wp-json\/wp\/v2\/types\/page"}],"author":[{"embeddable":true,"href":"https:\/\/dev.plumvillage.org\/es\/wp-json\/wp\/v2\/users\/1157"}],"replies":[{"embeddable":true,"href":"https:\/\/dev.plumvillage.org\/es\/wp-json\/wp\/v2\/comments?post=156131"}],"version-history":[{"count":0,"href":"https:\/\/dev.plumvillage.org\/es\/wp-json\/wp\/v2\/pages\/156131\/revisions"}],"wp:attachment":[{"href":"https:\/\/dev.plumvillage.org\/es\/wp-json\/wp\/v2\/media?parent=156131"}],"curies":[{"name":"wp","href":"https:\/\/api.w.org\/{rel}","templated":true}]}}