{"id":156181,"date":"2013-01-03T15:23:20","date_gmt":"2013-01-03T14:23:20","guid":{"rendered":"https:\/\/plumvillage.org\/retreats\/"},"modified":"2024-04-25T11:36:14","modified_gmt":"2024-04-25T09:36:14","slug":"retreats","status":"publish","type":"page","link":"https:\/\/dev.plumvillage.org\/es\/retreats","title":{"rendered":"Calendario de retiros en l\u00ednea"},"content":{"rendered":"\n<p class=\"has-large-font-size\">Aqu\u00ed encontrar\u00e1s todos los pr\u00f3ximos retiros en l\u00ednea, dado que Plum Village sigue cerrado a los visitantes a causa de la pandemia del coronavirus.  <\/p>\n\n\n\n<div class=\"block block-retreats-list align to-right-edge\">\n\n\t\t\t\t\t\t<p>No upcoming retreats.<\/p>\n\t\t\t<\/div>\n\n\n<p>Queridas amigas, queridos amigos, seguimos organizando retiros para el a\u00f1o 2021 que ser\u00e1n publicados aqu\u00ed cuando se concreten los \u00faltimos detalles. \u00a1Esperamos encontrarnos juntos en l\u00ednea!<\/p>\n\n\n\n<p><\/p>\n\n\n\n<div class=\"wp-block-group is-layout-flow wp-block-group-is-layout-flow\">\n<p><\/p>\n<\/div>\n","protected":false},"excerpt":{"rendered":"<p>Aqu\u00ed encontrar\u00e1s todos los pr\u00f3ximos retiros en l\u00ednea, dado que Plum Village sigue cerrado a los visitantes a causa de la pandemia del coronavirus. Queridas amigas, queridos amigos, seguimos organizando retiros para el a\u00f1o 2021 que ser\u00e1n publicados aqu\u00ed cuando se concreten los \u00faltimos detalles. \u00a1Esperamos encontrarnos juntos en l\u00ednea!<\/p>\n","protected":false},"author":9,"featured_media":193125,"parent":0,"menu_order":1,"comment_status":"closed","ping_status":"closed","template":"","meta":{"_acf_changed":false,"sync_status":"","episode_type":"","audio_file":"","castos_file_data":"","podmotor_file_id":"","cover_image":"","cover_image_id":"","duration":"","filesize":"","filesize_raw":"","date_recorded":"","explicit":"","block":"","itunes_episode_number":"","itunes_title":"","itunes_season_number":"","itunes_episode_type":"","ep_exclude_from_search":false,"footnotes":""},"class_list":["post-156181","page","type-page","status-publish","has-post-thumbnail","hentry"],"acf":[],"_links":{"self":[{"href":"https:\/\/dev.plumvillage.org\/es\/wp-json\/wp\/v2\/pages\/156181","targetHints":{"allow":["GET"]}}],"collection":[{"href":"https:\/\/dev.plumvillage.org\/es\/wp-json\/wp\/v2\/pages"}],"about":[{"href":"https:\/\/dev.plumvillage.org\/es\/wp-json\/wp\/v2\/types\/page"}],"author":[{"embeddable":true,"href":"https:\/\/dev.plumvillage.org\/es\/wp-json\/wp\/v2\/users\/9"}],"replies":[{"embeddable":true,"href":"https:\/\/dev.plumvillage.org\/es\/wp-json\/wp\/v2\/comments?post=156181"}],"version-history":[{"count":1,"href":"https:\/\/dev.plumvillage.org\/es\/wp-json\/wp\/v2\/pages\/156181\/revisions"}],"predecessor-version":[{"id":453288,"href":"https:\/\/dev.plumvillage.org\/es\/wp-json\/wp\/v2\/pages\/156181\/revisions\/453288"}],"wp:featuredmedia":[{"embeddable":true,"href":"https:\/\/dev.plumvillage.org\/es\/wp-json\/wp\/v2\/media\/193125"}],"wp:attachment":[{"href":"https:\/\/dev.plumvillage.org\/es\/wp-json\/wp\/v2\/media?parent=156181"}],"curies":[{"name":"wp","href":"https:\/\/api.w.org\/{rel}","templated":true}]}}