{"id":156183,"date":"2013-01-03T15:33:04","date_gmt":"2013-01-03T14:33:04","guid":{"rendered":"https:\/\/plumvillage.org\/retreats\/visiting-us\/"},"modified":"2022-06-26T20:04:15","modified_gmt":"2022-06-26T18:04:15","slug":"visiting-us","status":"publish","type":"page","link":"https:\/\/dev.plumvillage.org\/es\/visiting-us","title":{"rendered":"Acerca de los Retiros en Plum Village"},"content":{"rendered":"\n<figure class=\"wp-block-image alignright\"><img loading=\"lazy\" decoding=\"async\" width=\"1024\" height=\"576\" src=\"https:\/\/dev.plumvillage.org\/wp-content\/uploads\/2019\/08\/DSCF6499-1024x576.jpg\" alt=\"\" class=\"wp-image-139397\" srcset=\"https:\/\/dev.plumvillage.org\/wp-content\/uploads\/2019\/08\/DSCF6499-1024x576.jpg 1024w, https:\/\/dev.plumvillage.org\/wp-content\/uploads\/2019\/08\/DSCF6499-499x281.jpg 499w, https:\/\/dev.plumvillage.org\/wp-content\/uploads\/2019\/08\/DSCF6499-768x432.jpg 768w, https:\/\/dev.plumvillage.org\/wp-content\/uploads\/2019\/08\/DSCF6499.jpg 1920w\" sizes=\"auto, (max-width: 1024px) 100vw, 1024px\" \/><\/figure>\n\n\n\n<p class=\"has-large-font-size\">Esta p\u00e1gina describe c\u00f3mo son <a href=\"https:\/\/dev.plumvillage.org\/es\/retreats\/\" data-type=\"URL\" data-id=\"https:\/\/dev.plumvillage.org\/es\/retreats\/\">los retiros<\/a> en Plum Village, Francia. Tambi\u00e9n puedes experimentar un retiro de Plum Village en nuestros otros <a href=\"https:\/\/dev.plumvillage.org\/es\/community\/monastic-practice-centres\/\" data-type=\"URL\" data-id=\"https:\/\/dev.plumvillage.org\/es\/community\/monastic-practice-centres\/\">centros de pr\u00e1ctica mon\u00e1stica internacionales<\/a> y cuando los mon\u00e1sticos de Plum Village salen de gira.<\/p>\n\n\n\n<h4 class=\"wp-block-heading\">El arte de vivir conscientemente<\/h4>\n\n\n\n<p>Venir a Plum Village para un retiro es una oportunidad para disfrutar de una vida sencilla y pac\u00edfica, y para aprender a cultivar la energ\u00eda de la plena consciencia, para que podamos tener m\u00e1s libertad, paz y felicidad en nuestra vida diaria. Tambi\u00e9n es una oportunidad para nutrir nuestro crecimiento interior mientras nos tomamos el tiempo de mirar profundamente para transformar tanto nuestras dificultades individuales como las dificultades de nuestra sociedad.<\/p>\n\n\n\n<p>En Plum Village aprendemos a integrar la atenci\u00f3n plena en todas nuestras actividades diarias y a vivir cada momento de la vida m\u00e1s profundamente. Practicamos la meditaci\u00f3n a lo largo del d\u00eda, mientras comemos, caminamos, trabajamos conscientemente, nos sentamos o simplemente disfrutamos de una taza de t\u00e9 juntos.<\/p>\n\n\n\n<div class=\"wp-block-group alignright has-fresh-earth-background-color has-background is-layout-flow wp-block-group-is-layout-flow\">\n<h5 class=\"wp-block-heading\"><strong>\u00bfQuieres reservar un retiro en Plum Village Francia?<\/strong><\/h5>\n\n\n\n<p>La reserva del retiro se realiza a trav\u00e9s de nuestro calendario de retiros.<\/p>\n\n\n\n<p><a href=\"https:\/\/dev.plumvillage.org\/es\/retreats\/\" data-type=\"URL\" data-id=\"https:\/\/dev.plumvillage.org\/es\/retreats\/\">Encuentra el calendario aqu\u00ed.<\/a><\/p>\n<\/div>\n\n\n\n<h4 class=\"wp-block-heading\"><strong>Vida comunitaria<\/strong><\/h4>\n\n\n\n<p>Todas las personas que se hospedan en Plum Village participan en actividades comunitarias, como caminar y meditar sentados, as\u00ed como en trabajos comunitarios, como arreglar las salas de meditaci\u00f3n, limpiar ba\u00f1os, lavar ollas y otras tareas simples como parte de la pr\u00e1ctica diaria de la atenci\u00f3n plena.<\/p>\n\n\n\n<div class=\"wp-block-group alignright has-fresh-earth-background-color has-background is-layout-flow wp-block-group-is-layout-flow\">\n<h5 class=\"wp-block-heading\"><strong>Centros de pr\u00e1ctica en todo el mundo<\/strong><\/h5>\n\n\n\n<p>Ahora hay centros de pr\u00e1ctica mon\u00e1stica de Plum Village en los EE. UU., Alemania, Australia, Tailandia y Hong Kong, as\u00ed como en Francia.<\/p>\n\n\n\n<p><a href=\"https:\/\/dev.plumvillage.org\/es\/community\/monastic-practice-centres\/\" data-type=\"URL\" data-id=\"https:\/\/dev.plumvillage.org\/es\/community\/monastic-practice-centres\/\">Encuentra un centro de pr\u00e1ctica mon\u00e1stica cerca de t\u00ed.<\/a><\/p>\n<\/div>\n\n\n\n<p>Hacemos hincapi\u00e9 en la pr\u00e1ctica comunitaria para que podamos apoyarnos unos a otros, beneficiarnos de nuestra energ\u00eda colectiva y aprender a vivir juntos en armon\u00eda. Solicitamos a todos que contribuyan a la energ\u00eda colectiva de la pr\u00e1ctica uni\u00e9ndose a todas las actividades programadas.<\/p>\n\n\n\n<h4 class=\"wp-block-heading\"><strong>Cu\u00e1nto tiempo quedarse<\/strong><\/h4>\n\n\n\n<p>Recomendamos estancias de una o dos semanas, especialmente para quienes vienen por primera vez. Dependiendo de la \u00e9poca del a\u00f1o, tambi\u00e9n es posible solicitar una estancia de m\u00e1s de dos semanas, si hay espacio disponible en la aldea en la que te registras. Consulta directamente con la oficina de registro de la aldea en la que deseas permanecer para extender tu estancia. Puedes leer m\u00e1s informaci\u00f3n sobre estancias prolongadas aqu\u00ed.<\/p>\n\n\n\n<figure class=\"wp-block-image alignwide\"><img loading=\"lazy\" decoding=\"async\" width=\"1024\" height=\"576\" src=\"https:\/\/dev.plumvillage.org\/wp-content\/uploads\/2019\/08\/DSCF6464-1024x576.jpg\" alt=\"\" class=\"wp-image-139400\" srcset=\"https:\/\/dev.plumvillage.org\/wp-content\/uploads\/2019\/08\/DSCF6464-1024x576.jpg 1024w, https:\/\/dev.plumvillage.org\/wp-content\/uploads\/2019\/08\/DSCF6464-499x281.jpg 499w, https:\/\/dev.plumvillage.org\/wp-content\/uploads\/2019\/08\/DSCF6464-768x432.jpg 768w, https:\/\/dev.plumvillage.org\/wp-content\/uploads\/2019\/08\/DSCF6464.jpg 1920w\" sizes=\"auto, (max-width: 1024px) 100vw, 1024px\" \/><\/figure>\n\n\n\n<h4 class=\"wp-block-heading\"><strong>Cu\u00e1ndo venir<\/strong><\/h4>\n\n\n\n<p>Es posible que desees venir durante nuestras temporadas abiertas regulares, como la temporada de Retiro de Primavera y la temporada de Retiro de Oto\u00f1o, o para un retiro especial, como un Retiro de Salud, un Retiro de Ecolog\u00eda en la granja, un Retiro de Educadores o nuestro Retiro de Verano de cuatro semanas de duraci\u00f3n. Los retiros especiales tienen un programa un poco m\u00e1s intensivo que los retiros m\u00e1s tranquilos de primavera y oto\u00f1o, y tenemos muchas m\u00e1s personas (a veces m\u00e1s de 700 en todo Plum Village). Durante los retiros especiales, la experiencia de una semana incluye sesiones diarias con un grupo m\u00e1s peque\u00f1o de 20 a 30 personas, y cada grupo es guiado por un mon\u00e1stico o mon\u00e1stica. El Retiro de Invierno es principalmente para mon\u00e1sticos, pero tambi\u00e9n es un tiempo poderoso de pr\u00e1ctica profunda. Para obtener m\u00e1s informaci\u00f3n, consulta nuestro programa de retiros.<\/p>\n\n\n\n<figure class=\"wp-block-image alignright\"><img loading=\"lazy\" decoding=\"async\" width=\"1024\" height=\"576\" src=\"https:\/\/dev.plumvillage.org\/wp-content\/uploads\/2019\/08\/DSCF6486-1024x576.jpg\" alt=\"\" class=\"wp-image-139401\" srcset=\"https:\/\/dev.plumvillage.org\/wp-content\/uploads\/2019\/08\/DSCF6486-1024x576.jpg 1024w, https:\/\/dev.plumvillage.org\/wp-content\/uploads\/2019\/08\/DSCF6486-499x281.jpg 499w, https:\/\/dev.plumvillage.org\/wp-content\/uploads\/2019\/08\/DSCF6486-768x432.jpg 768w, https:\/\/dev.plumvillage.org\/wp-content\/uploads\/2019\/08\/DSCF6486.jpg 1920w\" sizes=\"auto, (max-width: 1024px) 100vw, 1024px\" \/><\/figure>\n\n\n\n<h4 class=\"wp-block-heading\"><strong>Entorno del monasterio<\/strong><\/h4>\n\n\n\n<p>Plum Village se centra en torno a una comunidad mon\u00e1stica residencial de m\u00e1s de 200 monjes y monjas. Como parte de tu pr\u00e1ctica en el retiro, te pedimos que apoyes la atm\u00f3sfera del monasterio siguiendo los principios de una vida consciente y \u00e9tica como se expresa en los Cinco Entrenamientos de la Plena Consciencia. Los Cinco Entrenamientos de la Plena Consciencia son la base de la comunidad de Plum Village, brindando felicidad y significado a todo lo que hacemos. Espec\u00edficamente, solicitamos que todos los participantes del retiro se abstengan de actividades sexuales, fumar y beber alcohol o consumir drogas. En Plum Village seguimos una dieta vegana, y te pedimos respetuosamente que no traigas ning\u00fan alimento no vegano a nuestro centro de pr\u00e1ctica.<\/p>\n\n\n\n<h4 class=\"wp-block-heading\"><strong>Qui\u00e9n puede venir<\/strong><\/h4>\n\n\n\n<p>Personas de todos los or\u00edgenes religiosos, culturas, perspectivas pol\u00edticas, orientaci\u00f3n sexual y afectiva, identidad de g\u00e9nero y su expresi\u00f3n son bienvenidas a un retiro con nosotros. Tambi\u00e9n hacemos todo lo posible para que las personas con discapacidades f\u00edsicas puedan asistir a todas las actividades, cont\u00e1ctanos antes de visitarnos para que sepamos c\u00f3mo apoyarte mejor.<\/p>\n\n\n\n<h4 class=\"wp-block-heading\"><strong>Salud<\/strong><\/h4>\n\n\n\n<p>Muchos amigos han experimentado una disminuci\u00f3n de la ansiedad, un alivio de la depresi\u00f3n y mejoras en el bienestar general a trav\u00e9s de la pr\u00e1ctica de la atenci\u00f3n plena. Sin embargo, instamos a todos los amigos a continuar con cualquier medicamento o tratamiento prescrito por su profesional de la salud durante su estancia.<\/p>\n\n\n\n<p>Si padeces alguna enfermedad mental o f\u00edsica cr\u00f3nica, inf\u00f3rmanos y preg\u00fantale a tu m\u00e9dico si es recomendable que asistas a un retiro con nosotros. Ten en cuenta que no podemos proporcionar ning\u00fan tipo de atenci\u00f3n profesional. Si tienes alguna inquietud con respecto a este asunto, por favor cont\u00e1ctanos para aclararlo.<\/p>\n\n\n\n<p><em>Para los amigos que ya os hab\u00e9is registrado para asistir a un retiro, por favor cont\u00e1ctanos a trav\u00e9s de cualquiera de los enlaces de contacto en nuestros correos electr\u00f3nicos de reserva.<\/em><\/p>\n\n\n\n<h4 class=\"wp-block-heading\"><strong>\u00bfQu\u00e9 aldea?<\/strong><\/h4>\n\n\n\n<p>Plum Village tiene tres \u201caldeas\u201d, o residencias: una para monjes y laicos, y dos para monjas y laicas. Los hombres solteros deben registrarse en Upper Hamlet y las mujeres solteras en New Hamlet o Lower Hamlet. Las parejas y familias pueden registrarse en cualquier aldea.<\/p>\n\n\n    <div class=\"panel panel-links align panel-collapsable panel-open\">\n                    <h5><span class=\"icon icon-caret-right\"><\/span><span class=\"underline-me\">Planifica un retiro<\/span><\/h5>\n                <div class=\"row row-collapsable \">\n            <div class=\"col-12\">\n                <ul class=\"small\">\n                                                        <li><a  href=\"http:\/\/dev.plumvillage.org\/retreats\/when-can-you-visit-us\/\">Programa de retiros y reservas para Plum Village, Francia<\/a><\/li>\n                                                        <li><a  href=\"http:\/\/dev.plumvillage.org\/monastic-practice-centres\/\">Centros de pr\u00e1ctica mon\u00e1stica en todo el mundo<\/a><\/li>\n                                                        <li><a  href=\"http:\/\/dev.plumvillage.org\/events-tours\/with-monastics\/\">Giras de eventos y retiros de Plum Village<\/a><\/li>\n                                <\/ul>\n            <\/div>\n        <\/div>\n    <\/div>\n","protected":false},"excerpt":{"rendered":"<p>Esta p\u00e1gina describe c\u00f3mo son los retiros en Plum Village, Francia. Tambi\u00e9n puedes experimentar un retiro de Plum Village en nuestros otros centros de pr\u00e1ctica mon\u00e1stica internacionales y cuando los mon\u00e1sticos de Plum Village salen de gira. El arte de vivir conscientemente Venir a Plum Village para un retiro es una oportunidad para disfrutar de<\/p>\n","protected":false},"author":9,"featured_media":0,"parent":0,"menu_order":0,"comment_status":"closed","ping_status":"closed","template":"","meta":{"_acf_changed":false,"sync_status":"","episode_type":"","audio_file":"","castos_file_data":"","podmotor_file_id":"","cover_image":"","cover_image_id":"","duration":"","filesize":"","filesize_raw":"","date_recorded":"","explicit":"","block":"","itunes_episode_number":"","itunes_title":"","itunes_season_number":"","itunes_episode_type":"","ep_exclude_from_search":false,"footnotes":""},"class_list":["post-156183","page","type-page","status-publish","hentry"],"acf":[],"_links":{"self":[{"href":"https:\/\/dev.plumvillage.org\/es\/wp-json\/wp\/v2\/pages\/156183","targetHints":{"allow":["GET"]}}],"collection":[{"href":"https:\/\/dev.plumvillage.org\/es\/wp-json\/wp\/v2\/pages"}],"about":[{"href":"https:\/\/dev.plumvillage.org\/es\/wp-json\/wp\/v2\/types\/page"}],"author":[{"embeddable":true,"href":"https:\/\/dev.plumvillage.org\/es\/wp-json\/wp\/v2\/users\/9"}],"replies":[{"embeddable":true,"href":"https:\/\/dev.plumvillage.org\/es\/wp-json\/wp\/v2\/comments?post=156183"}],"version-history":[{"count":0,"href":"https:\/\/dev.plumvillage.org\/es\/wp-json\/wp\/v2\/pages\/156183\/revisions"}],"wp:attachment":[{"href":"https:\/\/dev.plumvillage.org\/es\/wp-json\/wp\/v2\/media?parent=156183"}],"curies":[{"name":"wp","href":"https:\/\/api.w.org\/{rel}","templated":true}]}}