{"id":156184,"date":"2013-02-28T17:17:22","date_gmt":"2013-02-28T16:17:22","guid":{"rendered":"https:\/\/plumvillage.org\/retreats\/visiting-us\/accomodation-price\/"},"modified":"2022-06-26T19:55:17","modified_gmt":"2022-06-26T17:55:17","slug":"accomodation-price","status":"publish","type":"page","link":"https:\/\/dev.plumvillage.org\/es\/visiting-us\/accomodation-price","title":{"rendered":"Alojamiento &#038; Precios"},"content":{"rendered":"\n<p class=\"has-large-font-size\">Todo el alojamiento en Plum Village es comunitario. La mayor\u00eda de las salas de estar y todas las habitaciones son compartidas, para fomentar la vida en comunidad y el apoyo mutuo en nuestra pr\u00e1ctica. No podemos proporcionar habitaciones individuales.<\/p>\n\n\n\n<p>La mayor\u00eda de las camas son individuales y algunas de las camas en habitaciones compartidas son literas. En casas de hu\u00e9spedes de alquiler puede existir la opci\u00f3n de una cama doble para parejas.<\/p>\n\n\n\n<p>Si una habitaci\u00f3n con dos camas para una pareja es demasiado cara, puedes considerar quedarte por separado en los dormitorios de un solo sexo (para hombres en Upper Hamlet y para mujeres en Lower Hamlet o New Hamlet). Puedes ver las opciones de vivienda a continuaci\u00f3n.<\/p>\n\n\n\n<h4 class=\"wp-block-heading\"><strong>Accesibilidad<\/strong><\/h4>\n\n\n\n<p>Tenemos algunas habitaciones disponibles con acceso para sillas de ruedas y con un \u00e1rea cercana de estacionamiento adaptada para ello (los hu\u00e9spedes deber\u00e1n traer su propia silla de ruedas). Recomendamos que los usuarios de sillas de ruedas vengan a Plum Village con un autom\u00f3vil debido a los desplazamientos que es necesario hacer entre las aldeas (Th\u00e9nac, Loub\u00e8s-Bernac y Dieulivol) durante los retiros. Tambi\u00e9n recomendamos que los usuarios de sillas de ruedas y los hu\u00e9spedes con capacidades diferentes traigan a alguien que pueda brindar apoyo adicional durante su estancia, ya que actualmente nuestras instalaciones y recursos de accesibilidad son limitados y est\u00e1n en desarrollo. Por ejemplo, para nuestros hu\u00e9spedes en silla de ruedas, es posible que necesiten apoyo para ayudar a abrir las puertas manuales de los edificios comunales; aquellos que tienen problemas de visi\u00f3n pueden necesitar traer a alguien que pueda ayudarlos a desplazarse de manera segura por las aldeas para cada actividad y leer la pizarra para los anuncios diarios, y aquellos con problemas de audici\u00f3n pueden necesitar traer a alguien que pueda ayudarlos a interpretar nuestras charlas y comunicaciones habladas en lengua de signos.<\/p>\n\n\n\n<p>Por favor comun\u00edcate con una de las aldeas para obtener m\u00e1s informaci\u00f3n y ver c\u00f3mo podemos ayudarte mejor.<\/p>\n\n\n\n<h4 class=\"wp-block-heading\"><strong>Ropa de cama<\/strong><\/h4>\n\n\n\n<p>Durante la mayor\u00eda de las \u00e9pocas del a\u00f1o, aparte de los retiros grandes, se proporciona toda la ropa de cama: colchones, almohadas, s\u00e1banas, edredones y fundas. En los meses m\u00e1s fr\u00edos, quiz\u00e1s quieras traer tu propio saco de dormir o una manta liviana para disfrutar de mayor calidez y comodidad.<\/p>\n\n\n\n<p>Durante los retiros grandes, como el Retiro de verano de julio, cada aldea puede tener una pol\u00edtica diferente. Algunas aldeas solo proporcionar\u00e1n un colch\u00f3n y una almohada, otras proporcionar\u00e1n s\u00e1banas y fundas para almohadas. Consulta con la aldea en la que te has registrado para saber qu\u00e9 necesitas traer.<\/p>\n\n\n\n<h4 class=\"wp-block-heading\"><strong>Camping<\/strong><\/h4>\n\n\n\n<p>Disponemos de zonas de acampada r\u00fastica en cada aldea, a veces en desnivel. El camping solo est\u00e1 disponible en los meses m\u00e1s c\u00e1lidos del a\u00f1o, desde finales de primavera hasta oto\u00f1o (desde mediados de marzo hasta el 1 de noviembre). Trae tu propia tienda de campa\u00f1a, una colchoneta\/almohadilla de espuma, saco de dormir, almohada y cualquier otro art\u00edculo que haga que tu campamento sea c\u00f3modo. Es posible que haya un n\u00famero limitado de tiendas de campa\u00f1a disponibles para alquilar por orden de llegada. Los ba\u00f1os y aseos del lugar est\u00e1n disponibles para los campistas.<\/p>\n\n\n\n<h4 class=\"wp-block-heading\"><strong>Autocaravana<\/strong><\/h4>\n\n\n\n<p>Puedes venir con tu propia autocaravana, pero ten en cuenta que no hay conexiones de servicios p\u00fablicos (agua o electricidad). Puedes estacionar tu autocaravana en el estacionamiento arbolado de la aldea en la que te hospedas.<\/p>\n\n\n\n<h4 class=\"wp-block-heading\"><strong>Visitante de d\u00eda<\/strong><\/h4>\n\n\n\n<p>Si eliges venir como un \u00abvisitante de d\u00eda\u00bb, debes encontrar alojamiento t\u00fa mismo fuera de Plum Village y pagarlo por separado, adem\u00e1s de la tarifa que aportes a Plum Village para los gastos del retiro (que incluyen la comida, las Ense\u00f1anzas y todas las instalaciones y servicios de Plum Village). La aldea en la que te registres puede proporcionarte una lista de \u00abgites\u00bb (casas de hu\u00e9spedes) locales si la solicitas.<\/p>\n\n\n\n<h4 class=\"wp-block-heading\"><strong>Contribuciones<\/strong><\/h4>\n\n\n\n<p>Las tarifas que se detallan a continuaci\u00f3n var\u00edan seg\u00fan el tipo de alojamiento que elijas y son por persona y semana, todo incluido. Cubren alojamiento, alimentaci\u00f3n y Ense\u00f1anzas.<\/p>\n\n\n\n<p>Si solicitas un servicio de transporte desde y hacia la estaci\u00f3n, se agregar\u00e1n 20 \u20ac a su tarifa.<\/p>\n\n\n\n<p>Los adolescentes (13-17) reciben una reducci\u00f3n del 30 % y los ni\u00f1os pagan solo el 50 %.<\/p>\n\n\n\n<p>No hay cargo para ni\u00f1os menores de 6 a\u00f1os, pero te pedimos que hagas una reserva para cada miembro de la familia, inclu\u00eddos los ni\u00f1os peque\u00f1os.<\/p>\n\n\n\n<p>Lee m\u00e1s sobre contribuciones y reembolsos <a href=\"https:\/\/dev.plumvillage.org\/es\/visiting-us\/practicalities\/#contribucion-y-reembolsos\">aqu\u00ed<\/a>.<\/p>\n\n\n\n<figure class=\"wp-block-table alignwide\"><table><tbody><tr><th><mark style=\"background-color:#fdecea\" class=\"has-inline-color\"><strong>Contribuci\u00f3n hasta el 12 de julio de 2022<\/strong><\/mark><\/th><th class=\"has-text-align-right\" data-align=\"right\"><strong><strong>Adulto <\/strong><\/strong><br><strong><strong>(+ 18 a\u00f1os )<\/strong><\/strong><\/th><th class=\"has-text-align-right\" data-align=\"right\"><strong>13 &#8211; 17 <strong>a\u00f1os<\/strong><\/strong><\/th><th class=\"has-text-align-right\" data-align=\"right\"><strong>6 &#8211; 12 <strong>a\u00f1os<\/strong><\/strong><\/th><\/tr><tr><td><strong>Cama en habitaci\u00f3n doble, ba\u00f1o privado<\/strong><\/td><td class=\"has-text-align-right\" data-align=\"right\">\u20ac 600<\/td><td class=\"has-text-align-right\" data-align=\"right\">\u20ac 420<\/td><td class=\"has-text-align-right\" data-align=\"right\">\u20ac 300<\/td><\/tr><tr><td><strong>Cama en habitaci\u00f3n doble, ba\u00f1o compartido<\/strong><\/td><td class=\"has-text-align-right\" data-align=\"right\">\u20ac 550<\/td><td class=\"has-text-align-right\" data-align=\"right\">\u20ac 385<\/td><td class=\"has-text-align-right\" data-align=\"right\">\u20ac 275<\/td><\/tr><tr><td><strong>Cama en 3\/4 dormitorios, ba\u00f1o privado<\/strong><\/td><td class=\"has-text-align-right\" data-align=\"right\">\u20ac 550<\/td><td class=\"has-text-align-right\" data-align=\"right\">\u20ac 385<\/td><td class=\"has-text-align-right\" data-align=\"right\">\u20ac 275<\/td><\/tr><tr><td><strong>Cama en 3\/4 dormitorios, ba\u00f1o compartido<\/strong><\/td><td class=\"has-text-align-right\" data-align=\"right\">\u20ac 500<\/td><td class=\"has-text-align-right\" data-align=\"right\">\u20ac 350<\/td><td class=\"has-text-align-right\" data-align=\"right\">\u20ac 250<\/td><\/tr><tr><td><strong>Cama en el dormitorio, ba\u00f1o privado<\/strong><\/td><td class=\"has-text-align-right\" data-align=\"right\">\u20ac 450<\/td><td class=\"has-text-align-right\" data-align=\"right\">\u20ac 315<\/td><td class=\"has-text-align-right\" data-align=\"right\">\u20ac 225<\/td><\/tr><tr><td><strong>Cama en el dormitorio, ba\u00f1o compartido<\/strong><\/td><td class=\"has-text-align-right\" data-align=\"right\">\u20ac 385<\/td><td class=\"has-text-align-right\" data-align=\"right\">\u20ac 270<\/td><td class=\"has-text-align-right\" data-align=\"right\">\u20ac 192<\/td><\/tr><tr><td><strong>Tienda \/ Autocaravana<\/strong><\/td><td class=\"has-text-align-right\" data-align=\"right\">\u20ac 330<\/td><td class=\"has-text-align-right\" data-align=\"right\">\u20ac 230<\/td><td class=\"has-text-align-right\" data-align=\"right\">\u20ac 165<\/td><\/tr><tr><td><strong>Visitante de d\u00eda<\/strong><\/td><td class=\"has-text-align-right\" data-align=\"right\">\u20ac 280<\/td><td class=\"has-text-align-right\" data-align=\"right\">\u20ac 196<\/td><td class=\"has-text-align-right\" data-align=\"right\">\u20ac 140<\/td><\/tr><\/tbody><\/table><figcaption>Contribuci\u00f3n por persona y semana, hasta el 12 de julio de 2022<br><\/figcaption><\/figure>\n\n\n\n<figure class=\"wp-block-table alignwide\"><table><tbody><tr><th>&nbsp;<mark style=\"background-color:#fdecea\" class=\"has-inline-color\">Contribution from 13 July 2022<\/mark><\/th><th class=\"has-text-align-right\" data-align=\"right\"><strong>Adult<\/strong><br><strong>(18 yrs +)<\/strong><\/th><th class=\"has-text-align-right\" data-align=\"right\"><strong>13 &#8211; 17 yrs<\/strong><\/th><th class=\"has-text-align-right\" data-align=\"right\"><strong>6 &#8211; 12 yrs<\/strong><\/th><\/tr><tr><td><strong>Cama en habitaci\u00f3n doble, ba\u00f1o privado<\/strong><\/td><td class=\"has-text-align-right\" data-align=\"right\">\u20ac 665<\/td><td class=\"has-text-align-right\" data-align=\"right\">\u20ac 465<\/td><td class=\"has-text-align-right\" data-align=\"right\">\u20ac 332<\/td><\/tr><tr><td><strong>Cama en habitaci\u00f3n doble, ba\u00f1o compartido<\/strong><\/td><td class=\"has-text-align-right\" data-align=\"right\">\u20ac 595<\/td><td class=\"has-text-align-right\" data-align=\"right\">\u20ac 416<\/td><td class=\"has-text-align-right\" data-align=\"right\">\u20ac 297<\/td><\/tr><tr><td><strong>Cama en 3\/4 dormitorios, ba\u00f1o privado<\/strong><\/td><td class=\"has-text-align-right\" data-align=\"right\">\u20ac 595<\/td><td class=\"has-text-align-right\" data-align=\"right\">\u20ac 416<\/td><td class=\"has-text-align-right\" data-align=\"right\">\u20ac 297<\/td><\/tr><tr><td><strong>Cama en 3\/4 dormitorios, ba\u00f1o compartido<\/strong><\/td><td class=\"has-text-align-right\" data-align=\"right\">\u20ac 560<\/td><td class=\"has-text-align-right\" data-align=\"right\">\u20ac 392<\/td><td class=\"has-text-align-right\" data-align=\"right\">\u20ac 280<\/td><\/tr><tr><td><strong>Cama en el dormitorio, ba\u00f1o privado<\/strong><\/td><td class=\"has-text-align-right\" data-align=\"right\">\u20ac 490<\/td><td class=\"has-text-align-right\" data-align=\"right\">\u20ac 343<\/td><td class=\"has-text-align-right\" data-align=\"right\">\u20ac 245<\/td><\/tr><tr><td><strong>Cama en el dormitorio, ba\u00f1o compartido<\/strong><\/td><td class=\"has-text-align-right\" data-align=\"right\">\u20ac 420<\/td><td class=\"has-text-align-right\" data-align=\"right\">\u20ac 294<\/td><td class=\"has-text-align-right\" data-align=\"right\">\u20ac 210<\/td><\/tr><tr><td><strong>Tienda \/ Autocaravana<\/strong><\/td><td class=\"has-text-align-right\" data-align=\"right\">\u20ac 350<\/td><td class=\"has-text-align-right\" data-align=\"right\">\u20ac 245<\/td><td class=\"has-text-align-right\" data-align=\"right\">\u20ac 175<\/td><\/tr><tr><td><strong>Visitante de d\u00eda<\/strong><\/td><td class=\"has-text-align-right\" data-align=\"right\">\u20ac 315<\/td><td class=\"has-text-align-right\" data-align=\"right\">\u20ac 220<\/td><td class=\"has-text-align-right\" data-align=\"right\">\u20ac 157<\/td><\/tr><\/tbody><\/table><figcaption>Contribuci\u00f3n por persona y semana, a partir del 13 de julio de 2022<br><\/figcaption><\/figure>\n","protected":false},"excerpt":{"rendered":"<p>Todo el alojamiento en Plum Village es comunitario. La mayor\u00eda de las salas de estar y todas las habitaciones son compartidas, para fomentar la vida en comunidad y el apoyo mutuo en nuestra pr\u00e1ctica. No podemos proporcionar habitaciones individuales. La mayor\u00eda de las camas son individuales y algunas de las camas en habitaciones compartidas son<\/p>\n","protected":false},"author":5,"featured_media":0,"parent":156183,"menu_order":0,"comment_status":"closed","ping_status":"closed","template":"","meta":{"_acf_changed":false,"sync_status":"","episode_type":"","audio_file":"","castos_file_data":"","podmotor_file_id":"","cover_image":"","cover_image_id":"","duration":"","filesize":"","filesize_raw":"","date_recorded":"","explicit":"","block":"","itunes_episode_number":"","itunes_title":"","itunes_season_number":"","itunes_episode_type":"","ep_exclude_from_search":false,"footnotes":""},"class_list":["post-156184","page","type-page","status-publish","hentry"],"acf":[],"_links":{"self":[{"href":"https:\/\/dev.plumvillage.org\/es\/wp-json\/wp\/v2\/pages\/156184","targetHints":{"allow":["GET"]}}],"collection":[{"href":"https:\/\/dev.plumvillage.org\/es\/wp-json\/wp\/v2\/pages"}],"about":[{"href":"https:\/\/dev.plumvillage.org\/es\/wp-json\/wp\/v2\/types\/page"}],"author":[{"embeddable":true,"href":"https:\/\/dev.plumvillage.org\/es\/wp-json\/wp\/v2\/users\/5"}],"replies":[{"embeddable":true,"href":"https:\/\/dev.plumvillage.org\/es\/wp-json\/wp\/v2\/comments?post=156184"}],"version-history":[{"count":0,"href":"https:\/\/dev.plumvillage.org\/es\/wp-json\/wp\/v2\/pages\/156184\/revisions"}],"up":[{"embeddable":true,"href":"https:\/\/dev.plumvillage.org\/es\/wp-json\/wp\/v2\/pages\/156183"}],"wp:attachment":[{"href":"https:\/\/dev.plumvillage.org\/es\/wp-json\/wp\/v2\/media?parent=156184"}],"curies":[{"name":"wp","href":"https:\/\/api.w.org\/{rel}","templated":true}]}}