{"id":156187,"date":"2015-03-25T11:07:45","date_gmt":"2015-03-25T10:07:45","guid":{"rendered":"https:\/\/plumvillage.org\/retreats\/visiting-us\/programs-for-children-and-teens\/"},"modified":"2023-02-28T14:03:18","modified_gmt":"2023-02-28T13:03:18","slug":"programs-for-children-and-teens","status":"publish","type":"page","link":"https:\/\/dev.plumvillage.org\/es\/visiting-us\/programs-for-children-and-teens","title":{"rendered":"Programas para Ni\u00f1os y Adolescentes"},"content":{"rendered":"\n<figure class=\"wp-block-image alignright\"><img loading=\"lazy\" decoding=\"async\" width=\"1024\" height=\"678\" src=\"https:\/\/dev.plumvillage.org\/wp-content\/uploads\/2015\/03\/Young-nuns-practising-playful-mindfulness-with-children-during-the-summer-retreat-1024x678.jpg\" alt=\"\" class=\"wp-image-7273\" srcset=\"https:\/\/dev.plumvillage.org\/wp-content\/uploads\/2015\/03\/Young-nuns-practising-playful-mindfulness-with-children-during-the-summer-retreat-1024x678.jpg 1024w, https:\/\/dev.plumvillage.org\/wp-content\/uploads\/2015\/03\/Young-nuns-practising-playful-mindfulness-with-children-during-the-summer-retreat-499x330.jpg 499w, https:\/\/dev.plumvillage.org\/wp-content\/uploads\/2015\/03\/Young-nuns-practising-playful-mindfulness-with-children-during-the-summer-retreat-768x508.jpg 768w, https:\/\/dev.plumvillage.org\/wp-content\/uploads\/2015\/03\/Young-nuns-practising-playful-mindfulness-with-children-during-the-summer-retreat.jpg 1340w\" sizes=\"auto, (max-width: 1024px) 100vw, 1024px\" \/><\/figure>\n\n\n\n<p class=\"has-large-font-size\">Durante nuestro retiro de verano anual en julio\/agosto, los monjes y monjas de Plum Village ofrecen un programa especial de juegos conscientes para ni\u00f1os y un programa de actividades conscientes guiadas para adolescentes. Los programas son en su mayor\u00eda al aire libre, disfrutando de la hermosa campi\u00f1a y la naturaleza alrededor de Plum Village.<\/p>\n\n\n\n<h4 class=\"wp-block-heading\"><strong>\u00bfQui\u00e9n puede incorporarse al Programa Infantil o Programa Adolescentes?<\/strong><\/h4>\n\n\n\n<p>El Programa para ni\u00f1os est\u00e1 abierto a ni\u00f1os de 6 a 12 a\u00f1os que puedan hablar y entender ingl\u00e9s, franc\u00e9s, holand\u00e9s, alem\u00e1n, espa\u00f1ol o italiano. El programa para adolescentes est\u00e1 abierto a j\u00f3venes de 13 a 17 a\u00f1os que puedan hablar y entender ingl\u00e9s o franc\u00e9s.<\/p>\n\n\n\n<p>De acuerdo con la ley francesa, todos los ni\u00f1os de 17 a\u00f1os o m\u00e1s j\u00f3venes deben estar acompa\u00f1ados por al menos uno de los padres (o tutor legal) en la misma aldea de Plum Village donde se hospedan.<\/p>\n\n\n\n<h4 class=\"wp-block-heading\"><strong>\u00bfPueden participar ni\u00f1os menores de 6 a\u00f1os?<\/strong><\/h4>\n\n\n\n<p>Puedes traer a tus peque\u00f1os al Retiro de Verano, pero no podemos ofrecer un programa dedicado a ellos. Por lo tanto, ten en cuenta que deber\u00e1s cuidar a los ni\u00f1os menores de 6 a\u00f1os t\u00fa mismo en todo momento, lo que generalmente significa perderte ciertos elementos del programa (por ejemplo, sentarse en silencio, c\u00edrculos para compartir el dharma, trabajo comunitario consciente, etc.).<\/p>\n\n\n\n<p>Es mejor si traes un acompa\u00f1ante para ayudar con el cuidado de los m\u00e1s peque\u00f1os, para que pod\u00e1is turnaros para asistir al programa.<\/p>\n\n\n\n<p>Plum Village ofrece un ambiente tranquilo y consciente en todo nuestro gran campus y en las variadas aldeas, del que puedes beneficiarte mientras cuidas a los m\u00e1s peque\u00f1os. Os pedimos a todos que respet\u00e9is y apoy\u00e9is el silencio y la concentraci\u00f3n de las salas de meditaci\u00f3n, lo que puede significar invitar a aquellos con ni\u00f1os peque\u00f1os a irse si hay un impacto en el programa principal del retiro.<\/p>\n\n\n\n<figure class=\"wp-block-image alignwide\"><img loading=\"lazy\" decoding=\"async\" width=\"1024\" height=\"683\" src=\"https:\/\/dev.plumvillage.org\/wp-content\/uploads\/2019\/08\/DSC07838-1024x683.jpg\" alt=\"\" class=\"wp-image-139415\" srcset=\"https:\/\/dev.plumvillage.org\/wp-content\/uploads\/2019\/08\/DSC07838-1024x683.jpg 1024w, https:\/\/dev.plumvillage.org\/wp-content\/uploads\/2019\/08\/DSC07838-499x333.jpg 499w, https:\/\/dev.plumvillage.org\/wp-content\/uploads\/2019\/08\/DSC07838-768x512.jpg 768w, https:\/\/dev.plumvillage.org\/wp-content\/uploads\/2019\/08\/DSC07838.jpg 1920w\" sizes=\"auto, (max-width: 1024px) 100vw, 1024px\" \/><\/figure>\n\n\n\n<h4 class=\"wp-block-heading\"><strong>\u00bfQu\u00e9 se ofrece en el Programa Infantil?<\/strong><\/h4>\n\n\n\n<p>El programa para ni\u00f1os, dirigido por monjes y monjas de Plum Village con el apoyo de voluntarios laicos, presenta a los ni\u00f1os pr\u00e1cticas b\u00e1sicas de atenci\u00f3n plena y ofrece tres sesiones de juego consciente al aire libre para ni\u00f1os de 6 a 12 a\u00f1os durante todo el retiro. Las actividades incluyen juegos, deportes, artes y manualidades, cinco d\u00edas a la semana.<\/p>\n\n\n\n<p>El d\u00eda de llegada de cada semana, se brinda una \u00aborientaci\u00f3n\u00bb para padres e hijos por la noche, pero ten en cuenta que ese d\u00eda, as\u00ed como el D\u00eda de Pereza de cada semana, no hay programa, o solo se ofrece un programa limitado. Fuera de las actividades del Programa Infantil, los ni\u00f1os est\u00e1n al cuidado de sus padres en todo momento.<\/p>\n\n\n\n<figure class=\"wp-block-image alignright\"><img loading=\"lazy\" decoding=\"async\" width=\"1024\" height=\"577\" src=\"https:\/\/dev.plumvillage.org\/wp-content\/uploads\/2019\/08\/DSC08716-1024x577.jpg\" alt=\"\" class=\"wp-image-139416\" srcset=\"https:\/\/dev.plumvillage.org\/wp-content\/uploads\/2019\/08\/DSC08716-1024x577.jpg 1024w, https:\/\/dev.plumvillage.org\/wp-content\/uploads\/2019\/08\/DSC08716-499x281.jpg 499w, https:\/\/dev.plumvillage.org\/wp-content\/uploads\/2019\/08\/DSC08716-768x433.jpg 768w, https:\/\/dev.plumvillage.org\/wp-content\/uploads\/2019\/08\/DSC08716.jpg 1920w\" sizes=\"auto, (max-width: 1024px) 100vw, 1024px\" \/><\/figure>\n\n\n\n<p>Los ni\u00f1os acampan y comen todas las comidas con su familia, pero por la ma\u00f1ana, tarde y noche tienen la oportunidad de salir a jugar con los l\u00edderes del programa y otros ni\u00f1os de edad e idioma similares. Esperamos ofrecer un equilibrio entre tiempo familiar no programado, interacciones familiares conscientes y oportunidades para que tanto los padres como los ni\u00f1os disfruten de su propio retiro.<\/p>\n\n\n\n<h4 class=\"wp-block-heading\"><strong>\u00bfC\u00f3mo puedo inscribir a mi hijo de 6 a 12 a\u00f1os en el Programa Infantil?<\/strong><\/h4>\n\n\n\n<p>La inscripci\u00f3n para el Programa Infantil est\u00e1 organizada por idiomas. Si tu hijo tiene entre 6 y 12 a\u00f1os, se espera que asista al programa para ni\u00f1os.<\/p>\n\n\n\n<p>Deber\u00e1s permanecer en la aldea que ofrece un programa para ni\u00f1os en el idioma de tu hijo.<\/p>\n\n\n\n<p><a href=\"https:\/\/dev.plumvillage.org\/es\/retreats\/info\/apertura-en-verano-de-2023\/\" data-type=\"URL\" data-id=\"https:\/\/dev.plumvillage.org\/es\/retreats\/info\/apertura-en-verano-de-2023\/\">Ya est\u00e1 aqu\u00ed la inscripci\u00f3n para el verano de 2023.<\/a><\/p>\n\n\n\n<figure class=\"wp-block-image alignwide\"><img loading=\"lazy\" decoding=\"async\" width=\"1024\" height=\"577\" src=\"https:\/\/dev.plumvillage.org\/wp-content\/uploads\/2019\/08\/DSC08736-1024x577.jpg\" alt=\"\" class=\"wp-image-139417\" srcset=\"https:\/\/dev.plumvillage.org\/wp-content\/uploads\/2019\/08\/DSC08736-1024x577.jpg 1024w, https:\/\/dev.plumvillage.org\/wp-content\/uploads\/2019\/08\/DSC08736-499x281.jpg 499w, https:\/\/dev.plumvillage.org\/wp-content\/uploads\/2019\/08\/DSC08736-768x433.jpg 768w, https:\/\/dev.plumvillage.org\/wp-content\/uploads\/2019\/08\/DSC08736.jpg 1920w\" sizes=\"auto, (max-width: 1024px) 100vw, 1024px\" \/><\/figure>\n\n\n\n<h4 class=\"wp-block-heading\"><strong>\u00bfQu\u00e9 se ofrece en el Programa de Adolescentes?<\/strong><\/h4>\n\n\n\n<p>Los monjes y monjas de Plum Village ofrecen un programa especial para que los adolescentes pasen un tiempo alegre y significativo en el monasterio. Los j\u00f3venes tienen la oportunidad de entablar amistades profundas y pasar el rato con personas de muchas nacionalidades y or\u00edgenes diferentes.<\/p>\n\n\n\n<p>Juntos creamos una atm\u00f3sfera segura y nutritiva donde todos se sienten libres de ser ellos mismos, aceptados tal como son. Para hacerlo, les pedimos a todos que se abstengan de consumir alcohol, drogas y practicar actividades sexuales durante el retiro. Para aprovechar al m\u00e1ximo el hermoso entorno natural y la presencia mutua, alentamos a todos a que se tomen un descanso de los tel\u00e9fonos m\u00f3viles y otros dispositivos electr\u00f3nicos durante el retiro.<\/p>\n\n\n\n<p>Aprendemos a escucharnos profundamente unos a otros y apoyarnos unos a otros. Aprendemos algunas formas sencillas de manejar nuestras emociones fuertes y dificultades. Practicamos muchos juegos, m\u00fasica y deportes, y generalmente tenemos varios proyectos creativos, dependiendo de lo que a cada uno le guste hacer.<\/p>\n\n\n\n<p>Los monjes y monjas tambi\u00e9n ofrecen un programa relajado y ligero de meditaci\u00f3n y ejercicio f\u00edsico que es relevante e impactante.<\/p>\n\n\n\n<p>Para apoyar la energ\u00eda colectiva del retiro, se espera que todos los adolescentes que se alojen en Plum Village durante el Retiro de verano participen en el programa para adolescentes, a menos que tengan el permiso de sus padres y de la aldea anfitriona para hacer lo contrario.<\/p>\n\n\n\n<figure class=\"wp-block-image alignwide size-large\"><img loading=\"lazy\" decoding=\"async\" width=\"1024\" height=\"576\" src=\"https:\/\/dev.plumvillage.org\/wp-content\/uploads\/2021\/03\/L1150620-1024x576.jpg\" alt=\"\" class=\"wp-image-193340\" srcset=\"https:\/\/dev.plumvillage.org\/wp-content\/uploads\/2021\/03\/L1150620-1024x576.jpg 1024w, https:\/\/dev.plumvillage.org\/wp-content\/uploads\/2021\/03\/L1150620-499x281.jpg 499w, https:\/\/dev.plumvillage.org\/wp-content\/uploads\/2021\/03\/L1150620-768x432.jpg 768w, https:\/\/dev.plumvillage.org\/wp-content\/uploads\/2021\/03\/L1150620-1536x864.jpg 1536w, https:\/\/dev.plumvillage.org\/wp-content\/uploads\/2021\/03\/L1150620.jpg 1920w\" sizes=\"auto, (max-width: 1024px) 100vw, 1024px\" \/><\/figure>\n\n\n\n<h4 class=\"wp-block-heading\"><strong>\u00bfC\u00f3mo puedo inscribir a mi adolescente en el Programa de Adolescentes?<\/strong><\/h4>\n\n\n\n<p>La inscripci\u00f3n al Programa de Adolescentes est\u00e1 organizada por g\u00e9nero. El programa de ni\u00f1os est\u00e1 dirigido por los monjes en Upper Hamlet, el programa de ni\u00f1as est\u00e1 dirigido por las monjas en New Hamlet. En varios momentos de la semana, los ni\u00f1os y las ni\u00f1as tienen actividades juntos.<\/p>\n\n\n\n<p>Al menos uno de los padres o tutor legal debe permanecer en la misma aldea donde se hospeda el adolescente. Ten en cuenta que, de acuerdo con la ley francesa, ni los mon\u00e1sticos ni los voluntarios laicos pueden ser tutores legales de tu hijo adolescente. Nos damos cuenta de que esto puede crear desaf\u00edos si tienes un hijo y una hija adolescentes, o un ni\u00f1o en el programa para ni\u00f1os en una aldea y un ni\u00f1o en el programa para adolescentes en otra aldea, ya que deber\u00e1n permanecer en aldeas separadas, pero nosotros solicitamos tu apoyo para realizar las gestiones necesarias.<\/p>\n\n\n\n<p>El programa para adolescentes se imparte en ingl\u00e9s y franc\u00e9s. Si tu hijo adolescente no habla ingl\u00e9s o franc\u00e9s, comun\u00edcate con la aldea correspondiente para ver si a\u00fan podemos acomodarlo.<\/p>\n\n\n\n<div class=\"wp-block-group has-fresh-earth-background-color has-background is-layout-flow wp-block-group-is-layout-flow\">\n<h4 class=\"wp-block-heading\"><strong>Para el Programa de Retiro de Verano para Adolescentes:<\/strong><\/h4>\n\n\n\n<p><a href=\"https:\/\/dev.plumvillage.org\/es\/retreats\/info\/apertura-en-verano-de-2023\/\" data-type=\"URL\" data-id=\"https:\/\/dev.plumvillage.org\/es\/retreats\/info\/apertura-en-verano-de-2023\/\">Ya est\u00e1 aqu\u00ed la inscripci\u00f3n para el verano de 2023<\/a><\/p>\n\n\n\n<ul class=\"wp-block-list\">\n<li>Adolescentes chicos y padres\/tutores: Registrarse en Upper Hamlet<\/li>\n\n\n\n<li>Adolescentes chicas y padres\/tutores: Registrarse en New Hamlet<\/li>\n<\/ul>\n\n\n\n<p><em>Te recomendamos que selecciones la opci\u00f3n Camping para tu alojamiento. tu hijo adolescente acampar\u00e1 contigo. Ten en cuenta que los padres son totalmente responsables de sus hijos adolescentes en todo momento fuera del programa ofrecido.<\/em><\/p>\n<\/div>\n\n\n\n<p><\/p>\n","protected":false},"excerpt":{"rendered":"<p>Durante nuestro retiro de verano anual en julio\/agosto, los monjes y monjas de Plum Village ofrecen un programa especial de juegos conscientes para ni\u00f1os y un programa de actividades conscientes guiadas para adolescentes. Los programas son en su mayor\u00eda al aire libre, disfrutando de la hermosa campi\u00f1a y la naturaleza alrededor de Plum Village. \u00bfQui\u00e9n<\/p>\n","protected":false},"author":30,"featured_media":0,"parent":156183,"menu_order":0,"comment_status":"closed","ping_status":"open","template":"","meta":{"_acf_changed":false,"sync_status":"","episode_type":"","audio_file":"","castos_file_data":"","podmotor_file_id":"","cover_image":"","cover_image_id":"","duration":"","filesize":"","filesize_raw":"","date_recorded":"","explicit":"","block":"","itunes_episode_number":"","itunes_title":"","itunes_season_number":"","itunes_episode_type":"","ep_exclude_from_search":false,"footnotes":""},"class_list":["post-156187","page","type-page","status-publish","hentry"],"acf":[],"_links":{"self":[{"href":"https:\/\/dev.plumvillage.org\/es\/wp-json\/wp\/v2\/pages\/156187","targetHints":{"allow":["GET"]}}],"collection":[{"href":"https:\/\/dev.plumvillage.org\/es\/wp-json\/wp\/v2\/pages"}],"about":[{"href":"https:\/\/dev.plumvillage.org\/es\/wp-json\/wp\/v2\/types\/page"}],"author":[{"embeddable":true,"href":"https:\/\/dev.plumvillage.org\/es\/wp-json\/wp\/v2\/users\/30"}],"replies":[{"embeddable":true,"href":"https:\/\/dev.plumvillage.org\/es\/wp-json\/wp\/v2\/comments?post=156187"}],"version-history":[{"count":1,"href":"https:\/\/dev.plumvillage.org\/es\/wp-json\/wp\/v2\/pages\/156187\/revisions"}],"predecessor-version":[{"id":366680,"href":"https:\/\/dev.plumvillage.org\/es\/wp-json\/wp\/v2\/pages\/156187\/revisions\/366680"}],"up":[{"embeddable":true,"href":"https:\/\/dev.plumvillage.org\/es\/wp-json\/wp\/v2\/pages\/156183"}],"wp:attachment":[{"href":"https:\/\/dev.plumvillage.org\/es\/wp-json\/wp\/v2\/media?parent=156187"}],"curies":[{"name":"wp","href":"https:\/\/api.w.org\/{rel}","templated":true}]}}