{"id":156202,"date":"2022-03-26T16:50:55","date_gmt":"2022-03-26T15:50:55","guid":{"rendered":"https:\/\/plumvillage.org\/mindfulness-practice\/the-5-mindfulness-trainings\/"},"modified":"2022-07-29T15:36:29","modified_gmt":"2022-07-29T13:36:29","slug":"los-cinco-entrenamientos-de-la-plena-consciencia","status":"publish","type":"page","link":"https:\/\/dev.plumvillage.org\/es\/los-cinco-entrenamientos-de-la-plena-consciencia","title":{"rendered":"Los Cinco Entrenamientos De La Plena Consciencia"},"content":{"rendered":"\n<figure class=\"wp-block-image alignright size-large\"><a href=\"https:\/\/dev.plumvillage.org\/wp-content\/uploads\/2019\/10\/Screenshot-2019-10-04-at-14.14.25.png\"><img loading=\"lazy\" decoding=\"async\" width=\"1024\" height=\"696\" src=\"https:\/\/dev.plumvillage.org\/wp-content\/uploads\/2019\/10\/Screenshot-2019-10-04-at-14.14.25-1024x696.png\" alt=\"\" class=\"wp-image-139976\" srcset=\"https:\/\/dev.plumvillage.org\/wp-content\/uploads\/2019\/10\/Screenshot-2019-10-04-at-14.14.25-1024x696.png 1024w, https:\/\/dev.plumvillage.org\/wp-content\/uploads\/2019\/10\/Screenshot-2019-10-04-at-14.14.25-499x339.png 499w, https:\/\/dev.plumvillage.org\/wp-content\/uploads\/2019\/10\/Screenshot-2019-10-04-at-14.14.25-768x522.png 768w, https:\/\/dev.plumvillage.org\/wp-content\/uploads\/2019\/10\/Screenshot-2019-10-04-at-14.14.25.png 1920w\" sizes=\"auto, (max-width: 1024px) 100vw, 1024px\" \/><\/a><\/figure>\n\n\n\n<p class=\"has-large-font-size\">The Five Mindfulness Trainings have their root in the <em>Five Precepts<\/em> offered by the Buddha. They have been expanded and updated so that they represent a way to bring mindfulness into every area of life. Rather than hard and fast rules, they offer us a framework to reflect on our <em>actions<\/em>, <em>speech<\/em> and <em>thinking<\/em> so we can create more happiness for ourself and for the world around us.<\/p>\n\n\n\n<div style=\"height:35px\" aria-hidden=\"true\" class=\"wp-block-spacer\"><\/div>\n\n\n\n<pre class=\"wp-block-verse\"><strong>An Introduction to the Five Mindfulness Trainings from Thich Nhat Hanh<\/strong>\n\nThe Five Mindfulness Trainings are one of the most concrete ways to practice mindfulness. They are nonsectarian, and their nature is universal. They are true&nbsp;practices of compassion and understanding. All spiritual traditions have their equivalent to the Five Mindfulness Trainings.\n\nThe first training is to protect life, to decrease violence in oneself, in the family and in society. The second training is to practice social justice, generosity, not stealing and not exploiting other living beings. The third is the practice of responsible sexual behavior in order to protect individuals, couples, families and children. The fourth is the practice of deep listening and loving speech to restore communication and reconcile. The fifth is about mindful consumption, to help us not bring toxins and poisons into our body or mind.\n\nThe Five Mindfulness Trainings are based on the precepts developed during the time of the Buddha to be the foundation of practice for the entire lay practice community. I have translated these precepts for modern times, because mindfulness is at the foundation of each one of them. With mindfulness, we are aware of what is going on in our bodies, our feelings, our minds and the world, and we avoid doing harm to ourselves and others. Mindfulness protects us, our families and our society. When we are mindful, we can see that by refraining from doing one thing, we can prevent another thing from happening. We arrive at our own unique insight. It is not something imposed on us by an outside authority.\n\nPracticing the mindfulness trainings, therefore, helps us be more calm and concentrated, and brings more insight and enlightenment.\n\n<strong>Thich Nhat Hanh<\/strong>,&nbsp;<a href=\"http:\/\/www.parallax.org\/happiness-essential-mindfulness-practices\/\">Happiness: Essential Mindfulness Practices<\/a>&nbsp;(2009)<\/pre>\n\n\n\n<div style=\"height:50px\" aria-hidden=\"true\" class=\"wp-block-spacer\"><\/div>\n\n\n\n<p><em>The Five Mindfulness Trainings were revised on 15 June 2022.<\/em><\/p>\n\n\n\n<h2 class=\"wp-block-heading\">Los Cinco Entrenamientos De La Plena Consciencia<\/h2>\n\n\n\n<p>Los cinco entrenamientos de la plena consciencia expresan la visi\u00f3n budista de una espiritualidad y \u00e9tica globales. Son la pr\u00e1ctica concreta de las ense\u00f1anzas de Buda sobre las Cuatro Nobles Verdades y el \u00d3ctuple Noble Sendero. Muestran el camino de la verdadera comprensi\u00f3n y amor que llevan a la transformaci\u00f3n, a la sanaci\u00f3n y a la felicidad del individuo y del mundo. Nos permiten profundizar en la visi\u00f3n del interser, que es la Visi\u00f3n Correcta, y hacen desaparecer el fanatismo, la discriminaci\u00f3n, el miedo y la desesperanza. Practicar los cinco entrenamientos en la vida diaria es estar ya en el camino de los bodhisattvas. Conscientes de lo afortunados que somos de estar en ese camino, podemos dejar de preocuparnos por el presente y de temer el futuro.<\/p>\n\n\n\n<hr class=\"wp-block-separator has-alpha-channel-opacity is-style-dots\"\/>\n\n\n\n<h4 class=\"wp-block-heading\">Reverencia hacia la vida<\/h4>\n\n\n\n<p>Consciente del sufrimiento causado por la destrucci\u00f3n de la vida, me comprometo a cultivar mi comprensi\u00f3n del interser y mi compasi\u00f3n, a fin de aprender c\u00f3mo proteger la vida de personas, animales, plantas y minerales. Me comprometo a no matar, a no dejar que otros maten y a no apoyar ning\u00fan acto de violencia en el mundo, en mi pensamiento o en mi forma de vivir. Comprendo que toda violencia causada por el fanatismo, el odio, la avidez y el miedo tiene origen en una visi\u00f3n dual\u00edstica y discriminatoria. Me entrenar\u00e9 para mirarlo todo con amplitud de miras, sin discriminaci\u00f3n ni apego a ning\u00fan punto de vista y a ninguna ideolog\u00eda, y poder transformar la violencia y el dogmatismo que residen en m\u00ed y en el mundo.<\/p>\n\n\n\n<hr class=\"wp-block-separator has-alpha-channel-opacity is-style-dots\"\/>\n\n\n\n<h4 class=\"wp-block-heading\">Verdadera felicidad<\/h4>\n\n\n\n<p>Consciente del sufrimiento causado por el robo, la opresi\u00f3n, la explotaci\u00f3n y la injusticia social, me comprometo a practicar la generosidad en mis pensamientos, en mis palabras y en mis actos de la vida diaria. Compartir\u00e9 mi tiempo, energ\u00eda y recursos materiales con aquellos que los necesiten. Me comprometo a no apropiarme de nada que no me pertenezca. Me entrenar\u00e9 en mirar profundamente para ver que la felicidad y el sufrimiento de los dem\u00e1s est\u00e1n estrechamente ligados a mi propia felicidad y sufrimiento. Comprendo que la verdadera felicidad no es posible sin comprensi\u00f3n y amor, y que buscar la felicidad en el dinero, la fama, el poder o el placer sensual genera mucho sufrimiento y desesperanza.<\/p>\n\n\n\n<p>Profundizar\u00e9 mi comprensi\u00f3n de la verdadera felicidad, que depende m\u00e1s de mi forma de pensar que de condiciones externas. Si soy capaz de establecerme en el momento presente, puedo vivir feliz aqu\u00ed y ahora, en la sencillez, reconociendo que existen numerosas condiciones para ser feliz que ya est\u00e1n disponibles en m\u00ed y en torno a m\u00ed.<\/p>\n\n\n\n<p>Consciente de ello, me comprometo a elegir un medio de vida correcto para reducir el sufrimiento y contribuir al bienestar de todas las especies sobre la Tierra y, en particular, actuando para dejar de contribuir al cambio clim\u00e1tico.<\/p>\n\n\n\n<hr class=\"wp-block-separator has-alpha-channel-opacity is-style-dots\"\/>\n\n\n\n<h4 class=\"wp-block-heading\">Amor verdadero<\/h4>\n\n\n\n<p>Consciente del sufrimiento causado por una conducta sexual inapropiada, me comprometo a cultivar la responsabilidad y aprender medios de proteger la seguridad e integridad de individuos, parejas, familias y la sociedad.<\/p>\n\n\n\n<p>Reconociendo que el deseo sexual no es amor y que la actividad sexual motivada por el deseo me da\u00f1a tanto a m\u00ed como a las dem\u00e1s personas, me comprometo a no tener relaciones sexuales sin consentimiento mutuo, sin amor verdadero y sin un profundo compromiso a largo plazo. Me comprometo a buscar entre mis amistades, miembros de mi familia y de la sangha en quienes conf\u00edo y me apoyo, un sost\u00e9n espiritual que favorezca la solidez de mi relaci\u00f3n. Har\u00e9 todo lo que est\u00e9 en mi mano para proteger a los ni\u00f1os y las ni\u00f1as del abuso sexual y para prevenir que las parejas y familias se rompan a causa de una conducta sexual inapropiada. Consciente de que el cuerpo y la mente est\u00e1n interrelacionados, me comprometo a aprender formas apropiadas de cuidar de mi energ\u00eda sexual y a cultivar la bondad amorosa, la compasi\u00f3n, la alegr\u00eda y la inclusividad, que son los cuatro elementos b\u00e1sicos del verdadero amor, para mi mayor felicidad y la mayor felicidad de las dem\u00e1s personas. Consciente de la diversidad de la experiencia humana, me comprometo a no discriminar ninguna orientaci\u00f3n sexual o identidad de g\u00e9nero. Practicando el verdadero amor sabemos que continuaremos de una forma hermosa en el futuro.<\/p>\n\n\n\n<hr class=\"wp-block-separator has-alpha-channel-opacity is-style-dots\"\/>\n\n\n\n<h4 class=\"wp-block-heading\">Habla amorosa y escucha profunda<\/h4>\n\n\n\n<p>Consciente del sufrimiento causado por palabras irreflexivas y por la incapacidad de escuchar a los dem\u00e1s, me comprometo a aprender a hablar a todos con amor y a desarrollar una escucha profunda que alivie el sufrimiento y promueva la paz y la reconciliaci\u00f3n en mis relaciones con los dem\u00e1s, entre grupos \u00e9tnicos y religiosos y entre las naciones. S\u00e9 que las palabras pueden crear felicidad o sufrimiento, y me comprometo a aprender a hablar con honestidad, a emplear palabras que inspiren a todos confianza en s\u00ed mismos, que alimenten la alegr\u00eda, la esperanza, y promuevan la armon\u00eda y la comprensi\u00f3n mutuas. Me comprometo a no decir nada cuando me invada la ira. En ese caso, me entrenar\u00e9 en respirar y caminar en plena consciencia para poder reconocer esa ira y observar profundamente sus ra\u00edces, especialmente en mis percepciones err\u00f3neas y en mi falta de comprensi\u00f3n de mi propio sufrimiento y el de la persona contra la que dirijo mi ira.<\/p>\n\n\n\n<p>Me entrenar\u00e9 en decir la verdad y escuchar profundamente para reducir el sufrimiento en los dem\u00e1s y en m\u00ed, y a encontrar soluciones en las situaciones dif\u00edciles. Me comprometo a no difundir noticias de las que no tenga certeza y a no decir nada que pueda causar divisi\u00f3n, discordia o ruptura en el seno de una familia o de una comunidad. Practicar\u00e9 la Diligencia Correcta para nutrir mi comprensi\u00f3n, mi amor, mi felicidad y mi tolerancia, y transformar d\u00eda a d\u00eda las semillas de violencia, odio y miedo que residen en m\u00ed.<\/p>\n\n\n\n<hr class=\"wp-block-separator has-alpha-channel-opacity is-style-dots\"\/>\n\n\n\n<h4 class=\"wp-block-heading\">Transformaci\u00f3n y sanaci\u00f3n<\/h4>\n\n\n\n<p>Consciente del sufrimiento provocado por un consumo irreflexivo, me comprometo a aprender a nutrir de forma sana mi cuerpo y mi mente y a transformarlos, cultivando la buena salud tanto f\u00edsica como mental por mi pr\u00e1ctica de la plena consciencia cuando como, bebo o consumo. A fin de no intoxicarme, me entrenar\u00e9 en observar profundamente mi consumo de los cuatro tipos de alimentos: los alimentos comestibles, las impresiones sensoriales, la volici\u00f3n y la conciencia. Me comprometo a abstenerme de juegos de azar, alcohol, drogas, y a no consumir ning\u00fan producto que contenga toxinas, como ciertas p\u00e1ginas web, juegos electr\u00f3nicos, m\u00fasicas, pel\u00edculas, programas de televisi\u00f3n, revistas, libros e incluso ciertas conversaciones. Practicar\u00e9 con regularidad el volver al momento presente para estar en contacto con los elementos nutritivos y saludables que se encuentran en m\u00ed y en torno a m\u00ed. No dejar\u00e9 que me arrastren los remordimientos y las penas del pasado, ni las preocupaciones o miedos por el futuro. Me comprometo a no emplear el consumo como un medio de huir del sufrimiento, la soledad y la ansiedad. Me entrenar\u00e9 en observar profundamente la naturaleza interdependiente de cada cosa, de forma que, al consumir, nutra la alegr\u00eda y la paz tanto en mi cuerpo y mi conciencia como en el cuerpo y la conciencia colectivas de la sociedad y de nuestro planeta.<\/p>\n","protected":false},"excerpt":{"rendered":"<p>The Five Mindfulness Trainings have their root in the Five Precepts offered by the Buddha. They have been expanded and updated so that they represent a way to bring mindfulness into every area of life. Rather than hard and fast rules, they offer us a framework to reflect on our actions, speech and thinking so<\/p>\n","protected":false},"author":9,"featured_media":0,"parent":0,"menu_order":0,"comment_status":"closed","ping_status":"closed","template":"","meta":{"_acf_changed":false,"sync_status":"","episode_type":"","audio_file":"","castos_file_data":"","podmotor_file_id":"","cover_image":"","cover_image_id":"","duration":"","filesize":"","filesize_raw":"","date_recorded":"","explicit":"","block":"","itunes_episode_number":"","itunes_title":"","itunes_season_number":"","itunes_episode_type":"","ep_exclude_from_search":false,"footnotes":""},"class_list":["post-156202","page","type-page","status-publish","hentry"],"acf":[],"_links":{"self":[{"href":"https:\/\/dev.plumvillage.org\/es\/wp-json\/wp\/v2\/pages\/156202","targetHints":{"allow":["GET"]}}],"collection":[{"href":"https:\/\/dev.plumvillage.org\/es\/wp-json\/wp\/v2\/pages"}],"about":[{"href":"https:\/\/dev.plumvillage.org\/es\/wp-json\/wp\/v2\/types\/page"}],"author":[{"embeddable":true,"href":"https:\/\/dev.plumvillage.org\/es\/wp-json\/wp\/v2\/users\/9"}],"replies":[{"embeddable":true,"href":"https:\/\/dev.plumvillage.org\/es\/wp-json\/wp\/v2\/comments?post=156202"}],"version-history":[{"count":0,"href":"https:\/\/dev.plumvillage.org\/es\/wp-json\/wp\/v2\/pages\/156202\/revisions"}],"wp:attachment":[{"href":"https:\/\/dev.plumvillage.org\/es\/wp-json\/wp\/v2\/media?parent=156202"}],"curies":[{"name":"wp","href":"https:\/\/api.w.org\/{rel}","templated":true}]}}