{"id":156205,"date":"2022-03-27T16:30:00","date_gmt":"2022-03-27T14:30:00","guid":{"rendered":"https:\/\/plumvillage.org\/community\/extended-stay\/"},"modified":"2022-06-26T19:37:08","modified_gmt":"2022-06-26T17:37:08","slug":"estancia-prolongada","status":"publish","type":"page","link":"https:\/\/dev.plumvillage.org\/es\/estancia-prolongada","title":{"rendered":"Estancia prolongada"},"content":{"rendered":"\n<figure class=\"wp-block-image alignright\"><img loading=\"lazy\" decoding=\"async\" width=\"1000\" height=\"560\" src=\"https:\/\/dev.plumvillage.org\/wp-content\/uploads\/2019\/08\/172c-Plum-Village-attracts-over-10000-people-a-year-to-participate-in-retreats-PHOTO-PVCEB.jpg\" alt=\"\" class=\"wp-image-139376\" srcset=\"https:\/\/dev.plumvillage.org\/wp-content\/uploads\/2019\/08\/172c-Plum-Village-attracts-over-10000-people-a-year-to-participate-in-retreats-PHOTO-PVCEB.jpg 1000w, https:\/\/dev.plumvillage.org\/wp-content\/uploads\/2019\/08\/172c-Plum-Village-attracts-over-10000-people-a-year-to-participate-in-retreats-PHOTO-PVCEB-499x279.jpg 499w, https:\/\/dev.plumvillage.org\/wp-content\/uploads\/2019\/08\/172c-Plum-Village-attracts-over-10000-people-a-year-to-participate-in-retreats-PHOTO-PVCEB-768x430.jpg 768w\" sizes=\"auto, (max-width: 1000px) 100vw, 1000px\" \/><\/figure>\n\n\n\n<p class=\"has-large-font-size\">Plum Village es un monasterio budista, donde tanto los mon\u00e1sticos como los laicos se entrenan en el arte de la vida consciente. Los \u00fanicos residentes permanentes de nuestra comunidad son monjas y monjes, pero ofrecemos retiros de plena consciencia durante todo el a\u00f1o, que van desde una semana hasta tres meses para el Retiro mon\u00e1stico de Lluvias.<\/p>\n\n\n\n<p>Adem\u00e1s de nuestros retiros habituales, a veces hay oportunidades para vivir y practicar con la Sangha a largo plazo. New Hamlet recibe programas de larga estancia de hasta 6 meses, Upper Hamlet y Lower Hamlet ofrecen un programa de un a\u00f1o.<\/p>\n\n\n\n<h4 class=\"wp-block-heading\"><strong>Solicitud<\/strong><\/h4>\n\n\n\n<p>Actualmente, no tenemos un proceso de solicitud en l\u00ednea para estancias prolongadas en nuestra comunidad. En Upper Hamlet y Lower Hamlet, se aceptan solicitudes para estancias prolongadas durante el Retiro de Lluvias, y solo de aquellos que hayan participado en todo el retiro. New Hamlet revisar\u00e1 las solicitudes de estancias prolongadas de cualquier persona que haya reservado un retiro regular de dos semanas y haya pagado el precio total de la reserva inicial.<\/p>\n\n\n\n<p>En cada aldea se te pedir\u00e1 que escribas una carta de aspiraci\u00f3n solicitando extender tu estancia en la comunidad. Una vez aceptado, se te pedir\u00e1 que mantengas una comunicaci\u00f3n clara con la comunidad a trav\u00e9s del contacto con tu mentor o mediante cartas de aspiraci\u00f3n peri\u00f3dicas, compartiendo tu crecimiento en la pr\u00e1ctica, tus dificultades y cualquier desarrollo en tu aspiraci\u00f3n y compromiso con la vida comunitaria.<\/p>\n\n\n\n<h4 class=\"wp-block-heading\"><strong>Contribuci\u00f3n<\/strong><\/h4>\n\n\n\n<p>Upper y Lower Hamlet tienen una tarifa mensual fija para el programa de un a\u00f1o. En New Hamlet puedes solicitar un descuento en tu alojamiento despu\u00e9s de ser aceptado como una practicante de larga estancia. La cantidad con la que se te pedir\u00e1 que contribuyas depender\u00e1 del tipo de habitaci\u00f3n en la que te alojes. En primavera, verano y oto\u00f1o, es posible acampar y este es el momento m\u00e1s econ\u00f3mico para venir. Ten en cuenta que durante el verano el \u00fanico alojamiento disponible para estancias de larga duraci\u00f3n puede ser el camping.<\/p>\n\n\n\n<p>Pedimos que los participantes del retiro de larga estancia asistan al horario de la comunidad y siempre vayan en la direcci\u00f3n de desarrollar armon\u00eda y conexi\u00f3n con la comunidad. Siempre que se cumplan estos requisitos b\u00e1sicos, se conceder\u00e1 tu solicitud de estancia de larga duraci\u00f3n. En New Hamlet, tu estancia puede extenderse por dos semanas o un mes a la vez.<\/p>\n\n\n\n<p>Si solicitas una reducci\u00f3n en la cuant\u00eda de la contribuci\u00f3n, inf\u00f3rmanos de los motivos y cu\u00e1nto puedes contribuir cada mes. Las solicitudes se revisan de forma individual y la cuant\u00eda de la reducci\u00f3n solicitada se considerar\u00e1 en consecuencia. Ten en cuenta que las reducciones no est\u00e1n garantizadas y, si se ofrecen, es posible que la cuant\u00eda de la reducci\u00f3n no satisfaga tus necesidades financieras.<\/p>\n\n\n\n<p>Si encuentras dificultades durante tu estancia, solo necesitas solicitar amablemente la ayuda de las hermanas o hermanos para aprender m\u00e1s sobre c\u00f3mo adaptarte a la vida en nuestra comunidad, que puede diferir de tu experiencia o expectativas pasadas. Estar\u00e1s interactuando todos los d\u00edas con personas de muchas culturas y pa\u00edses. S\u00f3lo a trav\u00e9s de tu propia experiencia puedes saber realmente c\u00f3mo es la vida en comunidad. Los hermanos, hermanas y amigos laicos de Plum Village est\u00e1n aqu\u00ed para ayudarte a aprender el arte de vivir con atenci\u00f3n plena y apreciar las muchas maravillas de la vida que est\u00e1n disponibles en nosotros y a nuestro alrededor en el momento presente.<\/p>\n\n\n\n<h4 class=\"wp-block-heading\"><strong>Trabajar como voluntario<\/strong><\/h4>\n\n\n\n<p>Durante nuestros retiros, ya sea que est\u00e9s aqu\u00ed por una semana o m\u00e1s, habr\u00e1 oportunidades para apoyar a la comunidad con meditaci\u00f3n de servicio opcional. No ofrecemos comida y alojamiento gratis a cambio de trabajo. Ofrecemos un Retiro de Servicio para aquellos que deseen ser voluntarios para el Retiro de Apertura de Verano por una peque\u00f1a fracci\u00f3n del coste de un retiro normal.<\/p>\n\n\n\n<p>Esperamos que esta informaci\u00f3n te sea \u00fatil para planificar tu estancia en Plum Village, \u00a1y esperamos darte la bienvenida aqu\u00ed!<\/p>\n","protected":false},"excerpt":{"rendered":"<p>Plum Village es un monasterio budista, donde tanto los mon\u00e1sticos como los laicos se entrenan en el arte de la vida consciente. Los \u00fanicos residentes permanentes de nuestra comunidad son monjas y monjes, pero ofrecemos retiros de plena consciencia durante todo el a\u00f1o, que van desde una semana hasta tres meses para el Retiro mon\u00e1stico<\/p>\n","protected":false},"author":1088,"featured_media":0,"parent":0,"menu_order":0,"comment_status":"closed","ping_status":"closed","template":"","meta":{"_acf_changed":false,"sync_status":"","episode_type":"","audio_file":"","castos_file_data":"","podmotor_file_id":"","cover_image":"","cover_image_id":"","duration":"","filesize":"","filesize_raw":"","date_recorded":"","explicit":"","block":"","itunes_episode_number":"","itunes_title":"","itunes_season_number":"","itunes_episode_type":"","ep_exclude_from_search":false,"footnotes":""},"class_list":["post-156205","page","type-page","status-publish","hentry"],"acf":[],"_links":{"self":[{"href":"https:\/\/dev.plumvillage.org\/es\/wp-json\/wp\/v2\/pages\/156205","targetHints":{"allow":["GET"]}}],"collection":[{"href":"https:\/\/dev.plumvillage.org\/es\/wp-json\/wp\/v2\/pages"}],"about":[{"href":"https:\/\/dev.plumvillage.org\/es\/wp-json\/wp\/v2\/types\/page"}],"author":[{"embeddable":true,"href":"https:\/\/dev.plumvillage.org\/es\/wp-json\/wp\/v2\/users\/1088"}],"replies":[{"embeddable":true,"href":"https:\/\/dev.plumvillage.org\/es\/wp-json\/wp\/v2\/comments?post=156205"}],"version-history":[{"count":0,"href":"https:\/\/dev.plumvillage.org\/es\/wp-json\/wp\/v2\/pages\/156205\/revisions"}],"wp:attachment":[{"href":"https:\/\/dev.plumvillage.org\/es\/wp-json\/wp\/v2\/media?parent=156205"}],"curies":[{"name":"wp","href":"https:\/\/api.w.org\/{rel}","templated":true}]}}