{"id":235754,"date":"2021-10-17T17:02:27","date_gmt":"2021-10-17T15:02:27","guid":{"rendered":"https:\/\/plumvillage.org\/?page_id=235754"},"modified":"2022-01-23T10:42:32","modified_gmt":"2022-01-23T09:42:32","slug":"inicio","status":"publish","type":"page","link":"https:\/\/dev.plumvillage.org\/es","title":{"rendered":"Inicio"},"content":{"rendered":"\n<div class=\"wp-block-group alignfull home-landing-top is-layout-flow wp-block-group-is-layout-flow\">\n<div class=\"wp-block-columns is-layout-flex wp-container-core-columns-is-layout-9d6595d7 wp-block-columns-is-layout-flex\">\n<div class=\"wp-block-column is-layout-flow wp-block-column-is-layout-flow\" style=\"flex-basis:50%\">\n<h3 class=\"wp-block-heading\">Con una respiraci\u00f3n profunda y consciente, anunciamos que nuestro amado maestro Zen Master <a href=\"https:\/\/dev.plumvillage.org\/es\/thich-nhat-hanh\/\" data-type=\"page\" data-id=\"150559\">Thich Nhat Hanh<\/a> falleci\u00f3 pac\u00edficamente el 22 de enero de 2022. \u00danase a nosotros en l\u00ednea para conmemorar su vida y legado con una semana de <a href=\"https:\/\/dev.plumvillage.org\/es\/ceremonias-funebres\/\" data-type=\"page\" data-id=\"247762\">pr\u00e1ctica y ceremonias<\/a>.<\/h3>\n\n\n\n<p><\/p>\n\n\n\n<p><\/p>\n<\/div>\n\n\n\n<div class=\"wp-block-column is-layout-flow wp-block-column-is-layout-flow\" style=\"flex-basis:50%\">    <div class=\"block-slider slider portrait align\">\n                \t            <div class=\"slider-image\">\n                <picture>\n                                            <source srcset=\"https:\/\/dev.plumvillage.org\/wp-content\/uploads\/2022\/01\/Altar-Photo-Thay-Transmitting-Lamp-685x1024-1.jpg\" media=\"(min-height: 1536px)\">\n                                                                <source srcset=\"https:\/\/dev.plumvillage.org\/wp-content\/uploads\/2022\/01\/Altar-Photo-Thay-Transmitting-Lamp-685x1024-1.jpg\" media=\"(min-height: 1024px)\">\n                                                                <source srcset=\"https:\/\/dev.plumvillage.org\/wp-content\/uploads\/2022\/01\/Altar-Photo-Thay-Transmitting-Lamp-685x1024-1.jpg\" media=\"(min-height: 675px)\">\n                                                                <source srcset=\"https:\/\/dev.plumvillage.org\/wp-content\/uploads\/2022\/01\/Altar-Photo-Thay-Transmitting-Lamp-685x1024-1.jpg\" media=\"(min-height: 438px)\">\n                                                                <source srcset=\"https:\/\/dev.plumvillage.org\/wp-content\/uploads\/2022\/01\/Altar-Photo-Thay-Transmitting-Lamp-685x1024-1-499x746.jpg\" media=\"(min-height: 300px)\">\n                                                                <source srcset=\"https:\/\/dev.plumvillage.org\/wp-content\/uploads\/2022\/01\/Altar-Photo-Thay-Transmitting-Lamp-685x1024-1-300x300.jpg\" media=\"(max-height: 300px)\">\n                                        <img decoding=\"async\" src=\"https:\/\/dev.plumvillage.org\/wp-content\/uploads\/2022\/01\/Altar-Photo-Thay-Transmitting-Lamp-685x1024-1.jpg\" alt=\"\">\n                <\/picture>\n                            <\/div>\n        \t                \t            <div class=\"slider-image\">\n                <picture>\n                                            <source srcset=\"https:\/\/dev.plumvillage.org\/wp-content\/uploads\/2022\/01\/Homepage-v3-n2-1024x909-1.jpg\" media=\"(min-height: 1536px)\">\n                                                                <source srcset=\"https:\/\/dev.plumvillage.org\/wp-content\/uploads\/2022\/01\/Homepage-v3-n2-1024x909-1.jpg\" media=\"(min-height: 1024px)\">\n                                                                <source srcset=\"https:\/\/dev.plumvillage.org\/wp-content\/uploads\/2022\/01\/Homepage-v3-n2-1024x909-1.jpg\" media=\"(min-height: 675px)\">\n                                                                <source srcset=\"https:\/\/dev.plumvillage.org\/wp-content\/uploads\/2022\/01\/Homepage-v3-n2-1024x909-1-768x682.jpg\" media=\"(min-height: 438px)\">\n                                                                <source srcset=\"https:\/\/dev.plumvillage.org\/wp-content\/uploads\/2022\/01\/Homepage-v3-n2-1024x909-1-499x443.jpg\" media=\"(min-height: 300px)\">\n                                                                <source srcset=\"https:\/\/dev.plumvillage.org\/wp-content\/uploads\/2022\/01\/Homepage-v3-n2-1024x909-1-300x300.jpg\" media=\"(max-height: 300px)\">\n                                        <img decoding=\"async\" src=\"https:\/\/dev.plumvillage.org\/wp-content\/uploads\/2022\/01\/Homepage-v3-n2-1024x909-1.jpg\" alt=\"\">\n                <\/picture>\n                            <\/div>\n        \t                \t            <div class=\"slider-image\">\n                <picture>\n                                            <source srcset=\"https:\/\/dev.plumvillage.org\/wp-content\/uploads\/2022\/01\/thayflower.jpg\" media=\"(min-height: 1536px)\">\n                                                                <source srcset=\"https:\/\/dev.plumvillage.org\/wp-content\/uploads\/2022\/01\/thayflower.jpg\" media=\"(min-height: 1024px)\">\n                                                                <source srcset=\"https:\/\/dev.plumvillage.org\/wp-content\/uploads\/2022\/01\/thayflower.jpg\" media=\"(min-height: 675px)\">\n                                                                <source srcset=\"https:\/\/dev.plumvillage.org\/wp-content\/uploads\/2022\/01\/thayflower.jpg\" media=\"(min-height: 438px)\">\n                                                                <source srcset=\"https:\/\/dev.plumvillage.org\/wp-content\/uploads\/2022\/01\/thayflower-499x725.jpg\" media=\"(min-height: 300px)\">\n                                                                <source srcset=\"https:\/\/dev.plumvillage.org\/wp-content\/uploads\/2022\/01\/thayflower-300x300.jpg\" media=\"(max-height: 300px)\">\n                                        <img decoding=\"async\" src=\"https:\/\/dev.plumvillage.org\/wp-content\/uploads\/2022\/01\/thayflower.jpg\" alt=\"\">\n                <\/picture>\n                            <\/div>\n        \t                \t            <div class=\"slider-image\">\n                <picture>\n                                            <source srcset=\"https:\/\/dev.plumvillage.org\/wp-content\/uploads\/2022\/01\/DSC6126-2-688x1024-1.jpg\" media=\"(min-height: 1536px)\">\n                                                                <source srcset=\"https:\/\/dev.plumvillage.org\/wp-content\/uploads\/2022\/01\/DSC6126-2-688x1024-1.jpg\" media=\"(min-height: 1024px)\">\n                                                                <source srcset=\"https:\/\/dev.plumvillage.org\/wp-content\/uploads\/2022\/01\/DSC6126-2-688x1024-1.jpg\" media=\"(min-height: 675px)\">\n                                                                <source srcset=\"https:\/\/dev.plumvillage.org\/wp-content\/uploads\/2022\/01\/DSC6126-2-688x1024-1.jpg\" media=\"(min-height: 438px)\">\n                                                                <source srcset=\"https:\/\/dev.plumvillage.org\/wp-content\/uploads\/2022\/01\/DSC6126-2-688x1024-1-499x743.jpg\" media=\"(min-height: 300px)\">\n                                                                <source srcset=\"https:\/\/dev.plumvillage.org\/wp-content\/uploads\/2022\/01\/DSC6126-2-688x1024-1-300x300.jpg\" media=\"(max-height: 300px)\">\n                                        <img decoding=\"async\" src=\"https:\/\/dev.plumvillage.org\/wp-content\/uploads\/2022\/01\/DSC6126-2-688x1024-1.jpg\" alt=\"\">\n                <\/picture>\n                            <\/div>\n        \t                \t            <div class=\"slider-image\">\n                <picture>\n                                            <source srcset=\"https:\/\/dev.plumvillage.org\/wp-content\/uploads\/2022\/01\/Thay-07-690x1024-1.jpg\" media=\"(min-height: 1536px)\">\n                                                                <source srcset=\"https:\/\/dev.plumvillage.org\/wp-content\/uploads\/2022\/01\/Thay-07-690x1024-1.jpg\" media=\"(min-height: 1024px)\">\n                                                                <source srcset=\"https:\/\/dev.plumvillage.org\/wp-content\/uploads\/2022\/01\/Thay-07-690x1024-1.jpg\" media=\"(min-height: 675px)\">\n                                                                <source srcset=\"https:\/\/dev.plumvillage.org\/wp-content\/uploads\/2022\/01\/Thay-07-690x1024-1.jpg\" media=\"(min-height: 438px)\">\n                                                                <source srcset=\"https:\/\/dev.plumvillage.org\/wp-content\/uploads\/2022\/01\/Thay-07-690x1024-1-499x741.jpg\" media=\"(min-height: 300px)\">\n                                                                <source srcset=\"https:\/\/dev.plumvillage.org\/wp-content\/uploads\/2022\/01\/Thay-07-690x1024-1-300x300.jpg\" media=\"(max-height: 300px)\">\n                                        <img decoding=\"async\" src=\"https:\/\/dev.plumvillage.org\/wp-content\/uploads\/2022\/01\/Thay-07-690x1024-1.jpg\" alt=\"\">\n                <\/picture>\n                            <\/div>\n        \t                \t            <div class=\"slider-image\">\n                <picture>\n                                            <source srcset=\"https:\/\/dev.plumvillage.org\/wp-content\/uploads\/2022\/01\/Home-page-7.jpg\" media=\"(min-height: 1536px)\">\n                                                                <source srcset=\"https:\/\/dev.plumvillage.org\/wp-content\/uploads\/2022\/01\/Home-page-7.jpg\" media=\"(min-height: 1024px)\">\n                                                                <source srcset=\"https:\/\/dev.plumvillage.org\/wp-content\/uploads\/2022\/01\/Home-page-7.jpg\" media=\"(min-height: 675px)\">\n                                                                <source srcset=\"https:\/\/dev.plumvillage.org\/wp-content\/uploads\/2022\/01\/Home-page-7.jpg\" media=\"(min-height: 438px)\">\n                                                                <source srcset=\"https:\/\/dev.plumvillage.org\/wp-content\/uploads\/2022\/01\/Home-page-7-499x748.jpg\" media=\"(min-height: 300px)\">\n                                                                <source srcset=\"https:\/\/dev.plumvillage.org\/wp-content\/uploads\/2022\/01\/Home-page-7-300x300.jpg\" media=\"(max-height: 300px)\">\n                                        <img decoding=\"async\" src=\"https:\/\/dev.plumvillage.org\/wp-content\/uploads\/2022\/01\/Home-page-7.jpg\" alt=\"\">\n                <\/picture>\n                            <\/div>\n        \t                \t            <div class=\"slider-image\">\n                <picture>\n                                            <source srcset=\"https:\/\/dev.plumvillage.org\/wp-content\/uploads\/2022\/01\/Home-Page-1-v2-1024x1022-1.jpg\" media=\"(min-height: 1536px)\">\n                                                                <source srcset=\"https:\/\/dev.plumvillage.org\/wp-content\/uploads\/2022\/01\/Home-Page-1-v2-1024x1022-1.jpg\" media=\"(min-height: 1024px)\">\n                                                                <source srcset=\"https:\/\/dev.plumvillage.org\/wp-content\/uploads\/2022\/01\/Home-Page-1-v2-1024x1022-1.jpg\" media=\"(min-height: 675px)\">\n                                                                <source srcset=\"https:\/\/dev.plumvillage.org\/wp-content\/uploads\/2022\/01\/Home-Page-1-v2-1024x1022-1-768x767.jpg\" media=\"(min-height: 438px)\">\n                                                                <source srcset=\"https:\/\/dev.plumvillage.org\/wp-content\/uploads\/2022\/01\/Home-Page-1-v2-1024x1022-1-499x498.jpg\" media=\"(min-height: 300px)\">\n                                                                <source srcset=\"https:\/\/dev.plumvillage.org\/wp-content\/uploads\/2022\/01\/Home-Page-1-v2-1024x1022-1-300x300.jpg\" media=\"(max-height: 300px)\">\n                                        <img decoding=\"async\" src=\"https:\/\/dev.plumvillage.org\/wp-content\/uploads\/2022\/01\/Home-Page-1-v2-1024x1022-1.jpg\" alt=\"\">\n                <\/picture>\n                            <\/div>\n        \t            <\/div>\n<\/div>\n<\/div>\n<\/div>\n\n\n<div class=\"text-separator align\">\n\t<div class=\"text-separator-inside\">\n\t\t<p>\u00bfQu\u00e9\u00a0<a href=\"https:\/\/plumvillage.org\/es\/mindfulness-practice\/\">practicamos<\/a>? \u00bfY qui\u00e9n es\u00a0<a href=\"https:\/\/plumvillage.org\/es\/thich-nhat-hanh\/\">Thich Nhat Hanh<\/a>?<\/p>\n\t<\/div>\n<\/div>\n\n\n\n<h4 class=\"has-text-align-center wp-block-heading\">Qu\u00e9 est\u00e1 pasando<\/h4>\n\n\n\n<h2 class=\"has-text-align-center wp-block-heading\">Compartir desde el coraz\u00f3n<\/h2>\n\n\n\n<div class=\"wp-block-columns columns-order-2-1-3 is-layout-flex wp-container-core-columns-is-layout-9d6595d7 wp-block-columns-is-layout-flex\">\n<div class=\"wp-block-column is-layout-flow wp-block-column-is-layout-flow\" style=\"flex-basis:25%\">\n\t\t\t\t\t\t\t\t<div class=\"post-list is-style-horizontal-list\">\t\t\t\t\t\t\t\t\n<article id=\"post-156150\" class=\"index-post index-item index-horizontal post-156150 page type-page status-publish has-post-thumbnail hentry\">\n\t\t\t<a class=\"entry-image\" href=\"https:\/\/dev.plumvillage.org\/es\/thich-nhat-hanh\/thich-nhat-hanhs-health\">\n\t\t\t<img loading=\"lazy\" decoding=\"async\" width=\"210\" height=\"290\" src=\"https:\/\/dev.plumvillage.org\/wp-content\/uploads\/2006\/10\/2006-Paris-Peace-Walk-scaled.jpg\" class=\"attachment-landscape size-landscape\" alt=\"\" \/>\t\t<\/a>\n\t\t<header class=\"index-header\">\n\t\t\t\t\t<h2>\t\t\t\n\t\t\t<a href=\"https:\/\/dev.plumvillage.org\/es\/thich-nhat-hanh\/thich-nhat-hanhs-health\">\n\t\t\t\t\t\t\t\t<span class=\"index-title\">Thich Nhat Hanh: live blog<\/span>\n\t\t\t<\/a>\n\t\t<\/h2>\n\t<\/header><!-- .entry-header -->\n\n\t\t\n\t\t\t\t\n<\/article><!-- #post-156150 -->\n\t\t\t<\/div>\t  \t\n\n\n\n\t\t  \t\n<\/div>\n\n\n\n<div class=\"wp-block-column is-layout-flow wp-block-column-is-layout-flow\" style=\"flex-basis:50%\">\n\t\t  \t\n<\/div>\n\n\n\n<div class=\"wp-block-column is-layout-flow wp-block-column-is-layout-flow\" style=\"flex-basis:25%\">\n\t\t\t\t\t\t\t\t<div class=\"post-list is-style-horizontal-list\">\t\t\t\t\t\t\t\t\n<article id=\"post-247762\" class=\"index-post index-item index-horizontal post-247762 page type-page status-publish has-post-thumbnail hentry\">\n\t\t\t<a class=\"entry-image\" href=\"https:\/\/dev.plumvillage.org\/es\/thich-nhat-hanh\/ceremonias-funebres\">\n\t\t\t<img loading=\"lazy\" decoding=\"async\" width=\"480\" height=\"290\" src=\"https:\/\/dev.plumvillage.org\/wp-content\/uploads\/2022\/01\/IMG_0753-480x290.jpg\" class=\"attachment-landscape size-landscape\" alt=\"\" srcset=\"https:\/\/dev.plumvillage.org\/wp-content\/uploads\/2022\/01\/IMG_0753-480x290.jpg 480w, https:\/\/dev.plumvillage.org\/wp-content\/uploads\/2022\/01\/IMG_0753-720x435.jpg 720w\" sizes=\"auto, (max-width: 480px) 100vw, 480px\" \/>\t\t<\/a>\n\t\t<header class=\"index-header\">\n\t\t\t\t\t<h2>\t\t\t\n\t\t\t<a href=\"https:\/\/dev.plumvillage.org\/es\/thich-nhat-hanh\/ceremonias-funebres\">\n\t\t\t\t\t\t\t\t<span class=\"index-title\">Ceremonias F\u00fanebres para Thich Nhat Hanh<\/span>\n\t\t\t<\/a>\n\t\t<\/h2>\n\t<\/header><!-- .entry-header -->\n\n\t\t\t<div class=\"index-content\">\n\t\t\t<p>Siga las transmisiones en vivo de las ceremonias del Templo T\u1eeb Hi\u1ebfu en Hu\u1ebf, el templo ra\u00edz de nuestro maestro en Vietnam; y de Plum Village Mindfulness Practice Center, su hogar en el suroeste de Francia. En este momento sagrado, te invitamos a unirte a nosotros para generar una&#8230;<\/p>\n\t\t<\/div><!-- .entry-content -->\n\t\t\n\t\t\t\t\n<\/article><!-- #post-247762 -->\n\t\t\t<\/div>\t  \t\n\n\n\n\t\t\t\t\t\t\t\t<div class=\"post-list is-style-horizontal-list\">\t\t\t\t\t\t\t\t\n<article id=\"post-250865\" class=\"index-post index-item index-horizontal post-250865 page type-page status-publish has-post-thumbnail hentry\">\n\t\t\t<a class=\"entry-image\" href=\"https:\/\/dev.plumvillage.org\/es\/thich-nhat-hanh\/ceremonias-funebres\/practicas-para-el-funeral-de-thay\">\n\t\t\t<img loading=\"lazy\" decoding=\"async\" width=\"480\" height=\"290\" src=\"https:\/\/dev.plumvillage.org\/wp-content\/uploads\/2022\/01\/ChapTay-1-480x290.jpg\" class=\"attachment-landscape size-landscape\" alt=\"\" srcset=\"https:\/\/dev.plumvillage.org\/wp-content\/uploads\/2022\/01\/ChapTay-1-480x290.jpg 480w, https:\/\/dev.plumvillage.org\/wp-content\/uploads\/2022\/01\/ChapTay-1-720x435.jpg 720w\" sizes=\"auto, (max-width: 480px) 100vw, 480px\" \/>\t\t<\/a>\n\t\t<header class=\"index-header\">\n\t\t\t\t\t<h2>\t\t\t\n\t\t\t<a href=\"https:\/\/dev.plumvillage.org\/es\/thich-nhat-hanh\/ceremonias-funebres\/practicas-para-el-funeral-de-thay\">\n\t\t\t\t\t\t\t\t<span class=\"index-title\">Pr\u00e1cticas para el Funeral de Thay<\/span>\n\t\t\t<\/a>\n\t\t<\/h2>\n\t<\/header><!-- .entry-header -->\n\n\t\t\n\t\t\t\t\n<\/article><!-- #post-250865 -->\n\t\t\t<\/div>\t  \t\n<\/div>\n<\/div>\n\n\n<div class=\"text-separator align\">\n\t<div class=\"text-separator-inside\">\n\t\t<p>See <a href=\"https:\/\/plumvillage.org\/articles\/\">all the articles<\/a> from Plum Village. Or <a href=\"https:\/\/plumvillage.org\/subscribe\/\">sign up for our newsletter<\/a> and receive them in your inbox.<\/p>\n\t<\/div>\n<\/div>\n\n\n\n<h4 class=\"wp-block-heading\">Practica con nosotros<\/h4>\n\n\n\n<h2 class=\"has-text-align-left wp-block-heading\">Pr\u00f3ximos retiros<\/h2>\n\n\n\n<p class=\"mw-670\">Organizamos retiros durante todo el a\u00f1o y acogemos a todo el que quiera venir a detenerse y sanar gracias al arte de la vida consciente. Tambi\u00e9n puedes vivir la experiencia de un retiro en nuestros centros mon\u00e1sticos de todo el mundo. <\/p>\n\n\n\n<div class=\"block block-retreats-list align\">\n\n\t\t\t\t\t\t<p>No upcoming retreats.<\/p>\n\t\t\t<\/div>\n\n<div class=\"text-separator align\">\n\t<div class=\"text-separator-inside\">\n\t\t<p><a class=\"advanced-url has-arrow\" href=\"\/es\/retreats\/when-can-you-visit-us\/\" target=\"\" data-link-type=\"website\" data-link-description=\"\">Consulta todos los retiros<\/a><\/p>\n\t<\/div>\n<\/div>\n\n\n\n\n\n\n\n\t<h4 class=\"mb-1\">Dharma Talks <small><a href=\"https:\/\/plumvillage.org\/library\/dharma-talks\/\">View All<\/a><\/small><\/h4>\n\t<hr class=\"mt-0\">\n\n\n\n\n\t<h4 class=\"mb-1\">Library <\/small><\/h4>\n\t<hr class=\"mt-0\">\n\n\n\n<div class=\"text-separator align\">\n\t<div class=\"text-separator-inside\">\n\t\t<p>Discover more Dharma Talks in our <a href=\"https:\/\/plumvillage.org\/library\/\">Library<\/a> or our <a href=\"https:\/\/plumvillage.org\/audio-podcasts\/\">Listen podcast<\/a>.<\/p>\n\t<\/div>\n<\/div>\n\n\n\n<p><\/p>\n","protected":false},"excerpt":{"rendered":"<p>Con una respiraci\u00f3n profunda y consciente, anunciamos que nuestro amado maestro Zen Master Thich Nhat Hanh falleci\u00f3 pac\u00edficamente el 22 de enero de 2022. \u00danase a nosotros en l\u00ednea para conmemorar su vida y legado con una semana de pr\u00e1ctica y ceremonias. Qu\u00e9 est\u00e1 pasando Compartir desde el coraz\u00f3n Practica con nosotros Pr\u00f3ximos retiros Organizamos<\/p>\n","protected":false},"author":1088,"featured_media":0,"parent":0,"menu_order":0,"comment_status":"closed","ping_status":"closed","template":"page_full-width.php","meta":{"_acf_changed":false,"sync_status":"","episode_type":"","audio_file":"","castos_file_data":"","podmotor_file_id":"","cover_image":"","cover_image_id":"","duration":"","filesize":"","filesize_raw":"","date_recorded":"","explicit":"","block":"","itunes_episode_number":"","itunes_title":"","itunes_season_number":"","itunes_episode_type":"","ep_exclude_from_search":false,"footnotes":""},"class_list":["post-235754","page","type-page","status-publish","hentry"],"acf":[],"_links":{"self":[{"href":"https:\/\/dev.plumvillage.org\/es\/wp-json\/wp\/v2\/pages\/235754","targetHints":{"allow":["GET"]}}],"collection":[{"href":"https:\/\/dev.plumvillage.org\/es\/wp-json\/wp\/v2\/pages"}],"about":[{"href":"https:\/\/dev.plumvillage.org\/es\/wp-json\/wp\/v2\/types\/page"}],"author":[{"embeddable":true,"href":"https:\/\/dev.plumvillage.org\/es\/wp-json\/wp\/v2\/users\/1088"}],"replies":[{"embeddable":true,"href":"https:\/\/dev.plumvillage.org\/es\/wp-json\/wp\/v2\/comments?post=235754"}],"version-history":[{"count":0,"href":"https:\/\/dev.plumvillage.org\/es\/wp-json\/wp\/v2\/pages\/235754\/revisions"}],"wp:attachment":[{"href":"https:\/\/dev.plumvillage.org\/es\/wp-json\/wp\/v2\/media?parent=235754"}],"curies":[{"name":"wp","href":"https:\/\/api.w.org\/{rel}","templated":true}]}}