{"id":250889,"date":"2022-01-23T11:01:40","date_gmt":"2022-01-23T10:01:40","guid":{"rendered":"https:\/\/plumvillage.org\/?page_id=250889"},"modified":"2022-01-25T18:09:28","modified_gmt":"2022-01-25T17:09:28","slug":"gratitude-for-thich-nhat-hanh","status":"publish","type":"page","link":"https:\/\/dev.plumvillage.org\/es\/thich-nhat-hanh\/ceremonias-funebres\/gratitude-for-thich-nhat-hanh","title":{"rendered":"Expresa tu gratitud a Thich Nhat Hanh"},"content":{"rendered":"\n<p><meta charset=\"utf-8\">Compartenos tus recuerdos de escuchar las ense\u00f1anzas de Thay, asistir a sus retiros o simplemente c\u00f3mo sus ense\u00f1anzas y escritos han impactado tu vida.<\/p>\n\n\n\n<p><meta charset=\"utf-8\">Te inspir\u00f3 a la acci\u00f3n en el trabajo por la paz, la justicia social, la ecolog\u00eda, la educaci\u00f3n, la construcci\u00f3n de comunidades u otros tipos de servicio comprometido? \u00bfC\u00f3mo aspiras a continuar su mensaje en tu propia vida?<\/p>\n\n\n\n<p><meta charset=\"utf-8\">Plum Village y la Fundaci\u00f3n Thich Nhat Hanh tambi\u00e9n est\u00e1n recopilando un archivo. Si deseas compartir una foto de Thay, o una fotograf\u00eda de alta resoluci\u00f3n de una de sus caligraf\u00edas, o un testimonio m\u00e1s privado, env\u00edalo a: ThankyouTNH@plumvillage.org<\/p>\n\n\n<div class=\"quotes-collection alignfull is-style-slider\">\n  <div class=\"quotes-collection-quotes\">\n    \n\n<figure class=\"wp-block-pullquote\"><blockquote><p>It is not an exaggeration to say Thich Nhat Hanh\u2019s writings saved my life and continue to beautify it.<\/p><cite>Victoria Schafer<\/cite><\/blockquote><\/figure>\n\n\n\n<figure class=\"wp-block-pullquote\"><blockquote><p>I cannot begin to tell you how much your teachings have helped me and how much you mean to me. You&nbsp;gave me the tools to transform difficult emotions by shining the light of mindfulness on them. You showed me how to find peace with my father<\/p><cite>Terra<\/cite><\/blockquote><\/figure>\n\n\n\n<figure class=\"wp-block-pullquote\"><blockquote><p>I worked in a prison and used Thay\u2019s teachings to help and guide the men in my unit. The simplicity of it all makes it easy to demonstrate and teach. Thank you.<\/p><cite>Tammy<\/cite><\/blockquote><\/figure>\n\n\n\n<figure class=\"wp-block-pullquote\"><blockquote><p>I drove almost 1000 miles to see you and I am holding to my heart those few moments that I met you. You are a great teacher and a beautiful soul.&nbsp;<\/p><cite>Linda<\/cite><\/blockquote><\/figure>\n\n\n  <\/div>\n  <a class=\"show-slider-quotes show-more-simple\" href=\"#\"><span class=\"icon icon-caret-right\"><\/span>Show more quotes<\/a>\n<\/div>\n\n\n<p><\/p>\n","protected":false},"excerpt":{"rendered":"<p>Compartenos tus recuerdos de escuchar las ense\u00f1anzas de Thay, asistir a sus retiros o simplemente c\u00f3mo sus ense\u00f1anzas y escritos han impactado tu vida. Te inspir\u00f3 a la acci\u00f3n en el trabajo por la paz, la justicia social, la ecolog\u00eda, la educaci\u00f3n, la construcci\u00f3n de comunidades u otros tipos de servicio comprometido? \u00bfC\u00f3mo aspiras a<\/p>\n","protected":false},"author":1157,"featured_media":250561,"parent":247762,"menu_order":0,"comment_status":"open","ping_status":"closed","template":"","meta":{"_acf_changed":false,"sync_status":"","episode_type":"","audio_file":"","castos_file_data":"","podmotor_file_id":"","cover_image":"","cover_image_id":"","duration":"","filesize":"","filesize_raw":"","date_recorded":"","explicit":"","block":"","itunes_episode_number":"","itunes_title":"","itunes_season_number":"","itunes_episode_type":"","ep_exclude_from_search":false,"footnotes":""},"class_list":["post-250889","page","type-page","status-publish","has-post-thumbnail","hentry"],"acf":[],"_links":{"self":[{"href":"https:\/\/dev.plumvillage.org\/es\/wp-json\/wp\/v2\/pages\/250889","targetHints":{"allow":["GET"]}}],"collection":[{"href":"https:\/\/dev.plumvillage.org\/es\/wp-json\/wp\/v2\/pages"}],"about":[{"href":"https:\/\/dev.plumvillage.org\/es\/wp-json\/wp\/v2\/types\/page"}],"author":[{"embeddable":true,"href":"https:\/\/dev.plumvillage.org\/es\/wp-json\/wp\/v2\/users\/1157"}],"replies":[{"embeddable":true,"href":"https:\/\/dev.plumvillage.org\/es\/wp-json\/wp\/v2\/comments?post=250889"}],"version-history":[{"count":0,"href":"https:\/\/dev.plumvillage.org\/es\/wp-json\/wp\/v2\/pages\/250889\/revisions"}],"up":[{"embeddable":true,"href":"https:\/\/dev.plumvillage.org\/es\/wp-json\/wp\/v2\/pages\/247762"}],"wp:featuredmedia":[{"embeddable":true,"href":"https:\/\/dev.plumvillage.org\/es\/wp-json\/wp\/v2\/media\/250561"}],"wp:attachment":[{"href":"https:\/\/dev.plumvillage.org\/es\/wp-json\/wp\/v2\/media?parent=250889"}],"curies":[{"name":"wp","href":"https:\/\/api.w.org\/{rel}","templated":true}]}}