{"id":279612,"date":"2022-04-02T15:00:00","date_gmt":"2022-04-02T13:00:00","guid":{"rendered":"https:\/\/plumvillage.org\/?page_id=279612"},"modified":"2022-04-02T10:19:49","modified_gmt":"2022-04-02T08:19:49","slug":"a-cloud-never-dies","status":"publish","type":"page","link":"https:\/\/dev.plumvillage.org\/es\/a-cloud-never-dies","title":{"rendered":"Una Nube Nunca Muere"},"content":{"rendered":"\n<p class=\"has-large-font-size\">En respuesta a la creciente crisis humanitaria en Ucrania, la comunidad internacional Plum Village ha estrenado <em>Una Nube Nunca Muere<\/em>, un documental sobre el difunto maestro zen <a rel=\"noreferrer noopener\" href=\"https:\/\/dev.plumvillage.org\/es\/thich-nhat-hanh\/\" data-type=\"URL\" data-id=\"https:\/\/dev.plumvillage.org\/es\/thich-nhat-hanh\/\" target=\"_blank\">Thich Nhat Hanh<\/a> (Thay), y ha publicado <a rel=\"noreferrer noopener\" href=\"https:\/\/dev.plumvillage.org\/es\/?p=279516\" data-type=\"URL\" data-id=\"https:\/\/dev.plumvillage.org\/es\/?p=279516\" target=\"_blank\">una carta abierta<\/a> en la que insta a Rusia a cesar las acciones militares y a elegir el camino de la paz.<\/p>\n\n\n\n<div class=\"jump-to alignwide\" id=\"watch\">\n\t<hr>\n\t<span class=\"jump-to-text\"><span class=\"label\">Ir a <span class=\"icon icon-arrow-tiny\"><\/span><\/span>\n\t<a class=\"active\" href=\"#watch\">Watch<\/a>, <a  href=\"#llamanmiento-a-la-paz\">Llamanmiento a la Paz<\/a>, <a  href=\"#verlos-juntos\">Verlos juntos<\/a>, <a  href=\"#defensor-de-la-paz\">Defensor de la paz<\/a>, <a  href=\"#sobre\">Sobre<\/a>, <a  href=\"#tu-historia\">Tu historia<\/a><\/span>\n<\/div>\n\n\n<h2 class=\"wp-block-heading\">Ver el Documental<\/h2>\n\n\n\n<p>A lo largo de su vida, el maestro zen Thich Nhat Hanh (Thay) fue un incansable defensor de la paz y de los derechos humanos. Algunas de sus ense\u00f1anzas, visiones y pr\u00e1cticas m\u00e1s profundas se fraguaron en las guerras de Vietnam.<\/p>\n\n\n\n<figure class=\"wp-block-pullquote\"><blockquote><p>No hay un camino hacia la paz: la paz es el camino.<\/p><cite>Thich Nhat Hanh<\/cite><\/blockquote><\/figure>\n\n\n<figure class=\"video-embed alignfull\"\">\n\n    <script>var $DRObW9noiVk981 = '<iframe loading=\"lazy\" id=\"hyperyoutubeplayer\" data-player-type=\"youtube\" title=\"&quot;A Cloud Never Dies&quot; biographical documentary of Zen Master Thich Nhat Hanh narrated by Peter Coyote\" width=\"640\" height=\"360\" src=\"https:\/\/www.youtube.com\/embed\/DRObW9noiVk?feature=oembed&#038;modestbranding=1&#038;rel=0&#038;cc_load_policy=1&#038;cc_lang_pref=es&#038;enablejsapi=1&#038;origin=https:\/\/dev.plumvillage.org&#038;playsinline=1&#038;autoplay=1\" frameborder=\"0\" allow=\"accelerometer; autoplay; clipboard-write; encrypted-media; gyroscope; picture-in-picture; web-share\" referrerpolicy=\"strict-origin-when-cross-origin\" allowfullscreen><\/iframe>';<\/script>      <div class=\"video-wrapper\">\n                  <a class=\"play \" aria-label=\"Play Video\" href=\"#\" data-embed-link=\"$DRObW9noiVk981\" data-target=\"DRObW9noiVk981\">\n          <img loading=\"lazy\" decoding=\"async\" width=\"1920\" height=\"1080\" src=\"https:\/\/dev.plumvillage.org\/wp-content\/uploads\/2022\/03\/JGRF_ACND_POSTER_V18_29Mar2022_v2.jpg\" class=\"attachment-full size-full\" alt=\"\" srcset=\"https:\/\/dev.plumvillage.org\/wp-content\/uploads\/2022\/03\/JGRF_ACND_POSTER_V18_29Mar2022_v2.jpg 1920w, https:\/\/dev.plumvillage.org\/wp-content\/uploads\/2022\/03\/JGRF_ACND_POSTER_V18_29Mar2022_v2-499x281.jpg 499w, https:\/\/dev.plumvillage.org\/wp-content\/uploads\/2022\/03\/JGRF_ACND_POSTER_V18_29Mar2022_v2-1024x576.jpg 1024w, https:\/\/dev.plumvillage.org\/wp-content\/uploads\/2022\/03\/JGRF_ACND_POSTER_V18_29Mar2022_v2-768x432.jpg 768w, https:\/\/dev.plumvillage.org\/wp-content\/uploads\/2022\/03\/JGRF_ACND_POSTER_V18_29Mar2022_v2-1536x864.jpg 1536w\" sizes=\"auto, (max-width: 1920px) 100vw, 1920px\" \/>          <span class=\"icon icon-bg icon-play\"><\/span><\/a>\n                          <div class=\"iframe-target iframe-target-DRObW9noiVk981\"><span class=\"icon icon-close\"><\/span><div class=\"iframe-container ratio ratio-16x9 dropzone\"><\/div><\/div>\n              <\/div>  \n      \n<\/figure>\n\n\n\n<div class=\"jump-to alignwide\" id=\"llamanmiento-a-la-paz\">\n\t<hr>\n\t<span class=\"jump-to-text\"><span class=\"label\">Ir a <span class=\"icon icon-arrow-tiny\"><\/span><\/span>\n\t<a  href=\"#watch\">Watch<\/a>, <a class=\"active\" href=\"#llamanmiento-a-la-paz\">Llamanmiento a la Paz<\/a>, <a  href=\"#verlos-juntos\">Verlos juntos<\/a>, <a  href=\"#defensor-de-la-paz\">Defensor de la paz<\/a>, <a  href=\"#sobre\">Sobre<\/a>, <a  href=\"#tu-historia\">Tu historia<\/a><\/span>\n<\/div>\n\n\n<h2 class=\"wp-block-heading\">Carta abierta: un llamamiento a la paz<\/h2>\n\n\n\n<div class=\"wp-block-group has-fresh-earth-background-color has-background is-layout-flow wp-block-group-is-layout-flow\">\n<p>Querida familia humana,<\/p>\n\n\n\n<p>Somos testigos de la tragedia de la guerra que contin\u00faa desarroll\u00e1ndose diariamente en Ucrania, y abrimos nuestros corazones al sufrimiento de las personas j\u00f3venes y mayores. Como comunidad internacional de budismo comprometido en la tradici\u00f3n de Plum Village, observamos la guerra con dolor y alarma.<\/p>\n\n\n\n<p>En nuestra comunidad budista, cada Navidad escuchamos con gran alegr\u00eda el sonido de las campanas de las iglesias rusas, y abrimos nuestros corazones a la rica herencia espiritual de Rusia y Europa. Nuestro maestro, el venerable monje vietnamita Thich Nhat Hanh, ha dicho: \u00abUna campana es siempre una campana. Ya sea cat\u00f3lica, protestante, ortodoxa o budista, sigue siendo una campana\u00bb. Sean cuales sean nuestras ra\u00edces culturales o religiosas, al escuchar la campana se produce un encuentro profundo en el que tocamos la paz y una misma dimensi\u00f3n espiritual. Todos anhelamos la paz. Todos necesitamos la paz.<\/p>\n\n\n\n<p>Las ra\u00edces de nuestra comunidad se encuentran en la tradici\u00f3n del budismo comprometido en Vietnam, donde m\u00e1s de tres millones de personas murieron en una guerra que dur\u00f3 casi veinte a\u00f1os y de la que huyeron cerca de dos millones de refugiados. Nuestro maestro nos ha ense\u00f1ado que la guerra nunca es la soluci\u00f3n. La guerra solo conduce a una divisi\u00f3n y a un odio que pueden durar generaciones.<\/p>\n<\/div>\n\n\n\n<p><a href=\"https:\/\/dev.plumvillage.org\/es\/?p=279516\" target=\"_blank\" rel=\"noreferrer noopener\">Leer la carta completa.<\/a><\/p>\n\n\n\n<div class=\"jump-to alignwide\" id=\"verlos-juntos\">\n\t<hr>\n\t<span class=\"jump-to-text\"><span class=\"label\">Ir a <span class=\"icon icon-arrow-tiny\"><\/span><\/span>\n\t<a  href=\"#watch\">Watch<\/a>, <a  href=\"#llamanmiento-a-la-paz\">Llamanmiento a la Paz<\/a>, <a class=\"active\" href=\"#verlos-juntos\">Verlos juntos<\/a>, <a  href=\"#defensor-de-la-paz\">Defensor de la paz<\/a>, <a  href=\"#sobre\">Sobre<\/a>, <a  href=\"#tu-historia\">Tu historia<\/a><\/span>\n<\/div>\n\n\n<h2 class=\"wp-block-heading\">Verlos juntos <\/h2>\n\n\n\n<p>Este PDF descargable, destinado a la sangha y a l\u00edderes comunitarios, ofrece informaci\u00f3n complementaria sobre la pel\u00edcula y sobre el maestro zen Thich Nhat Hahn, sugerencias para facilitar un debate sobre la pel\u00edcula y recursos para aprender m\u00e1s sobre ense\u00f1anzas de Thay acerca del trabajo por la paz y de m\u00e9todos para cultivar la no violencia.<\/p>\n\n\n\n<div class=\"wp-block-buttons is-layout-flex wp-block-buttons-is-layout-flex\">\n<div class=\"wp-block-button\"><a class=\"wp-block-button__link\" href=\"https:\/\/dev.plumvillage.org\/wp-content\/uploads\/2022\/04\/Una-nube-nunca-muere_Video-Sharing-Guide.pdf\" target=\"_blank\" rel=\"noreferrer noopener\">Desc\u00e1rgate la gu\u00eda<\/a><\/div>\n<\/div>\n\n\n\n<div class=\"jump-to alignwide\" id=\"defensor-de-la-paz\">\n\t<hr>\n\t<span class=\"jump-to-text\"><span class=\"label\">Ir a <span class=\"icon icon-arrow-tiny\"><\/span><\/span>\n\t<a  href=\"#watch\">Watch<\/a>, <a  href=\"#llamanmiento-a-la-paz\">Llamanmiento a la Paz<\/a>, <a  href=\"#verlos-juntos\">Verlos juntos<\/a>, <a class=\"active\" href=\"#defensor-de-la-paz\">Defensor de la paz<\/a>, <a  href=\"#sobre\">Sobre<\/a>, <a  href=\"#tu-historia\">Tu historia<\/a><\/span>\n<\/div>\n\n\n<h2 class=\"wp-block-heading\">Convi\u00e9rtete en un defensor de la paz<\/h2>\n\n\n\n<p><em>Una nube nunca muere<\/em> no solo pretende informar a quien vea el documental. Esperamos que tambi\u00e9n te anime a pasar a la acci\u00f3n, siguiendo las ense\u00f1anzas de Thay sobre el budismo comprometido. Despu\u00e9s de ver esta pel\u00edcula y de leer la carta sobre Ucrania, quiz\u00e1 te preguntes: \u00bfqu\u00e9 puedo hacer para ser continuaci\u00f3n de Thay, ser un instrumento de paz? A continuaci\u00f3n te ofrecemos varias propuestas recopiladas con la ayuda de nuestros maestros del Dharma laicos, y que puedes tener en cuenta en tus pr\u00f3ximos pasos:<\/p>\n\n\n\n<ul class=\"wp-block-list\"><li><strong><strong>Inicia un debate sobre un libro<\/strong>: <\/strong>Puedes elegir uno de los libros que aparecen en la lista de recursos de inter\u00e9s y organizar un grupo de debate sobre ese libro, ya sea en l\u00ednea o en persona, para profundizar en la forma en que Thay utiliz\u00f3 la acci\u00f3n no violenta durante la guerra de Vietnam.<\/li><li><strong>Caminata por la Paz<\/strong>: Organiza en tu comunidad una meditaci\u00f3n caminando en silencio por la paz. Antes de la caminata, puedes invitar la campana y leer uno de los poemas de Thay (como <em>Llamadme por mis verdaderos nombres<\/em>) o un pasaje de uno de sus libros. Despu\u00e9s puedes formar un c\u00edrculo y dedicar el m\u00e9rito de la caminata a todas las v\u00edctimas de la guerra y la violencia (incluidos los perpetradores), e invitar a los participantes a compartir desde el coraz\u00f3n cualquier cosa que hayan notado dentro de ellos mismos o a su alrededor a lo largo de la caminata.<\/li><li><strong>Escribe cartas de amor<\/strong>: Thay y la hermana Chan Khong escrib\u00edan a menudo \u00abcartas de amor\u00bb a los l\u00edderes pol\u00edticos, dirigi\u00e9ndose a ellos como hermanos y hermanas y pidi\u00e9ndoles que eligieran el camino de la paz a la hora de legislar y dirigir su pa\u00eds o estado. Si formas parte de una sangha, considera la posibilidad de reunir a la sangha para escribir cartas a los l\u00edderes pol\u00edticos, teniendo siempre presente que la bondad amorosa abre m\u00e1s corazones (y puertas) que la ira y la cr\u00edtica.<\/li><li><strong><strong>Comprom\u00e9tete a actuar correctamente<\/strong>: <\/strong>La comunidad de Plum Village ofrece <a rel=\"noreferrer noopener\" href=\"https:\/\/dev.plumvillage.org\/es\/mindfulness-practice\/the-5-mindfulness-trainings\/\" data-type=\"URL\" data-id=\"https:\/\/dev.plumvillage.org\/es\/mindfulness-practice\/the-5-mindfulness-trainings\/\" target=\"_blank\">los cinco entrenamientos de la plena consciencia<\/a> y <a href=\"https:\/\/dev.plumvillage.org\/es\/mindfulness-practice\/the-14-mindfulness-trainings\/\" data-type=\"URL\" data-id=\"https:\/\/dev.plumvillage.org\/es\/mindfulness-practice\/the-14-mindfulness-trainings\/\">los <\/a><a rel=\"noreferrer noopener\" href=\"https:\/\/dev.plumvillage.org\/es\/mindfulness-practice\/the-14-mindfulness-trainings\/\" data-type=\"URL\" data-id=\"https:\/\/dev.plumvillage.org\/es\/mindfulness-practice\/the-14-mindfulness-trainings\/\" target=\"_blank\">catorce<\/a><a href=\"https:\/\/dev.plumvillage.org\/es\/mindfulness-practice\/the-14-mindfulness-trainings\/\" data-type=\"URL\" data-id=\"https:\/\/dev.plumvillage.org\/es\/mindfulness-practice\/the-14-mindfulness-trainings\/\"> entrenamientos de la plena consciencia<\/a> para promover una vida \u00e9tica y pac\u00edfica. Recitar regularmente estos entrenamientos , solo o en la sangha, puede proporcionarte alimento y apoyo mientras buscas la mejor forma de hablar y de vivir en un mundo que sufre violencia y desesperaci\u00f3n.<\/li><\/ul>\n\n\n\n<div class=\"jump-to alignwide\" id=\"sobre\">\n\t<hr>\n\t<span class=\"jump-to-text\"><span class=\"label\">Ir a <span class=\"icon icon-arrow-tiny\"><\/span><\/span>\n\t<a  href=\"#watch\">Watch<\/a>, <a  href=\"#llamanmiento-a-la-paz\">Llamanmiento a la Paz<\/a>, <a  href=\"#verlos-juntos\">Verlos juntos<\/a>, <a  href=\"#defensor-de-la-paz\">Defensor de la paz<\/a>, <a class=\"active\" href=\"#sobre\">Sobre<\/a>, <a  href=\"#tu-historia\">Tu historia<\/a><\/span>\n<\/div>\n\n\n<h2 class=\"wp-block-heading\">Sobre el Documental<\/h2>\n\n\n\n<p>Narrada por el actor Peter Coyote, <em>Una nube nunca muere<\/em> es la primera pel\u00edcula biogr\u00e1fica autorizada sobre la vida del maestro zen Thich Nhat Hanh. Combinando v\u00eddeos originales y fotograf\u00edas de archivo, esta pel\u00edcula describe el ascenso de un joven y humilde monje vietnamita hasta convertirse en uno de los l\u00edderes espirituales m\u00e1s influyentes y queridos del mundo y que ha inspirado a millones de personas a practicar la plena consciencia para encontrar la paz en s\u00ed mismos y en el mundo. Esta pel\u00edcula fue encargada por la comunidad de budismo comprometido de Plum Village y realizada por historiadores mon\u00e1sticos y miembros de la comunidad de Thich Nhat Hanh, junto con Max Pugh y Marc J. Francis, que ya realizaron el largometraje documental <em>Camina conmigo<\/em>.<\/p>\n\n\n\n<p><\/p>\n\n\n\n<h4 class=\"wp-block-heading\">Sobre los realizadores<\/h4>\n\n\n\n<ul class=\"wp-block-list\"><li><strong><a rel=\"noreferrer noopener\" href=\"https:\/\/www.marcjfrancis.com\/\" data-type=\"URL\" data-id=\"https:\/\/www.marcjfrancis.com\/\" target=\"_blank\">Marc J. Francis<\/a><\/strong> es un director, productor y director de fotograf\u00eda cuyas pel\u00edculas documentales han sido aclamadas por la cr\u00edtica mundial y se han distribuido en cines, televisi\u00f3n y plataformas de <em>streaming<\/em>. Como narrador y buscador de sabidur\u00eda, Marc arroja luz sobre la condici\u00f3n humana explorando las extraordinarias historias de personajes marginados y h\u00e9roes desconocidos con su caracter\u00edstico estilo intimista y cautivador.<\/li><li><strong><a rel=\"noreferrer noopener\" href=\"http:\/\/www.maxpugh.com\/\" data-type=\"URL\" data-id=\"http:\/\/www.maxpugh.com\/\" target=\"_blank\">Max Pugh<\/a><\/strong> Max Pugh es un director franco-brit\u00e1nico de largometrajes documentales y de ficci\u00f3n que tambi\u00e9n ha sido aclamado por la cr\u00edtica en todo el mundo por su trabajo de videoarte e instalaciones con el compositor y cineasta Michael Nyman. Max tambi\u00e9n ha dirigido series de televisi\u00f3n y ha escrito y dirigido cortometrajes financiados por el UK Film Council.<\/li><\/ul>\n\n\n\n<div class=\"jump-to alignwide\" id=\"tu-historia\">\n\t<hr>\n\t<span class=\"jump-to-text\"><span class=\"label\">Ir a <span class=\"icon icon-arrow-tiny\"><\/span><\/span>\n\t<a  href=\"#watch\">Watch<\/a>, <a  href=\"#llamanmiento-a-la-paz\">Llamanmiento a la Paz<\/a>, <a  href=\"#verlos-juntos\">Verlos juntos<\/a>, <a  href=\"#defensor-de-la-paz\">Defensor de la paz<\/a>, <a  href=\"#sobre\">Sobre<\/a>, <a class=\"active\" href=\"#tu-historia\">Tu historia<\/a><\/span>\n<\/div>\n\n\n<h2 class=\"wp-block-heading\">Tu historia<\/h2>\n\n\n\n<p>Thich Nhat Hanh dijo que, aunque se enviaran todas las bombas del mundo a la Luna, si no cultivamos la paz en nuestros corazones, la guerra y la violencia continuar\u00e1n. Para \u00e9l la paz comienza en nosotros mismos. Despu\u00e9s de ver <em>Una nube nunca muere<\/em>, o mientras t\u00fa y las sanghas exploran formas de ser paz en sus comunidades, nos encantar\u00eda conocer tus ideas e historias. Por favor, no dudes en compartirlas aqu\u00ed abajo.<\/p>\n\n\n\n<p><\/p>\n","protected":false},"excerpt":{"rendered":"<p>In response to the growing humanitarian crisis in Ukraine, the international Plum Village Community has released A Cloud Never Dies, a documentary about the late Zen Master Thich Nhat Hanh (Thay).<\/p>\n","protected":false},"author":1088,"featured_media":278629,"parent":0,"menu_order":0,"comment_status":"open","ping_status":"closed","template":"","meta":{"_acf_changed":false,"sync_status":"","episode_type":"","audio_file":"","castos_file_data":"","podmotor_file_id":"","cover_image":"","cover_image_id":"","duration":"","filesize":"","filesize_raw":"","date_recorded":"","explicit":"","block":"","itunes_episode_number":"","itunes_title":"","itunes_season_number":"","itunes_episode_type":"","ep_exclude_from_search":false,"footnotes":""},"class_list":["post-279612","page","type-page","status-publish","has-post-thumbnail","hentry"],"acf":[],"_links":{"self":[{"href":"https:\/\/dev.plumvillage.org\/es\/wp-json\/wp\/v2\/pages\/279612","targetHints":{"allow":["GET"]}}],"collection":[{"href":"https:\/\/dev.plumvillage.org\/es\/wp-json\/wp\/v2\/pages"}],"about":[{"href":"https:\/\/dev.plumvillage.org\/es\/wp-json\/wp\/v2\/types\/page"}],"author":[{"embeddable":true,"href":"https:\/\/dev.plumvillage.org\/es\/wp-json\/wp\/v2\/users\/1088"}],"replies":[{"embeddable":true,"href":"https:\/\/dev.plumvillage.org\/es\/wp-json\/wp\/v2\/comments?post=279612"}],"version-history":[{"count":0,"href":"https:\/\/dev.plumvillage.org\/es\/wp-json\/wp\/v2\/pages\/279612\/revisions"}],"wp:featuredmedia":[{"embeddable":true,"href":"https:\/\/dev.plumvillage.org\/es\/wp-json\/wp\/v2\/media\/278629"}],"wp:attachment":[{"href":"https:\/\/dev.plumvillage.org\/es\/wp-json\/wp\/v2\/media?parent=279612"}],"curies":[{"name":"wp","href":"https:\/\/api.w.org\/{rel}","templated":true}]}}