{"id":367836,"date":"2023-03-03T21:17:46","date_gmt":"2023-03-03T20:17:46","guid":{"rendered":"https:\/\/plumvillage.org\/?page_id=367836"},"modified":"2023-03-05T19:56:23","modified_gmt":"2023-03-05T18:56:23","slug":"coming-with-children-aged-0-17","status":"publish","type":"page","link":"https:\/\/dev.plumvillage.org\/es\/coming-with-children-aged-0-17","title":{"rendered":"Venir con ni\u00f1os de 0 a 17 a\u00f1os"},"content":{"rendered":"\n<iframe loading=\"lazy\" id=\"myIframe\" src=\"https:\/\/new.plumvillage.org\/processRegistration\/programs.php?lang=es\" scrolling=\"no\" width=\"100%\"  height=\"1200px\" frameborder=\"0\"><\/iframe>\n\n<script type=\"text\/javascript\">\n    function resizeIframe(event) {\n        if (event.origin !== \"https:\/\/new.plumvillage.org\") return; \/\/ check that message is from trusted domain\n        var iframe = document.getElementById(\"myIframe\");\n        var newHeight = event.data + 20; \/\/ add 20px to the height value\n        iframe.style.height = newHeight + 'px';\n    }\n    window.addEventListener(\"message\", resizeIframe, false);\n<\/script>\n\n\n\n<p><\/p>\n\n\n\n<p><strong>Le rogamos que tenga en cuenta la siguiente informaci\u00f3n <\/strong>a la hora de venir en familia<strong>:<\/strong><\/p>\n\n\n\n<ul class=\"wp-block-list\">\n<li>Por favor, inscriba a todos los miembros de su familia, <strong>incluidos los beb\u00e9s y los ni\u00f1os menores de 5 a\u00f1os.<\/strong><\/li>\n\n\n\n<li>Nuestro sistema no puede aceptar <strong>m\u00e1s de 3 adultos y 6 ni\u00f1os en una reserva.<\/strong><\/li>\n\n\n\n<li>Los ni\u00f1os o adolescentes que se inscriban en los programas <strong>deben tener un progenitor o tutor que duerma en la misma aldea.<\/strong><\/li>\n\n\n\n<li><strong>El camping <\/strong>ser\u00e1 la \u00fanica forma de alojamiento disponible para las familias en las tres aldeas.<\/li>\n\n\n\n<li>Llamamos \u00abFamilia\u00bb a <strong>un grupo compuesto por ni\u00f1os de 0 a 17 a\u00f1os que incluye s\u00f3lo a los padres o tutores.<\/strong><\/li>\n\n\n\n<li>Llamamos \u00abfamilia ampliada\u00bb a <strong>otros miembros de la familia<\/strong>, como abuelos o t\u00edos, que desean <strong>reservar un alojamiento diferente<\/strong>.<\/li>\n\n\n\n<li>Llamamos \u00abtutor\u00bb a cualquier <strong>adulto que acepta ser responsable y cuidar de un ni\u00f1o<\/strong>. Puede ser un amigo o cualquier miembro de su hogar mayor de 18 a\u00f1os.<\/li>\n<\/ul>\n\n\n\n<p>Seleccione entre las siguientes opciones la que corresponda a su situaci\u00f3n.<\/p>\n\n\n\n<figure class=\"wp-block-table is-style-stripes has-small-font-size\"><table><tbody><tr><td><strong>Option 1 &#8211;<\/strong><br>Vienes con miembros de la <strong>familia ampliada<\/strong> <br>es decir :<\/td><td><strong>Option 2 <\/strong>&#8211;<br>Vienes con <strong>amigos<\/strong> que tambi\u00e9n <strong>tienen hijos<\/strong> <br>es decir:<\/td><td><strong>Option 3 <\/strong>&#8211;<br>Vienes con <strong>amigos<\/strong> que <strong>no tienen hijos<\/strong><br>es decir : <\/td><td><strong>Option 4 &#8211; <\/strong><br>Vengo s\u00f3lo con <strong>mi familia<\/strong><br>es decir<\/td><\/tr><tr><td><br>Su pareja<br>Sus hijos<br><strong>un familiar<\/strong> que <strong>no sea tutor<\/strong><\/td><td>Su pareja<br>Sus hijos<br><strong>amigos<\/strong> <strong>que tambi\u00e9n tengan hijos<\/strong><\/td><td>Su pareja<br>Sus hijos<br><strong>amigos que no tienen hijos<\/strong><\/td><td>Su pareja<br>o Solo(a)<br>Sus hijo(a)s<br><\/td><\/tr><\/tbody><\/table><\/figure>\n\n\n\n<div class=\"wp-block-buttons is-layout-flex wp-block-buttons-is-layout-flex\"><\/div>\n\n\n\n<div class=\"wp-block-buttons is-layout-flex wp-block-buttons-is-layout-flex\">\n<div class=\"wp-block-button has-custom-width wp-block-button__width-25 has-custom-font-size is-style-fill has-normal-font-size\"><a class=\"wp-block-button__link wp-element-button\" href=\"https:\/\/dev.plumvillage.org\/es\/coming-with-extended-family-or-friends\/\" target=\"_blank\" rel=\"noreferrer noopener\">Pulse aqu\u00ed<\/a><\/div>\n\n\n\n<div class=\"wp-block-button has-custom-width wp-block-button__width-25 has-custom-font-size has-normal-font-size\"><a class=\"wp-block-button__link wp-element-button\" href=\"https:\/\/dev.plumvillage.org\/es\/coming-with-friends-who-also-have-children\/\" target=\"_blank\" rel=\"noreferrer noopener\">Pulse aqu\u00ed<\/a><\/div>\n\n\n\n<div class=\"wp-block-button has-custom-width wp-block-button__width-25 has-custom-font-size has-normal-font-size\"><a class=\"wp-block-button__link wp-element-button\" href=\"https:\/\/dev.plumvillage.org\/es\/coming-with-friends-who-dont-have-children\/\" target=\"_blank\" rel=\"noreferrer noopener\">Pulse aqu\u00ed<\/a><\/div>\n\n\n\n<div class=\"wp-block-button has-custom-font-size has-normal-font-size\"><a class=\"wp-block-button__link wp-element-button\" href=\"https:\/\/dev.plumvillage.org\/es\/coming-with-my-family\/\" target=\"_blank\" rel=\"noreferrer noopener\">Pulse aqu\u00ed<\/a><\/div>\n<\/div>\n\n\n\n<p><\/p>\n","protected":false},"excerpt":{"rendered":"<p>Le rogamos que tenga en cuenta la siguiente informaci\u00f3n a la hora de venir en familia: Seleccione entre las siguientes opciones la que corresponda a su situaci\u00f3n. Option 1 &#8211;Vienes con miembros de la familia ampliada es decir : Option 2 &#8211;Vienes con amigos que tambi\u00e9n tienen hijos es decir: Option 3 &#8211;Vienes con amigos<\/p>\n","protected":false},"author":1112,"featured_media":0,"parent":0,"menu_order":0,"comment_status":"closed","ping_status":"closed","template":"","meta":{"_acf_changed":false,"sync_status":"","episode_type":"","audio_file":"","castos_file_data":"","podmotor_file_id":"","cover_image":"","cover_image_id":"","duration":"","filesize":"","filesize_raw":"","date_recorded":"","explicit":"","block":"","itunes_episode_number":"","itunes_title":"","itunes_season_number":"","itunes_episode_type":"","ep_exclude_from_search":false,"footnotes":""},"class_list":["post-367836","page","type-page","status-publish","hentry"],"acf":[],"_links":{"self":[{"href":"https:\/\/dev.plumvillage.org\/es\/wp-json\/wp\/v2\/pages\/367836","targetHints":{"allow":["GET"]}}],"collection":[{"href":"https:\/\/dev.plumvillage.org\/es\/wp-json\/wp\/v2\/pages"}],"about":[{"href":"https:\/\/dev.plumvillage.org\/es\/wp-json\/wp\/v2\/types\/page"}],"author":[{"embeddable":true,"href":"https:\/\/dev.plumvillage.org\/es\/wp-json\/wp\/v2\/users\/1112"}],"replies":[{"embeddable":true,"href":"https:\/\/dev.plumvillage.org\/es\/wp-json\/wp\/v2\/comments?post=367836"}],"version-history":[{"count":5,"href":"https:\/\/dev.plumvillage.org\/es\/wp-json\/wp\/v2\/pages\/367836\/revisions"}],"predecessor-version":[{"id":368203,"href":"https:\/\/dev.plumvillage.org\/es\/wp-json\/wp\/v2\/pages\/367836\/revisions\/368203"}],"wp:attachment":[{"href":"https:\/\/dev.plumvillage.org\/es\/wp-json\/wp\/v2\/media?parent=367836"}],"curies":[{"name":"wp","href":"https:\/\/api.w.org\/{rel}","templated":true}]}}