{"id":367851,"date":"2023-03-01T23:51:14","date_gmt":"2023-03-01T22:51:14","guid":{"rendered":"https:\/\/plumvillage.org\/coming-with-extended-family-or-friends\/"},"modified":"2023-03-03T23:42:02","modified_gmt":"2023-03-03T22:42:02","slug":"coming-with-extended-family-or-friends","status":"publish","type":"page","link":"https:\/\/dev.plumvillage.org\/es\/coming-with-extended-family-or-friends","title":{"rendered":"Venir con la familia ampliada"},"content":{"rendered":"\n<p><\/p>\n\n\n\n<h2 class=\"has-text-align-left wp-block-heading\">Vienes como padre o madre soltero\/a o con tu pareja, tus hijos y <strong>familiares o amigos que no quieren acampar y no ser\u00e1n tutores.<\/strong><\/h2>\n\n\n\n<p><\/p>\n\n\n\n<p>Tendr\u00e1 que hacer <strong>2 reservas separadas,<\/strong> por favor aseg\u00farese de hacer <strong>PRIMERO la reserva de Familia:<\/strong><\/p>\n\n\n\n<ul class=\"wp-block-list\">\n<li><strong>Una<\/strong> para los padres\/tutores legales y los hijos, haga <strong><a href=\"https:\/\/typebot.io\/family-2023-es\">clic aqu\u00ed<\/a><\/strong>.<\/li>\n\n\n\n<li><strong>Una<\/strong> para el miembro extra de su familia, haga <strong><a href=\"https:\/\/typebot.iosummer-spanish-2023\">clic aqu\u00ed<\/a><\/strong>.<\/li>\n<\/ul>\n\n\n\n<p><\/p>\n\n\n\n<p><strong>Si desean estar juntos, a\u00f1ada el nombre de la(s) otra(s) familia(s) en la secci\u00f3n Nota al final de la \u00faltima reserva.<\/strong><\/p>\n\n\n\n<p>No podemos garantizar que podamos emparejaros en la misma aldea. <\/p>\n\n\n\n<p class=\"has-text-align-center has-small-font-size\"><a href=\"https:\/\/dev.plumvillage.org\/it\/retreats\/info\/apertura-estiva-2023\/\">Volver a la p\u00e1gina de inscripci\u00f3n de verano<\/a><\/p>\n","protected":false},"excerpt":{"rendered":"<p>Vienes como padre o madre soltero\/a o con tu pareja, tus hijos y familiares o amigos que no quieren acampar y no ser\u00e1n tutores. Tendr\u00e1 que hacer 2 reservas separadas, por favor aseg\u00farese de hacer PRIMERO la reserva de Familia: Si desean estar juntos, a\u00f1ada el nombre de la(s) otra(s) familia(s) en la secci\u00f3n Nota<\/p>\n","protected":false},"author":1112,"featured_media":0,"parent":0,"menu_order":0,"comment_status":"closed","ping_status":"closed","template":"","meta":{"_acf_changed":false,"sync_status":"","episode_type":"","audio_file":"","castos_file_data":"","podmotor_file_id":"","cover_image":"","cover_image_id":"","duration":"","filesize":"","filesize_raw":"","date_recorded":"","explicit":"","block":"","itunes_episode_number":"","itunes_title":"","itunes_season_number":"","itunes_episode_type":"","ep_exclude_from_search":false,"footnotes":""},"class_list":["post-367851","page","type-page","status-publish","hentry"],"acf":[],"_links":{"self":[{"href":"https:\/\/dev.plumvillage.org\/es\/wp-json\/wp\/v2\/pages\/367851","targetHints":{"allow":["GET"]}}],"collection":[{"href":"https:\/\/dev.plumvillage.org\/es\/wp-json\/wp\/v2\/pages"}],"about":[{"href":"https:\/\/dev.plumvillage.org\/es\/wp-json\/wp\/v2\/types\/page"}],"author":[{"embeddable":true,"href":"https:\/\/dev.plumvillage.org\/es\/wp-json\/wp\/v2\/users\/1112"}],"replies":[{"embeddable":true,"href":"https:\/\/dev.plumvillage.org\/es\/wp-json\/wp\/v2\/comments?post=367851"}],"version-history":[{"count":1,"href":"https:\/\/dev.plumvillage.org\/es\/wp-json\/wp\/v2\/pages\/367851\/revisions"}],"predecessor-version":[{"id":367887,"href":"https:\/\/dev.plumvillage.org\/es\/wp-json\/wp\/v2\/pages\/367851\/revisions\/367887"}],"wp:attachment":[{"href":"https:\/\/dev.plumvillage.org\/es\/wp-json\/wp\/v2\/media?parent=367851"}],"curies":[{"name":"wp","href":"https:\/\/api.w.org\/{rel}","templated":true}]}}