{"id":367861,"date":"2023-03-02T00:17:27","date_gmt":"2023-03-01T23:17:27","guid":{"rendered":"https:\/\/plumvillage.org\/coming-with-friends-who-dont-have-children\/"},"modified":"2023-03-03T23:39:51","modified_gmt":"2023-03-03T22:39:51","slug":"coming-with-friends-who-dont-have-children","status":"publish","type":"page","link":"https:\/\/dev.plumvillage.org\/es\/coming-with-friends-who-dont-have-children","title":{"rendered":"Venir con amigos que no tienen hijos"},"content":{"rendered":"\n<p><\/p>\n\n\n\n<h2 class=\"wp-block-heading\">Vienes con amigos y ellos no tienen hijos y no actuar\u00e1n como tutores de tus hijos.<\/h2>\n\n\n\n<p><\/p>\n\n\n\n<p>Tendr\u00e1 que hacer <strong>2 reservas separadas,<\/strong> por favor aseg\u00farese de hacer <strong>PRIMERO la reserva de Familia:<\/strong><\/p>\n\n\n\n<ul class=\"wp-block-list\">\n<li><strong>Una<\/strong> para los padres\/tutores legales y los hijos, haga <strong><a href=\"https:\/\/typebot.io\/family-2023-es\">clic aqu\u00ed<\/a><\/strong>.<\/li>\n\n\n\n<li><strong>Una<\/strong> para el miembro extra de su familia, haga <strong><a href=\"https:\/\/typebot.iosummer-spanish-2023\">clic aqu\u00ed<\/a><\/strong>.<\/li>\n<\/ul>\n\n\n\n<p><\/p>\n\n\n\n<p><strong>Si desean estar juntos, a\u00f1ada el nombre de la(s) otra(s) familia(s) en la secci\u00f3n Nota al final de la \u00faltima reserva.<\/strong><\/p>\n\n\n\n<p>No podemos garantizar que podamos emparejaros en la misma aldea. <\/p>\n\n\n\n<p class=\"has-text-align-center has-small-font-size\"><a href=\"https:\/\/dev.plumvillage.org\/it\/retreats\/info\/apertura-estiva-2023\/\">Volver a la p\u00e1gina de inscripci\u00f3n de verano<\/a><\/p>\n","protected":false},"excerpt":{"rendered":"<p>Vienes con amigos y ellos no tienen hijos y no actuar\u00e1n como tutores de tus hijos. Tendr\u00e1 que hacer 2 reservas separadas, por favor aseg\u00farese de hacer PRIMERO la reserva de Familia: Si desean estar juntos, a\u00f1ada el nombre de la(s) otra(s) familia(s) en la secci\u00f3n Nota al final de la \u00faltima reserva. No podemos<\/p>\n","protected":false},"author":1112,"featured_media":0,"parent":0,"menu_order":0,"comment_status":"closed","ping_status":"closed","template":"","meta":{"_acf_changed":false,"sync_status":"","episode_type":"","audio_file":"","castos_file_data":"","podmotor_file_id":"","cover_image":"","cover_image_id":"","duration":"","filesize":"","filesize_raw":"","date_recorded":"","explicit":"","block":"","itunes_episode_number":"","itunes_title":"","itunes_season_number":"","itunes_episode_type":"","ep_exclude_from_search":false,"footnotes":""},"class_list":["post-367861","page","type-page","status-publish","hentry"],"acf":[],"_links":{"self":[{"href":"https:\/\/dev.plumvillage.org\/es\/wp-json\/wp\/v2\/pages\/367861","targetHints":{"allow":["GET"]}}],"collection":[{"href":"https:\/\/dev.plumvillage.org\/es\/wp-json\/wp\/v2\/pages"}],"about":[{"href":"https:\/\/dev.plumvillage.org\/es\/wp-json\/wp\/v2\/types\/page"}],"author":[{"embeddable":true,"href":"https:\/\/dev.plumvillage.org\/es\/wp-json\/wp\/v2\/users\/1112"}],"replies":[{"embeddable":true,"href":"https:\/\/dev.plumvillage.org\/es\/wp-json\/wp\/v2\/comments?post=367861"}],"version-history":[{"count":3,"href":"https:\/\/dev.plumvillage.org\/es\/wp-json\/wp\/v2\/pages\/367861\/revisions"}],"predecessor-version":[{"id":367884,"href":"https:\/\/dev.plumvillage.org\/es\/wp-json\/wp\/v2\/pages\/367861\/revisions\/367884"}],"wp:attachment":[{"href":"https:\/\/dev.plumvillage.org\/es\/wp-json\/wp\/v2\/media?parent=367861"}],"curies":[{"name":"wp","href":"https:\/\/api.w.org\/{rel}","templated":true}]}}