{"id":367869,"date":"2023-03-02T00:00:27","date_gmt":"2023-03-01T23:00:27","guid":{"rendered":"https:\/\/plumvillage.org\/coming-with-friends-who-also-have-children\/"},"modified":"2023-03-03T23:41:23","modified_gmt":"2023-03-03T22:41:23","slug":"coming-with-friends-who-also-have-children","status":"publish","type":"page","link":"https:\/\/dev.plumvillage.org\/es\/coming-with-friends-who-also-have-children","title":{"rendered":"Venir con amigos que tambi\u00e9n tienen hijos"},"content":{"rendered":"\n<p><\/p>\n\n\n\n<h2 class=\"wp-block-heading\">Si vienes con amigos que tambi\u00e9n tienen ni\u00f1os, te rogamos que hagas una reserva por familia, ya que nuestro sistema no puede aceptar m\u00e1s de 3 adultos y 6 ni\u00f1os por reserva.\u00a0<\/h2>\n\n\n\n<p><\/p>\n\n\n\n<p><strong><a href=\"https:\/\/typebot.io\/family-2023-es\">Clique aqu\u00ed<\/a><\/strong> para empezar a inscribir a su familia.<\/p>\n\n\n\n<p><strong><a href=\"https:\/\/typebot.io\/family-2023-es\">Clique aqu\u00ed<\/a><\/strong> para empezar a inscribir a su familia.<\/p>\n\n\n\n<p><strong>Si desean estar juntos, a\u00f1ada el nombre de la(s) otra(s) familia(s) en la secci\u00f3n Nota al final de la \u00faltima reserva.<\/strong><\/p>\n\n\n\n<p>No podemos garantizar que podamos emparejaros en la misma aldea. <\/p>\n\n\n\n<p class=\"has-text-align-center has-small-font-size\"><a href=\"https:\/\/dev.plumvillage.org\/it\/retreats\/info\/apertura-estiva-2023\/\">Volver a la p\u00e1gina de inscripci\u00f3n de verano<\/a><\/p>\n","protected":false},"excerpt":{"rendered":"<p>Si vienes con amigos que tambi\u00e9n tienen ni\u00f1os, te rogamos que hagas una reserva por familia, ya que nuestro sistema no puede aceptar m\u00e1s de 3 adultos y 6 ni\u00f1os por reserva.\u00a0 Clique aqu\u00ed para empezar a inscribir a su familia. Clique aqu\u00ed para empezar a inscribir a su familia. Si desean estar juntos, a\u00f1ada<\/p>\n","protected":false},"author":1112,"featured_media":0,"parent":0,"menu_order":0,"comment_status":"closed","ping_status":"closed","template":"","meta":{"_acf_changed":false,"sync_status":"","episode_type":"","audio_file":"","castos_file_data":"","podmotor_file_id":"","cover_image":"","cover_image_id":"","duration":"","filesize":"","filesize_raw":"","date_recorded":"","explicit":"","block":"","itunes_episode_number":"","itunes_title":"","itunes_season_number":"","itunes_episode_type":"","ep_exclude_from_search":false,"footnotes":""},"class_list":["post-367869","page","type-page","status-publish","hentry"],"acf":[],"_links":{"self":[{"href":"https:\/\/dev.plumvillage.org\/es\/wp-json\/wp\/v2\/pages\/367869","targetHints":{"allow":["GET"]}}],"collection":[{"href":"https:\/\/dev.plumvillage.org\/es\/wp-json\/wp\/v2\/pages"}],"about":[{"href":"https:\/\/dev.plumvillage.org\/es\/wp-json\/wp\/v2\/types\/page"}],"author":[{"embeddable":true,"href":"https:\/\/dev.plumvillage.org\/es\/wp-json\/wp\/v2\/users\/1112"}],"replies":[{"embeddable":true,"href":"https:\/\/dev.plumvillage.org\/es\/wp-json\/wp\/v2\/comments?post=367869"}],"version-history":[{"count":2,"href":"https:\/\/dev.plumvillage.org\/es\/wp-json\/wp\/v2\/pages\/367869\/revisions"}],"predecessor-version":[{"id":367886,"href":"https:\/\/dev.plumvillage.org\/es\/wp-json\/wp\/v2\/pages\/367869\/revisions\/367886"}],"wp:attachment":[{"href":"https:\/\/dev.plumvillage.org\/es\/wp-json\/wp\/v2\/media?parent=367869"}],"curies":[{"name":"wp","href":"https:\/\/api.w.org\/{rel}","templated":true}]}}