{"id":367873,"date":"2023-03-02T00:14:53","date_gmt":"2023-03-01T23:14:53","guid":{"rendered":"https:\/\/plumvillage.org\/coming-with-my-family\/"},"modified":"2023-03-03T23:40:38","modified_gmt":"2023-03-03T22:40:38","slug":"coming-with-my-family","status":"publish","type":"page","link":"https:\/\/dev.plumvillage.org\/es\/coming-with-my-family","title":{"rendered":"Venir con mi familia"},"content":{"rendered":"\n<p><\/p>\n\n\n\n<h2 class=\"wp-block-heading\">Viene con su familia, incluidos uno o varios progenitores solteros, hijos y\/o un tutor.<\/h2>\n\n\n\n<p><strong><a href=\"https:\/\/typebot.io\/family-2023-es\">Clique aqu\u00ed<\/a> <\/strong>para empezar a inscribir a su familia.<\/p>\n\n\n\n<p><\/p>\n\n\n\n<p class=\"has-text-align-center has-small-font-size\"><a href=\"https:\/\/dev.plumvillage.org\/it\/retreats\/info\/apertura-estiva-2023\/\">Volver a la p\u00e1gina de inscripci\u00f3n de verano<\/a><\/p>\n","protected":false},"excerpt":{"rendered":"<p>Viene con su familia, incluidos uno o varios progenitores solteros, hijos y\/o un tutor. Clique aqu\u00ed para empezar a inscribir a su familia. Volver a la p\u00e1gina de inscripci\u00f3n de verano<\/p>\n","protected":false},"author":1112,"featured_media":0,"parent":0,"menu_order":0,"comment_status":"closed","ping_status":"closed","template":"","meta":{"_acf_changed":false,"sync_status":"","episode_type":"","audio_file":"","castos_file_data":"","podmotor_file_id":"","cover_image":"","cover_image_id":"","duration":"","filesize":"","filesize_raw":"","date_recorded":"","explicit":"","block":"","itunes_episode_number":"","itunes_title":"","itunes_season_number":"","itunes_episode_type":"","ep_exclude_from_search":false,"footnotes":""},"class_list":["post-367873","page","type-page","status-publish","hentry"],"acf":[],"_links":{"self":[{"href":"https:\/\/dev.plumvillage.org\/es\/wp-json\/wp\/v2\/pages\/367873","targetHints":{"allow":["GET"]}}],"collection":[{"href":"https:\/\/dev.plumvillage.org\/es\/wp-json\/wp\/v2\/pages"}],"about":[{"href":"https:\/\/dev.plumvillage.org\/es\/wp-json\/wp\/v2\/types\/page"}],"author":[{"embeddable":true,"href":"https:\/\/dev.plumvillage.org\/es\/wp-json\/wp\/v2\/users\/1112"}],"replies":[{"embeddable":true,"href":"https:\/\/dev.plumvillage.org\/es\/wp-json\/wp\/v2\/comments?post=367873"}],"version-history":[{"count":2,"href":"https:\/\/dev.plumvillage.org\/es\/wp-json\/wp\/v2\/pages\/367873\/revisions"}],"predecessor-version":[{"id":367885,"href":"https:\/\/dev.plumvillage.org\/es\/wp-json\/wp\/v2\/pages\/367873\/revisions\/367885"}],"wp:attachment":[{"href":"https:\/\/dev.plumvillage.org\/es\/wp-json\/wp\/v2\/media?parent=367873"}],"curies":[{"name":"wp","href":"https:\/\/api.w.org\/{rel}","templated":true}]}}