{"id":10140,"date":"2016-07-27T21:08:23","date_gmt":"2016-07-27T19:08:23","guid":{"rendered":"https:\/\/villagedespruniers.net\/?page_id=10140"},"modified":"2023-10-17T16:17:24","modified_gmt":"2023-10-17T14:17:24","slug":"inscription-au-hameau-du-haut","status":"publish","type":"page","link":"https:\/\/dev.plumvillage.org\/fr\/retraites\/inscription-au-hameau-du-haut","title":{"rendered":"Inscription au Hameau du Haut"},"content":{"rendered":"\n<p><strong>Veuillez remplir un formulaire d&rsquo;inscription par personne. <\/strong>Le paiement sera demand\u00e9 une fois que le bureau d&rsquo;inscription aura accept\u00e9 votre demande et vous aura envoy\u00e9 un courriel avec un lien de paiement pour finaliser votre r\u00e9servation. Veuillez noter que vos r\u00e9servations seront trait\u00e9es par le biais d&rsquo;un syst\u00e8me et d&rsquo;un logiciel en ligne appel\u00e9 Planyo.<\/p>\n\n\n\n<p><strong>Vous trouverez ci-dessous toutes les options d&rsquo;h\u00e9bergement disponibles. <\/strong>Si vous avez besoin d&rsquo;une chambre accessible aux fauteuils roulants, <a href=\"https:\/\/dev.plumvillage.org\/fr\/contact\" data-type=\"URL\" data-id=\"https:\/\/dev.plumvillage.org\/fr\/contact\">veuillez nous contacter<\/a>. Si vous ne voyez pas de lits disponibles ou le type d&rsquo;h\u00e9bergement que vous souhaitez, cela signifie qu&rsquo;ils ont tous \u00e9t\u00e9 r\u00e9serv\u00e9s. <strong>Toutefois, des places se lib\u00e8rent en cas d&rsquo;annulation.<\/strong> Vous pouvez donc revenir sur cette page pour v\u00e9rifier les disponibilit\u00e9s, car nous ne tenons pas de liste d&rsquo;attente et nous ne traitons pas les inscriptions individuelles par le biais du formulaire de contact ou par courrier \u00e9lectronique.<\/p>\n\n\n\n<p><strong>Le prix indiqu\u00e9 pour chaque logement est par personne.<\/strong><\/p>\n\n\n\n<figure class=\"wp-block-image size-full is-resized is-style-default\"><img loading=\"lazy\" decoding=\"async\" width=\"201\" height=\"48\" src=\"https:\/\/dev.plumvillage.org\/wp-content\/uploads\/2022\/03\/logo.png\" alt=\"\" class=\"wp-image-277875\" style=\"width:206px;height:50px\"\/><\/figure>\n\n\n\n<script type=\"text\/javascript\">\n    function planyo_apply_top_level_class() { }; \/\/define missing function for now\n    \/\/ change the following values to match your settings\n    var planyo_site_id = '9813'; \/\/ ID of your planyo site\n    var planyo_default_mode = 'empty'; \/\/ one of: 'resource_list' (displays list of resources with photos, descriptions etc.), 'search' (displays the search box), 'empty' (will not display anything by default but will require you to either pass the resource ID as parameter in the URL (resource_id) or add an external search box or calendar preview), 'upcoming_availability' (displays a quick list of all upcoming availability)\n    var extra_search_fields = ''; \/\/ comma-separated extra fields in the search box, e.g. 'Number of persons'. You first need to define them in settings\/custom resource properties\n    var sort_fields = ''; \/\/ comma-separated sort fields for the search box -- a single field will hide the sort dropdown box\n    var planyo_resource_ordering = 'name'; \/\/ optional sort criterium for resource list\n    var planyo_include_js_library = true; \/\/ set this to true if jQuery (required) should be included by this plugin, or false if your website already includes jQuery\n    var planyo_attribs = ''; \/\/ optionally you can insert the attribute string here\n    var planyo_resource_id = ''; \/\/ optional: ID of the resource being reserved\n    var planyo_language = 'FR'; \/\/ you can optionally change the language here, e.g. 'FR' or 'ES' or pass the languge in the 'lang' parameter. 'AUTO' means the language is detected automatically\n    \/\/var ulap_script = \"ulap.php\";\n    var ulap_script = \"jsonp\"; \/\/ leave this as \"jsonp\" for a plain-javascript implementation --OR-- if using a php\/asp.net\/java implementation, one of the ULAP scripts: \"ulap.php\", \"ulap.aspx\", \"ulap.jsp\", in such case you must download the advanced integration Planyo files from http:\/\/www.planyo.com\/Plugins\/PlanyoFiles\/planyo-files.zip\n    var planyo_use_https = (\"https:\" == document.location.protocol); \/\/ set this to true if embedding planyo on a secure website (SSL)\n    var planyo_files_location = '\/planyo-salesforce-integration\/planyo-files'\n    \/\/var planyo_files_location = (planyo_use_https ? \"https\" : \"http\") + ':\/\/www.planyo.com\/Plugins\/PlanyoFiles'; \/\/ relative or absolute directory where the planyo files are kept (leave unchanged for plain-javascript implementation, otherwise e.g. '\/planyo-files' when using the ULAP scripts)\n    var empty_mode = false; \/\/ should be always set to false\n<\/script>\n\n<script type=\"text\/javascript\">\n    function get_param(name) { name = name.replace(\/[\\[]\/, \"\\\\\\[\").replace(\/[\\]]\/, \"\\\\\\]\"); var regexS = \"[\\\\?&]\" + name + \"=([^&#]*)\"; var regex = new RegExp(regexS); var results = regex.exec(window.location.href); if (results == null) return null; else return results[1]; }\n    if (get_param('mode')) planyo_embed_mode = get_param('mode');\n    function get_full_planyo_file_path(name) { if (planyo_files_location.length == 0 || planyo_files_location.lastIndexOf('\/') == planyo_files_location.length - 1) return planyo_files_location + name; else return planyo_files_location + '\/' + name; }\n<\/script>\n<div id=\"planyo_content\" class=\"planyo\"><img decoding=\"async\" src=\"https:\/\/www.planyo.com\/images\/hourglass.gif\" align=\"middle\"><\/div>\n<script src=\"https:\/\/www.planyo.com\/Plugins\/PlanyoFiles\/booking-utils.js\" type=\"text\/javascript\"><\/script>\n<style>\n    div.search-box,\n    #row_start_date,\n    #row_end_date,\n    .poweredby,\n    .site-footer>.container>.row {\n        display: none;\n    }\n\n    #search-results>.col-md-12 {\n        margin-bottom: 2em;\n        padding: 1em 0 2em 0;\n        border-bottom: 1px #F3F3F3 solid;\n    }\n\n    .search-price,\n    .action-buttons {\n        display: inline-block;\n    }\n\n    .action-buttons {\n        vertical-align: text-bottom;\n    }\nselect.form-control {\n  height: auto;\n}\n.resource-name {\n    max-width: 100%;\n}\n.resource-info {\n    border-bottom: 1px solid #f3f3f3;\n}\n.centered-content {\n    border-right: 0 none;\n}\n<\/style>\n\n\n\n","protected":false},"excerpt":{"rendered":"<p>Veuillez remplir un formulaire d&rsquo;inscription par personne. Le paiement sera demand\u00e9 une fois que le bureau d&rsquo;inscription aura accept\u00e9 votre demande et vous aura envoy\u00e9 un courriel avec un lien de paiement pour finaliser votre r\u00e9servation. Veuillez noter que vos r\u00e9servations seront trait\u00e9es par le biais d&rsquo;un syst\u00e8me et d&rsquo;un logiciel en ligne appel\u00e9 Planyo.<\/p>\n","protected":false},"author":90,"featured_media":0,"parent":285068,"menu_order":0,"comment_status":"closed","ping_status":"closed","template":"","meta":{"_acf_changed":false,"sync_status":"","episode_type":"","audio_file":"","castos_file_data":"","podmotor_file_id":"","cover_image":"","cover_image_id":"","duration":"","filesize":"","filesize_raw":"","date_recorded":"","explicit":"","block":"","itunes_episode_number":"","itunes_title":"","itunes_season_number":"","itunes_episode_type":"","ep_exclude_from_search":false,"footnotes":""},"class_list":["post-10140","page","type-page","status-publish","hentry"],"acf":[],"_links":{"self":[{"href":"https:\/\/dev.plumvillage.org\/fr\/wp-json\/wp\/v2\/pages\/10140","targetHints":{"allow":["GET"]}}],"collection":[{"href":"https:\/\/dev.plumvillage.org\/fr\/wp-json\/wp\/v2\/pages"}],"about":[{"href":"https:\/\/dev.plumvillage.org\/fr\/wp-json\/wp\/v2\/types\/page"}],"author":[{"embeddable":true,"href":"https:\/\/dev.plumvillage.org\/fr\/wp-json\/wp\/v2\/users\/90"}],"replies":[{"embeddable":true,"href":"https:\/\/dev.plumvillage.org\/fr\/wp-json\/wp\/v2\/comments?post=10140"}],"version-history":[{"count":5,"href":"https:\/\/dev.plumvillage.org\/fr\/wp-json\/wp\/v2\/pages\/10140\/revisions"}],"predecessor-version":[{"id":409781,"href":"https:\/\/dev.plumvillage.org\/fr\/wp-json\/wp\/v2\/pages\/10140\/revisions\/409781"}],"up":[{"embeddable":true,"href":"https:\/\/dev.plumvillage.org\/fr\/wp-json\/wp\/v2\/pages\/285068"}],"wp:attachment":[{"href":"https:\/\/dev.plumvillage.org\/fr\/wp-json\/wp\/v2\/media?parent=10140"}],"curies":[{"name":"wp","href":"https:\/\/api.w.org\/{rel}","templated":true}]}}