{"id":10937,"date":"2022-03-27T17:50:00","date_gmt":"2022-03-27T15:50:00","guid":{"rendered":"https:\/\/villagedespruniers.net\/?page_id=10937"},"modified":"2022-07-15T09:38:00","modified_gmt":"2022-07-15T07:38:00","slug":"informations-importantes","status":"publish","type":"page","link":"https:\/\/dev.plumvillage.org\/fr\/retraites\/informations-importantes","title":{"rendered":"Retraites au Village des Pruniers : informations importantes"},"content":{"rendered":"\n<p class=\"has-large-font-size\">Cette page donne des informations concernant les retraites en personne au Village des Pruniers, en France. Vous pouvez \u00e9galement faire l&rsquo;exp\u00e9rience d&rsquo;une retraite au Village des Pruniers dans nos autres centres de pratique monastique internationaux et lorsque les moines et moniales du Village des Pruniers sont en tourn\u00e9e.<\/p>\n\n\n\n<div class=\"jump-to alignwide\" id=\"lart-de-vivre-en-pleine-conscience\">\n\t<hr>\n\t<span class=\"jump-to-text\"><span class=\"label\">Allez vers <span class=\"icon icon-arrow-tiny\"><\/span><\/span>\n\t<a class=\"active\" href=\"#lart-de-vivre-en-pleine-conscience\">L&rsquo;art de vivre en pleine conscience<\/a>, <a  href=\"#la-vie-en-communaute\">La vie en communaut\u00e9<\/a>, <a  href=\"#combien-de-temps-rester\">Combien de temps rester<\/a>, <a  href=\"#quand-venir\">Quand venir<\/a>, <a  href=\"#cadre-monastique\">Cadre monastique<\/a>, <a  href=\"#qui-peut-venir\">Qui peut venir<\/a>, <a  href=\"#votre-sante\">Votre sant\u00e9<\/a>, <a  href=\"#planifier-une-retraite\">Planifier une retraite<\/a><\/span>\n<\/div>\n\n\n<figure class=\"wp-block-image alignright size-large\"><img loading=\"lazy\" decoding=\"async\" width=\"1024\" height=\"436\" src=\"https:\/\/dev.plumvillage.org\/wp-content\/uploads\/2018\/09\/37948166_1792481017506546_6719639908421468160_o-1024x436.jpg\" alt=\"\" class=\"wp-image-32381\" srcset=\"https:\/\/dev.plumvillage.org\/wp-content\/uploads\/2018\/09\/37948166_1792481017506546_6719639908421468160_o-1024x436.jpg 1024w, https:\/\/dev.plumvillage.org\/wp-content\/uploads\/2018\/09\/37948166_1792481017506546_6719639908421468160_o-499x212.jpg 499w, https:\/\/dev.plumvillage.org\/wp-content\/uploads\/2018\/09\/37948166_1792481017506546_6719639908421468160_o-768x327.jpg 768w, https:\/\/dev.plumvillage.org\/wp-content\/uploads\/2018\/09\/37948166_1792481017506546_6719639908421468160_o-300x128.jpg 300w, https:\/\/dev.plumvillage.org\/wp-content\/uploads\/2018\/09\/37948166_1792481017506546_6719639908421468160_o-100x43.jpg 100w, https:\/\/dev.plumvillage.org\/wp-content\/uploads\/2018\/09\/37948166_1792481017506546_6719639908421468160_o-150x64.jpg 150w, https:\/\/dev.plumvillage.org\/wp-content\/uploads\/2018\/09\/37948166_1792481017506546_6719639908421468160_o-200x85.jpg 200w, https:\/\/dev.plumvillage.org\/wp-content\/uploads\/2018\/09\/37948166_1792481017506546_6719639908421468160_o-450x192.jpg 450w, https:\/\/dev.plumvillage.org\/wp-content\/uploads\/2018\/09\/37948166_1792481017506546_6719639908421468160_o-600x256.jpg 600w, https:\/\/dev.plumvillage.org\/wp-content\/uploads\/2018\/09\/37948166_1792481017506546_6719639908421468160_o-900x383.jpg 900w, https:\/\/dev.plumvillage.org\/wp-content\/uploads\/2018\/09\/37948166_1792481017506546_6719639908421468160_o.jpg 1200w\" sizes=\"auto, (max-width: 1024px) 100vw, 1024px\" \/><figcaption>Groupe de partage sous le grand ch\u00eane pendant la retraite d&rsquo;\u00e9t\u00e9 au Hameau du bas<\/figcaption><\/figure>\n\n\n\n<h3 class=\"wp-block-heading\">L&rsquo;art de vivre en pleine conscience<\/h3>\n\n\n\n<p>Venir au Village des Pruniers pour une retraite est une occasion d&rsquo;appr\u00e9cier une vie simple et paisible, et d&rsquo;apprendre \u00e0 cultiver l&rsquo;\u00e9nergie de la Pleine Conscience, afin d&rsquo;avoir plus de libert\u00e9, de paix et de bonheur dans notre vie quotidienne. C&rsquo;est aussi une possibilit\u00e9 de nourrir notre cheminement int\u00e9rieur en prenant le temps de regarder profond\u00e9ment afin de transformer \u00e0 la fois nos difficult\u00e9s personnelles et celles de notre soci\u00e9t\u00e9.<\/p>\n\n\n\n<p>Au Village des Pruniers nous apprenons \u00e0 int\u00e9grer la pleine conscience dans toutes nos activit\u00e9s quotidiennes, et nous vivons chaque moment plus profond\u00e9ment. Nous pratiquons la m\u00e9ditation tout au long de la journ\u00e9e &#8211; en mangeant, marchant, travaillant, nous asseyant, ou simplement en appr\u00e9ciant une tasse de th\u00e9 ensemble.<\/p>\n\n\n\n<div class=\"jump-to alignwide\" id=\"la-vie-en-communaute\">\n\t<hr>\n\t<span class=\"jump-to-text\"><span class=\"label\">Allez vers <span class=\"icon icon-arrow-tiny\"><\/span><\/span>\n\t<a  href=\"#lart-de-vivre-en-pleine-conscience\">L&rsquo;art de vivre en pleine conscience<\/a>, <a class=\"active\" href=\"#la-vie-en-communaute\">La vie en communaut\u00e9<\/a>, <a  href=\"#combien-de-temps-rester\">Combien de temps rester<\/a>, <a  href=\"#quand-venir\">Quand venir<\/a>, <a  href=\"#cadre-monastique\">Cadre monastique<\/a>, <a  href=\"#qui-peut-venir\">Qui peut venir<\/a>, <a  href=\"#votre-sante\">Votre sant\u00e9<\/a>, <a  href=\"#planifier-une-retraite\">Planifier une retraite<\/a><\/span>\n<\/div>\n\n\n<h3 class=\"wp-block-heading\">La vie en communaut\u00e9<\/h3>\n\n\n\n<p>Tous ceux qui vivent au Village des Pruniers participent aux activit\u00e9s telles que la marche et l&rsquo;assise m\u00e9ditatives ainsi qu&rsquo;au travail communautaire  (par exemple: pr\u00e9parer la salle de m\u00e9ditation, nettoyer les sanitaires, faire la vaisselle ou autres taches simples). Cela fait partie de la pratique quotidienne de la pleine conscience.<\/p>\n\n\n\n<figure class=\"wp-block-image aligncenter size-medium\"><img loading=\"lazy\" decoding=\"async\" width=\"499\" height=\"334\" src=\"https:\/\/dev.plumvillage.org\/wp-content\/uploads\/2018\/02\/DSC_0114-499x334.jpg\" alt=\"\" class=\"wp-image-32091\" srcset=\"https:\/\/dev.plumvillage.org\/wp-content\/uploads\/2018\/02\/DSC_0114-499x334.jpg 499w, https:\/\/dev.plumvillage.org\/wp-content\/uploads\/2018\/02\/DSC_0114-768x514.jpg 768w, https:\/\/dev.plumvillage.org\/wp-content\/uploads\/2018\/02\/DSC_0114-1024x685.jpg 1024w, https:\/\/dev.plumvillage.org\/wp-content\/uploads\/2018\/02\/DSC_0114-300x201.jpg 300w, https:\/\/dev.plumvillage.org\/wp-content\/uploads\/2018\/02\/DSC_0114-100x67.jpg 100w, https:\/\/dev.plumvillage.org\/wp-content\/uploads\/2018\/02\/DSC_0114-150x100.jpg 150w, https:\/\/dev.plumvillage.org\/wp-content\/uploads\/2018\/02\/DSC_0114-200x134.jpg 200w, https:\/\/dev.plumvillage.org\/wp-content\/uploads\/2018\/02\/DSC_0114-450x301.jpg 450w, https:\/\/dev.plumvillage.org\/wp-content\/uploads\/2018\/02\/DSC_0114-600x402.jpg 600w, https:\/\/dev.plumvillage.org\/wp-content\/uploads\/2018\/02\/DSC_0114-900x602.jpg 900w, https:\/\/dev.plumvillage.org\/wp-content\/uploads\/2018\/02\/DSC_0114.jpg 1920w\" sizes=\"auto, (max-width: 499px) 100vw, 499px\" \/><figcaption>Session de travail m\u00e9ditatif \u00e0 la Happy Farm du Hameau du Haut<\/figcaption><\/figure>\n\n\n\n<p>Nous mettons l&#8217;emphase sur la pratique communautaire afin de nous soutenir les uns les autres et d&rsquo;apprendre \u00e0 vivre ensemble en harmonie. Nous demandons \u00e0 tous de contribuer \u00e0 l&rsquo;\u00e9nergie collective de pratique en participant \u00e0 toutes les activit\u00e9s programm\u00e9es.<\/p>\n\n\n\n<div class=\"jump-to alignwide\" id=\"combien-de-temps-rester\">\n\t<hr>\n\t<span class=\"jump-to-text\"><span class=\"label\">Allez vers <span class=\"icon icon-arrow-tiny\"><\/span><\/span>\n\t<a  href=\"#lart-de-vivre-en-pleine-conscience\">L&rsquo;art de vivre en pleine conscience<\/a>, <a  href=\"#la-vie-en-communaute\">La vie en communaut\u00e9<\/a>, <a class=\"active\" href=\"#combien-de-temps-rester\">Combien de temps rester<\/a>, <a  href=\"#quand-venir\">Quand venir<\/a>, <a  href=\"#cadre-monastique\">Cadre monastique<\/a>, <a  href=\"#qui-peut-venir\">Qui peut venir<\/a>, <a  href=\"#votre-sante\">Votre sant\u00e9<\/a>, <a  href=\"#planifier-une-retraite\">Planifier une retraite<\/a><\/span>\n<\/div>\n\n\n<h3 class=\"wp-block-heading\">Combien de temps rester ?<\/h3>\n\n\n\n<p>Nous recommandons des s\u00e9jours d&rsquo;une ou deux semaines, en particulier \u00e0 ceux qui viennent pour la premi\u00e8re fois. Il est \u00e9galement possible de demander \u00e0 rester plus de deux semaines et, durant les p\u00e9riodes calmes, il est parfois possible de venir pour moins d&rsquo;une semaine, par exemple un long week-end ( du vendredi soir au dimanche soir).<\/p>\n\n\n\n<p class=\"has-fresh-stamp-background-color has-background\">Pour les nuit\u00e9es, chaque hameau ne peut recevoir que des invit\u00e9s qui se sont inscrits et ont pay\u00e9 pour l&rsquo;une de nos retraites dans notre calendrier des retraites. Nous ne sommes pas en mesure d&rsquo;accueillir des personnes qui arrivent sans r\u00e9servation. Nous ne pouvons pas non plus accueillir des invit\u00e9s qui souhaitent passer la nuit en dehors des dates de retraite. Nous vous remercions de votre soutien et de votre compr\u00e9hension.<\/p>\n\n\n\n<div class=\"jump-to alignwide\" id=\"quand-venir\">\n\t<hr>\n\t<span class=\"jump-to-text\"><span class=\"label\">Allez vers <span class=\"icon icon-arrow-tiny\"><\/span><\/span>\n\t<a  href=\"#lart-de-vivre-en-pleine-conscience\">L&rsquo;art de vivre en pleine conscience<\/a>, <a  href=\"#la-vie-en-communaute\">La vie en communaut\u00e9<\/a>, <a  href=\"#combien-de-temps-rester\">Combien de temps rester<\/a>, <a class=\"active\" href=\"#quand-venir\">Quand venir<\/a>, <a  href=\"#cadre-monastique\">Cadre monastique<\/a>, <a  href=\"#qui-peut-venir\">Qui peut venir<\/a>, <a  href=\"#votre-sante\">Votre sant\u00e9<\/a>, <a  href=\"#planifier-une-retraite\">Planifier une retraite<\/a><\/span>\n<\/div>\n\n\n<h3 class=\"wp-block-heading\">Quand venir ?<\/h3>\n\n\n\n<p>Vous pouvez venir durant nos p\u00e9riodes d&rsquo;ouverture, comme la retraite de printemps ou la retraite d&rsquo;automne, ou pour une retraite sp\u00e9ciale telle qu&rsquo;une retraite Sant\u00e9, une retraite d&rsquo;exp\u00e9rience \u00e0 la ferme, une retraite pour les \u00e9ducateurs, ou notre retraite d&rsquo;\u00e9t\u00e9 de quatre semaines. Les retraites sp\u00e9ciales ont un programme plus intense que les retraites de printemps et d&rsquo;automne, et nous avons beaucoup plus de retraitants (parfois plus de 700 dans tout le Village des Pruniers). Pendant les retraites sp\u00e9ciales, l&rsquo;exp\u00e9rience d&rsquo;une semaine inclut des rencontres quotidiennes avec un groupe de 20 \u00e0 30 personnes, chaque groupe \u00e9tant guid\u00e9 par un membre de la communaut\u00e9 monastique. La retraite des pluies est destin\u00e9e aux moines et moniales, mais c&rsquo;est \u00e9galement une p\u00e9riode puissante de pratique en profondeur. Pour plus d&rsquo;informations, consultez notre programme de retraites.<\/p>\n\n\n\n<div class=\"jump-to alignwide\" id=\"cadre-monastique\">\n\t<hr>\n\t<span class=\"jump-to-text\"><span class=\"label\">Allez vers <span class=\"icon icon-arrow-tiny\"><\/span><\/span>\n\t<a  href=\"#lart-de-vivre-en-pleine-conscience\">L&rsquo;art de vivre en pleine conscience<\/a>, <a  href=\"#la-vie-en-communaute\">La vie en communaut\u00e9<\/a>, <a  href=\"#combien-de-temps-rester\">Combien de temps rester<\/a>, <a  href=\"#quand-venir\">Quand venir<\/a>, <a class=\"active\" href=\"#cadre-monastique\">Cadre monastique<\/a>, <a  href=\"#qui-peut-venir\">Qui peut venir<\/a>, <a  href=\"#votre-sante\">Votre sant\u00e9<\/a>, <a  href=\"#planifier-une-retraite\">Planifier une retraite<\/a><\/span>\n<\/div>\n\n\n<h3 class=\"wp-block-heading\">Un cadre monastique<\/h3>\n\n\n\n<p>Le Village des Pruniers est une communaut\u00e9 monastique comprenant plus de 200 moines et moniales. Nous vous demandons, comme faisant partie de votre pratique pendant votre s\u00e9jour, de soutenir l&rsquo;atmosph\u00e8re du monast\u00e8re en suivant les principes \u00e9thiques de la vie en pleine conscience d\u00e9taill\u00e9s dans <a href=\"https:\/\/dev.plumvillage.org\/fr\/pratiques-de-pleine-conscience\/les-5-entrainements-a-la-pleine-conscience\">les Cinq Entrainements \u00e0 la Pleine Conscience<\/a>. Les Cinq Entrainements \u00e0 la Pleine Conscience sont le fondement de la communaut\u00e9 du Village des Pruniers, apportant bonheur et sens \u00e0 tout ce que nous faisons. <\/p>\n\n\n\n<p>En particulier, nous demandons \u00e0 tous les retraitants de s&rsquo;abstenir d&rsquo;activit\u00e9 sexuelle, de fumer, de boire de l&rsquo;alcool et de consommer de la drogue. Au Village des Pruniers nous suivons un regime alimentaire v\u00e9gane, et nous vous demandons de ne pas apporter de nourriture d&rsquo;origine animale dans notre centre de pratique.<\/p>\n\n\n\n<div class=\"jump-to alignwide\" id=\"qui-peut-venir\">\n\t<hr>\n\t<span class=\"jump-to-text\"><span class=\"label\">Allez vers <span class=\"icon icon-arrow-tiny\"><\/span><\/span>\n\t<a  href=\"#lart-de-vivre-en-pleine-conscience\">L&rsquo;art de vivre en pleine conscience<\/a>, <a  href=\"#la-vie-en-communaute\">La vie en communaut\u00e9<\/a>, <a  href=\"#combien-de-temps-rester\">Combien de temps rester<\/a>, <a  href=\"#quand-venir\">Quand venir<\/a>, <a  href=\"#cadre-monastique\">Cadre monastique<\/a>, <a class=\"active\" href=\"#qui-peut-venir\">Qui peut venir<\/a>, <a  href=\"#votre-sante\">Votre sant\u00e9<\/a>, <a  href=\"#planifier-une-retraite\">Planifier une retraite<\/a><\/span>\n<\/div>\n\n\n<figure class=\"wp-block-image alignright size-large is-resized\"><img loading=\"lazy\" decoding=\"async\" src=\"https:\/\/dev.plumvillage.org\/wp-content\/uploads\/2019\/08\/082-TNH-teaching-in-Plum-Village-PHOTO-PVCEB-1024x638.jpg\" alt=\"\" class=\"wp-image-140887\" width=\"250\" height=\"155\" srcset=\"https:\/\/dev.plumvillage.org\/wp-content\/uploads\/2019\/08\/082-TNH-teaching-in-Plum-Village-PHOTO-PVCEB-1024x638.jpg 1024w, https:\/\/dev.plumvillage.org\/wp-content\/uploads\/2019\/08\/082-TNH-teaching-in-Plum-Village-PHOTO-PVCEB-499x311.jpg 499w, https:\/\/dev.plumvillage.org\/wp-content\/uploads\/2019\/08\/082-TNH-teaching-in-Plum-Village-PHOTO-PVCEB-768x479.jpg 768w, https:\/\/dev.plumvillage.org\/wp-content\/uploads\/2019\/08\/082-TNH-teaching-in-Plum-Village-PHOTO-PVCEB.jpg 1600w\" sizes=\"auto, (max-width: 250px) 100vw, 250px\" \/><figcaption>Un enseignement pendant la retraite d&rsquo;\u00e9t\u00e9 au Hameau du Haut<\/figcaption><\/figure>\n\n\n\n<h3 class=\"wp-block-heading\">Qui peut venir ?<\/h3>\n\n\n\n<p>Les personnes de toute origine sociale, culturelle, religieuse, de toute  opinion politique, de toute orientation sexuelle ou affective et de  toute expression ou identit\u00e9 de genre sont bienvenues pour une retraite  au Village des Pruniers. Nous faisons de notre mieux pour adapter nos  hameaux aux personnes avec handicap de fa\u00e7on \u00e0 ce que toutes les  activit\u00e9s leur soient accessibles. Merci de nous <a href=\"https:\/\/dev.plumvillage.org\/fr\/contact\/\">contacter<\/a> avant votre venue si vous avez des besoins particuliers.<\/p>\n\n\n\n<div class=\"jump-to alignwide\" id=\"votre-sante\">\n\t<hr>\n\t<span class=\"jump-to-text\"><span class=\"label\">Allez vers <span class=\"icon icon-arrow-tiny\"><\/span><\/span>\n\t<a  href=\"#lart-de-vivre-en-pleine-conscience\">L&rsquo;art de vivre en pleine conscience<\/a>, <a  href=\"#la-vie-en-communaute\">La vie en communaut\u00e9<\/a>, <a  href=\"#combien-de-temps-rester\">Combien de temps rester<\/a>, <a  href=\"#quand-venir\">Quand venir<\/a>, <a  href=\"#cadre-monastique\">Cadre monastique<\/a>, <a  href=\"#qui-peut-venir\">Qui peut venir<\/a>, <a class=\"active\" href=\"#votre-sante\">Votre sant\u00e9<\/a>, <a  href=\"#planifier-une-retraite\">Planifier une retraite<\/a><\/span>\n<\/div>\n\n\n<h3 class=\"wp-block-heading\">Votre sant\u00e9<\/h3>\n\n\n\n<p>Beaucoup d&rsquo;amis ont fait l&rsquo;experience d&rsquo;une diminution d&rsquo;anxi\u00e9t\u00e9, d&rsquo;un all\u00e9gement de d\u00e9pression et d&rsquo;une am\u00e9lioration de leur bien-\u00eatre g\u00e9n\u00e9ral avec la pratique de la Pleine Conscience. N\u00e9anmoins, nous exhortons tous les retraitants \u00e0 continuer toute m\u00e9dication prescrite par votre m\u00e9decin pendant votre s\u00e9jour.<\/p>\n\n\n\n<p>Si vous souffrez d&rsquo;une maladie physique ou mentale chronique de long terme, faites-le nous savoir et demandez \u00e0 votre m\u00e9decin son avis sur votre participation \u00e0 une retraite avec nous. Si vous avez une question \u00e0 ce sujet, vous pouvez nous demander des clarifications.<\/p>\n\n\n\n<p><em>Pour celles et ceux qui se sont d\u00e9j\u00e0 inscrits pour participer \u00e0 une retraite, contactez-nous par un des liens inscrits dans les mails de r\u00e9servation.<\/em><\/p>\n\n\n\n<div class=\"jump-to alignwide\" id=\"planifier-une-retraite\">\n\t<hr>\n\t<span class=\"jump-to-text\"><span class=\"label\">Allez vers <span class=\"icon icon-arrow-tiny\"><\/span><\/span>\n\t<a  href=\"#lart-de-vivre-en-pleine-conscience\">L&rsquo;art de vivre en pleine conscience<\/a>, <a  href=\"#la-vie-en-communaute\">La vie en communaut\u00e9<\/a>, <a  href=\"#combien-de-temps-rester\">Combien de temps rester<\/a>, <a  href=\"#quand-venir\">Quand venir<\/a>, <a  href=\"#cadre-monastique\">Cadre monastique<\/a>, <a  href=\"#qui-peut-venir\">Qui peut venir<\/a>, <a  href=\"#votre-sante\">Votre sant\u00e9<\/a>, <a class=\"active\" href=\"#planifier-une-retraite\">Planifier une retraite<\/a><\/span>\n<\/div>\n\n\n<h3 class=\"wp-block-heading\">Planifier une retraite.<\/h3>\n\n\n\n<p>Avant de s&rsquo;inscrire, sachez que le Village des Pruniers comporte trois Hameaux (ou lieux de r\u00e9sidence) : un pour les moines et hommes la\u00efcs et deux pour les moniales et femmes la\u00efques. Les <strong>hommes seuls<\/strong> doivent s&rsquo;inscrire au Hameau du Haut&nbsp;; les <strong>femmes seules<\/strong> soit au&nbsp;Hameau du Bas soit un&nbsp;Hameau Nouveau. Les <strong>couples et les familles<\/strong> peuvent s&rsquo;inscrire dans tous les hameaux.<\/p>\n\n\n\n<p>Pour planifier une retraite, vous pouvez consulter les pages suivantes :<\/p>\n\n\n\n<ul class=\"wp-block-list\"><li><a rel=\"noreferrer noopener\" href=\"https:\/\/dev.plumvillage.org\/fr\/retraites\/calendrier-retraites\/\" target=\"_blank\">Calendrier des retraites<\/a> (et r\u00e9servations)<\/li><li><a rel=\"noreferrer noopener\" href=\"https:\/\/dev.plumvillage.org\/fr\/communaute\/centres-de-pratique-monastique\/\" target=\"_blank\">Nos centres de pratique monastique<\/a> dans le monde<\/li><\/ul>\n\n\n\n<p><\/p>\n","protected":false},"excerpt":{"rendered":"<p>Cette page donne des informations concernant les retraites en personne au Village des Pruniers, en France. Vous pouvez \u00e9galement faire l&rsquo;exp\u00e9rience d&rsquo;une retraite au Village des Pruniers dans nos autres centres de pratique monastique internationaux et lorsque les moines et moniales du Village des Pruniers sont en tourn\u00e9e. L&rsquo;art de vivre en pleine conscience Venir<\/p>\n","protected":false},"author":9,"featured_media":0,"parent":285068,"menu_order":0,"comment_status":"closed","ping_status":"closed","template":"","meta":{"_acf_changed":false,"sync_status":"","episode_type":"","audio_file":"","castos_file_data":"","podmotor_file_id":"","cover_image":"","cover_image_id":"","duration":"","filesize":"","filesize_raw":"","date_recorded":"","explicit":"","block":"","itunes_episode_number":"","itunes_title":"","itunes_season_number":"","itunes_episode_type":"","ep_exclude_from_search":false,"footnotes":""},"class_list":["post-10937","page","type-page","status-publish","hentry"],"acf":[],"_links":{"self":[{"href":"https:\/\/dev.plumvillage.org\/fr\/wp-json\/wp\/v2\/pages\/10937","targetHints":{"allow":["GET"]}}],"collection":[{"href":"https:\/\/dev.plumvillage.org\/fr\/wp-json\/wp\/v2\/pages"}],"about":[{"href":"https:\/\/dev.plumvillage.org\/fr\/wp-json\/wp\/v2\/types\/page"}],"author":[{"embeddable":true,"href":"https:\/\/dev.plumvillage.org\/fr\/wp-json\/wp\/v2\/users\/9"}],"replies":[{"embeddable":true,"href":"https:\/\/dev.plumvillage.org\/fr\/wp-json\/wp\/v2\/comments?post=10937"}],"version-history":[{"count":0,"href":"https:\/\/dev.plumvillage.org\/fr\/wp-json\/wp\/v2\/pages\/10937\/revisions"}],"up":[{"embeddable":true,"href":"https:\/\/dev.plumvillage.org\/fr\/wp-json\/wp\/v2\/pages\/285068"}],"wp:attachment":[{"href":"https:\/\/dev.plumvillage.org\/fr\/wp-json\/wp\/v2\/media?parent=10937"}],"curies":[{"name":"wp","href":"https:\/\/api.w.org\/{rel}","templated":true}]}}