{"id":10943,"date":"2022-03-27T15:30:10","date_gmt":"2022-03-27T13:30:10","guid":{"rendered":"https:\/\/villagedespruniers.net\/?page_id=10943"},"modified":"2022-12-21T15:01:11","modified_gmt":"2022-12-21T14:01:11","slug":"comment-venir","status":"publish","type":"page","link":"https:\/\/dev.plumvillage.org\/fr\/retraites\/informations-importantes\/comment-venir","title":{"rendered":"Comment venir"},"content":{"rendered":"<p>Le Village se situe \u00e0 85 km de Bordeaux, et \u00e0 4h de Paris en train.<\/p>\n<h4>En train<\/h4>\n<p>Il y a r\u00e9guli\u00e8rement des TGV entre Bordeaux et Paris, et au moins un TGV par jour qui rejoint l\u2019a\u00e9roport Charles de Gaulle \u00e0 Paris. Certains de ces TGV s\u2019arr\u00eatent \u00e0 Libourne, o\u00f9 vous pouvez descendre. A partir de Bordeaux (Gare St Jean) ou de Libourne, prenez un train r\u00e9gional en direction de Bergerac ou de Sarlat, et <strong>descendez \u00e0 Sainte Foy la Grande<\/strong>.<\/p>\n<h4>En avion<\/h4>\n<p>A partir de l\u2019a\u00e9roport de Bordeaux, prenez la navette pour la gare St. Jean, puis prenez le train jusqu\u2019\u00e0 Ste. Foy la Grande.<\/p>\n<p>(Si vous pouvez choisir, prenez svp le train, c\u2019est moins polluant!)<\/p>\n<p>Transports fournis par le Village:<\/p>\n<p>Nous assurons votre transport de et pour la gare de Ste. Foy la Grande tous les vendredis (jours d\u2019arriv\u00e9e et de d\u00e9part), sauf lors des retraites sp\u00e9ciales qui peuvent avoir un jour d\u2019arriv\u00e9e diff\u00e9rent. Ce service co\u00fbte 20\u20ac aller\/retour, ce qui nous permet de payer l\u2019essence et d\u2019entretenir nos v\u00e9hicules. Donnez-vous svp votre heure exacte d\u2019arriv\u00e9e, soit sur la fiche d\u2019inscription, soit par e-mail ou t\u00e9l\u00e9phone quelques jours avant votre arriv\u00e9e. Vous nous communiquerez votre heure de d\u00e9part la veille de celui-ci.<\/p>\n<h4>Taxi<\/h4>\n<p>Si vous arrivez un autre jour que le vendredi, vous pouvez appeler un taxi au 05.57.46.02.47. Le voyage co\u00fbte environ 40\u20ac (+50% la nuit, le week-end et jours f\u00e9ri\u00e9s). Veuillez vous assurer d\u2019avoir pr\u00e9par\u00e9 votre retour, car le Village ne peut effectuer de r\u00e9servation de train, d\u2019avion ou de taxi pour vous.<\/p>\n<h4>En voiture<\/h4>\n<p>Les villes les plus proches sont Duras (4km du Hameau Nouveau, 17km du Hameau du Bas, et 20km du Hameau du Haut), Eymet (13km du Hameau du Bas et du Hameau du Haut), Sainte Foy la Grande (19km des Hameaux du Bas et du Haut, 22km du Hameau Nouveau), Bergerac (22km du Hameau du Bas et 19km du Hameau du Haut).<\/p>\n<h4>Jours d&rsquo;arriv\u00e9e et de depart<\/h4>\n<p>Vendredi est notre seul jour d\u2019arriv\u00e9e\/d\u00e9part (sauf \u00e9ventuellement pour les retraites sp\u00e9ciales et la p\u00e9riode No\u00ebl\/Nouvel An). Vous pouvez arriver \u00e0 n\u2019importe quelle heure mais avant 19h00.<\/p>\n<p>Une orientation est offerte aux nouveaux arrivants les vendredis soirs ou\u00a0samedis matins (selon les hameaux). Les jours de d\u00e9part, nous assurons les transports du petit-matin 07h00 jusqu\u2019a 17h00. Si vous ne pouvez rester une semaine enti\u00e8re, vous pouvez participer au programme du week-end, <strong>du vendredi apr\u00e8s-midi au dimanche apr\u00e8s-midi<\/strong> (sauf retraites sp\u00e9ciales) et si le hameau a encore des places.<\/p>\n","protected":false},"excerpt":{"rendered":"<p>Le Village se situe \u00e0 85 km de Bordeaux, et \u00e0 4h de Paris en train. En train Il y a r\u00e9guli\u00e8rement des TGV entre Bordeaux et Paris, et au moins un TGV par jour qui rejoint l\u2019a\u00e9roport Charles de Gaulle \u00e0 Paris. Certains de ces TGV s\u2019arr\u00eatent \u00e0 Libourne, o\u00f9 vous pouvez descendre. A<\/p>\n","protected":false},"author":1124,"featured_media":0,"parent":10937,"menu_order":0,"comment_status":"closed","ping_status":"closed","template":"","meta":{"_acf_changed":false,"sync_status":"","episode_type":"","audio_file":"","castos_file_data":"","podmotor_file_id":"","cover_image":"","cover_image_id":"","duration":"","filesize":"","filesize_raw":"","date_recorded":"","explicit":"","block":"","itunes_episode_number":"","itunes_title":"","itunes_season_number":"","itunes_episode_type":"","ep_exclude_from_search":false,"footnotes":""},"class_list":["post-10943","page","type-page","status-publish","hentry"],"acf":[],"_links":{"self":[{"href":"https:\/\/dev.plumvillage.org\/fr\/wp-json\/wp\/v2\/pages\/10943","targetHints":{"allow":["GET"]}}],"collection":[{"href":"https:\/\/dev.plumvillage.org\/fr\/wp-json\/wp\/v2\/pages"}],"about":[{"href":"https:\/\/dev.plumvillage.org\/fr\/wp-json\/wp\/v2\/types\/page"}],"author":[{"embeddable":true,"href":"https:\/\/dev.plumvillage.org\/fr\/wp-json\/wp\/v2\/users\/1124"}],"replies":[{"embeddable":true,"href":"https:\/\/dev.plumvillage.org\/fr\/wp-json\/wp\/v2\/comments?post=10943"}],"version-history":[{"count":0,"href":"https:\/\/dev.plumvillage.org\/fr\/wp-json\/wp\/v2\/pages\/10943\/revisions"}],"up":[{"embeddable":true,"href":"https:\/\/dev.plumvillage.org\/fr\/wp-json\/wp\/v2\/pages\/10937"}],"wp:attachment":[{"href":"https:\/\/dev.plumvillage.org\/fr\/wp-json\/wp\/v2\/media?parent=10943"}],"curies":[{"name":"wp","href":"https:\/\/api.w.org\/{rel}","templated":true}]}}