{"id":12259,"date":"2022-03-29T10:30:21","date_gmt":"2022-03-29T08:30:21","guid":{"rendered":"https:\/\/villagedespruniers.net\/?page_id=12259"},"modified":"2024-04-12T15:07:12","modified_gmt":"2024-04-12T13:07:12","slug":"enseignants-dharma","status":"publish","type":"page","link":"https:\/\/dev.plumvillage.org\/fr\/a-propos\/enseignants-dharma","title":{"rendered":"Enseignants du Dharma"},"content":{"rendered":"\n<p>Voici les profils des enseignants du Dharma (Dharmacharyas) qui offrent r\u00e9guli\u00e8rement des enseignements au Village des Pruniers. Ce sont des membres de la communaut\u00e9 qui ont \u00e9t\u00e9 choisis pour leur pratique spirituelle et leur capacit\u00e9 \u00e0 mener une vie heureuse. Le Ma\u00eetre Zen Thich Nhat Hanh (affectueusement appel\u00e9 \u201cTh\u1ea7y\u201d par ses \u00e9tudiants), comme n&rsquo;importe quel autre ma\u00eetre, compte sur ses disciples pour continuer son oeuvre, puisque Th\u1ea7y ne peut pas \u00eatre partout o\u00f9 les enseignements sont n\u00e9cessaires. Quand Th\u1ea7y et la sangha (communaut\u00e9) voient que quelqu&rsquo;un est dispos\u00e9 \u00e0 enseigner le Dharma &#8211; pas seulement par ses paroles, mais aussi par ses actes &#8211; cette personne est officiellement autoris\u00e9e \u00e0 enseigner au cours d&rsquo;une c\u00e9r\u00e9monie dans laquelle la Lampe du Dharma lui est pr\u00e9sent\u00e9e. En r\u00e8gle g\u00e9n\u00e9rale, un moine ou une moniale doit avoir \u00e9t\u00e9 ordonn\u00e9 depuis au moins huit ans avant d&rsquo;\u00eatre candidat \u00e0 la transmission de la lampe. Pour devenir enseignant la\u00efc, il faut de nombreuses ann\u00e9es de pratique reconnue dans l&rsquo;Ordre de l&rsquo;Inter-\u00eatre.<\/p>\n\n\n    <div class=\"align to-right-edge\">\n        <div class=\"row row-collapsable\">\n                                            <div class=\"index-item index-monastic col-6 col-md-4 \">\n                    <a href=\"https:\/\/dev.plumvillage.org\/fr\/people\/enseignants-du-dharma\/soeur-chan-duc-soeur-vraie-vertu-2\"><img loading=\"lazy\" decoding=\"async\" width=\"480\" height=\"269\" src=\"https:\/\/dev.plumvillage.org\/wp-content\/uploads\/2018\/12\/sr-chan-duc-dt-profile.jpg\" class=\"attachment-landscape size-landscape\" alt=\"\" srcset=\"https:\/\/dev.plumvillage.org\/wp-content\/uploads\/2018\/12\/sr-chan-duc-dt-profile.jpg 500w, https:\/\/dev.plumvillage.org\/wp-content\/uploads\/2018\/12\/sr-chan-duc-dt-profile-499x279.jpg 499w, https:\/\/dev.plumvillage.org\/wp-content\/uploads\/2018\/12\/sr-chan-duc-dt-profile-300x168.jpg 300w, https:\/\/dev.plumvillage.org\/wp-content\/uploads\/2018\/12\/sr-chan-duc-dt-profile-100x56.jpg 100w, https:\/\/dev.plumvillage.org\/wp-content\/uploads\/2018\/12\/sr-chan-duc-dt-profile-150x84.jpg 150w, https:\/\/dev.plumvillage.org\/wp-content\/uploads\/2018\/12\/sr-chan-duc-dt-profile-200x112.jpg 200w, https:\/\/dev.plumvillage.org\/wp-content\/uploads\/2018\/12\/sr-chan-duc-dt-profile-450x252.jpg 450w\" sizes=\"auto, (max-width: 480px) 100vw, 480px\" \/><\/a>\n                    <figcaption><a href=\"https:\/\/dev.plumvillage.org\/fr\/people\/enseignants-du-dharma\/soeur-chan-duc-soeur-vraie-vertu-2\">Soeur Ch\u00e2n \u0110\u1ee9c , Soeur Vraie Vertu<\/a><\/figcaption>\n                <\/div>\n                                            <div class=\"index-item index-monastic col-6 col-md-4 \">\n                    <a href=\"https:\/\/dev.plumvillage.org\/fr\/people\/enseignants-du-dharma\/soeur-chan-dieu-nghiem-2\"><img loading=\"lazy\" decoding=\"async\" width=\"480\" height=\"269\" src=\"https:\/\/dev.plumvillage.org\/wp-content\/uploads\/2018\/11\/sr-dieu-nghiem-homebox-2.jpg\" class=\"attachment-landscape size-landscape\" alt=\"\" srcset=\"https:\/\/dev.plumvillage.org\/wp-content\/uploads\/2018\/11\/sr-dieu-nghiem-homebox-2.jpg 510w, https:\/\/dev.plumvillage.org\/wp-content\/uploads\/2018\/11\/sr-dieu-nghiem-homebox-2-499x280.jpg 499w, https:\/\/dev.plumvillage.org\/wp-content\/uploads\/2018\/11\/sr-dieu-nghiem-homebox-2-300x168.jpg 300w, https:\/\/dev.plumvillage.org\/wp-content\/uploads\/2018\/11\/sr-dieu-nghiem-homebox-2-100x56.jpg 100w, https:\/\/dev.plumvillage.org\/wp-content\/uploads\/2018\/11\/sr-dieu-nghiem-homebox-2-150x84.jpg 150w, https:\/\/dev.plumvillage.org\/wp-content\/uploads\/2018\/11\/sr-dieu-nghiem-homebox-2-200x112.jpg 200w, https:\/\/dev.plumvillage.org\/wp-content\/uploads\/2018\/11\/sr-dieu-nghiem-homebox-2-450x252.jpg 450w\" sizes=\"auto, (max-width: 480px) 100vw, 480px\" \/><\/a>\n                    <figcaption><a href=\"https:\/\/dev.plumvillage.org\/fr\/people\/enseignants-du-dharma\/soeur-chan-dieu-nghiem-2\">Soeur Ch\u00e2n Di\u1ec7u Nghi\u00eam<\/a><\/figcaption>\n                <\/div>\n                                            <div class=\"index-item index-monastic col-6 col-md-4 \">\n                    <a href=\"https:\/\/dev.plumvillage.org\/fr\/people\/enseignants-du-dharma\/soeur-chan-tu-nghiem-2\"><img loading=\"lazy\" decoding=\"async\" width=\"480\" height=\"269\" src=\"https:\/\/dev.plumvillage.org\/wp-content\/uploads\/2018\/11\/sr-tu-nghiem-homebox.jpg\" class=\"attachment-landscape size-landscape\" alt=\"\" srcset=\"https:\/\/dev.plumvillage.org\/wp-content\/uploads\/2018\/11\/sr-tu-nghiem-homebox.jpg 510w, https:\/\/dev.plumvillage.org\/wp-content\/uploads\/2018\/11\/sr-tu-nghiem-homebox-499x280.jpg 499w, https:\/\/dev.plumvillage.org\/wp-content\/uploads\/2018\/11\/sr-tu-nghiem-homebox-300x168.jpg 300w, https:\/\/dev.plumvillage.org\/wp-content\/uploads\/2018\/11\/sr-tu-nghiem-homebox-100x56.jpg 100w, https:\/\/dev.plumvillage.org\/wp-content\/uploads\/2018\/11\/sr-tu-nghiem-homebox-150x84.jpg 150w, https:\/\/dev.plumvillage.org\/wp-content\/uploads\/2018\/11\/sr-tu-nghiem-homebox-200x112.jpg 200w, https:\/\/dev.plumvillage.org\/wp-content\/uploads\/2018\/11\/sr-tu-nghiem-homebox-450x252.jpg 450w\" sizes=\"auto, (max-width: 480px) 100vw, 480px\" \/><\/a>\n                    <figcaption><a href=\"https:\/\/dev.plumvillage.org\/fr\/people\/enseignants-du-dharma\/soeur-chan-tu-nghiem-2\">Soeur Ch\u00e2n T\u1eeb Nghi\u00eam<\/a><\/figcaption>\n                <\/div>\n                                            <div class=\"index-item index-monastic col-6 col-md-4 \">\n                    <a href=\"https:\/\/dev.plumvillage.org\/fr\/people\/enseignants-du-dharma\/frere-chan-phap-dung\"><img loading=\"lazy\" decoding=\"async\" width=\"430\" height=\"290\" src=\"https:\/\/dev.plumvillage.org\/wp-content\/uploads\/2018\/09\/Bro-Pahp-Dung.jpg\" class=\"attachment-landscape size-landscape\" alt=\"\" srcset=\"https:\/\/dev.plumvillage.org\/wp-content\/uploads\/2018\/09\/Bro-Pahp-Dung.jpg 1600w, https:\/\/dev.plumvillage.org\/wp-content\/uploads\/2018\/09\/Bro-Pahp-Dung-499x337.jpg 499w, https:\/\/dev.plumvillage.org\/wp-content\/uploads\/2018\/09\/Bro-Pahp-Dung-768x518.jpg 768w, https:\/\/dev.plumvillage.org\/wp-content\/uploads\/2018\/09\/Bro-Pahp-Dung-1024x691.jpg 1024w, https:\/\/dev.plumvillage.org\/wp-content\/uploads\/2018\/09\/Bro-Pahp-Dung-300x202.jpg 300w, https:\/\/dev.plumvillage.org\/wp-content\/uploads\/2018\/09\/Bro-Pahp-Dung-100x67.jpg 100w, https:\/\/dev.plumvillage.org\/wp-content\/uploads\/2018\/09\/Bro-Pahp-Dung-150x101.jpg 150w, https:\/\/dev.plumvillage.org\/wp-content\/uploads\/2018\/09\/Bro-Pahp-Dung-200x135.jpg 200w, https:\/\/dev.plumvillage.org\/wp-content\/uploads\/2018\/09\/Bro-Pahp-Dung-450x303.jpg 450w, https:\/\/dev.plumvillage.org\/wp-content\/uploads\/2018\/09\/Bro-Pahp-Dung-600x405.jpg 600w, https:\/\/dev.plumvillage.org\/wp-content\/uploads\/2018\/09\/Bro-Pahp-Dung-900x607.jpg 900w, https:\/\/dev.plumvillage.org\/wp-content\/uploads\/2018\/09\/Bro-Pahp-Dung-272x182.jpg 272w\" sizes=\"auto, (max-width: 430px) 100vw, 430px\" \/><\/a>\n                    <figcaption><a href=\"https:\/\/dev.plumvillage.org\/fr\/people\/enseignants-du-dharma\/frere-chan-phap-dung\">Fr\u00e8re Ch\u00e2n Ph\u00e1p Dung<\/a><\/figcaption>\n                <\/div>\n                                            <div class=\"index-item index-monastic col-6 col-md-4 \">\n                    <a href=\"https:\/\/dev.plumvillage.org\/fr\/people\/enseignants-du-dharma\/soeur-chan-dinh-nghiem\"><img loading=\"lazy\" decoding=\"async\" width=\"456\" height=\"290\" src=\"https:\/\/dev.plumvillage.org\/wp-content\/uploads\/2024\/03\/0-02-06-86c34551bfdf37e008c6626551ff5df7b229c290f154599e8a625d3426798b78_40a5baf8-e1711723006974.jpg\" class=\"attachment-landscape size-landscape\" alt=\"\" srcset=\"https:\/\/dev.plumvillage.org\/wp-content\/uploads\/2024\/03\/0-02-06-86c34551bfdf37e008c6626551ff5df7b229c290f154599e8a625d3426798b78_40a5baf8-e1711723006974.jpg 905w, https:\/\/dev.plumvillage.org\/wp-content\/uploads\/2024\/03\/0-02-06-86c34551bfdf37e008c6626551ff5df7b229c290f154599e8a625d3426798b78_40a5baf8-e1711723006974-499x318.jpg 499w, https:\/\/dev.plumvillage.org\/wp-content\/uploads\/2024\/03\/0-02-06-86c34551bfdf37e008c6626551ff5df7b229c290f154599e8a625d3426798b78_40a5baf8-e1711723006974-768x489.jpg 768w\" sizes=\"auto, (max-width: 456px) 100vw, 456px\" \/><\/a>\n                    <figcaption><a href=\"https:\/\/dev.plumvillage.org\/fr\/people\/enseignants-du-dharma\/soeur-chan-dinh-nghiem\">Soeur Ch\u00e2n Dinh Nghi\u00eam<\/a><\/figcaption>\n                <\/div>\n                                            <div class=\"index-item index-monastic col-6 col-md-4 \">\n                    <a href=\"https:\/\/dev.plumvillage.org\/fr\/people\/enseignants-du-dharma\/soeur-chan-tue-nghiem-2\"><img loading=\"lazy\" decoding=\"async\" width=\"480\" height=\"269\" src=\"https:\/\/dev.plumvillage.org\/wp-content\/uploads\/2018\/11\/sr-tue-nghiem-homebox-1.jpg\" class=\"attachment-landscape size-landscape\" alt=\"\" srcset=\"https:\/\/dev.plumvillage.org\/wp-content\/uploads\/2018\/11\/sr-tue-nghiem-homebox-1.jpg 510w, https:\/\/dev.plumvillage.org\/wp-content\/uploads\/2018\/11\/sr-tue-nghiem-homebox-1-499x280.jpg 499w, https:\/\/dev.plumvillage.org\/wp-content\/uploads\/2018\/11\/sr-tue-nghiem-homebox-1-300x168.jpg 300w, https:\/\/dev.plumvillage.org\/wp-content\/uploads\/2018\/11\/sr-tue-nghiem-homebox-1-100x56.jpg 100w, https:\/\/dev.plumvillage.org\/wp-content\/uploads\/2018\/11\/sr-tue-nghiem-homebox-1-150x84.jpg 150w, https:\/\/dev.plumvillage.org\/wp-content\/uploads\/2018\/11\/sr-tue-nghiem-homebox-1-200x112.jpg 200w, https:\/\/dev.plumvillage.org\/wp-content\/uploads\/2018\/11\/sr-tue-nghiem-homebox-1-450x252.jpg 450w\" sizes=\"auto, (max-width: 480px) 100vw, 480px\" \/><\/a>\n                    <figcaption><a href=\"https:\/\/dev.plumvillage.org\/fr\/people\/enseignants-du-dharma\/soeur-chan-tue-nghiem-2\">Soeur Ch\u00e2n Tu\u1ec7 Nghi\u00eam<\/a><\/figcaption>\n                <\/div>\n                                            <div class=\"index-item index-monastic col-6 col-md-4 \">\n                    <a href=\"https:\/\/dev.plumvillage.org\/fr\/people\/enseignants-du-dharma\/soeur-giac-nghiem\"><img loading=\"lazy\" decoding=\"async\" width=\"300\" height=\"168\" src=\"https:\/\/dev.plumvillage.org\/wp-content\/uploads\/2020\/09\/download-2.jpg\" class=\"attachment-landscape size-landscape\" alt=\"\" \/><\/a>\n                    <figcaption><a href=\"https:\/\/dev.plumvillage.org\/fr\/people\/enseignants-du-dharma\/soeur-giac-nghiem\">Soeur Ch\u00e2n Giac Nghi\u00eam<\/a><\/figcaption>\n                <\/div>\n                                            <div class=\"index-item index-monastic col-6 col-md-4 \">\n                    <a href=\"https:\/\/dev.plumvillage.org\/fr\/people\/enseignants-du-dharma\/soeur-chan-hoi-nghiem-3\"><img loading=\"lazy\" decoding=\"async\" width=\"480\" height=\"269\" src=\"https:\/\/dev.plumvillage.org\/wp-content\/uploads\/2018\/11\/sr-hoi-nghiem-homebox-2.jpg\" class=\"attachment-landscape size-landscape\" alt=\"\" srcset=\"https:\/\/dev.plumvillage.org\/wp-content\/uploads\/2018\/11\/sr-hoi-nghiem-homebox-2.jpg 510w, https:\/\/dev.plumvillage.org\/wp-content\/uploads\/2018\/11\/sr-hoi-nghiem-homebox-2-499x280.jpg 499w, https:\/\/dev.plumvillage.org\/wp-content\/uploads\/2018\/11\/sr-hoi-nghiem-homebox-2-300x168.jpg 300w, https:\/\/dev.plumvillage.org\/wp-content\/uploads\/2018\/11\/sr-hoi-nghiem-homebox-2-100x56.jpg 100w, https:\/\/dev.plumvillage.org\/wp-content\/uploads\/2018\/11\/sr-hoi-nghiem-homebox-2-150x84.jpg 150w, https:\/\/dev.plumvillage.org\/wp-content\/uploads\/2018\/11\/sr-hoi-nghiem-homebox-2-200x112.jpg 200w, https:\/\/dev.plumvillage.org\/wp-content\/uploads\/2018\/11\/sr-hoi-nghiem-homebox-2-450x252.jpg 450w\" sizes=\"auto, (max-width: 480px) 100vw, 480px\" \/><\/a>\n                    <figcaption><a href=\"https:\/\/dev.plumvillage.org\/fr\/people\/enseignants-du-dharma\/soeur-chan-hoi-nghiem-3\">Soeur Ch\u00e2n H\u1ed9i Nghi\u00eam<\/a><\/figcaption>\n                <\/div>\n                                            <div class=\"index-item index-monastic col-6 col-md-4 \">\n                    <a href=\"https:\/\/dev.plumvillage.org\/fr\/people\/enseignants-du-dharma\/frere-chan-phap-lai-2\"><img loading=\"lazy\" decoding=\"async\" width=\"480\" height=\"269\" src=\"https:\/\/dev.plumvillage.org\/wp-content\/uploads\/2018\/11\/br-phap-lai-homebox.jpg\" class=\"attachment-landscape size-landscape\" alt=\"\" srcset=\"https:\/\/dev.plumvillage.org\/wp-content\/uploads\/2018\/11\/br-phap-lai-homebox.jpg 510w, https:\/\/dev.plumvillage.org\/wp-content\/uploads\/2018\/11\/br-phap-lai-homebox-499x280.jpg 499w, https:\/\/dev.plumvillage.org\/wp-content\/uploads\/2018\/11\/br-phap-lai-homebox-300x168.jpg 300w, https:\/\/dev.plumvillage.org\/wp-content\/uploads\/2018\/11\/br-phap-lai-homebox-100x56.jpg 100w, https:\/\/dev.plumvillage.org\/wp-content\/uploads\/2018\/11\/br-phap-lai-homebox-150x84.jpg 150w, https:\/\/dev.plumvillage.org\/wp-content\/uploads\/2018\/11\/br-phap-lai-homebox-200x112.jpg 200w, https:\/\/dev.plumvillage.org\/wp-content\/uploads\/2018\/11\/br-phap-lai-homebox-450x252.jpg 450w\" sizes=\"auto, (max-width: 480px) 100vw, 480px\" \/><\/a>\n                    <figcaption><a href=\"https:\/\/dev.plumvillage.org\/fr\/people\/enseignants-du-dharma\/frere-chan-phap-lai-2\">Fr\u00e8re Ch\u00e2n Ph\u00e1p Lai<\/a><\/figcaption>\n                <\/div>\n                                            <div class=\"index-item index-monastic col-6 col-md-4 \">\n                    <a href=\"https:\/\/dev.plumvillage.org\/fr\/people\/enseignants-du-dharma\/soeur-chan-thuan-khanh-2\"><img loading=\"lazy\" decoding=\"async\" width=\"480\" height=\"269\" src=\"https:\/\/dev.plumvillage.org\/wp-content\/uploads\/2018\/11\/sr-thuan-khanh-homebox-2.jpg\" class=\"attachment-landscape size-landscape\" alt=\"\" srcset=\"https:\/\/dev.plumvillage.org\/wp-content\/uploads\/2018\/11\/sr-thuan-khanh-homebox-2.jpg 510w, https:\/\/dev.plumvillage.org\/wp-content\/uploads\/2018\/11\/sr-thuan-khanh-homebox-2-499x280.jpg 499w, https:\/\/dev.plumvillage.org\/wp-content\/uploads\/2018\/11\/sr-thuan-khanh-homebox-2-300x168.jpg 300w, https:\/\/dev.plumvillage.org\/wp-content\/uploads\/2018\/11\/sr-thuan-khanh-homebox-2-100x56.jpg 100w, https:\/\/dev.plumvillage.org\/wp-content\/uploads\/2018\/11\/sr-thuan-khanh-homebox-2-150x84.jpg 150w, https:\/\/dev.plumvillage.org\/wp-content\/uploads\/2018\/11\/sr-thuan-khanh-homebox-2-200x112.jpg 200w, https:\/\/dev.plumvillage.org\/wp-content\/uploads\/2018\/11\/sr-thuan-khanh-homebox-2-450x252.jpg 450w\" sizes=\"auto, (max-width: 480px) 100vw, 480px\" \/><\/a>\n                    <figcaption><a href=\"https:\/\/dev.plumvillage.org\/fr\/people\/enseignants-du-dharma\/soeur-chan-thuan-khanh-2\">Soeur Ch\u00e2n Thu\u1ea7n Kh\u00e1nh<\/a><\/figcaption>\n                <\/div>\n                                            <div class=\"index-item index-monastic col-6 col-md-4 \">\n                    <a href=\"https:\/\/dev.plumvillage.org\/fr\/people\/enseignants-du-dharma\/frere-chan-phap-huu-2\"><img loading=\"lazy\" decoding=\"async\" width=\"480\" height=\"269\" src=\"https:\/\/dev.plumvillage.org\/wp-content\/uploads\/2018\/12\/br-phap-huu-homebox.jpg\" class=\"attachment-landscape size-landscape\" alt=\"\" srcset=\"https:\/\/dev.plumvillage.org\/wp-content\/uploads\/2018\/12\/br-phap-huu-homebox.jpg 510w, https:\/\/dev.plumvillage.org\/wp-content\/uploads\/2018\/12\/br-phap-huu-homebox-499x280.jpg 499w, https:\/\/dev.plumvillage.org\/wp-content\/uploads\/2018\/12\/br-phap-huu-homebox-300x168.jpg 300w, https:\/\/dev.plumvillage.org\/wp-content\/uploads\/2018\/12\/br-phap-huu-homebox-100x56.jpg 100w, https:\/\/dev.plumvillage.org\/wp-content\/uploads\/2018\/12\/br-phap-huu-homebox-150x84.jpg 150w, https:\/\/dev.plumvillage.org\/wp-content\/uploads\/2018\/12\/br-phap-huu-homebox-200x112.jpg 200w, https:\/\/dev.plumvillage.org\/wp-content\/uploads\/2018\/12\/br-phap-huu-homebox-450x252.jpg 450w\" sizes=\"auto, (max-width: 480px) 100vw, 480px\" \/><\/a>\n                    <figcaption><a href=\"https:\/\/dev.plumvillage.org\/fr\/people\/enseignants-du-dharma\/frere-chan-phap-huu-2\">Fr\u00e8re Ch\u00e2n Ph\u00e1p H\u1eefu<\/a><\/figcaption>\n                <\/div>\n                                            <div class=\"index-item index-monastic col-6 col-md-4 \">\n                    <a href=\"https:\/\/dev.plumvillage.org\/fr\/people\/enseignants-du-dharma\/frere-chan-phap-lieu-2\"><img loading=\"lazy\" decoding=\"async\" width=\"480\" height=\"269\" src=\"https:\/\/dev.plumvillage.org\/wp-content\/uploads\/2018\/11\/br-phap-lieu-homebox.jpg\" class=\"attachment-landscape size-landscape\" alt=\"\" srcset=\"https:\/\/dev.plumvillage.org\/wp-content\/uploads\/2018\/11\/br-phap-lieu-homebox.jpg 510w, https:\/\/dev.plumvillage.org\/wp-content\/uploads\/2018\/11\/br-phap-lieu-homebox-499x280.jpg 499w, https:\/\/dev.plumvillage.org\/wp-content\/uploads\/2018\/11\/br-phap-lieu-homebox-300x168.jpg 300w, https:\/\/dev.plumvillage.org\/wp-content\/uploads\/2018\/11\/br-phap-lieu-homebox-100x56.jpg 100w, https:\/\/dev.plumvillage.org\/wp-content\/uploads\/2018\/11\/br-phap-lieu-homebox-150x84.jpg 150w, https:\/\/dev.plumvillage.org\/wp-content\/uploads\/2018\/11\/br-phap-lieu-homebox-200x112.jpg 200w, https:\/\/dev.plumvillage.org\/wp-content\/uploads\/2018\/11\/br-phap-lieu-homebox-450x252.jpg 450w\" sizes=\"auto, (max-width: 480px) 100vw, 480px\" \/><\/a>\n                    <figcaption><a href=\"https:\/\/dev.plumvillage.org\/fr\/people\/enseignants-du-dharma\/frere-chan-phap-lieu-2\">Fr\u00e8re Ch\u00e2n Ph\u00e1p Li\u1ec7u<\/a><\/figcaption>\n                <\/div>\n                                            <div class=\"index-item index-monastic col-6 col-md-4 \">\n                    <a href=\"https:\/\/dev.plumvillage.org\/fr\/people\/enseignants-du-dharma\/soeur-chan-lang-nghiem\"><img loading=\"lazy\" decoding=\"async\" width=\"480\" height=\"269\" src=\"https:\/\/dev.plumvillage.org\/wp-content\/uploads\/2018\/11\/sr-lang-nghiem-homebox-2.jpg\" class=\"attachment-landscape size-landscape\" alt=\"\" srcset=\"https:\/\/dev.plumvillage.org\/wp-content\/uploads\/2018\/11\/sr-lang-nghiem-homebox-2.jpg 510w, https:\/\/dev.plumvillage.org\/wp-content\/uploads\/2018\/11\/sr-lang-nghiem-homebox-2-499x280.jpg 499w, https:\/\/dev.plumvillage.org\/wp-content\/uploads\/2018\/11\/sr-lang-nghiem-homebox-2-300x168.jpg 300w, https:\/\/dev.plumvillage.org\/wp-content\/uploads\/2018\/11\/sr-lang-nghiem-homebox-2-100x56.jpg 100w, https:\/\/dev.plumvillage.org\/wp-content\/uploads\/2018\/11\/sr-lang-nghiem-homebox-2-150x84.jpg 150w, https:\/\/dev.plumvillage.org\/wp-content\/uploads\/2018\/11\/sr-lang-nghiem-homebox-2-200x112.jpg 200w, https:\/\/dev.plumvillage.org\/wp-content\/uploads\/2018\/11\/sr-lang-nghiem-homebox-2-450x252.jpg 450w\" sizes=\"auto, (max-width: 480px) 100vw, 480px\" \/><\/a>\n                    <figcaption><a href=\"https:\/\/dev.plumvillage.org\/fr\/people\/enseignants-du-dharma\/soeur-chan-lang-nghiem\">S\u0153ur Ch\u00e2n L\u0103ng Nghi\u00eam<\/a><\/figcaption>\n                <\/div>\n                                            <div class=\"index-item index-monastic col-6 col-md-4 \">\n                    <a href=\"https:\/\/dev.plumvillage.org\/fr\/people\/enseignants-du-dharma\/soeur-chan-dao-nghiem-2\"><img loading=\"lazy\" decoding=\"async\" width=\"419\" height=\"290\" src=\"https:\/\/dev.plumvillage.org\/wp-content\/uploads\/2018\/12\/Sr-Dao-Nghiem2.jpeg\" class=\"attachment-landscape size-landscape\" alt=\"\" srcset=\"https:\/\/dev.plumvillage.org\/wp-content\/uploads\/2018\/12\/Sr-Dao-Nghiem2.jpeg 576w, https:\/\/dev.plumvillage.org\/wp-content\/uploads\/2018\/12\/Sr-Dao-Nghiem2-499x346.jpeg 499w\" sizes=\"auto, (max-width: 419px) 100vw, 419px\" \/><\/a>\n                    <figcaption><a href=\"https:\/\/dev.plumvillage.org\/fr\/people\/enseignants-du-dharma\/soeur-chan-dao-nghiem-2\">Soeur Ch\u00e2n \u0110\u00e0o Nghi\u00eam\u00a0<\/a><\/figcaption>\n                <\/div>\n                                            <div class=\"index-item index-monastic col-6 col-md-4 \">\n                    <a href=\"https:\/\/dev.plumvillage.org\/fr\/people\/enseignants-du-dharma\/soeur-thang-nghiem\"><img loading=\"lazy\" decoding=\"async\" width=\"480\" height=\"269\" src=\"https:\/\/dev.plumvillage.org\/wp-content\/uploads\/2018\/11\/sr-thang-nghiem-homebox-2.jpg\" class=\"attachment-landscape size-landscape\" alt=\"\" srcset=\"https:\/\/dev.plumvillage.org\/wp-content\/uploads\/2018\/11\/sr-thang-nghiem-homebox-2.jpg 510w, https:\/\/dev.plumvillage.org\/wp-content\/uploads\/2018\/11\/sr-thang-nghiem-homebox-2-499x280.jpg 499w, https:\/\/dev.plumvillage.org\/wp-content\/uploads\/2018\/11\/sr-thang-nghiem-homebox-2-300x168.jpg 300w, https:\/\/dev.plumvillage.org\/wp-content\/uploads\/2018\/11\/sr-thang-nghiem-homebox-2-100x56.jpg 100w, https:\/\/dev.plumvillage.org\/wp-content\/uploads\/2018\/11\/sr-thang-nghiem-homebox-2-150x84.jpg 150w, https:\/\/dev.plumvillage.org\/wp-content\/uploads\/2018\/11\/sr-thang-nghiem-homebox-2-200x112.jpg 200w, https:\/\/dev.plumvillage.org\/wp-content\/uploads\/2018\/11\/sr-thang-nghiem-homebox-2-450x252.jpg 450w\" sizes=\"auto, (max-width: 480px) 100vw, 480px\" \/><\/a>\n                    <figcaption><a href=\"https:\/\/dev.plumvillage.org\/fr\/people\/enseignants-du-dharma\/soeur-thang-nghiem\">Soeur Th\u0103ng Nghi\u00eam<\/a><\/figcaption>\n                <\/div>\n                                            <div class=\"index-item index-monastic col-6 col-md-4 \">\n                    <a href=\"https:\/\/dev.plumvillage.org\/fr\/people\/enseignants-du-dharma\/sister-hien-nghiem\"><img loading=\"lazy\" decoding=\"async\" width=\"290\" height=\"290\" src=\"https:\/\/dev.plumvillage.org\/wp-content\/uploads\/2021\/06\/sr.-true-dedication-new11.jpg\" class=\"attachment-landscape size-landscape\" alt=\"\" srcset=\"https:\/\/dev.plumvillage.org\/wp-content\/uploads\/2021\/06\/sr.-true-dedication-new11.jpg 1290w, https:\/\/dev.plumvillage.org\/wp-content\/uploads\/2021\/06\/sr.-true-dedication-new11-499x499.jpg 499w, https:\/\/dev.plumvillage.org\/wp-content\/uploads\/2021\/06\/sr.-true-dedication-new11-1024x1024.jpg 1024w, https:\/\/dev.plumvillage.org\/wp-content\/uploads\/2021\/06\/sr.-true-dedication-new11-300x300.jpg 300w, https:\/\/dev.plumvillage.org\/wp-content\/uploads\/2021\/06\/sr.-true-dedication-new11-768x768.jpg 768w\" sizes=\"auto, (max-width: 290px) 100vw, 290px\" \/><\/a>\n                    <figcaption><a href=\"https:\/\/dev.plumvillage.org\/fr\/people\/enseignants-du-dharma\/sister-hien-nghiem\">S\u0153ur Ch\u00e2n Hi\u1ebfn Nghi\u00eam<\/a><\/figcaption>\n                <\/div>\n                                            <div class=\"index-item index-monastic col-6 col-md-4 \">\n                    <a href=\"https:\/\/dev.plumvillage.org\/fr\/people\/enseignants-du-dharma\/sister-chan-luc-nghiem\"><img loading=\"lazy\" decoding=\"async\" width=\"480\" height=\"290\" src=\"https:\/\/dev.plumvillage.org\/wp-content\/uploads\/2022\/04\/Luc-Nghiem_LH-480x290.jpg\" class=\"attachment-landscape size-landscape\" alt=\"\" srcset=\"https:\/\/dev.plumvillage.org\/wp-content\/uploads\/2022\/04\/Luc-Nghiem_LH-480x290.jpg 480w, https:\/\/dev.plumvillage.org\/wp-content\/uploads\/2022\/04\/Luc-Nghiem_LH-720x435.jpg 720w\" sizes=\"auto, (max-width: 480px) 100vw, 480px\" \/><\/a>\n                    <figcaption><a href=\"https:\/\/dev.plumvillage.org\/fr\/people\/enseignants-du-dharma\/sister-chan-luc-nghiem\">S\u0153ur Ch\u00e2n L\u1ef1c Nghi\u00eam<\/a><\/figcaption>\n                <\/div>\n                                            <div class=\"index-item index-monastic col-6 col-md-4 \">\n                    <a href=\"https:\/\/dev.plumvillage.org\/fr\/people\/enseignants-du-dharma\/frere-phap-ly\"><img loading=\"lazy\" decoding=\"async\" width=\"218\" height=\"290\" src=\"https:\/\/dev.plumvillage.org\/wp-content\/uploads\/2023\/02\/Br.-Pha\u0301p-Ly\u0301-3.jpg\" class=\"attachment-landscape size-landscape\" alt=\"\" srcset=\"https:\/\/dev.plumvillage.org\/wp-content\/uploads\/2023\/02\/Br.-Pha\u0301p-Ly\u0301-3.jpg 1440w, https:\/\/dev.plumvillage.org\/wp-content\/uploads\/2023\/02\/Br.-Pha\u0301p-Ly\u0301-3-499x665.jpg 499w, https:\/\/dev.plumvillage.org\/wp-content\/uploads\/2023\/02\/Br.-Pha\u0301p-Ly\u0301-3-768x1024.jpg 768w, https:\/\/dev.plumvillage.org\/wp-content\/uploads\/2023\/02\/Br.-Pha\u0301p-Ly\u0301-3-1152x1536.jpg 1152w\" sizes=\"auto, (max-width: 218px) 100vw, 218px\" \/><\/a>\n                    <figcaption><a href=\"https:\/\/dev.plumvillage.org\/fr\/people\/enseignants-du-dharma\/frere-phap-ly\">Fr\u00e8re Ph\u00e1p L\u00fd<\/a><\/figcaption>\n                <\/div>\n                    <\/div>\n    <\/div>\n\n\n\n<p><\/p>\n","protected":false},"excerpt":{"rendered":"<p>Voici les profils des enseignants du Dharma (Dharmacharyas) qui offrent r\u00e9guli\u00e8rement des enseignements au Village des Pruniers. Ce sont des membres de la communaut\u00e9 qui ont \u00e9t\u00e9 choisis pour leur pratique spirituelle et leur capacit\u00e9 \u00e0 mener une vie heureuse. Le Ma\u00eetre Zen Thich Nhat Hanh (affectueusement appel\u00e9 \u201cTh\u1ea7y\u201d par ses \u00e9tudiants), comme n&rsquo;importe quel<\/p>\n","protected":false},"author":9,"featured_media":0,"parent":284960,"menu_order":0,"comment_status":"closed","ping_status":"closed","template":"","meta":{"_acf_changed":false,"sync_status":"","episode_type":"","audio_file":"","castos_file_data":"","podmotor_file_id":"","cover_image":"","cover_image_id":"","duration":"","filesize":"","filesize_raw":"","date_recorded":"","explicit":"","block":"","itunes_episode_number":"","itunes_title":"","itunes_season_number":"","itunes_episode_type":"","ep_exclude_from_search":false,"footnotes":""},"class_list":["post-12259","page","type-page","status-publish","hentry"],"acf":[],"_links":{"self":[{"href":"https:\/\/dev.plumvillage.org\/fr\/wp-json\/wp\/v2\/pages\/12259","targetHints":{"allow":["GET"]}}],"collection":[{"href":"https:\/\/dev.plumvillage.org\/fr\/wp-json\/wp\/v2\/pages"}],"about":[{"href":"https:\/\/dev.plumvillage.org\/fr\/wp-json\/wp\/v2\/types\/page"}],"author":[{"embeddable":true,"href":"https:\/\/dev.plumvillage.org\/fr\/wp-json\/wp\/v2\/users\/9"}],"replies":[{"embeddable":true,"href":"https:\/\/dev.plumvillage.org\/fr\/wp-json\/wp\/v2\/comments?post=12259"}],"version-history":[{"count":4,"href":"https:\/\/dev.plumvillage.org\/fr\/wp-json\/wp\/v2\/pages\/12259\/revisions"}],"predecessor-version":[{"id":451566,"href":"https:\/\/dev.plumvillage.org\/fr\/wp-json\/wp\/v2\/pages\/12259\/revisions\/451566"}],"up":[{"embeddable":true,"href":"https:\/\/dev.plumvillage.org\/fr\/wp-json\/wp\/v2\/pages\/284960"}],"wp:attachment":[{"href":"https:\/\/dev.plumvillage.org\/fr\/wp-json\/wp\/v2\/media?parent=12259"}],"curies":[{"name":"wp","href":"https:\/\/api.w.org\/{rel}","templated":true}]}}