{"id":140778,"date":"2012-12-07T16:46:37","date_gmt":"2012-12-07T15:46:37","guid":{"rendered":"http:\/\/test.plumvillage.org\/?page_id=37"},"modified":"2024-07-22T17:50:26","modified_gmt":"2024-07-22T15:50:26","slug":"contact","status":"publish","type":"page","link":"https:\/\/dev.plumvillage.org\/fr\/contact","title":{"rendered":"Nous contacter"},"content":{"rendered":"\n<p>Ici, au Village des Pruniers, nous recevons beaucoup plus de courriels que les moines et les nonnes n&rsquo;ont la capacit\u00e9 de r\u00e9pondre. Nous faisons de notre mieux pour r\u00e9pondre en temps voulu et nous vous remercions de votre patience et de votre compassion.<\/p>\n\n\n\n<p>Pour les diff\u00e9rentes adresses postales et num\u00e9ros de t\u00e9l\u00e9phone du Village des Pruniers, veuillez consulter notre page sur les diff\u00e9rents <a href=\"https:\/\/dev.plumvillage.org\/fr\/a-propos\/village-des-pruniers\/nos-hameaux\/\">Hameaux<\/a> du Village.<\/p>\n\n\n\n<p><strong>Avant de nous contacter, veuillez noter:<\/strong><\/p>\n\n\n\n<ul class=\"wp-block-list\">\n<li>Veuillez consulter <a rel=\"noreferrer noopener\" href=\"https:\/\/dev.plumvillage.org\/fr\/retraites\/calendrier-retraites\/\" target=\"_blank\">notre calendrier des retraites<\/a> pour conna\u00eetre les dates disponibles pour un s\u00e9jour dans l&rsquo;un des monast\u00e8res du Village des Pruniers. Il n&rsquo;est pas possible de r\u00e9server une retraite par courriel ou via ce formulaire de contact, les r\u00e9servation se faisant seulement <a rel=\"noreferrer noopener\" href=\"https:\/\/dev.plumvillage.org\/fr\/retraites\/calendrier-retraites\/\" target=\"_blank\">en ligne<\/a>.<\/li>\n\n\n\n<li>Nous n&rsquo;offrons pas de s\u00e9jours en dehors des dates indiqu\u00e9es dans le calendrier des retraites.<\/li>\n\n\n\n<li>Il n&rsquo;est pas possible de s&rsquo;inscrire \u00e0 une retraite par courriel ou par le biais de ce formulaire de contact : vous ne pouvez vous inscrire qu&rsquo;en cliquant sur la retraite de votre choix dans <a href=\"https:\/\/dev.plumvillage.org\/fr\/retraites\/calendrier-retraites\" target=\"_blank\" rel=\"noreferrer noopener\">le Calendrier des Retraites<\/a>.<\/li>\n\n\n\n<li>Veuillez vous inscrire \u00e0 <a href=\"https:\/\/dev.plumvillage.org\/fr\/abonnement\" target=\"_blank\" rel=\"noreferrer noopener\">notre lettre d&rsquo;information<\/a> pour \u00eatre inform\u00e9 de l&rsquo;ouverture des inscriptions aux retraites. Nous n&rsquo;avons pas d&rsquo;autre syst\u00e8me de messagerie pour vous informer.<\/li>\n\n\n\n<li>Pour une courte visite en journ\u00e9e, merci de consulter la <a rel=\"noreferrer noopener\" href=\"https:\/\/dev.plumvillage.org\/fr\/retraites\/journees-de-pleine-conscience\" target=\"_blank\">page d&rsquo;information sur les Journ\u00e9es de Pleine Conscience<\/a>.<\/li>\n\n\n\n<li>Si vous souhaitez faire du b\u00e9n\u00e9volat, veuillez consulter la page <a href=\"https:\/\/dev.plumvillage.org\/fr\/benevolat\" data-type=\"link\" data-id=\"https:\/\/dev.plumvillage.org\/fr\/benevolat\" target=\"_blank\" rel=\"noreferrer noopener\">B\u00e9n\u00e9volat<\/a>.<\/li>\n<\/ul>\n\n\n\n<div class=\"wpcf7 no-js\" id=\"wpcf7-f152219-o1\" lang=\"en-US\" dir=\"ltr\">\n<div class=\"screen-reader-response\"><p role=\"status\" aria-live=\"polite\" aria-atomic=\"true\"><\/p> <ul><\/ul><\/div>\n<form action=\"\/fr\/wp-json\/wp\/v2\/pages\/140778#wpcf7-f152219-o1\" method=\"post\" class=\"wpcf7-form init\" aria-label=\"Contact form\" novalidate=\"novalidate\" data-status=\"init\">\n<div style=\"display: none;\">\n<input type=\"hidden\" name=\"_wpcf7\" value=\"152219\" \/>\n<input type=\"hidden\" name=\"_wpcf7_version\" value=\"5.9.6\" \/>\n<input type=\"hidden\" name=\"_wpcf7_locale\" value=\"en_US\" \/>\n<input type=\"hidden\" name=\"_wpcf7_unit_tag\" value=\"wpcf7-f152219-o1\" \/>\n<input type=\"hidden\" name=\"_wpcf7_container_post\" value=\"0\" \/>\n<input type=\"hidden\" name=\"_wpcf7_posted_data_hash\" value=\"\" \/>\n<input type=\"hidden\" name=\"_wpcf7cf_hidden_group_fields\" value=\"[]\" \/>\n<input type=\"hidden\" name=\"_wpcf7cf_hidden_groups\" value=\"[]\" \/>\n<input type=\"hidden\" name=\"_wpcf7cf_visible_groups\" value=\"[]\" \/>\n<input type=\"hidden\" name=\"_wpcf7cf_repeaters\" value=\"[]\" \/>\n<input type=\"hidden\" name=\"_wpcf7cf_steps\" value=\"{}\" \/>\n<input type=\"hidden\" name=\"_wpcf7cf_options\" value=\"{&quot;form_id&quot;:152219,&quot;conditions&quot;:[{&quot;then_field&quot;:&quot;-1&quot;,&quot;and_rules&quot;:[{&quot;if_field&quot;:&quot;-1&quot;,&quot;operator&quot;:&quot;equals&quot;,&quot;if_value&quot;:&quot;Becoming a monk&quot;}]},{&quot;then_field&quot;:&quot;-1&quot;,&quot;and_rules&quot;:[{&quot;if_field&quot;:&quot;-1&quot;,&quot;operator&quot;:&quot;equals&quot;,&quot;if_value&quot;:&quot;Becoming a nun&quot;}]},{&quot;then_field&quot;:&quot;-1&quot;,&quot;and_rules&quot;:[{&quot;if_field&quot;:&quot;-1&quot;,&quot;operator&quot;:&quot;equals&quot;,&quot;if_value&quot;:&quot;Becoming a monk&quot;},{&quot;if_field&quot;:&quot;-1&quot;,&quot;operator&quot;:&quot;equals&quot;,&quot;if_value&quot;:&quot;Female&quot;}]}],&quot;settings&quot;:{&quot;animation&quot;:&quot;yes&quot;,&quot;animation_intime&quot;:200,&quot;animation_outtime&quot;:200,&quot;conditions_ui&quot;:&quot;normal&quot;,&quot;notice_dismissed&quot;:false,&quot;notice_dismissed_rollback-cf7-5.8.7&quot;:true,&quot;notice_dismissed_rollback-cf7-5.9.2&quot;:true,&quot;notice_dismissed_rollback-cf7-5.9.4&quot;:true}}\" \/>\n<input type=\"hidden\" name=\"_wpcf7_recaptcha_response\" value=\"\" \/>\n<\/div>\n<p> Point de contact:*\n<span class=\"wpcf7-form-control-wrap\" data-name=\"pointOfContact\"><select class=\"wpcf7-form-control wpcf7-select wpcf7-validates-as-required\" aria-required=\"true\" aria-invalid=\"false\" name=\"pointOfContact\"><option value=\"\">&#8212;Please choose an option&#8212;<\/option><option value=\"Hameau du Haut (avec les fr\u00e8res)\">Hameau du Haut (avec les fr\u00e8res)<\/option><option value=\"Hameau du Bas (avec les s\u0153urs)\">Hameau du Bas (avec les s\u0153urs)<\/option><option value=\"Hameau Nouveau (avec les s\u0153urs)\">Hameau Nouveau (avec les s\u0153urs)<\/option><option value=\"Monast\u00e8re de la Source Gu\u00e9rissante - Paris (avec les fr\u00e8res)\">Monast\u00e8re de la Source Gu\u00e9rissante - Paris (avec les fr\u00e8res)<\/option><option value=\"Maison de l&#039;inspir - Paris (avec les s\u0153urs)\">Maison de l&#039;inspir - Paris (avec les s\u0153urs)<\/option><option value=\"Programme monastique (Moines)\">Programme monastique (Moines)<\/option><option value=\"Programme monastique (Soeurs)\">Programme monastique (Soeurs)<\/option><option value=\"Pour toute information pour la Presse\">Pour toute information pour la Presse<\/option><option value=\"Programme Pratique Personnelle\">Programme Pratique Personnelle<\/option><option value=\"Donner\">Donner<\/option><option value=\"Webmaster ( \u00c0 propos de site web et d&#039;autres questions)\">Webmaster ( \u00c0 propos de site web et d&#039;autres questions)<\/option><\/select><\/span> <\/p>\n<p> Votre nom: * <br\/>\n<span class=\"wpcf7-form-control-wrap\" data-name=\"your-name\"><input size=\"40\" maxlength=\"80\" class=\"wpcf7-form-control wpcf7-text wpcf7-validates-as-required\" aria-required=\"true\" aria-invalid=\"false\" value=\"\" type=\"text\" name=\"your-name\" \/><\/span> <\/p>\n\n<p>E-mail:* <br\/>\n<span class=\"wpcf7-form-control-wrap\" data-name=\"your-email\"><input size=\"40\" maxlength=\"80\" class=\"wpcf7-form-control wpcf7-email wpcf7-validates-as-required wpcf7-text wpcf7-validates-as-email\" aria-required=\"true\" aria-invalid=\"false\" value=\"\" type=\"email\" name=\"your-email\" \/><\/span> <\/p>\n\n<p>Sujet:* <br\/>\n<span class=\"wpcf7-form-control-wrap\" data-name=\"your-subject\"><input size=\"40\" maxlength=\"80\" class=\"wpcf7-form-control wpcf7-text wpcf7-validates-as-required\" aria-required=\"true\" aria-invalid=\"false\" value=\"\" type=\"text\" name=\"your-subject\" \/><\/span> <\/p>\n\n<p>Message:* <br\/>\n<span class=\"wpcf7-form-control-wrap\" data-name=\"your-message\"><textarea cols=\"40\" rows=\"10\" maxlength=\"400\" class=\"wpcf7-form-control wpcf7-textarea wpcf7-validates-as-required\" aria-required=\"true\" aria-invalid=\"false\" name=\"your-message\"><\/textarea><\/span> <\/p>\n<p><input class=\"wpcf7-form-control wpcf7-submit has-spinner\" type=\"submit\" value=\"Envoyer\" \/> <\/p><p style=\"display: none !important;\" class=\"akismet-fields-container\" data-prefix=\"_wpcf7_ak_\"><label>&#916;<textarea name=\"_wpcf7_ak_hp_textarea\" cols=\"45\" rows=\"8\" maxlength=\"100\"><\/textarea><\/label><input type=\"hidden\" id=\"ak_js_1\" name=\"_wpcf7_ak_js\" value=\"224\"\/><script>document.getElementById( \"ak_js_1\" ).setAttribute( \"value\", ( new Date() ).getTime() );<\/script><\/p><div class=\"wpcf7-response-output\" aria-hidden=\"true\"><\/div>\n<\/form>\n<\/div>\n\n","protected":false},"excerpt":{"rendered":"<p>Ici, au Village des Pruniers, nous recevons beaucoup plus de courriels que les moines et les nonnes n&rsquo;ont la capacit\u00e9 de r\u00e9pondre. Nous faisons de notre mieux pour r\u00e9pondre en temps voulu et nous vous remercions de votre patience et de votre compassion. Pour les diff\u00e9rentes adresses postales et num\u00e9ros de t\u00e9l\u00e9phone du Village des<\/p>\n","protected":false},"author":9,"featured_media":0,"parent":0,"menu_order":8,"comment_status":"closed","ping_status":"closed","template":"","meta":{"_acf_changed":false,"sync_status":"","episode_type":"","audio_file":"","castos_file_data":"","podmotor_file_id":"","cover_image":"","cover_image_id":"","duration":"","filesize":"","filesize_raw":"","date_recorded":"","explicit":"","block":"","itunes_episode_number":"","itunes_title":"","itunes_season_number":"","itunes_episode_type":"","ep_exclude_from_search":false,"footnotes":""},"class_list":["post-140778","page","type-page","status-publish","hentry"],"acf":[],"_links":{"self":[{"href":"https:\/\/dev.plumvillage.org\/fr\/wp-json\/wp\/v2\/pages\/140778","targetHints":{"allow":["GET"]}}],"collection":[{"href":"https:\/\/dev.plumvillage.org\/fr\/wp-json\/wp\/v2\/pages"}],"about":[{"href":"https:\/\/dev.plumvillage.org\/fr\/wp-json\/wp\/v2\/types\/page"}],"author":[{"embeddable":true,"href":"https:\/\/dev.plumvillage.org\/fr\/wp-json\/wp\/v2\/users\/9"}],"replies":[{"embeddable":true,"href":"https:\/\/dev.plumvillage.org\/fr\/wp-json\/wp\/v2\/comments?post=140778"}],"version-history":[{"count":4,"href":"https:\/\/dev.plumvillage.org\/fr\/wp-json\/wp\/v2\/pages\/140778\/revisions"}],"predecessor-version":[{"id":463401,"href":"https:\/\/dev.plumvillage.org\/fr\/wp-json\/wp\/v2\/pages\/140778\/revisions\/463401"}],"wp:attachment":[{"href":"https:\/\/dev.plumvillage.org\/fr\/wp-json\/wp\/v2\/media?parent=140778"}],"curies":[{"name":"wp","href":"https:\/\/api.w.org\/{rel}","templated":true}]}}