{"id":140786,"date":"2022-03-29T17:00:20","date_gmt":"2022-03-29T15:00:20","guid":{"rendered":"http:\/\/test.plumvillage.org\/?page_id=307"},"modified":"2022-05-07T03:53:07","modified_gmt":"2022-05-07T01:53:07","slug":"village-des-pruniers","status":"publish","type":"page","link":"https:\/\/dev.plumvillage.org\/fr\/a-propos\/village-des-pruniers","title":{"rendered":"Le Village des Pruniers"},"content":{"rendered":"\n<div class=\"wp-block-image\"><figure class=\"alignright size-large\"><img loading=\"lazy\" decoding=\"async\" width=\"290\" height=\"200\" src=\"https:\/\/dev.plumvillage.org\/wp-content\/uploads\/2020\/06\/smrti-samadhi-prajna-1.jpg\" alt=\"\" class=\"wp-image-152173\"\/><\/figure><\/div>\n\n\n\n<p>Le Village des Pruniers, fond\u00e9 en 1982 par le V\u00e9n\u00e9rable moine Thich Nh\u00e2t Hanh , comprend trois hameaux principaux (un pour les moines et deux pour les moniales) r\u00e9partis sur trois d\u00e9partements limitrophes: la Dordogne(24), la Gironde(33) et le Lot-et-Garonne(47). <br><br><em><strong>Pour en savoir plus sur nos hameaux : <a href=\"https:\/\/dev.plumvillage.org\/fr\/a-propos\/village-des-pruniers\/nos-hameaux\/\" target=\"_blank\" rel=\"noreferrer noopener\">cliquez ici<\/a><\/strong><\/em><\/p>\n\n\n\n<p>Le nom \u201cVillage des Pruniers\u201d provient des 1250 pruniers de la Communaut\u00e9 dont plus de la moiti\u00e9 furent offerts par des enfants, et dont la production est vendue au b\u00e9n\u00e9fice des enfants qui ont faim au Vietnam. <\/p>\n\n\n\n<figure class=\"wp-block-image alignfull\"><img decoding=\"async\" src=\"https:\/\/dev.plumvillage.org\/wp-content\/uploads\/2016\/04\/fleurs-de-prunier.jpg\" alt=\"fleurs de prunier\" class=\"wp-image-9990\"\/><\/figure>\n\n\n\n<p><em><strong>Pour en savoir plus sur le village des Pruniers : <a href=\"https:\/\/dev.plumvillage.org\/fr\/communaute\/centres-de-pratique-monastique\/#le-village-des-pruniers\" target=\"_blank\" rel=\"noreferrer noopener\">cliquez ici<\/a><\/strong><\/em><\/p>\n\n\n\n<p>Les enseignements de Th\u00e2y (Thich Nh\u00e2t Hanh) sont diffus\u00e9s par 10 centres monastiques dans le monde.<\/p>\n\n\n\n<p><em><strong>Pour en savoir plus sur chaque centre de pratique : <a href=\"https:\/\/dev.plumvillage.org\/fr\/communaute\/centres-de-pratique-monastique\/#centres-monde\" target=\"_blank\" rel=\"noreferrer noopener\">cliquez ici<\/a><\/strong><\/em><\/p>\n\n\n\n<p>Le village des Pruniers, c&rsquo;est aussi plusieurs centaines de groupes locaux, appel\u00e9s \u201csanghas\u201d, dans le monde entier, qui pratiquent en la pleine conscience et mettent en application les enseignements de Th\u00e2y.<\/p>\n\n\n\n<p><em><strong>Pour en savoir plus sur les sanghas locales : <a href=\"https:\/\/dev.plumvillage.org\/fr\/communaute\/sanghas-locales\/\" target=\"_blank\" rel=\"noreferrer noopener\">cliquez ici<\/a><\/strong><\/em><\/p>\n\n\n\n<p><\/p>\n","protected":false},"excerpt":{"rendered":"<p>Le Village des Pruniers, fond\u00e9 en 1982 par le V\u00e9n\u00e9rable moine Thich Nh\u00e2t Hanh , comprend trois hameaux principaux (un pour les moines et deux pour les moniales) r\u00e9partis sur trois d\u00e9partements limitrophes: la Dordogne(24), la Gironde(33) et le Lot-et-Garonne(47). Pour en savoir plus sur nos hameaux : cliquez ici Le nom \u201cVillage des Pruniers\u201d<\/p>\n","protected":false},"author":9,"featured_media":0,"parent":284960,"menu_order":0,"comment_status":"closed","ping_status":"closed","template":"","meta":{"_acf_changed":false,"sync_status":"","episode_type":"","audio_file":"","castos_file_data":"","podmotor_file_id":"","cover_image":"","cover_image_id":"","duration":"","filesize":"","filesize_raw":"","date_recorded":"","explicit":"","block":"","itunes_episode_number":"","itunes_title":"","itunes_season_number":"","itunes_episode_type":"","ep_exclude_from_search":false,"footnotes":""},"class_list":["post-140786","page","type-page","status-publish","hentry"],"acf":[],"_links":{"self":[{"href":"https:\/\/dev.plumvillage.org\/fr\/wp-json\/wp\/v2\/pages\/140786","targetHints":{"allow":["GET"]}}],"collection":[{"href":"https:\/\/dev.plumvillage.org\/fr\/wp-json\/wp\/v2\/pages"}],"about":[{"href":"https:\/\/dev.plumvillage.org\/fr\/wp-json\/wp\/v2\/types\/page"}],"author":[{"embeddable":true,"href":"https:\/\/dev.plumvillage.org\/fr\/wp-json\/wp\/v2\/users\/9"}],"replies":[{"embeddable":true,"href":"https:\/\/dev.plumvillage.org\/fr\/wp-json\/wp\/v2\/comments?post=140786"}],"version-history":[{"count":0,"href":"https:\/\/dev.plumvillage.org\/fr\/wp-json\/wp\/v2\/pages\/140786\/revisions"}],"up":[{"embeddable":true,"href":"https:\/\/dev.plumvillage.org\/fr\/wp-json\/wp\/v2\/pages\/284960"}],"wp:attachment":[{"href":"https:\/\/dev.plumvillage.org\/fr\/wp-json\/wp\/v2\/media?parent=140786"}],"curies":[{"name":"wp","href":"https:\/\/api.w.org\/{rel}","templated":true}]}}