{"id":140798,"date":"2022-03-26T16:50:55","date_gmt":"2022-03-26T15:50:55","guid":{"rendered":"http:\/\/new.plumvillage.org\/?page_id=1364"},"modified":"2022-06-25T14:56:45","modified_gmt":"2022-06-25T12:56:45","slug":"5-entrainements","status":"publish","type":"page","link":"https:\/\/dev.plumvillage.org\/fr\/pleine-conscience\/5-entrainements","title":{"rendered":"Les 5 Entra\u00eenements \u00e0 la Pleine Conscience"},"content":{"rendered":"\n<figure class=\"wp-block-image alignright size-large\"><a href=\"https:\/\/dev.plumvillage.org\/wp-content\/uploads\/2019\/10\/Screenshot-2019-10-04-at-14.14.25.png\"><img loading=\"lazy\" decoding=\"async\" width=\"1024\" height=\"696\" src=\"https:\/\/dev.plumvillage.org\/wp-content\/uploads\/2019\/10\/Screenshot-2019-10-04-at-14.14.25-1024x696.png\" alt=\"\" class=\"wp-image-139976\" srcset=\"https:\/\/dev.plumvillage.org\/wp-content\/uploads\/2019\/10\/Screenshot-2019-10-04-at-14.14.25-1024x696.png 1024w, https:\/\/dev.plumvillage.org\/wp-content\/uploads\/2019\/10\/Screenshot-2019-10-04-at-14.14.25-499x339.png 499w, https:\/\/dev.plumvillage.org\/wp-content\/uploads\/2019\/10\/Screenshot-2019-10-04-at-14.14.25-768x522.png 768w, https:\/\/dev.plumvillage.org\/wp-content\/uploads\/2019\/10\/Screenshot-2019-10-04-at-14.14.25.png 1920w\" sizes=\"auto, (max-width: 1024px) 100vw, 1024px\" \/><\/a><\/figure>\n\n\n\n<p class=\"has-large-font-size\">Les cinq entra\u00eenements \u00e0 la pleine conscience trouvent leur origine dans les cinq pr\u00e9ceptes propos\u00e9s par le Bouddha. Ils ont \u00e9t\u00e9 d\u00e9velopp\u00e9s et mis \u00e0 jour de mani\u00e8re \u00e0 repr\u00e9senter un moyen d&rsquo;introduire la pleine conscience dans tous les domaines de la vie. Plut\u00f4t que des r\u00e8gles strictes, ils nous offrent un cadre pour r\u00e9fl\u00e9chir \u00e0 nos actions, nos paroles et nos pens\u00e9es afin de cr\u00e9er plus de bonheur pour nous-m\u00eames et pour le monde qui nous entoure.<\/p>\n\n\n\n<p><a href=\"#entrainements\">Lire les cinq entra\u00eenements \u00e0 la pleine conscience<\/a><\/p>\n\n\n\n<pre class=\"wp-block-verse\"><strong>Thich Nhat Hanh sur \"les cinq entra\u00eenements \u00e0 la pleine conscience<\/strong>\"\n\n\u00ab Les cinq entra\u00eenements \u00e0 la pleine conscience constituent l'un des moyens les plus concrets de pratiquer la pleine conscience. Ils sont non confessionnels et leur nature est universelle. Ils sont de v\u00e9ritables pratiques de compassion et de compr\u00e9hension. Toutes les traditions spirituelles ont leur \u00e9quivalent des cinq entra\u00eenements \u00e0 la pleine conscience.\n\nLe premier entra\u00eenement consiste \u00e0 prot\u00e9ger la vie, \u00e0 r\u00e9duire la violence en soi, dans la famille et dans la soci\u00e9t\u00e9. Le deuxi\u00e8me entra\u00eenement consiste \u00e0 pratiquer la justice sociale, la g\u00e9n\u00e9rosit\u00e9, \u00e0 ne pas voler et \u00e0 ne pas exploiter les autres \u00eatres vivants. Le troisi\u00e8me est de pratiquer un comportement sexuel responsable afin de prot\u00e9ger les individus, les couples, les familles et les enfants. Le quatri\u00e8me est la pratique de l'\u00e9coute profonde et de la parole aimante pour r\u00e9tablir la communication et se r\u00e9concilier. Le cinqui\u00e8me porte sur la consommation consciente, afin de nous aider \u00e0 ne pas introduire de toxines et de poisons dans notre corps ou notre esprit.\n\nLes cinq entra\u00eenements \u00e0 la pleine conscience sont bas\u00e9s sur les pr\u00e9ceptes \u00e9labor\u00e9s \u00e0 l'\u00e9poque du Bouddha pour servir de base \u00e0 la pratique de l'ensemble de la communaut\u00e9 des pratiquants la\u00efcs. J'ai traduit ces pr\u00e9ceptes pour l'\u00e9poque moderne, car la pleine conscience est \u00e0 la base de chacun d'entre eux. Avec la pleine conscience, nous sommes conscients de ce qui se passe dans notre corps, nos sensations, notre esprit et le monde, et nous \u00e9vitons de faire du mal \u00e0 nous-m\u00eames et aux autres. La pleine conscience nous prot\u00e8ge, ainsi que nos familles et notre soci\u00e9t\u00e9. Lorsque nous sommes conscients, nous pouvons voir qu'en nous abstenant de faire une chose, nous pouvons emp\u00eacher une autre chose de se produire. Nous parvenons \u00e0 une vision unique de la situation. Ce n'est pas quelque chose qui nous est impos\u00e9 par une autorit\u00e9 ext\u00e9rieure.\n\nPratiquer les entra\u00eenements \u00e0 la pleine conscience nous aide donc \u00e0 \u00eatre plus calmes et concentr\u00e9s, et nous apporte plus de compr\u00e9hension et de clart\u00e9. \u00bb\n\n<em>Extrait du livre en anglais <a rel=\"noreferrer noopener\" href=\"https:\/\/www.parallax.org\/product\/happiness-essential-mindfulness-practices\/\" target=\"_blank\">Happiness: Essential Mindfulness Practices<\/a> (2009)<\/em><\/pre>\n\n\n\n<p>Ces entra\u00eenements sont \u00e9galement disponibles en <a href=\"https:\/\/dev.plumvillage.org\/mindfulness-practice\/the-5-mindfulness-trainings\/nam-gioi-tan-tu\/\">Vietnam<\/a>ien, <a href=\"https:\/\/dev.plumvillage.org\/mindfulness\/the-5-mindfulness-trainings\/\" target=\"_blank\" rel=\"noreferrer noopener\">Anglais<\/a>, <a href=\"https:\/\/dev.plumvillage.org\/mindfulness-practice\/the-5-mindfulness-trainings\/die-funf-achtsamkeitsubungen\/\">German<\/a>, <a href=\"https:\/\/dev.plumvillage.org\/mindfulness-practice\/the-5-mindfulness-trainings\/i-cinque-addestramenti-alla-consapevolezza\/\">Italian<\/a>, <a href=\"https:\/\/dev.plumvillage.org\/mindfulness-practice\/the-5-mindfulness-trainings\/de-vijf-aandachtsoefeningen\/\">Dutch<\/a>, <a href=\"https:\/\/dev.plumvillage.org\/mindfulness-practice\/the-5-mindfulness-trainings\/five-mindfulness-trainings-in-spanish\/\">Spanish<\/a>, <a href=\"https:\/\/dev.plumvillage.org\/mindfulness-practice\/the-5-mindfulness-trainings\/the-five-mindfulness-trainings-in-greek\/\" data-type=\"URL\" data-id=\"https:\/\/dev.plumvillage.org\/mindfulness-practice\/the-5-mindfulness-trainings\/the-five-mindfulness-trainings-in-greek\/\">Greek (\u0395\u03bb\u03bb\u03b7\u03bd\u03b9\u03ba\u03ac)<\/a>, <a href=\"https:\/\/dev.plumvillage.org\/bg\/%d0%b8%d0%b7%d0%ba%d1%83%d1%81%d1%82%d0%b2%d0%be%d1%82%d0%be-%d0%b4%d0%b0-%d0%b6%d0%b8%d0%b2%d0%b5%d0%b5%d1%88-%d0%be%d1%81%d1%8a%d0%b7%d0%bd%d0%b0%d1%82%d0%be\/%d0%b1%d1%8a%d0%bb%d0%b3%d0%b0%d1%80%d1%81%d0%ba%d0%b8-the-five-mindfulness-trainings\/\" data-type=\"URL\" data-id=\"https:\/\/dev.plumvillage.org\/bg\/%d0%b8%d0%b7%d0%ba%d1%83%d1%81%d1%82%d0%b2%d0%be%d1%82%d0%be-%d0%b4%d0%b0-%d0%b6%d0%b8%d0%b2%d0%b5%d0%b5%d1%88-%d0%be%d1%81%d1%8a%d0%b7%d0%bd%d0%b0%d1%82%d0%be\/%d0%b1%d1%8a%d0%bb%d0%b3%d0%b0%d1%80%d1%81%d0%ba%d0%b8-the-five-mindfulness-trainings\/\">Bulgarian (\u0431\u044a\u043b\u0433\u0430\u0440\u0441\u043a\u0438)<\/a>, <a href=\"https:\/\/dev.plumvillage.org\/zh-hant\/%e6%ad%a3%e5%bf%b5%e7%94%9f%e6%b4%bb%e7%9a%84%e8%97%9d%e8%a1%93\/%e4%ba%94%e9%a0%85%e6%ad%a3%e5%bf%b5%e4%bf%ae%e7%bf%92\/\" data-type=\"URL\" data-id=\"https:\/\/dev.plumvillage.org\/zh-hant\/%e6%ad%a3%e5%bf%b5%e7%94%9f%e6%b4%bb%e7%9a%84%e8%97%9d%e8%a1%93\/%e4%ba%94%e9%a0%85%e6%ad%a3%e5%bf%b5%e4%bf%ae%e7%bf%92\/\">Chinese (\u4e2d\u6587)<\/a>.<\/p>\n\n\n\n<hr class=\"wp-block-separator has-css-opacity is-style-wide\" id=\"entrainements\"\/>\n\n\n\n<h2 class=\"wp-block-heading\">Les Cinq Entra\u00eenements \u00e0 la Pleine Conscience<\/h2>\n\n\n\n<p><em>Les Cinq Entra\u00eenements \u00e0 la Pleine Conscience expriment la vision bouddhiste d\u2019une spiritualit\u00e9 et d\u2019une \u00e9thique pour le monde. Ils sont la pratique concr\u00e8te des Quatre Nobles V\u00e9rit\u00e9s et du Chemin Octuple enseign\u00e9s par le Bouddha. Ils montrent le chemin de la compr\u00e9hension et de l\u2019amour v\u00e9ritables, menant \u00e0 la transformation, \u00e0 la gu\u00e9rison et au bonheur de l\u2019individu et du monde. Ils permettent d\u2019approfondir la Vue Juste, qui est la vision de l\u2019inter-\u00eatre, et de dissoudre le fanatisme, la discrimination, la peur et le d\u00e9sespoir. Pratiquer les Cinq Entra\u00eenements dans notre vie quotidienne, c\u2019est d\u00e9j\u00e0 \u00eatre sur le chemin des bodhisattvas. Conscients de la chance que nous avons d\u2019\u00eatre sur ce chemin, <em>nous n\u2019avons plus \u00e0 nous faire de souci pour le pr\u00e9sent et \u00e0 avoir peur de l\u2019avenir<\/em>.&nbsp;<\/em><\/p>\n\n\n\n<h4 class=\"wp-block-heading\">Respect de la Vie<\/h4>\n\n\n\n<p>Conscient\u00b7e de la souffrance provoqu\u00e9e par la destruction de la vie, je suis d\u00e9termin\u00e9\u00b7e \u00e0 cultiver ma compr\u00e9hension de l\u2019inter-\u00eatre et ma compassion, afin d\u2019apprendre comment prot\u00e9ger la vie des personnes, des animaux, des plantes et des min\u00e9raux. Je m\u2019engage \u00e0 ne pas tuer, \u00e0 ne pas laisser tuer et \u00e0 ne soutenir aucun acte meurtrier dans le monde, dans mes pens\u00e9es ou dans ma fa\u00e7on de vivre. Je comprends que toute violence caus\u00e9e notamment par le fanatisme, la haine, l\u2019avidit\u00e9, la peur, a son origine dans une vue dualiste et discriminante. Je m\u2019entra\u00eenerai \u00e0 tout regarder avec ouverture, sans discrimination ni attachement \u00e0 aucune vue, ni \u00e0 aucune id\u00e9ologie, pour \u0153uvrer \u00e0 transformer la violence et le dogmatisme qui demeurent en moi et dans le monde.<\/p>\n\n\n\n<h4 class=\"wp-block-heading\">Bonheur V\u00e9ritable<\/h4>\n\n\n\n<p>Conscient\u00b7e de la souffrance provoqu\u00e9e par le vol, l\u2019oppression, l\u2019exploitation et l\u2019injustice sociale, je suis d\u00e9termin\u00e9\u00b7e \u00e0 pratiquer la g\u00e9n\u00e9rosit\u00e9 dans mes pens\u00e9es, dans mes paroles et dans mes actions de la vie quotidienne. Je partagerai mon temps, mon \u00e9nergie et mes ressources mat\u00e9rielles avec ceux qui en ont besoin. Je m\u2019engage \u00e0 ne pas m\u2019approprier ce qui ne m\u2019appartient pas. Je m\u2019entra\u00eenerai \u00e0 regarder profond\u00e9ment afin de voir que le bonheur et la souffrance d\u2019autrui sont \u00e9troitement li\u00e9s \u00e0 mon propre bonheur et \u00e0 ma propre souffrance. Je comprends que le bonheur v\u00e9ritable est impossible sans compr\u00e9hension et amour, et que la recherche du bonheur dans l\u2019argent, la renomm\u00e9e, le pouvoir ou le plaisir sensuel engendre beaucoup de souffrance et de d\u00e9sespoir. J\u2019approfondirai ma compr\u00e9hension du bonheur v\u00e9ritable, qui d\u00e9pend davantage de ma fa\u00e7on de penser que de conditions ext\u00e9rieures. Si je suis capable de m\u2019\u00e9tablir dans le moment pr\u00e9sent, je peux vivre heureux\u00b7se ici et maintenant, dans la simplicit\u00e9, reconnaissant que de nombreuses conditions de bonheur sont d\u00e9j\u00e0 disponibles en moi et autour de moi. Conscient\u00b7e de cela, je suis d\u00e9termin\u00e9\u00b7e \u00e0 choisir des moyens d\u2019existence justes afin de r\u00e9duire la souffrance, de contribuer au bien-\u00eatre de toutes les esp\u00e8ces sur Terre, de cesser de contribuer au changement climatique et de pr\u00e9server notre plan\u00e8te.<\/p>\n\n\n\n<h4 class=\"wp-block-heading\">Amour V\u00e9ritable<\/h4>\n\n\n\n<p>Conscient\u00b7e de la souffrance provoqu\u00e9e par une conduite sexuelle irresponsable, je suis d\u00e9termin\u00e9\u00b7e \u00e0 d\u00e9velopper mon sens de la responsabilit\u00e9 et \u00e0 apprendre \u00e0 prot\u00e9ger l\u2019int\u00e9grit\u00e9 et la s\u00e9curit\u00e9 de chaque individu, des couples, des familles et de la soci\u00e9t\u00e9. Je sais que le d\u00e9sir sexuel et l\u2019amour sont deux choses distinctes, et que des relations sexuelles irresponsables, motiv\u00e9es par l\u2019avidit\u00e9, causent toujours de la souffrance de part et d\u2019autre. Je m\u2019engage \u00e0 ne pas avoir de relation sexuelle sans amour v\u00e9ritable ni engagement profond et durable. Je suis d\u00e9termin\u00e9.e \u00e0 me tourner vers les membres de ma famille, mes ami\u00b7e\u00b7s et la sangha aupr\u00e8s desquels je trouve soutien et confiance pour nourrir l\u2019int\u00e9grit\u00e9 de ma relation. Je ferai tout mon possible pour prot\u00e9ger les enfants des abus sexuels et pour emp\u00eacher les couples et les familles de se d\u00e9sunir par suite de comportements sexuels irresponsables. Sachant que le corps et l\u2019esprit ne font qu\u2019un, je m\u2019engage \u00e0 apprendre les moyens appropri\u00e9s pour g\u00e9rer mon \u00e9nergie sexuelle et \u00e0 cultiver les quatre fondements de l&rsquo;amour v\u00e9ritable &#8211; la bont\u00e9 aimante, la compassion, la joie et la non-discrimination &#8211; pour mon propre bonheur et le bonheur d\u2019autrui. Conscient.e de la diversit\u00e9 de l\u2019exp\u00e9rience humaine, je m\u2019engage \u00e0 ne faire preuve d\u2019aucune discrimination envers les identit\u00e9s de genre et les orientations sexuelles. En pratiquant l\u2019amour v\u00e9ritable, je m\u2019assure une continuation heureuse dans l\u2019avenir.<\/p>\n\n\n\n<h4 class=\"wp-block-heading\">Parole Aimante et Ecoute Profonde<\/h4>\n\n\n\n<p>Conscient\u00b7e de la souffrance provoqu\u00e9e par des paroles irr\u00e9fl\u00e9chies et par l\u2019incapacit\u00e9 \u00e0 \u00e9couter autrui, je suis d\u00e9termin\u00e9\u00b7e \u00e0 apprendre \u00e0 parler \u00e0 tous avec amour et \u00e0 d\u00e9velopper une \u00e9coute profonde qui soulage la souffrance et apporte paix et r\u00e9conciliation entre moi-m\u00eame et autrui, entre groupes ethniques, groupes religieux, et entre nations. Sachant que la parole peut \u00eatre source de bonheur comme de souffrance, je m\u2019engage \u00e0 apprendre \u00e0 parler avec sinc\u00e9rit\u00e9, en employant des mots qui inspirent \u00e0 chacun la confiance en soi, nourrissent la joie et l\u2019espoir, et \u0153uvrent \u00e0 l\u2019harmonie et \u00e0 la compr\u00e9hension mutuelle. Je suis d\u00e9termin\u00e9\u00b7e \u00e0 ne rien dire lorsque je suis en col\u00e8re : je m\u2019entra\u00eenerai \u00e0 respirer et \u00e0 marcher en pleine conscience, afin de reconna\u00eetre cette col\u00e8re et de regarder profond\u00e9ment ses racines, tout particuli\u00e8rement dans mes perceptions erron\u00e9es et dans le manque de compr\u00e9hension de ma propre souffrance et de la souffrance de la personne contre laquelle je suis en col\u00e8re. Je m\u2019entra\u00eenerai \u00e0 dire la v\u00e9rit\u00e9 et \u00e0 \u00e9couter profond\u00e9ment, de mani\u00e8re \u00e0 r\u00e9duire la souffrance chez les autres et en moi-m\u00eame, et \u00e0 trouver des solutions aux situations difficiles. Je suis d\u00e9termin\u00e9\u00b7e \u00e0 ne r\u00e9pandre aucune information dont je ne suis pas certain\u00b7e et \u00e0 ne rien dire qui puisse entra\u00eener division, discorde ou rupture au sein d\u2019une famille ou d\u2019une communaut\u00e9. Je m\u2019engage \u00e0 pratiquer la Diligence Juste afin de cultiver ma compr\u00e9hension, mon amour, mon bonheur et ma tol\u00e9rance, et de transformer jour apr\u00e8s jour les semences de violence, de haine et de peur qui demeurent en moi.<\/p>\n\n\n\n<h4 class=\"wp-block-heading\">Transformation et Gu\u00e9rison<\/h4>\n\n\n\n<p>Conscient\u00b7e de la souffrance provoqu\u00e9e par une consommation irr\u00e9fl\u00e9chie, je suis d\u00e9termin\u00e9\u00b7e \u00e0 apprendre \u00e0 nourrir sainement mon corps et mon esprit et \u00e0 les transformer en entretenant une bonne sant\u00e9 physique et mentale par ma pratique de la pleine conscience lorsque je mange, bois et consomme. Afin de ne pas m\u2019intoxiquer, je m\u2019entra\u00eenerai \u00e0 observer profond\u00e9ment ma consommation des Quatre Sortes d\u2019Aliments : les aliments comestibles, les impressions sensorielles, la volition et la conscience. Je m\u2019engage \u00e0 m\u2019abstenir de jeux de hasard, d\u2019alcool, de drogue, et \u00e0 ne consommer aucun produit contenant des toxines comme certains sites internet, jeux \u00e9lectroniques, musiques, films, \u00e9missions de t\u00e9l\u00e9vision, livres, magazines ou encore certaines conversations. Je m\u2019entra\u00eenerai r\u00e9guli\u00e8rement \u00e0 revenir au moment pr\u00e9sent pour rester en contact avec les \u00e9l\u00e9ments nourrissants et porteurs de gu\u00e9rison qui sont en moi et autour de moi, et \u00e0 ne pas me laisser emporter par des regrets et des peines quant au pass\u00e9, ou par des soucis et des peurs concernant l\u2019avenir. Je suis d\u00e9termin\u00e9\u00b7e \u00e0 ne pas utiliser la consommation comme un moyen de fuir la souffrance, la solitude et l\u2019anxi\u00e9t\u00e9. Je m\u2019entra\u00eenerai \u00e0 regarder profond\u00e9ment la nature de l\u2019interd\u00e9pendance de toute chose, afin qu\u2019en consommant, je nourrisse la joie et la paix, tant dans mon corps et ma conscience que dans le corps et la conscience collective de la soci\u00e9t\u00e9 et de la plan\u00e8te.<\/p>\n\n\n    <div class=\"panel panel-books align        panel-collapsable \n        panel-open \n        \">\n                    <h5><span class=\"icon icon-caret-right\"><\/span><span class=\"underline-me\">Lire plus<\/span><\/h5>\n                <div class=\"row row-collapsable\">\n            <div class=\"col-md-12\">\n                <div class=\"row \">\n                                                                                                <div class=\"index-item index-book col single-book\">\n                                <a class=\"link-zoom\" data-base-class=\"lg-hide-close-button\" data-small-btn=\"false\" data-fancybox=\"block_5d4c2433b2f96\" data-type=\"ajax\" data-touch=\"false\" href=\"https:\/\/dev.plumvillage.org\/fr\/books\/changer-lavenir\"><span class=\"book-cover\"><span class=\"icon icon-bg icon-zoom\"><\/span><img loading=\"lazy\" decoding=\"async\" width=\"450\" height=\"700\" src=\"https:\/\/dev.plumvillage.org\/wp-content\/uploads\/2021\/01\/FR-LIVRE-Changer-l-avenir.jpg\" class=\"attachment-medium size-medium wp-post-image\" alt=\"\" \/><\/span>\n                                                                    <h5><span>Changer l&rsquo;Avenir<span><\/h5>\n                                                                            <div class=\"entry-meta\">\n                                            Pour une vie harmonieuse                                        <\/div><!-- .entry-meta -->\n                                    \n                                                                            <p>Gr\u00e2ce \u00e0 la pratique quotidienne des&nbsp; \u201centra\u00eenements \u00e0 la pleine conscience\u201d, le cheminement \u00e9thique du Bouddhisme se dessine. respect de la vie, g\u00e9n\u00e9rosit\u00e9, bonne conduite sexuelle, parole aimante et&#8230;<\/p>\n                                                                                                    <\/a>\n                            <\/div>\n                                                            <\/div>\n            <\/div>\n        <\/div>\n    <\/div>\n","protected":false},"excerpt":{"rendered":"<p>Les cinq entra\u00eenements \u00e0 la pleine conscience trouvent leur origine dans les cinq pr\u00e9ceptes propos\u00e9s par le Bouddha. Ils ont \u00e9t\u00e9 d\u00e9velopp\u00e9s et mis \u00e0 jour de mani\u00e8re \u00e0 repr\u00e9senter un moyen d&rsquo;introduire la pleine conscience dans tous les domaines de la vie. Plut\u00f4t que des r\u00e8gles strictes, ils nous offrent un cadre pour r\u00e9fl\u00e9chir<\/p>\n","protected":false},"author":9,"featured_media":0,"parent":285097,"menu_order":0,"comment_status":"closed","ping_status":"closed","template":"","meta":{"_acf_changed":false,"sync_status":"","episode_type":"","audio_file":"","castos_file_data":"","podmotor_file_id":"","cover_image":"","cover_image_id":"","duration":"","filesize":"","filesize_raw":"","date_recorded":"","explicit":"","block":"","itunes_episode_number":"","itunes_title":"","itunes_season_number":"","itunes_episode_type":"","ep_exclude_from_search":false,"footnotes":""},"class_list":["post-140798","page","type-page","status-publish","hentry"],"acf":[],"_links":{"self":[{"href":"https:\/\/dev.plumvillage.org\/fr\/wp-json\/wp\/v2\/pages\/140798","targetHints":{"allow":["GET"]}}],"collection":[{"href":"https:\/\/dev.plumvillage.org\/fr\/wp-json\/wp\/v2\/pages"}],"about":[{"href":"https:\/\/dev.plumvillage.org\/fr\/wp-json\/wp\/v2\/types\/page"}],"author":[{"embeddable":true,"href":"https:\/\/dev.plumvillage.org\/fr\/wp-json\/wp\/v2\/users\/9"}],"replies":[{"embeddable":true,"href":"https:\/\/dev.plumvillage.org\/fr\/wp-json\/wp\/v2\/comments?post=140798"}],"version-history":[{"count":0,"href":"https:\/\/dev.plumvillage.org\/fr\/wp-json\/wp\/v2\/pages\/140798\/revisions"}],"up":[{"embeddable":true,"href":"https:\/\/dev.plumvillage.org\/fr\/wp-json\/wp\/v2\/pages\/285097"}],"wp:attachment":[{"href":"https:\/\/dev.plumvillage.org\/fr\/wp-json\/wp\/v2\/media?parent=140798"}],"curies":[{"name":"wp","href":"https:\/\/api.w.org\/{rel}","templated":true}]}}