{"id":140808,"date":"2013-11-20T14:10:36","date_gmt":"2013-11-20T13:10:36","guid":{"rendered":"http:\/\/pruniers.wpengine.com\/?page_id=3566"},"modified":"2023-04-25T17:22:01","modified_gmt":"2023-04-25T15:22:01","slug":"enfants-du-vietnam","status":"publish","type":"page","link":"https:\/\/dev.plumvillage.org\/fr\/donner\/enfants-du-vietnam","title":{"rendered":"Enfants du Vietnam"},"content":{"rendered":"\n<p>Le Vietnam est l\u2019un des pays les plus pauvres du monde.La guerre y a laiss\u00e9 des stigmates et une grande partie de la population y souffre encore de pr\u00e9carit\u00e9, de faim et de pauvret\u00e9, ainsi que des cons\u00e9quences des fr\u00e9quentes catastrophes naturelles dont elle est victime. La moiti\u00e9 de la population totale du pays est \u00e2g\u00e9e de moins de 20 ans et s\u2019\u00e9l\u00e8ve aujourd\u2019hui \u00e0 80 millions d\u2019individus. Beaucoup d\u2019enfants et de Jeunes manquent cruellement de nourriture, d\u2019\u00e9ducation et d\u2019apprentissage ; cependant l\u2019avenir du Vietnam d\u00e9pend du d\u00e9veloppement de ses enfants. Le Manque de Services Sociaux a de lourdes cons\u00e9quences pour les personnes handicap\u00e9es et \u00e2g\u00e9es, en les laissant isol\u00e9es et d\u00e9pourvues d\u2019aide.<\/p>\n\n\n\n<p>Thich Nath Hahn, Ma\u00eetre Zen, est le repr\u00e9sentant le plus repr\u00e9sentatif et le plus v\u00e9n\u00e9r\u00e9 de l\u2019Eglise Bouddhiste dans le monde. Il a vou\u00e9 sa vie enti\u00e8re \u00e0 l\u2019id\u00e9al bouddhiste de sagesse et de compassion. Pendant la guerre du Vietnam, il a cr\u00e9e un centre formation au Service Social pour des Jeunes qui ressentaient une vocation pour reconstruire des villages ; il a \u00e9galement fond\u00e9 l\u2019Universit\u00e9 Bouddhiste Van Han de Sa\u00efgon. Contraint \u00e0 l\u2019exil en 1966, il a continu\u00e9 son oeuvre de paix et ainsi obtenu le Prix Nobel de la Paix en 1967. Depuis lors, il n\u2019a jamais cess\u00e9 d\u2019aider les r\u00e9fugi\u00e9s de guerres et les enfants en difficult\u00e9. Thich Nath Hanh vit dans le sud-ouest de la France, dans une communaut\u00e9 qu\u2019il a fond\u00e9e : Le Village des Pruniers.<\/p>\n\n\n\n<p>Le Programme de formation de l\u2019\u00e9cole de Service Social des Jeunes se nomme actuellement : \u201cCompr\u00e9hension et Amour\u201d. le Si\u00e8ge Social est situ\u00e9 \u00e0 Hu\u00e9, au Vietnam. Il est soutenu par des moines et des travailleurs sociaux, principalement au centre du pays.<br>Les 8 provinces qui constituent le Vietnam du Sud sont couvertes par une \u00e9quipe de 37 personnes, et les 9 provinces du Nord par une \u00e9quipe de 12 personnes.<\/p>\n\n\n\n<h4 class=\"wp-block-heading\">Nourriture<\/h4>\n\n\n\n<p>Loin des villes et des m\u00e9gapoles, beaucoup d\u2019enfants souffrent de malnutrition.<br>Nous vous remercions pour l\u2019aide que vous voudrez bien apporter et pour votre g\u00e9n\u00e9rosit\u00e9, afin que les Services Sociaux de notre association puissent nourrir beaucoup d\u2019enfants sous-aliment\u00e9s, par un repas \u00e0 midi et un verre de lait de soja dans l\u2019apr\u00e8s-midi.<\/p>\n\n\n\n<h4 class=\"wp-block-heading\">Education<\/h4>\n\n\n\n<p>Dans de nombreuses r\u00e9gions du Vietnam, les infrastructures sociales sont absentes.<br>En particulier dans les r\u00e9gions montagneuses, les adultes se voient oblig\u00e9s de couper du bois du matin tr\u00e8s t\u00f4t jusqu\u2019\u00e0 tard le soir, afin de le vendre pour de faibles gains.<br>Dans les plantations de th\u00e9 ou de caf\u00e9, les jeunes parents n\u2019ont pas la possibilit\u00e9 de s\u2019occuper de leurs enfants, ni de les confier \u00e0 leurs propres parents ou grand-parents qui habitent trop loin\u2026 Toute leur \u00e9nergie est r\u00e9quisitionn\u00e9e pour la survie, pendant que les enfants sont livr\u00e9s \u00e0 eux-m\u00eames et sont facilement la proie de chutes, de morsures de serpents ou de noyades ou encore, sont confront\u00e9s \u00e0 d\u2019autres dangers.<\/p>\n\n\n\n<p>Nous avons donc besoin de g\u00e9n\u00e9reux donateurs pour financer la scolarit\u00e9 des enfants et pour r\u00e9mun\u00e9rer les professeurs. Nous utiliserons vos dons afin de pouvoir assurer des parcours scolaires r\u00e9guliers, r\u00e9mun\u00e9rer des professeurs et servir un repas par jour \u00e0 chaque enfant.<\/p>\n\n\n\n<h4 class=\"wp-block-heading\">Mat\u00e9riel pour les personnes \u00e2g\u00e9es et handicap\u00e9es<\/h4>\n\n\n\n<p>Beaucoup de familles, \u00e0 cause de leur \u00e9tat de pr\u00e9carit\u00e9, ne sont pas \u00e0 m\u00eame de pouvoir s\u2019\u00e9quiper du plus simple mat\u00e9riel n\u00e9cessaire \u00e0 l\u2019appareillage des personnes \u00e2g\u00e9es et handicap\u00e9es. C\u2019est la raison pour laquelle ces personnes vivent dans des conditions d\u2019abandon extr\u00eame.<\/p>\n\n\n\n<p>Par un don de 10 euros par mois, vous permettez \u00e0 une personne \u00e0 mobilit\u00e9 r\u00e9duite de vivre dignement.<\/p>\n\n\n\n<h4 class=\"wp-block-heading\">Puits<\/h4>\n\n\n\n<p>L\u2019Eau courante permet aux familles de faire pousser des l\u00e9gumes, de cultiver un jardin et produire ainsi leur propre nourriture.<\/p>\n\n\n\n<p>La construction d\u2019un puits est suffisante pour assurer la survie d\u2019une famille enti\u00e8re ; celle d\u2019un puits pour une \u00e9cole permet d\u2019assurer une hygi\u00e8ne minimum.<\/p>\n\n\n\n<p>Par un don de 25 Euros, vous pouvez aider une famille \u00e0 se procurer le mat\u00e9riel n\u00e9cessaire \u00e0 la construction de leur propre puits.<\/p>\n\n\n\n<p>Avec 100 Euros, vous permettez de financer les mat\u00e9riaux n\u00e9cessaires et la construction d\u2019un puits pour une famille o\u00f9 aucun homme ne peut l\u2019assurer.<\/p>\n\n\n\n<h4 class=\"wp-block-heading\">Catastrophes naturelles<\/h4>\n\n\n\n<p>Le Vietnam est malheureusement souvent victime de catastrophes naturelles, comme des typhons ou des ouragans. Les cons\u00e9quences sont dramatiques : pertes humaines, nombreuses familles sans abris et sans ressources suffisantes pour survivre.<\/p>\n\n\n\n<p>En faisant le don de votre choix, vous apporterez un soutien \u00e0 notre programme d\u2019Aide pour l\u2019approvisionnement en vivres, m\u00e9dicaments, ou mat\u00e9riel.<\/p>\n\n\n\n<p>Votre aide est pr\u00e9cieuse, que ce soit dans le cadre du programme de lutte contre la Faim, dans celui de l\u2019am\u00e9lioration des conditions de logement, car celle -ci apporte soutien et espoir \u00e0 beaucoup de personnes, tout en permettant le d\u00e9veloppement de la compr\u00e9hension et de la compassion pour chacun d\u2019entre nous.<\/p>\n\n\n\n<h4 class=\"wp-block-heading\">La compassion en action<\/h4>\n\n\n\n<p>4 \u00e9tudiants form\u00e9s et entra\u00een\u00e9s par Tha\u00ff en 1998 se sont vus encourag\u00e9s \u00e0 d\u00e9velopper un Programme de Soins \u00e0 l\u2019Enfance, s\u2019adressant \u00e0 des enfants vietnamiens, en \u00e9tat de grande vuln\u00e9rabilit\u00e9. En effet, dans les r\u00e9gions montagneuses les plus recul\u00e9es, le Village des Pruniers aide actuellement des centaines d\u2019enfants des r\u00e9gions de Lam Dong, Binh Thuan et Dong Nai.<\/p>\n\n\n\n<h4 class=\"wp-block-heading\">Aider les personnes \u00e0 se prendre en charge<\/h4>\n\n\n\n<p>Le th\u00e8me de nos programmes est de fournir de l\u2019aide aux personnes dans le besoin, de fa\u00e7on \u00e0 ce qu\u2019elles soient ensuite en mesure de s\u2019aider elles-m\u00eames.<br>Par exemple, dans une famille avec plusieurs enfants, nous allons aider un seul enfant, de cette mani\u00e8re, le reste de la famille continuera \u00e0 prendre ses responsabilit\u00e9s. Nous distribuons de la nourriture aux familles les plus pauvres, mais les familles qui peuvent contribuer \u00e0 l\u2019achat de nourriture et aux frais d\u2019\u00e9ducation des enfants, m\u00eame modestement, continuent \u00e0 le faire.&nbsp;<\/p>\n\n\n\n<p>Quand on d\u00e9cide de construire une \u00e9cole, les travailleurs sociaux consultent la population du village et les autorit\u00e9s, pour les inciter \u00e0 participer au projet. Nous fournissons uniquement le mat\u00e9riel de base, comme un toit en paille, des murs en bambou, et l\u2019\u00e9cole est construite par les villageois. Ainsi, ils ressentent que c\u2019est leur \u00e9cole. Ceci est \u00e9galement valable pour les puits et les autres projets.<\/p>\n\n\n\n<div class=\"wp-block-buttons is-layout-flex wp-block-buttons-is-layout-flex\">\n<div class=\"wp-block-button is-style-large\"><a class=\"wp-block-button__link wp-element-button\" href=\"https:\/\/dev.plumvillage.org\/fr\/donner\/enfants-du-vietnam\/?form=FUNXKLVMJBL\">Donner<\/a><\/div>\n<\/div>\n","protected":false},"excerpt":{"rendered":"<p>Le Vietnam est l\u2019un des pays les plus pauvres du monde.La guerre y a laiss\u00e9 des stigmates et une grande partie de la population y souffre encore de pr\u00e9carit\u00e9, de faim et de pauvret\u00e9, ainsi que des cons\u00e9quences des fr\u00e9quentes catastrophes naturelles dont elle est victime. La moiti\u00e9 de la population totale du pays est<\/p>\n","protected":false},"author":9,"featured_media":0,"parent":373774,"menu_order":0,"comment_status":"closed","ping_status":"closed","template":"","meta":{"_acf_changed":false,"sync_status":"","episode_type":"","audio_file":"","castos_file_data":"","podmotor_file_id":"","cover_image":"","cover_image_id":"","duration":"","filesize":"","filesize_raw":"","date_recorded":"","explicit":"","block":"","itunes_episode_number":"","itunes_title":"","itunes_season_number":"","itunes_episode_type":"","ep_exclude_from_search":false,"footnotes":""},"class_list":["post-140808","page","type-page","status-publish","hentry"],"acf":[],"_links":{"self":[{"href":"https:\/\/dev.plumvillage.org\/fr\/wp-json\/wp\/v2\/pages\/140808","targetHints":{"allow":["GET"]}}],"collection":[{"href":"https:\/\/dev.plumvillage.org\/fr\/wp-json\/wp\/v2\/pages"}],"about":[{"href":"https:\/\/dev.plumvillage.org\/fr\/wp-json\/wp\/v2\/types\/page"}],"author":[{"embeddable":true,"href":"https:\/\/dev.plumvillage.org\/fr\/wp-json\/wp\/v2\/users\/9"}],"replies":[{"embeddable":true,"href":"https:\/\/dev.plumvillage.org\/fr\/wp-json\/wp\/v2\/comments?post=140808"}],"version-history":[{"count":4,"href":"https:\/\/dev.plumvillage.org\/fr\/wp-json\/wp\/v2\/pages\/140808\/revisions"}],"predecessor-version":[{"id":376415,"href":"https:\/\/dev.plumvillage.org\/fr\/wp-json\/wp\/v2\/pages\/140808\/revisions\/376415"}],"up":[{"embeddable":true,"href":"https:\/\/dev.plumvillage.org\/fr\/wp-json\/wp\/v2\/pages\/373774"}],"wp:attachment":[{"href":"https:\/\/dev.plumvillage.org\/fr\/wp-json\/wp\/v2\/media?parent=140808"}],"curies":[{"name":"wp","href":"https:\/\/api.w.org\/{rel}","templated":true}]}}