{"id":140831,"date":"2022-03-25T15:30:00","date_gmt":"2022-03-25T14:30:00","guid":{"rendered":"http:\/\/pruniers.wpengine.com\/?page_id=7415"},"modified":"2022-05-07T02:09:04","modified_gmt":"2022-05-07T00:09:04","slug":"happy-farms-du-village-des-pruniers","status":"publish","type":"page","link":"https:\/\/dev.plumvillage.org\/fr\/communaute\/happy-farms-du-village-des-pruniers","title":{"rendered":"Les Happy Farm du Village des Pruniers"},"content":{"rendered":"<p><img loading=\"lazy\" decoding=\"async\" class=\"alignleft size-medium wp-image-7451\" src=\"http:\/\/pruniers.wpengine.com\/wp-content\/uploads\/2015\/04\/happy-farm-13-300x241.jpg\" alt=\"happy farm 13\" width=\"300\" height=\"241\">Le Village des Pruniers a commenc\u00e9 trois petites fermes \u201cHappy Farm\u201d en agriculture biologique et diversifi\u00e9e: une au Hameau du Haut avec les moines et les r\u00e9sidents la\u00efcs, une au Hameau du Bas (avec les moniales et les r\u00e9sidentes la\u00efques) et une au Hameau Nouveau. &nbsp;En d\u00e9ployant activement leurs <strong>valeurs de pleine conscience<\/strong>, de <strong>d\u00e9veloppement communautaire et durable<\/strong>, les &lsquo;joyeux cultivateurs&rsquo; travaillent la terre en collaboration avec les moines du Village des Pruniers, les retraitants ponctuels, et certains groupes venant occasionnellement y vivre des ateliers.<\/p>\n<blockquote>\n<p style=\"text-align: center;\">\u201cTu es un jardinier et tes mains ont le pouvoir de transformer le compost en fleurs, en fruits, en l\u00e9gumes. Tu ne jettes rien car tu n&rsquo;as pas peur des d\u00e9tritus. Tes mains sont capables de les transformer en fleurs, en laitue ou en concombres..\u201d<\/p>\n<p>&#8211; Thich Nhat Hanh&nbsp;<\/p>\n<p style=\"text-align: left;\">\n<\/p><\/blockquote>\n<p>Honorant le v\u0153u de notre Ma\u00eetre, Th\u00e2y, d&rsquo;\u00e9tablir une ferme biologique au sein m\u00eame du Village des Pruniers, nous avons d\u00e9cid\u00e9 d\u2019\u0153uvrer \u00e0 la transformation des magnifiques terres qu&rsquo;offre le lac de l\u2019Ouest (westlake) tout proche du Hameau du Haut, en un vaste espace o\u00f9 peuvent collaborer agriculteurs, retraitants et volontaires, le tout dans un climat de pratique, de gu\u00e9rison et de reconnexion avec la Terre M\u00e8re, par le simple fait de la cultiver.<\/p>\n<p><a href=\"https:\/\/youtu.be\/vWlcKDWwUwA\" target=\"_blank\" rel=\"noopener noreferrer\">Pour en savoir plus sur les Happy Farm<\/a><\/p>\n<h4 style=\"text-align: center;\">&nbsp;<\/h4>\n<p>https:\/\/www.youtube.com\/watch?v=OsHgGCeZLSc<\/p>\n<h4><strong><a name=\"1\"><\/a><\/strong><\/h4>\n<p><\/p>\n<h4><strong><a name=\"1\"><\/a>Promouvoir la Pleine Conscience<\/strong><\/h4>\n<p>Cultiver la terre, transformer les \u00e9l\u00e9ments, r\u00e9colter les fruits de saison, observer et suivre les rythmes de la nature, etc. toutes ces pratiques incarnent compr\u00e9hension, amour et pleine conscience. C&rsquo;est par cette pleine conscience, alli\u00e9e \u00e0 la concentration, que nous parvenons \u00e0 toucher vraiment la terre, le ciel et toutes les merveilles de la vie. Nous sentons alors notre lien \u00e9troit avec la plan\u00e8te, un \u00eatre vivant \u00e0 part enti\u00e8re, qui respire elle aussi, d\u00e9veloppant alors notre profonde gratitude pour ce v\u00e9ritable miracle. C&rsquo;est ainsi que nous pouvons contacter la gu\u00e9rison et la transformation en nous-m\u00eames, tout en acc\u00e9dant \u00e0 notre juste place sur cette terre et notre responsabilit\u00e9 envers la plan\u00e8te.<\/p>\n<p style=\"text-align: center;\">\u201c<em>Il n&rsquo;y a pas de chemin vers la r\u00e9colte, la r\u00e9colte est le chemin&nbsp;<\/em>.\u201d<\/p>\n<p>Cette phrase r\u00e9sume l&rsquo;enseignement que Th\u00e2y a donn\u00e9 lors de la F\u00eate du T\u00eat en 2013 (nouvel an lunaire) aux premi\u00e8res personnes qui ont pu travailler \u00e0 la Ferme Joyeuse. Cultiver la terre ne concerne pas l&rsquo;avenir, ni l&rsquo;\u00e9laboration de projets dans l&rsquo;attente des r\u00e9coltes. Le bonheur est un fruit que nous cultivons chaque jour, \u00e0 chaque moment de notre pratique avec les terres. En semant et plantant les graines, en cultivant les terres ou en arrosant les semis, nous pouvons toucher le bonheur directement, dans le moment pr\u00e9sent. Et la qualit\u00e9 de notre r\u00e9colte d\u00e9coulera directement&nbsp;de notre paix et de notre bonheur. C&rsquo;est pour cela que la qualit\u00e9 de notre &lsquo;\u00eatre&rsquo;, de notre paix et de notre libert\u00e9 sont essentielles \u00e0 une culture heureuse. Les&nbsp;Fermes Joyeuses ne diff\u00e8rent pas vraiment d&rsquo;autres lieux agricoles (m\u00eame type de gestion et de planification des demandes), ce qui en fait un lieu de formation id\u00e9al pour int\u00e9grer la pleine conscience dans un environnement de travail quotidien. Notre souhait est que l&rsquo;enseignement offert par les Fermes Joyeuses puisse s&rsquo;appliquer et se d\u00e9ployer en bien d&rsquo;autres lieux.<\/p>\n<p><\/p>\n<h4><strong><a name=\"2\"><\/a>B\u00e2tir une communaut\u00e9<\/strong><\/h4>\n<p>Nombreux sont celles et ceux qui aspirent \u00e0 vivre en communaut\u00e9 et pratiquer une agriculture biologique ; c&rsquo;est un peu ce \u00e0 quoi se propose de r\u00e9pondre les Fermes Joyeuses, en alliant ces deux \u00e9l\u00e9ments sous le couvert de la Pleine Conscience. En effet, les &lsquo;joyeux agriculteurs&rsquo; ont la chance d&rsquo;\u00eatre ensemble pour pratiquer l&rsquo;harmonie, d\u00e9velopper la fraternit\u00e9, tout en cultivant leur propre croissance spirituelle.<\/p>\n<p>Les Fermes Joyeuses s&rsquo;organisent en collectif, proposant de travailler la terre en famille, au sein de la communaut\u00e9 spirituelle, et en prenant soin les uns des autres, tant sur le plan du corps que de l&rsquo;esprit. Nous partageons le m\u00eame espace de vie et de pratique, en suivant les Cinq Entra\u00eenements \u00e0 la Pleine Conscience et les Six Harmonies, tout en cultivant la terre avec la communaut\u00e9. La culture spirituelle et l&rsquo;entra\u00eenement \u00e0 la pleine conscience constituent ainsi les principes essentiels de la vie des Heureux cultivateurs.<\/p>\n<p><\/p>\n<h4><strong><a name=\"3\"><\/a>Promouvoir le d\u00e9veloppement durable par l&rsquo;\u00e9ducation et la production d&rsquo;une alimentation locale<\/strong><\/h4>\n<p>Fond\u00e9e sur les principes selon lesquels l&rsquo;adoption d&rsquo;une technologie agricole \u00e0 \u00e9chelle humaine \u2013 et donc plus adapt\u00e9e \u2013 constitue une \u00e9tape essentielle vers le d\u00e9veloppement durable, et parce que le changement technologique \u00e0 lui seul ne peut suffire, les Fermes Joyeuses proposent un chemin concret vers cet autre d\u00e9fi spirituel qu&rsquo;est la r\u00e9alisation d&rsquo;un mode de vie durable. Regarder profond\u00e9ment en nous-m\u00eame et ralentir notre rythme sont d&rsquo;excellentes opportunit\u00e9s d&rsquo;identifier nos besoins r\u00e9els et ainsi faire le choix de moyens d&rsquo;existence permettant de r\u00e9duire drastiquement la g\u00e9n\u00e9ration de d\u00e9chets qui caract\u00e9rise notre soci\u00e9t\u00e9 moderne. La pratique de la pleine conscience nous offre une aide pr\u00e9cieuse sur ce chemin de r\u00e9duction de la consommation.<\/p>\n<p>C&rsquo;est ainsi que la Ferme Joyeuse se pr\u00e9sente comme un v\u00e9ritable terrain d&rsquo;entra\u00eenement au d\u00e9veloppement durable global. Notre profonde aspiration est de pouvoir offrir des possibilit\u00e9s de formations qui explorent la vie en communaut\u00e9 proche, tout en se reconnectant \u00e0 la Terre M\u00e8re et en mettant en pratique la bont\u00e9 aimante envers notre environnement et les grands d\u00e9fis sociaux et politiques de notre \u00e9poque.<\/p>\n<p>Au cours de ses deux premi\u00e8res saisons, la Ferme Joyeuse du hameau du haut a eu la joie de pouvoir fournir de d\u00e9licieux et sains l\u00e9gumes biologiques aux cuisines du Village des Pruniers situ\u00e9es \u00e0 quelques minutes de l\u00e0 et ce, pour l&rsquo;\u00e9quivalent de \u20ac41,750 (USD $45,000).<br>Et m\u00eame si nous disposons \u00e0 pr\u00e9sent d&rsquo;une charrue pour nous aider \u00e0 pr\u00e9parer les lits de semis et plantations, la plupart de nos travaux \u00e0 la Ferme se r\u00e9alisent \u00e0 la main, avec l&rsquo;aide d&rsquo;outils aussi simples que les fourches, b\u00eaches, pioches et r\u00e2teaux.<\/p>\n\n\n<p><\/p>\n","protected":false},"excerpt":{"rendered":"<p>Le Village des Pruniers a commenc\u00e9 trois petites fermes \u201cHappy Farm\u201d en agriculture biologique et diversifi\u00e9e: une au Hameau du Haut avec les moines et les r\u00e9sidents la\u00efcs, une au Hameau du Bas (avec les moniales et les r\u00e9sidentes la\u00efques) et une au Hameau Nouveau. &nbsp;En d\u00e9ployant activement leurs valeurs de pleine conscience, de d\u00e9veloppement<\/p>\n","protected":false},"author":30,"featured_media":0,"parent":140918,"menu_order":0,"comment_status":"closed","ping_status":"open","template":"","meta":{"_acf_changed":false,"sync_status":"","episode_type":"","audio_file":"","castos_file_data":"","podmotor_file_id":"","cover_image":"","cover_image_id":"","duration":"","filesize":"","filesize_raw":"","date_recorded":"","explicit":"","block":"","itunes_episode_number":"","itunes_title":"","itunes_season_number":"","itunes_episode_type":"","ep_exclude_from_search":false,"footnotes":""},"class_list":["post-140831","page","type-page","status-publish","hentry"],"acf":[],"_links":{"self":[{"href":"https:\/\/dev.plumvillage.org\/fr\/wp-json\/wp\/v2\/pages\/140831","targetHints":{"allow":["GET"]}}],"collection":[{"href":"https:\/\/dev.plumvillage.org\/fr\/wp-json\/wp\/v2\/pages"}],"about":[{"href":"https:\/\/dev.plumvillage.org\/fr\/wp-json\/wp\/v2\/types\/page"}],"author":[{"embeddable":true,"href":"https:\/\/dev.plumvillage.org\/fr\/wp-json\/wp\/v2\/users\/30"}],"replies":[{"embeddable":true,"href":"https:\/\/dev.plumvillage.org\/fr\/wp-json\/wp\/v2\/comments?post=140831"}],"version-history":[{"count":0,"href":"https:\/\/dev.plumvillage.org\/fr\/wp-json\/wp\/v2\/pages\/140831\/revisions"}],"up":[{"embeddable":true,"href":"https:\/\/dev.plumvillage.org\/fr\/wp-json\/wp\/v2\/pages\/140918"}],"wp:attachment":[{"href":"https:\/\/dev.plumvillage.org\/fr\/wp-json\/wp\/v2\/media?parent=140831"}],"curies":[{"name":"wp","href":"https:\/\/api.w.org\/{rel}","templated":true}]}}