{"id":140840,"date":"2015-08-06T19:44:34","date_gmt":"2015-08-06T17:44:34","guid":{"rendered":"http:\/\/pruniers.wpengine.com\/?page_id=8577"},"modified":"2015-08-06T19:44:34","modified_gmt":"2015-08-06T17:44:34","slug":"nam-gioi-tan-tu","status":"publish","type":"page","link":"https:\/\/dev.plumvillage.org\/fr\/pleine-conscience\/5-entrainements\/nam-gioi-tan-tu","title":{"rendered":"Les 5 Entra\u00eenements \u00e0 la Pleine Conscience en Vietnamien"},"content":{"rendered":"<div>\n<h2 style=\"text-align: center;\"><b>N\u0103m Gi\u1edbi T\u00e2n Tu<\/b><\/h2>\n<\/div>\n<div align=\"justify\">\u00a0<b><br \/>\nL\u1eddi m\u1edf \u0111\u1ea7u:<\/b><br \/>\nK\u00ednh th\u01b0a \u0110\u1ea1i ch\u00fang! B\u00e2y gi\u1edd l\u00e0 l\u00fac ch\u00fang ta c\u00f3 c\u01a1 h\u1ed9i t\u1ee5ng chung N\u0103m gi\u1edbi v\u1edbi nhau. N\u0103m gi\u1edbi t\u1ee9c l\u00e0 n\u0103m ph\u00e9p th\u1ef1c t\u1eadp ch\u00e1nh ni\u1ec7m, bi\u1ec3u hi\u1ec7n \u0111\u01b0\u1ee3c m\u1ed9t c\u00e1ch c\u1ee5 th\u1ec3 gi\u00e1o l\u00fd T\u1ee9 \u0111\u1ebf v\u00e0 B\u00e1t ch\u00e1nh \u0111\u1ea1o, con \u0111\u01b0\u1eddng c\u1ee7a B\u1ee5t, con \u0111\u01b0\u1eddng c\u1ee7a hi\u1ec3u bi\u1ebft v\u00e0 th\u01b0\u01a1ng y\u00eau \u0111\u00edch th\u1ef1c c\u00f3 kh\u1ea3 n\u0103ng \u0111\u01b0a t\u1edbi tr\u1ecb li\u1ec7u, chuy\u1ec3n h\u00f3a v\u00e0 h\u1ea1nh ph\u00fac cho b\u1ea3n th\u00e2n v\u00e0 cho th\u1ebf gi\u1edbi. N\u0103m gi\u1edbi mang theo tu\u1ec7 gi\u00e1c T\u01b0\u01a1ng t\u1ee9c, t\u1ee9c l\u00e0 Ch\u00e1nh ki\u1ebfn, c\u00f3 kh\u1ea3 n\u0103ng th\u00e1o b\u1ecf m\u1ecdi cu\u1ed3ng t\u00edn, c\u1ed1 ch\u1ea5p, k\u1ef3 th\u1ecb, s\u1ee3 h\u00e3i, h\u1eadn th\u00f9 v\u00e0 tuy\u1ec7t v\u1ecdng. S\u1ed1ng v\u00e0 th\u1ef1c t\u1eadp theo N\u0103m gi\u1edbi l\u00e0 ch\u00fang ta \u0111\u00e3 \u0111i v\u00e0o con \u0111\u01b0\u1eddng m\u00e0 c\u00e1c v\u1ecb B\u1ed3 t\u00e1t \u0111ang \u0111i. N\u0103m gi\u1edbi n\u00e0y \u0111\u1ea1i di\u1ec7n cho c\u00e1i th\u1ea5y c\u1ee7a \u0111\u1ea1o B\u1ee5t v\u1ec1 m\u1ed9t n\u1ec1n t\u00e2m linh v\u00e0 \u0111\u1ea1o \u0111\u1ee9c to\u00e0n c\u1ea7u. Bi\u1ebft r\u1eb1ng \u0111ang \u0111\u01b0\u1ee3c \u0111i tr\u00ean con \u0111\u01b0\u1eddng c\u1ee7a B\u1ee5t, ch\u00fang ta kh\u00f4ng c\u00f2n l\u00fd do g\u00ec \u0111\u1ec3 lo l\u1eafng cho hi\u1ec7n t\u1ea1i v\u00e0 s\u1ee3 h\u00e3i cho t\u01b0\u01a1ng lai.<\/div>\n<div align=\"justify\"><\/div>\n<div align=\"justify\"><\/div>\n<div align=\"justify\"><b>Gi\u1edbi th\u1ee9 nh\u1ea5t<\/b><b>: T\u00f4n tr\u1ecdng s\u1ef1 s\u1ed1ng<\/b><\/div>\n<div align=\"justify\"><\/div>\n<div align=\"justify\">\u00dd th\u1ee9c \u0111\u01b0\u1ee3c nh\u1eefng kh\u1ed5 \u0111au do s\u1ef1 gi\u1ebft h\u1ea1i g\u00e2y ra, con nguy\u1ec7n th\u1ef1c t\u1eadp nu\u00f4i d\u01b0\u1ee1ng tu\u1ec7 gi\u00e1c T\u01b0\u01a1ng t\u1ee9c v\u00e0 l\u00f2ng T\u1eeb bi, \u0111\u1ec3 c\u00f3 th\u1ec3 b\u1ea3o v\u1ec7 s\u1ef1 s\u1ed1ng c\u1ee7a m\u1ecdi ng\u01b0\u1eddi, c\u1ee7a m\u1ecdi lo\u00e0i v\u00e0 m\u00f4i tr\u01b0\u1eddng s\u1ed1ng. Con nguy\u1ec7n kh\u00f4ng gi\u1ebft h\u1ea1i, kh\u00f4ng \u0111\u1ec3 k\u1ebb kh\u00e1c gi\u1ebft h\u1ea1i v\u00e0 kh\u00f4ng t\u00e1n th\u00e0nh b\u1ea5t c\u1ee9 m\u1ed9t h\u00e0nh \u0111\u1ed9ng gi\u1ebft h\u1ea1i n\u00e0o tr\u00ean th\u1ebf gi\u1edbi, d\u00f9 l\u00e0 trong t\u00e2m t\u01b0\u1edfnghay\u00a0 trong c\u00e1ch s\u1ed1ng h\u1eb1ng ng\u00e0y c\u1ee7a con. Th\u1ea5y \u0111\u01b0\u1ee3c r\u1eb1ng t\u1ea5t c\u1ea3 nh\u1eefng b\u1ea1o \u0111\u1ed9ng do s\u1ee3 h\u00e3i, h\u1eadn th\u00f9, tham v\u1ecdng v\u00e0 cu\u1ed3ng t\u00edn g\u00e2y ra \u0111\u1ec1u b\u1eaft ngu\u1ed3n t\u1eeb c\u00e1ch t\u01b0 duy l\u01b0\u1ee1ng nguy\u00ean v\u00e0 k\u1ef3 th\u1ecb; con nguy\u1ec7n h\u1ecdc h\u1ecfi th\u00e1i \u0111\u1ed9 c\u1edfi m\u1edf, kh\u00f4ng k\u1ef3 th\u1ecb, kh\u00f4ng c\u1ed1 ch\u1ea5p v\u00e0o b\u1ea5t c\u1ee9 m\u1ed9t quan \u0111i\u1ec3m, m\u1ed9t ch\u1ee7 thuy\u1ebft hay m\u1ed9t \u00fd th\u1ee9c h\u1ec7 n\u00e0o \u0111\u1ec3 c\u00f3 th\u1ec3 chuy\u1ec3n h\u00f3a h\u1ea1t gi\u1ed1ng cu\u1ed3ng t\u00edn, gi\u00e1o \u0111i\u1ec1u v\u00e0 thi\u1ebfu bao dung trong con v\u00e0 tr\u00ean th\u1ebf gi\u1edbi.<\/div>\n<div align=\"justify\"><\/div>\n<div align=\"justify\">\n<b>Gi\u1edbi th\u1ee9 hai: H\u1ea1nh ph\u00fac ch\u00e2n th\u1ef1c<\/b><\/div>\n<div align=\"justify\"><\/div>\n<div align=\"justify\">\u00dd th\u1ee9c \u0111\u01b0\u1ee3c nh\u1eefng kh\u1ed5 \u0111au do l\u01b0\u1eddng g\u1ea1t, tr\u1ed9m c\u01b0\u1edbp, \u00e1p b\u1ee9c v\u00e0 b\u1ea5t c\u00f4ng x\u00e3 h\u1ed9i g\u00e2y ra, con nguy\u1ec7n th\u1ef1c t\u1eadp chia s\u1ebb th\u00ec gi\u1edd, n\u0103ng l\u1ef1c v\u00e0 t\u00e0i v\u1eadt c\u1ee7a con v\u1edbi nh\u1eefng k\u1ebb thi\u1ebfu th\u1ed1n, tr\u00ean c\u1ea3 ba ph\u01b0\u01a1ng di\u1ec7n t\u01b0 duy, n\u00f3i n\u0103ng v\u00e0 h\u00e0nh \u0111\u1ed9ng trong \u0111\u1eddi s\u1ed1ng h\u1eb1ng ng\u00e0y. Con nguy\u1ec7n kh\u00f4ng l\u1ea5y l\u00e0m t\u01b0 h\u1eefu b\u1ea5t c\u1ee9 m\u1ed9t c\u1ee7a c\u1ea3i n\u00e0o kh\u00f4ng ph\u1ea3i do t\u1ef1 m\u00ecnh t\u1ea1o ra. Con nguy\u1ec7n th\u1ef1c t\u1eadp nh\u00ecn s\u00e2u \u0111\u1ec3 th\u1ea5y \u0111\u01b0\u1ee3c h\u1ea1nh ph\u00fac v\u00e0 kh\u1ed5 \u0111au c\u1ee7a ng\u01b0\u1eddi kia c\u00f3 li\u00ean h\u1ec7 m\u1eadt thi\u1ebft \u0111\u1ebfn h\u1ea1nh ph\u00fac v\u00e0 kh\u1ed5 \u0111au c\u1ee7a ch\u00ednh con. Con bi\u1ebft h\u1ea1nh ph\u00fac ch\u00e2n th\u1ef1c kh\u00f4ng th\u1ec3 n\u00e0o c\u00f3 \u0111\u01b0\u1ee3c n\u1ebfu kh\u00f4ng c\u00f3 hi\u1ec3u bi\u1ebft v\u00e0 th\u01b0\u01a1ng y\u00eau, trong khi \u0111\u00f3 \u0111i t\u00ecm h\u1ea1nh ph\u00fac b\u1eb1ng c\u00e1ch ch\u1ea1y theo quy\u1ec1n l\u1ef1c, danh v\u1ecdng, gi\u00e0u sang v\u00e0 s\u1eafc d\u1ee5c c\u00f3 th\u1ec3 \u0111em l\u1ea1i nhi\u1ec1u h\u1ec7 l\u1ee5y v\u00e0 tuy\u1ec7t v\u1ecdng. Con \u00fd th\u1ee9c \u0111\u01b0\u1ee3c h\u1ea1nh ph\u00fac ch\u00e2n th\u1ef1c ph\u00e1t sinh t\u1eeb c\u00e1ch nh\u00ecn c\u1ee7a con m\u00e0 kh\u00f4ng ph\u1ea3i t\u1eeb b\u00ean ngo\u00e0i \u0111em t\u1edbi. Th\u1ef1c t\u1eadp tri t\u00fac gi\u00fap con s\u1ed1ng h\u1ea1nh ph\u00fac \u0111\u01b0\u1ee3c ngay trong gi\u00e2y ph\u00fat hi\u1ec7n t\u1ea1i \u0111\u1ec3 nh\u1eadn di\u1ec7n nh\u1eefng \u0111i\u1ec1u ki\u1ec7n h\u1ea1nh ph\u00fac m\u00e0 con \u0111\u00e3 c\u00f3. Con nguy\u1ec7n th\u1ef1c t\u1eadp theo Ch\u00e1nh m\u1ea1ng \u0111\u1ec3 c\u00f3 th\u1ec3 l\u00e0m gi\u1ea3m thi\u1ec3u kh\u1ed5 \u0111au c\u1ee7a m\u1ecdi ng\u01b0\u1eddi v\u00e0 \u0111\u1ec3 chuy\u1ec3n ng\u01b0\u1ee3c l\u1ea1i qu\u00e1 tr\u00ecnh h\u00e2m n\u00f3ng \u0111\u1ecba c\u1ea7u.<\/div>\n<div align=\"justify\">\n<p><b>Gi\u1edbi th\u1ee9 ba: T\u00ecnh th\u01b0\u01a1ng \u0111\u00edch th\u1ef1c<\/b><\/div>\n<div align=\"justify\">\n\u00dd th\u1ee9c \u0111\u01b0\u1ee3c nh\u1eefng kh\u1ed5 \u0111au do th\u00f3i t\u00e0 d\u00e2m g\u00e2y ra, con nguy\u1ec7n th\u1ef1c t\u1eadp theo tinh th\u1ea7n tr\u00e1ch nhi\u1ec7m \u0111\u1ec3 gi\u00fap b\u1ea3o h\u1ed9 ti\u1ebft h\u1ea1nh v\u00e0 s\u1ef1 an to\u00e0n c\u1ee7a m\u1ecdi ng\u01b0\u1eddi, m\u1ecdi gia \u0111\u00ecnh v\u00e0 x\u00e3 h\u1ed9i. Con bi\u1ebft t\u00ecnh d\u1ee5c v\u00e0 t\u00ecnh y\u00eau l\u00e0 hai c\u00e1i kh\u00e1c nhau. Nh\u1eefng li\u00ean h\u1ec7 t\u00ecnh d\u1ee5c do s\u1ef1 th\u00e8m kh\u00e1t g\u00e2y n\u00ean lu\u00f4n mang t\u1edbi nh\u1eefng h\u1ec7 l\u1ee5y, \u0111\u1ed5 v\u1ee1 cho con v\u00e0 cho k\u1ebb kh\u00e1c. Con nguy\u1ec7n kh\u00f4ng \u0103n n\u1eb1m v\u1edbi b\u1ea5t c\u1ee9 ai n\u1ebfu kh\u00f4ng c\u00f3 t\u00ecnh y\u00eau \u0111\u00edch th\u1ef1c v\u00e0 nh\u1eefng cam k\u1ebft ch\u00ednh th\u1ee9c l\u00e2u d\u00e0i. Con s\u1ebd l\u00e0m m\u1ecdi c\u00e1ch \u0111\u1ec3 b\u1ea3o v\u1ec7 tr\u1ebb em, kh\u00f4ng cho n\u1ea1n t\u00e0 d\u00e2m ti\u1ebfp t\u1ee5c g\u00e2y n\u00ean s\u1ef1 \u0111\u1ed5 v\u1ee1 c\u1ee7a c\u00e1c gia \u0111\u00ecnh v\u00e0 c\u1ee7a \u0111\u1eddi s\u1ed1ng \u0111\u00f4i l\u1ee9a. Con nguy\u1ec7n h\u1ecdc h\u1ecfi nh\u1eefng ph\u01b0\u01a1ng ph\u00e1p th\u00edch \u1ee9ng \u0111\u1ec3 ch\u0103m s\u00f3c n\u0103ng l\u01b0\u1ee3ng t\u00ecnh d\u1ee5c trong con, \u0111\u1ec3 th\u1ea5y \u0111\u01b0\u1ee3c s\u1ef1 th\u1ef1c th\u00e2n t\u00e2m nh\u1ea5t nh\u01b0 v\u00e0 nguy\u1ec7n nu\u00f4i\u00a0 l\u1edbn c\u00e1c \u0111\u1ee9c T\u1eeb, Bi, H\u1ef7 v\u00e0 X\u1ea3, t\u1ee9c l\u00e0 nh\u1eefng y\u1ebfu t\u1ed1 c\u0103n b\u1ea3n c\u1ee7a m\u1ed9t t\u00ecnh y\u00eau th\u01b0\u01a1ng \u0111\u00edch th\u1ef1c, l\u00e0m t\u0103ng tr\u01b0\u1edfng h\u1ea1nh ph\u00fac c\u1ee7a con v\u00e0 c\u1ee7a ng\u01b0\u1eddi kh\u00e1c. Con bi\u1ebft th\u1ef1c t\u1eadp T\u1ee9 v\u00f4 l\u01b0\u1ee3ng t\u00e2m, con s\u1ebd \u0111\u01b0\u1ee3c ti\u1ebfp t\u1ee5c \u0111\u1eb9p \u0111\u1ebd v\u00e0 h\u1ea1nh ph\u00fac trong t\u01b0\u01a1ng lai.<\/div>\n<div align=\"justify\">\n<p><b>Gi\u1edbi th\u1ee9 t\u01b0: \u00c1i ng\u1eef v\u00e0 l\u1eafng nghe<\/b><\/div>\n<div align=\"justify\"><\/div>\n<div align=\"justify\">\u00dd th\u1ee9c \u0111\u01b0\u1ee3c nh\u1eefng kh\u1ed5 \u0111au do l\u1eddi n\u00f3i thi\u1ebfu ch\u00e1nh ni\u1ec7m v\u00e0 thi\u1ebfu kh\u1ea3 n\u0103ng l\u1eafng nghe g\u00e2y ra, con nguy\u1ec7n h\u1ecdc h\u1ea1nh \u00c1i ng\u1eef v\u00e0 l\u1eafng nghe \u0111\u1ec3 c\u00f3 th\u1ec3 hi\u1ebfn t\u1eb7ng ni\u1ec1m vui cho ng\u01b0\u1eddi v\u00e0 l\u00e0m v\u01a1i b\u1edbt n\u1ed7i kh\u1ed5 \u0111au c\u1ee7a ng\u01b0\u1eddi. Con nguy\u1ec7n t\u00ecm c\u00e1ch \u0111em l\u1ea1i an b\u00ecnh v\u00e0 h\u00f2a gi\u1ea3i gi\u1eefa m\u1ecdi ng\u01b0\u1eddi, gi\u1eefa c\u00e1c qu\u1ed1c gia, ch\u1ee7ng t\u1ed9c v\u00e0 t\u00f4n gi\u00e1o. Bi\u1ebft r\u1eb1ng l\u1eddi n\u00f3i c\u00f3 th\u1ec3 \u0111em l\u1ea1i h\u1ea1nh ph\u00fac hay kh\u1ed5 \u0111au cho ng\u01b0\u1eddi, con nguy\u1ec7n h\u1ecdc n\u00f3i nh\u1eefng l\u1eddi c\u00f3 kh\u1ea3 n\u0103ng g\u00e2y th\u00eam ni\u1ec1m t\u1ef1 tin, an vui v\u00e0 hy v\u1ecdng, nh\u1eefng l\u1eddi ch\u00e2n th\u1ef1c c\u00f3 gi\u00e1 tr\u1ecb x\u00e2y d\u1ef1ng hi\u1ec3u bi\u1ebft v\u00e0 h\u00f2a gi\u1ea3i. Con nguy\u1ec7n kh\u00f4ng n\u00f3i g\u00ec khi c\u01a1n gi\u1eadn t\u1ee9c \u0111ang c\u00f3 m\u1eb7t trong con. Con nguy\u1ec7n t\u1eadp th\u1edf v\u00e0 \u0111i trong ch\u00e1nh ni\u1ec7m \u0111\u1ec3 nh\u00ecn s\u00e2u v\u00e0o g\u1ed1c r\u1ec5 c\u1ee7a c\u01a1n gi\u1eadn \u1ea5y, \u0111\u1ec3 nh\u1eadn di\u1ec7n nh\u1eefng tri gi\u00e1c sai l\u1ea7m trong con v\u00e0 t\u00ecm c\u00e1ch hi\u1ec3u \u0111\u01b0\u1ee3c nh\u1eefng kh\u1ed5 \u0111au trong con v\u00e0 trong ng\u01b0\u1eddi m\u00e0 con \u0111ang gi\u1eadn. Con nguy\u1ec7n h\u1ecdc n\u00f3i s\u1ef1 th\u1ef1c v\u00e0 l\u1eafng nghe s\u00e2u \u0111\u1ec3 c\u00f3 th\u1ec3 gi\u00fap ng\u01b0\u1eddi kia thay \u0111\u1ed5i v\u00e0 v\u01b0\u1ee3t tho\u00e1t nh\u1eefng kh\u00f3 kh\u0103n \u0111ang g\u1eb7p ph\u1ea3i. Con nguy\u1ec7n kh\u00f4ng loan truy\u1ec1n nh\u1eefng tin m\u00e0 con kh\u00f4ng bi\u1ebft ch\u1eafc l\u00e0 c\u00f3 th\u1eadt, kh\u00f4ng n\u00f3i nh\u1eefng \u0111i\u1ec1u c\u00f3 th\u1ec3 t\u1ea1o n\u00ean s\u1ef1 b\u1ea5t h\u00f2a trong gia \u0111\u00ecnh v\u00e0 trong \u0111o\u00e0n th\u1ec3. Con nguy\u1ec7n th\u1ef1c t\u1eadp Ch\u00e1nh tinh t\u1ea5n \u0111\u1ec3 nu\u00f4i d\u01b0\u1ee1ng kh\u1ea3 n\u0103ng hi\u1ec3u bi\u1ebft, th\u01b0\u01a1ng y\u00eau, h\u1ea1nh ph\u00fac v\u00e0 kh\u00f4ng k\u1ef3 th\u1ecb n\u01a1i con, \u0111\u1ec3 l\u00e0m y\u1ebfu d\u1ea7n nh\u1eefng h\u1ea1t gi\u1ed1ng b\u1ea1o \u0111\u1ed9ng, h\u1eadn th\u00f9 v\u00e0 s\u1ee3 h\u00e3i m\u00e0 con \u0111ang c\u00f3 trong chi\u1ec1u s\u00e2u t\u00e2m th\u1ee9c.<\/div>\n<div align=\"justify\">\n<p><b>Gi\u1edbi th\u1ee9 n\u0103m: Nu\u00f4i d\u01b0\u1ee1ng v\u00e0 tr\u1ecb li\u1ec7u<\/b><\/div>\n<div align=\"justify\">\n\u00dd th\u1ee9c \u0111\u01b0\u1ee3c nh\u1eefng kh\u1ed5 \u0111au do s\u1ef1 ti\u00eau th\u1ee5 thi\u1ebfu ch\u00e1nh ni\u1ec7m g\u00e2y n\u00ean, con nguy\u1ec7n h\u1ecdc h\u1ecfi c\u00e1ch chuy\u1ec3n h\u00f3a th\u00e2n t\u00e2m, nu\u00f4i d\u01b0\u1ee1ng s\u1ee9c kh\u1ecfe c\u01a1 th\u1ec3 v\u00e0 t\u00e2m h\u1ed3n b\u1eb1ng c\u00e1ch th\u1ef1c t\u1eadp ch\u00e1nh ni\u1ec7m trong vi\u1ec7c \u0103n u\u1ed1ng v\u00e0 ti\u00eau th\u1ee5. Con nguy\u1ec7n nh\u00ecn s\u00e2u v\u00e0o b\u1ed1n lo\u1ea1i th\u1ef1c ph\u1ea9m l\u00e0 \u0111o\u00e0n th\u1ef1c, x\u00fac th\u1ef1c, t\u01b0 ni\u1ec7m th\u1ef1c v\u00e0 th\u1ee9c th\u1ef1c \u0111\u1ec3 tr\u00e1nh ti\u00eau th\u1ee5 nh\u1eefng th\u1ef1c ph\u1ea9m \u0111\u1ed9c h\u1ea1i. Con nguy\u1ec7n kh\u00f4ng u\u1ed1ng r\u01b0\u1ee3u, kh\u00f4ng s\u1eed d\u1ee5ng c\u00e1c ch\u1ea5t ma t\u00fay, kh\u00f4ng \u0103n u\u1ed1ng ho\u1eb7c ti\u00eau th\u1ee5 b\u1ea5t c\u1ee9 m\u1ed9t s\u1ea3n ph\u1ea7m n\u00e0o c\u00f3 \u0111\u1ed9c t\u1ed1, trong \u0111\u00f3 c\u00f3 m\u1ea1ng l\u01b0\u1edbi to\u00e0n c\u1ea7u, ca nh\u1ea1c, phim \u1ea3nh, truy\u1ec1n thanh, truy\u1ec1n h\u00ecnh, s\u00e1ch b\u00e1o, b\u00e0i b\u1ea1c v\u00e0 chuy\u1ec7n tr\u00f2. Con nguy\u1ec7n th\u1ef1c t\u1eadp th\u01b0\u1eddng xuy\u00ean tr\u1edf v\u1ec1 v\u1edbi gi\u00e2y ph\u00fat hi\u1ec7n t\u1ea1i \u0111\u1ec3 ti\u1ebfp x\u00fac v\u1edbi nh\u1eefng g\u00ec t\u01b0\u01a1i m\u00e1t, c\u00f3 kh\u1ea3 n\u0103ng nu\u00f4i d\u01b0\u1ee1ng v\u00e0 tr\u1ecb li\u1ec7u trong con v\u00e0 xung quanh con m\u00e0 kh\u00f4ng \u0111\u1ec3 cho ti\u1ebfc nu\u1ed1i v\u00e0 \u01b0u s\u1ea7u k\u00e9o con tr\u1edf v\u1ec1 qu\u00e1 kh\u1ee9; kh\u00f4ng \u0111\u1ec3 lo l\u1eafng v\u00e0 s\u1ee3 h\u00e3i k\u00e9o con \u0111i v\u1ec1 t\u01b0\u01a1ng lai. Con nguy\u1ec7n kh\u00f4ng ti\u00eau th\u1ee5 ch\u1ec9 \u0111\u1ec3 kh\u1ecfa l\u1ea5p s\u1ef1 kh\u1ed5 \u0111au, c\u00f4 \u0111\u01a1n v\u00e0 lo l\u1eafng trong con. Con nguy\u1ec7n nh\u00ecn s\u00e2u v\u00e0o t\u1ef1 t\u00ednh t\u01b0\u01a1ng quan, t\u01b0\u01a1ng duy\u00ean c\u1ee7a v\u1ea1n v\u1eadt \u0111\u1ec3 h\u1ecdc ti\u00eau th\u1ee5 nh\u01b0 th\u1ebf n\u00e0o m\u00e0 duy tr\u00ec \u0111\u01b0\u1ee3c an vui trong th\u00e2n t\u00e2m con, trong x\u00e3 h\u1ed9i v\u00e0 trong m\u00f4i tr\u01b0\u1eddng s\u1ed1ng.<\/div>\n","protected":false},"excerpt":{"rendered":"<p>N\u0103m Gi\u1edbi T\u00e2n Tu \u00a0 L\u1eddi m\u1edf \u0111\u1ea7u: K\u00ednh th\u01b0a \u0110\u1ea1i ch\u00fang! B\u00e2y gi\u1edd l\u00e0 l\u00fac ch\u00fang ta c\u00f3 c\u01a1 h\u1ed9i t\u1ee5ng chung N\u0103m gi\u1edbi v\u1edbi nhau. N\u0103m gi\u1edbi t\u1ee9c l\u00e0 n\u0103m ph\u00e9p th\u1ef1c t\u1eadp ch\u00e1nh ni\u1ec7m, bi\u1ec3u hi\u1ec7n \u0111\u01b0\u1ee3c m\u1ed9t c\u00e1ch c\u1ee5 th\u1ec3 gi\u00e1o l\u00fd T\u1ee9 \u0111\u1ebf v\u00e0 B\u00e1t ch\u00e1nh \u0111\u1ea1o, con \u0111\u01b0\u1eddng c\u1ee7a<\/p>\n","protected":false},"author":30,"featured_media":0,"parent":140798,"menu_order":0,"comment_status":"open","ping_status":"closed","template":"full-width-page.php","meta":{"_acf_changed":false,"sync_status":"","episode_type":"","audio_file":"","castos_file_data":"","podmotor_file_id":"","cover_image":"","cover_image_id":"","duration":"","filesize":"","filesize_raw":"","date_recorded":"","explicit":"","block":"","itunes_episode_number":"","itunes_title":"","itunes_season_number":"","itunes_episode_type":"","ep_exclude_from_search":false,"footnotes":""},"class_list":["post-140840","page","type-page","status-publish","hentry"],"acf":[],"_links":{"self":[{"href":"https:\/\/dev.plumvillage.org\/fr\/wp-json\/wp\/v2\/pages\/140840","targetHints":{"allow":["GET"]}}],"collection":[{"href":"https:\/\/dev.plumvillage.org\/fr\/wp-json\/wp\/v2\/pages"}],"about":[{"href":"https:\/\/dev.plumvillage.org\/fr\/wp-json\/wp\/v2\/types\/page"}],"author":[{"embeddable":true,"href":"https:\/\/dev.plumvillage.org\/fr\/wp-json\/wp\/v2\/users\/30"}],"replies":[{"embeddable":true,"href":"https:\/\/dev.plumvillage.org\/fr\/wp-json\/wp\/v2\/comments?post=140840"}],"version-history":[{"count":0,"href":"https:\/\/dev.plumvillage.org\/fr\/wp-json\/wp\/v2\/pages\/140840\/revisions"}],"up":[{"embeddable":true,"href":"https:\/\/dev.plumvillage.org\/fr\/wp-json\/wp\/v2\/pages\/140798"}],"wp:attachment":[{"href":"https:\/\/dev.plumvillage.org\/fr\/wp-json\/wp\/v2\/media?parent=140840"}],"curies":[{"name":"wp","href":"https:\/\/api.w.org\/{rel}","templated":true}]}}