{"id":140918,"date":"2022-03-25T19:00:00","date_gmt":"2022-03-25T18:00:00","guid":{"rendered":"https:\/\/plumvillage.org\/community\/"},"modified":"2022-05-07T01:39:23","modified_gmt":"2022-05-06T23:39:23","slug":"communaute","status":"publish","type":"page","link":"https:\/\/dev.plumvillage.org\/fr\/communaute","title":{"rendered":"Communaut\u00e9"},"content":{"rendered":"\n<div class=\"wp-block-image\"><figure class=\"alignright\"><img loading=\"lazy\" decoding=\"async\" width=\"1024\" height=\"684\" src=\"https:\/\/dev.plumvillage.org\/wp-content\/uploads\/2019\/08\/28874736615_fc35895def_o-1024x684.jpg\" alt=\"\" class=\"wp-image-139361\" srcset=\"https:\/\/dev.plumvillage.org\/wp-content\/uploads\/2019\/08\/28874736615_fc35895def_o-1024x684.jpg 1024w, https:\/\/dev.plumvillage.org\/wp-content\/uploads\/2019\/08\/28874736615_fc35895def_o-499x333.jpg 499w, https:\/\/dev.plumvillage.org\/wp-content\/uploads\/2019\/08\/28874736615_fc35895def_o-768x513.jpg 768w, https:\/\/dev.plumvillage.org\/wp-content\/uploads\/2019\/08\/28874736615_fc35895def_o.jpg 1920w\" sizes=\"auto, (max-width: 1024px) 100vw, 1024px\" \/><\/figure><\/div>\n\n\n\n<p class=\"has-large-font-size\">Toute  personne venant pratiquer avec nous est consid\u00e9r\u00e9e comme un membre de notre sangha. M\u00eame si vous ne venez au Village des Pruniers que pour une semaine, votre pr\u00e9sence et votre pratique contribue d\u00e9j\u00e0 \u00e0 la vitalit\u00e9 et l&rsquo;harmonie g\u00e9n\u00e9rale de la sangha. <\/p>\n\n\n\n<p>Dans la soci\u00e9t\u00e9, beaucoup de nos souffrances viennent du fait de nous d\u00e9connect\u00e9.e.s les un.e.s des autres. Nous avons souvent du mal \u00e0 ressentir une connection v\u00e9ritable, m\u00eame avec celles et ceux dont nous partageons la vie, comme nos voisins, les membres de notre famille, ou nos coll\u00e8gues. Chaque personne vit \u00e0 part, coup\u00e9e du soutien de la communaut\u00e9. Etre avec la sangha peut gu\u00e9rir ces sentiments d&rsquo;isolement et de s\u00e9paration. Nous pratiquons ensemble, partageons une chambre, mangeons c\u00f4te \u00e0 c\u00f4te et faisons la vaisselle ensemble. En participant simplement aux activit\u00e9s de la vie quotidienne avec d&rsquo;autres pratiquants, nous faisons l&rsquo;exp\u00e9rience d&rsquo;un sentiment tangible d&rsquo;amour et de bienveillance.  <\/p>\n\n\n\n<figure class=\"wp-block-image alignwide\"><img decoding=\"async\" src=\"https:\/\/dev.plumvillage.org\/wp-content\/uploads\/2016\/08\/DSC_0028-1-1024x436.jpg\" alt=\"\" class=\"wp-image-31034\"\/><\/figure>\n\n\n\n<p>Thay a souvent dit que la sangha est un jardin rempli de nombreuses vari\u00e9t\u00e9s de fleurs et d&rsquo;arbres. Quand nous nous regardons, nous-m\u00eames et les autres comme des fleurs uniques et merveilleuses, nous pouvons vraiment commencer \u00e0 nous comprendre et nous aimer les un.e.s les autres. Une fleur fleurit peut-\u00eatre au d\u00e9but du printemps tandis qu&rsquo;une autre attend la fin de l&rsquo;\u00e9t\u00e9. Un arbre porte beaucoup de fruit tandis qu&rsquo;un autre offre une ombre fra\u00eeche. Aucune plante n&rsquo;est plus ou moins, ni \u00e9galement, importante qu&rsquo;une autre dans ce jardin. Chaque membre de la Sangha a des cadeaux uniques \u00e0 offrir \u00e0 la communaut\u00e9. Nous avons aussi tous des domaines qui r\u00e9clament notre attention. Quand nous pouvons appr\u00e9cier les contributions de chaque membre et regarder nos faiblesses comme des possibilit\u00e9s de croissance, nous pouvons vivre ensemble dans l&rsquo;harmonie. Notre pratique consiste \u00e0 voir que nous sommes une fleur ou un arbre et que nous sommes aussi le jardin tout entier, qui inter-est.  <\/p>\n","protected":false},"excerpt":{"rendered":"<p>Toute personne venant pratiquer avec nous est consid\u00e9r\u00e9e comme un membre de notre sangha. M\u00eame si vous ne venez au Village des Pruniers que pour une semaine, votre pr\u00e9sence et votre pratique contribue d\u00e9j\u00e0 \u00e0 la vitalit\u00e9 et l&rsquo;harmonie g\u00e9n\u00e9rale de la sangha. Dans la soci\u00e9t\u00e9, beaucoup de nos souffrances viennent du fait de nous<\/p>\n","protected":false},"author":9,"featured_media":0,"parent":0,"menu_order":5,"comment_status":"closed","ping_status":"closed","template":"","meta":{"_acf_changed":false,"sync_status":"","episode_type":"","audio_file":"","castos_file_data":"","podmotor_file_id":"","cover_image":"","cover_image_id":"","duration":"","filesize":"","filesize_raw":"","date_recorded":"","explicit":"","block":"","itunes_episode_number":"","itunes_title":"","itunes_season_number":"","itunes_episode_type":"","ep_exclude_from_search":false,"footnotes":""},"class_list":["post-140918","page","type-page","status-publish","hentry"],"acf":[],"_links":{"self":[{"href":"https:\/\/dev.plumvillage.org\/fr\/wp-json\/wp\/v2\/pages\/140918","targetHints":{"allow":["GET"]}}],"collection":[{"href":"https:\/\/dev.plumvillage.org\/fr\/wp-json\/wp\/v2\/pages"}],"about":[{"href":"https:\/\/dev.plumvillage.org\/fr\/wp-json\/wp\/v2\/types\/page"}],"author":[{"embeddable":true,"href":"https:\/\/dev.plumvillage.org\/fr\/wp-json\/wp\/v2\/users\/9"}],"replies":[{"embeddable":true,"href":"https:\/\/dev.plumvillage.org\/fr\/wp-json\/wp\/v2\/comments?post=140918"}],"version-history":[{"count":0,"href":"https:\/\/dev.plumvillage.org\/fr\/wp-json\/wp\/v2\/pages\/140918\/revisions"}],"wp:attachment":[{"href":"https:\/\/dev.plumvillage.org\/fr\/wp-json\/wp\/v2\/media?parent=140918"}],"curies":[{"name":"wp","href":"https:\/\/api.w.org\/{rel}","templated":true}]}}