{"id":140944,"date":"2022-03-27T17:40:00","date_gmt":"2022-03-27T15:40:00","guid":{"rendered":"https:\/\/plumvillage.org\/accomodation-price\/"},"modified":"2024-02-19T18:48:53","modified_gmt":"2024-02-19T17:48:53","slug":"hebergement-et-prix","status":"publish","type":"page","link":"https:\/\/dev.plumvillage.org\/fr\/retraites\/informations-importantes\/hebergement-et-prix","title":{"rendered":"H\u00e9bergement &#038; Contribution"},"content":{"rendered":"\n<p class=\"has-large-font-size\">Tous les logements du Village des Pruniers sont collectifs. La plupart des espaces de vie et toutes les chambres sont partag\u00e9es, afin d&rsquo;encourager la vie en communaut\u00e9 et le soutien mutuel dans notre pratique. Nous ne pouvons pas fournir de chambres individuelles.<\/p>\n\n\n\n<div class=\"jump-to alignwide\" id=\"hebergement\">\n\t<hr>\n\t<span class=\"jump-to-text\"><span class=\"label\">Allez vers <span class=\"icon icon-arrow-tiny\"><\/span><\/span>\n\t<a class=\"active\" href=\"#hebergement\">H\u00e9bergement<\/a>, <a  href=\"#contributions\">Contributions<\/a>, <a  href=\"#annulation-et-remboursement\">Annulation et remboursement<\/a>, <a  href=\"#reductions\">R\u00e9ductions<\/a><\/span>\n<\/div>\n\n\n<p>La plupart des lits sont des lits simples, et certains lits dans les dortoirs sont des lits superpos\u00e9s. Dans les g\u00eetes lou\u00e9s, il peut y avoir une option de lit double pour les couples.<\/p>\n\n\n\n<p>Si une chambre \u00e0 deux lits pour un couple est trop ch\u00e8re, vous pouvez envisager de loger s\u00e9par\u00e9ment dans les dortoirs non mixtes (pour les hommes au hameau du Haut et pour les femmes au Hameau du Bas ou au Hameau Nouveau). Voir les pr\u00e9f\u00e9rences en mati\u00e8re de logement ci-dessous.<\/p>\n\n\n\n<h4 class=\"wp-block-heading\">Accessibilit\u00e9<\/h4>\n\n\n\n<p>Nous disposons de quelques chambres accessibles aux fauteuils roulants et d&rsquo;une aire de stationnement r\u00e9serv\u00e9e \u00e0 proximit\u00e9 (veuillez vous assurer de venir avec votre propre fauteuil). <br>Nous vous recommandons \u00e9galement de venir avec votre propre voiture en raison des d\u00e9placements n\u00e9cessaires entre les hameaux pendant les retraites (Th\u00e9nac, Loub\u00e8s-Bernac et Dieulivol) pendant les retraites. <br>Dans la mesure du possible et si jug\u00e9 n\u00e9cessaire, nous vous demandons de venir avec une aide \u00e0 domicile pour la dur\u00e9e de votre s\u00e9jour, car nos installations sont en cours de d\u00e9veloppement et nos ressources sont limit\u00e9es.<\/p>\n\n\n\n<p>Veuillez <a rel=\"noreferrer noopener\" href=\"https:\/\/dev.plumvillage.org\/fr\/contact\/\" target=\"_blank\">contacter l&rsquo;un des hameaux<\/a> pour plus d&rsquo;informations et pour v\u00e9rifier comment nous pouvons vous aider au mieux.<\/p>\n\n\n\n<h4 class=\"wp-block-heading\">Les couchages<\/h4>\n\n\n\n<p>La plupart du temps, en dehors des grandes retraites, toute la literie est fournie: matelas, oreillers, draps, couettes et couvertures. Pendant les mois les plus frais, vous pouvez apporter votre propre sac de couchage ou une couverture l\u00e9g\u00e8re pour plus de chaleur et de confort.<\/p>\n\n\n\n<p>Lors des grandes retraites, comme la retraite d&rsquo;\u00e9t\u00e9 de juillet, chaque hameau peut avoir une politique diff\u00e9rente. Certains hameaux ne fournissent qu&rsquo;un matelas et un oreiller, d&rsquo;autres fournissent un drap de dessous et une housse d&rsquo;oreiller. Veuillez v\u00e9rifier aupr\u00e8s du hameau dans lequel vous vous \u00eates inscrit pour savoir ce que vous devez apporter.<\/p>\n\n\n\n<h4 class=\"wp-block-heading\">Camping<\/h4>\n\n\n\n<p>Nous disposons des zones de camping rustiques dans chaque hameau, parfois sur un terrain non nivel\u00e9. Le camping n&rsquo;est disponible que pendant les mois les plus chauds de l&rsquo;ann\u00e9e, de la fin du printemps \u00e0 l&rsquo;automne (de la mi-mars au 1er novembre). Veuillez apporter votre propre tente, un matelas en mousse, un sac de couchage, un oreiller et tout autre article qui rendra votre camping confortable. Un nombre limit\u00e9 de tentes peut \u00eatre disponible \u00e0 la location sur la base du premier arriv\u00e9, premier servi. Des salles de bain et des toilettes sont \u00e0 la disposition des campeurs sur le site.<\/p>\n\n\n\n<p>Veuillez noter que le statut de Camping inclus seulement les tentes. Cela ne comprends aucun v\u00e9hicule am\u00e9nag\u00e9 qui sont consid\u00e9r\u00e9 sous le statut de r\u00e9servation Camping Car<\/p>\n\n\n\n<h4 class=\"wp-block-heading\">Camping cars et vans am\u00e9nag\u00e9s<\/h4>\n\n\n\n<p>Vous pouvez venir avec vos propres camping-cars mais veuillez noter qu&rsquo;il n&rsquo;y a pas de branchement (\u00e0 l&rsquo;eau ou \u00e0 l&rsquo;\u00e9lectricit\u00e9). Vous pouvez garer votre camping-car sur le parking arbor\u00e9 du hameau dans lequel vous s\u00e9journez.<\/p>\n\n\n\n<h4 class=\"wp-block-heading\">Participants h\u00e9berg\u00e9s ind\u00e9pendamment <\/h4>\n\n\n\n<p>Si vous choisissez de venir en tant que \u201cnon r\u00e9sident\u201d, vous devez trouver vous-m\u00eame un logement en dehors du Village des Pruniers et le payer s\u00e9par\u00e9ment, en plus des frais \u00e0 verser au Village des Pruniers pour les d\u00e9penses de retraite (qui comprennent la nourriture, les enseignements et toutes les installations du Village). Le hameau aupr\u00e8s duquel vous vous inscrivez peut vous fournir sur demande une liste de g\u00eetes locaux (maisons d&rsquo;h\u00f4tes).<\/p>\n\n\n\n<figure class=\"wp-block-image size-full\"><img loading=\"lazy\" decoding=\"async\" width=\"974\" height=\"675\" src=\"https:\/\/dev.plumvillage.org\/wp-content\/uploads\/2021\/07\/Tourne\u0301e-des-voisins-46.png\" alt=\"\" class=\"wp-image-218594\" srcset=\"https:\/\/dev.plumvillage.org\/wp-content\/uploads\/2021\/07\/Tourne\u0301e-des-voisins-46.png 974w, https:\/\/dev.plumvillage.org\/wp-content\/uploads\/2021\/07\/Tourne\u0301e-des-voisins-46-499x346.png 499w, https:\/\/dev.plumvillage.org\/wp-content\/uploads\/2021\/07\/Tourne\u0301e-des-voisins-46-768x532.png 768w\" sizes=\"auto, (max-width: 974px) 100vw, 974px\" \/><figcaption class=\"wp-element-caption\">Aquarelle de fr\u00e8re \u0110\u1ee9c \u0110\u1ecbnh<\/figcaption><\/figure>\n\n\n\n<div class=\"jump-to alignwide\" id=\"contributions\">\n\t<hr>\n\t<span class=\"jump-to-text\"><span class=\"label\">Allez vers <span class=\"icon icon-arrow-tiny\"><\/span><\/span>\n\t<a  href=\"#hebergement\">H\u00e9bergement<\/a>, <a class=\"active\" href=\"#contributions\">Contributions<\/a>, <a  href=\"#annulation-et-remboursement\">Annulation et remboursement<\/a>, <a  href=\"#reductions\">R\u00e9ductions<\/a><\/span>\n<\/div>\n\n\n<h2 class=\"wp-block-heading\" id=\"Contributions\">Contributions<\/h2>\n\n\n\n<pre class=\"wp-block-verse\">Nous vous sommes tr\u00e8s reconnaissants de votre contribution, qui nous aide \u00e0 entretenir et \u00e0 d\u00e9velopper le monast\u00e8re, ses terrains et ses installations, afin de cr\u00e9er un environnement de paix et de gu\u00e9rison pour votre retraite et pour les g\u00e9n\u00e9rations \u00e0 venir. \n\nVotre contribution soutient \u00e9galement le programme international de formation et de service de la communaut\u00e9 de jeunes monastiques et pratiquant.e.s qui r\u00e9sident au Village des Pruniers, nous aidant ainsi \u00e0 cultiver les racines du Dharma vivant en Occident. C'est gr\u00e2ce \u00e0 votre soutien que la communaut\u00e9 monastique peut prosp\u00e9rer et partager la voie de la pratique de la pleine conscience, au Village des Pruniers et au-del\u00e0.\n\nLe monast\u00e8re de Plum Village est une organisation caritative \u00e0 but non lucratif et une congr\u00e9gation religieuse enregistr\u00e9e soutenue par le \"dana\". \"Dana\" est un mot pali et sanskrit qui signifie \"don\" ou \"offrande\". Depuis plus de 2 500 ans, la communaut\u00e9 monastique bouddhiste est soutenue par les dons g\u00e9n\u00e9reux des pratiquants, plut\u00f4t que par des imp\u00f4ts, des terres ou d'autres richesses accumul\u00e9es. \n\nNous acceptons avec gratitude les <a href=\"https:\/\/dev.plumvillage.org\/fr\/donner\">dons<\/a> suppl\u00e9mentaires pour soutenir nos monast\u00e8res et nos projets de service dans le monde entier.<\/pre>\n\n\n\n<p><span class=\"footnote\">COMMUNAUT\u00c9 BOUDDHIQUE ZEN VILLAGE DES PRUNIERS<em>, association d\u00e9clar\u00e9e, immatricul\u00e9e sous le SIREN 425182565<\/em><\/span><\/p>\n\n\n\n<p>En \u00e9change de votre retraite r\u00e9sidentielle avec nous, nous vous invitons \u00e0 offrir une contribution financi\u00e8re pour votre s\u00e9jour.<\/p>\n\n\n\n<p>Les frais de retraite sont calcul\u00e9s en fonction des co\u00fbts actuels en France et contribuent \u00e0 tous les aspects de votre s\u00e9jour et de votre exp\u00e9rience avec nous : h\u00e9bergement (environ 25-50 \u20ac\/jour), pension compl\u00e8te et boissons (environ 15 \u20ac\/jour), transport interne entre nos hameaux (25-50 \u20ac\/semaine), et une contribution \u201cdana\u201d aux enseignements et \u00e0 la communaut\u00e9. <\/p>\n\n\n\n<p><em>Veuillez noter que la loi fran\u00e7aise ne nous permet pas de faire d\u2019\u00e9changes de s\u00e9jour par le travail.<\/em><\/p>\n\n\n\n<figure class=\"wp-block-image size-large\"><img loading=\"lazy\" decoding=\"async\" width=\"1024\" height=\"498\" src=\"https:\/\/dev.plumvillage.org\/wp-content\/uploads\/2021\/11\/white-lotus_crop-1024x498.jpg\" alt=\"\" class=\"wp-image-238779\" srcset=\"https:\/\/dev.plumvillage.org\/wp-content\/uploads\/2021\/11\/white-lotus_crop-1024x498.jpg 1024w, https:\/\/dev.plumvillage.org\/wp-content\/uploads\/2021\/11\/white-lotus_crop-499x243.jpg 499w, https:\/\/dev.plumvillage.org\/wp-content\/uploads\/2021\/11\/white-lotus_crop-768x374.jpg 768w, https:\/\/dev.plumvillage.org\/wp-content\/uploads\/2021\/11\/white-lotus_crop.jpg 1200w\" sizes=\"auto, (max-width: 1024px) 100vw, 1024px\" \/><\/figure>\n\n\n\n<p>Les contributions varient en fonction du type de logement que vous choisissez et s&rsquo;entendent <strong>par personne et par semaine<\/strong>, tout compris.<\/p>\n\n\n\n<ul class=\"wp-block-list\">\n<li>Les adolescents (13-17 ans) b\u00e9n\u00e9ficient d&rsquo;une r\u00e9duction de 30%<\/li>\n\n\n\n<li>Les enfants re\u00e7oivent une r\u00e9duction de 50%.<\/li>\n\n\n\n<li>Les enfants de moins de 6 ans ne contribuent pas, mais nous vous demandons de faire une r\u00e9servation pour chaque membre de la famille, m\u00eame pour les jeunes enfants.<\/li>\n<\/ul>\n\n\n\n<figure class=\"wp-block-table is-style-stripes\"><table><thead><tr><th>Contributions depuis D\u00e9cembre 2022<\/th><th class=\"has-text-align-center\" data-align=\"center\"><strong>Adultes<\/strong><br><em>(18 ans et +)<\/em><\/th><th class=\"has-text-align-center\" data-align=\"center\"> <strong>13 \u00e0 17<\/strong> <strong>ans<\/strong> <\/th><th class=\"has-text-align-center\" data-align=\"center\"> <strong>6 \u00e0 12<\/strong> <strong>ans<\/strong> <\/th><\/tr><\/thead><tbody><tr><td><strong>2 lits ou lit double <\/strong><br><em>&#8211; <strong>avec salle de bain priv\u00e9e<\/strong><\/em><\/td><td class=\"has-text-align-center\" data-align=\"center\">\u20ac 710,00<\/td><td class=\"has-text-align-center\" data-align=\"center\">\u20ac 497,00<\/td><td class=\"has-text-align-center\" data-align=\"center\">\u20ac 355,00<\/td><\/tr><tr><td><strong>2 lits ou lit double <\/strong><br><em>&#8211; <strong>avec salle de bain commune<\/strong><\/em><\/td><td class=\"has-text-align-center\" data-align=\"center\">\u20ac 635,00<\/td><td class=\"has-text-align-center\" data-align=\"center\">\u20ac 444,50<\/td><td class=\"has-text-align-center\" data-align=\"center\">\u20ac 317,50<\/td><\/tr><tr><td><strong>3-4 lits <em>&#8211; avec salle de bain priv\u00e9e<\/em><\/strong><\/td><td class=\"has-text-align-center\" data-align=\"center\">\u20ac 635,00<\/td><td class=\"has-text-align-center\" data-align=\"center\">\u20ac 444,50<\/td><td class=\"has-text-align-center\" data-align=\"center\">\u20ac 317,50<\/td><\/tr><tr><td><strong>3-4 lits <em>&#8211; avec salle de bain commune<\/em><\/strong><\/td><td class=\"has-text-align-center\" data-align=\"center\">\u20ac 600,00<\/td><td class=\"has-text-align-center\" data-align=\"center\">\u20ac 420,00<\/td><td class=\"has-text-align-center\" data-align=\"center\">\u20ac 300,00<\/td><\/tr><tr><td><strong>5-10 lits en dortoir <\/strong><br><em>&#8211; <strong>avec salle de bain priv\u00e9e<\/strong><\/em><\/td><td class=\"has-text-align-center\" data-align=\"center\">\u20ac 525,00<\/td><td class=\"has-text-align-center\" data-align=\"center\">\u20ac 367,50<\/td><td class=\"has-text-align-center\" data-align=\"center\">\u20ac 262,50<\/td><\/tr><tr><td><strong>5-10 lits en dortoir <\/strong><br><em>&#8211; <strong>avec salle de bain commune<\/strong><\/em><\/td><td class=\"has-text-align-center\" data-align=\"center\">\u20ac 450,00<\/td><td class=\"has-text-align-center\" data-align=\"center\">\u20ac 315,00<\/td><td class=\"has-text-align-center\" data-align=\"center\">\u20ac 225,00<\/td><\/tr><tr><td><strong>Tente ou Caravane \/ Camping-Car<\/strong><\/td><td class=\"has-text-align-center\" data-align=\"center\">\u20ac 375,00<\/td><td class=\"has-text-align-center\" data-align=\"center\">\u20ac 262,50<\/td><td class=\"has-text-align-center\" data-align=\"center\">\u20ac 187,50<\/td><\/tr><tr><td><strong>H\u00e9bergement ext\u00e9rieur <\/strong><br><strong><em>(\u00e0 r\u00e9server par vous-m\u00eame)<\/em><\/strong><\/td><td class=\"has-text-align-center\" data-align=\"center\">\u20ac 335,00<\/td><td class=\"has-text-align-center\" data-align=\"center\">\u20ac 234,50<\/td><td class=\"has-text-align-center\" data-align=\"center\">\u20ac 167,50<\/td><\/tr><\/tbody><\/table><figcaption class=\"wp-element-caption\">Contribution par personne par semaine <br><\/figcaption><\/figure>\n\n\n\n<p>Si vous demandez une navette vers et depuis la gare, 20\u20ac seront ajout\u00e9s \u00e0 votre tarif.<\/p>\n\n\n\n<p>Vous pouvez contribuer par diff\u00e9rents moyens de paiement:<\/p>\n\n\n\n<ul class=\"wp-block-list\">\n<li><strong>Stripe<\/strong> &#8211; un service de paiement en ligne s\u00e9curis\u00e9 bas\u00e9 en Irlande. Il accepte Sepa &#8211; Direct debit, Creditcard, iDEAL, SOFORT &amp; Bancontact.<\/li>\n\n\n\n<li><strong>Ch\u00e8ques en Euros<\/strong> d&rsquo;une banque fran\u00e7aise. Merci de r\u00e9digez vos ch\u00e8que \u00e0 l&rsquo;ordre de la <em>Communaut\u00e9 Bouddhique Zen Village des Pruniers<\/em> (CBZVP).<br>(Nous ne pouvons pas accepter de ch\u00e8ques d&rsquo;une autre provenance que de France, ni accepter d&rsquo;autre devise que l&rsquo;euro.)<\/li>\n<\/ul>\n\n\n\n<p>Nous vous demandons de r\u00e9gler la totalit\u00e9 de cette contribution d\u00e8s que vous recevez notre email de confirmation d&rsquo;inscription. <\/p>\n\n\n\n<p>Si nous ne recevons pas votre contribution dans les 28 jours qui suivent votre reservation, votre reservation sera <em>automatiquement annul\u00e9e<\/em>. <\/p>\n\n\n\n<div class=\"jump-to alignwide\" id=\"annulation-et-remboursement\">\n\t<hr>\n\t<span class=\"jump-to-text\"><span class=\"label\">Allez vers <span class=\"icon icon-arrow-tiny\"><\/span><\/span>\n\t<a  href=\"#hebergement\">H\u00e9bergement<\/a>, <a  href=\"#contributions\">Contributions<\/a>, <a class=\"active\" href=\"#annulation-et-remboursement\">Annulation et remboursement<\/a>, <a  href=\"#reductions\">R\u00e9ductions<\/a><\/span>\n<\/div>\n\n\n<h2 class=\"wp-block-heading\">Annulation et remboursement<\/h2>\n\n\n\n<figure class=\"wp-block-image alignright size-full is-resized\"><img loading=\"lazy\" decoding=\"async\" width=\"300\" height=\"300\" src=\"https:\/\/dev.plumvillage.org\/wp-content\/uploads\/2023\/08\/Podcast-thumbnail.jpg\" alt=\"\" class=\"wp-image-403864\" style=\"aspect-ratio:1;width:234px;height:auto\"\/><\/figure>\n\n\n\n<p>Nous comprenons que les circonstances de la vie changent.<\/p>\n\n\n\n<p>Conscients que de nombreux amis souhaitent venir pratiquer avec nous, nous vous prions de leur offrir cette chance en annulant votre inscription le plus t\u00f4t possible.<\/p>\n\n\n\n<p>Si vous nous pr\u00e9venez:<\/p>\n\n\n\n<ul class=\"wp-block-list\">\n<li><strong>Plus de 3 semaines avant<\/strong> la date d&rsquo;arriv\u00e9e, votre contribution vous sera rembours\u00e9e, minor\u00e9e d&rsquo;une somme forfaitaire de 50\u20ac pour frais de dossier et d&rsquo;annulation. <\/li>\n\n\n\n<li><strong>Moins de 3 semaines avant <\/strong>la date d&rsquo;arriv\u00e9e, 50 % de votre contribution vous sera rembours\u00e9e. <\/li>\n\n\n\n<li><strong>Le jour m\u00eame de l&rsquo;arriv\u00e9e ou apr\u00e8s,<\/strong> aucun remboursement ne sera possible.<\/li>\n<\/ul>\n\n\n\n<h4 class=\"wp-block-heading\"><strong>Annulation des retraites par le Village des Pruniers<\/strong><\/h4>\n\n\n\n<p>Le Village des Pruniers se r\u00e9serve le droit d&rsquo;annuler une retraite en toutes circonstances. Dans ce cas, vous serez int\u00e9gralement rembours\u00e9 de tout paiement que vous nous avez d\u00e9j\u00e0 effectu\u00e9. Le Village des Pruniers n&rsquo;accepte aucune autre responsabilit\u00e9 pour l&rsquo;annulation d&rsquo;une retraite au-del\u00e0 du remboursement des frais d&rsquo;inscription \u00e0 la retraite. Par exemple, nous ne pouvons \u00eatre tenus responsables des fonds d\u00e9pens\u00e9s pour les pr\u00e9paratifs de voyage \u00e0 l&rsquo;avance, tels que les billets d&rsquo;avion et les visas.<\/p>\n\n\n\n<p>Merci de votre compr\u00e9hension et de votre soutien. <\/p>\n\n\n\n<div class=\"jump-to alignwide\" id=\"reductions\">\n\t<hr>\n\t<span class=\"jump-to-text\"><span class=\"label\">Allez vers <span class=\"icon icon-arrow-tiny\"><\/span><\/span>\n\t<a  href=\"#hebergement\">H\u00e9bergement<\/a>, <a  href=\"#contributions\">Contributions<\/a>, <a  href=\"#annulation-et-remboursement\">Annulation et remboursement<\/a>, <a class=\"active\" href=\"#reductions\">R\u00e9ductions<\/a><\/span>\n<\/div>\n\n\n<h3 class=\"wp-block-heading\"><strong>R\u00e9ductions possibles<\/strong><\/h3>\n\n\n\n<p><mark style=\"background-color:rgba(0, 0, 0, 0)\" class=\"has-inline-color has-earth-color\">* Appliquable aux dortoirs de 6 \u00e0 10 personnes avec salle de bain commune ou au camping<\/mark><\/p>\n\n\n\n<ul class=\"wp-block-list\">\n<li>Nous pouvons offrir 50 % de r\u00e9duction aux \u00e9tudiants de 25 ans et moins, sur pr\u00e9sentation d&rsquo;une carte d&rsquo;\u00e9tudiant valide par courriel, <\/li>\n\n\n\n<li>jusqu&rsquo;\u00e0 50 % de r\u00e9duction aux personnes b\u00e9n\u00e9ficiant d&rsquo;allocations de ch\u00f4mage, sur pr\u00e9sentation d&rsquo;un justificatif de votre situation et de vos revenus par courriel <\/li>\n<\/ul>\n\n\n\n<p>Pour nous aider, ainsi que pour faciliter votre inscription, veuillez s\u2019il vous pla\u00eet :<\/p>\n\n\n\n<ul class=\"wp-block-list\">\n<li>vous inscrire \u00e0 la retraite via notre syst\u00e8me d\u2019inscription en ligne et ins\u00e9rer une note de demande de r\u00e9duction.<\/li>\n\n\n\n<li>joindre un document prouvant votre situation de demandeur d\u2019emploi ou la copie de votre carte d\u2019\u00e9tudiant en cours de validit\u00e9 dans le m\u00eame courriel que celui demandant une r\u00e9duction.<\/li>\n<\/ul>\n","protected":false},"excerpt":{"rendered":"<p>Tous les logements du Village des Pruniers sont collectifs. La plupart des espaces de vie et toutes les chambres sont partag\u00e9es, afin d&rsquo;encourager la vie en communaut\u00e9 et le soutien mutuel dans notre pratique. Nous ne pouvons pas fournir de chambres individuelles. La plupart des lits sont des lits simples, et certains lits dans les<\/p>\n","protected":false},"author":9,"featured_media":0,"parent":10937,"menu_order":0,"comment_status":"closed","ping_status":"closed","template":"","meta":{"_acf_changed":false,"sync_status":"","episode_type":"","audio_file":"","castos_file_data":"","podmotor_file_id":"","cover_image":"","cover_image_id":"","duration":"","filesize":"","filesize_raw":"","date_recorded":"","explicit":"","block":"","itunes_episode_number":"","itunes_title":"","itunes_season_number":"","itunes_episode_type":"","ep_exclude_from_search":false,"footnotes":""},"class_list":["post-140944","page","type-page","status-publish","hentry"],"acf":[],"_links":{"self":[{"href":"https:\/\/dev.plumvillage.org\/fr\/wp-json\/wp\/v2\/pages\/140944","targetHints":{"allow":["GET"]}}],"collection":[{"href":"https:\/\/dev.plumvillage.org\/fr\/wp-json\/wp\/v2\/pages"}],"about":[{"href":"https:\/\/dev.plumvillage.org\/fr\/wp-json\/wp\/v2\/types\/page"}],"author":[{"embeddable":true,"href":"https:\/\/dev.plumvillage.org\/fr\/wp-json\/wp\/v2\/users\/9"}],"replies":[{"embeddable":true,"href":"https:\/\/dev.plumvillage.org\/fr\/wp-json\/wp\/v2\/comments?post=140944"}],"version-history":[{"count":4,"href":"https:\/\/dev.plumvillage.org\/fr\/wp-json\/wp\/v2\/pages\/140944\/revisions"}],"predecessor-version":[{"id":437043,"href":"https:\/\/dev.plumvillage.org\/fr\/wp-json\/wp\/v2\/pages\/140944\/revisions\/437043"}],"up":[{"embeddable":true,"href":"https:\/\/dev.plumvillage.org\/fr\/wp-json\/wp\/v2\/pages\/10937"}],"wp:attachment":[{"href":"https:\/\/dev.plumvillage.org\/fr\/wp-json\/wp\/v2\/media?parent=140944"}],"curies":[{"name":"wp","href":"https:\/\/api.w.org\/{rel}","templated":true}]}}