{"id":140948,"date":"2022-03-27T16:30:00","date_gmt":"2022-03-27T14:30:00","guid":{"rendered":"https:\/\/plumvillage.org\/?page_id=140948"},"modified":"2024-01-20T22:27:46","modified_gmt":"2024-01-20T21:27:46","slug":"sejour-prolonge","status":"publish","type":"page","link":"https:\/\/dev.plumvillage.org\/fr\/retraites\/sejour-prolonge","title":{"rendered":"S\u00e9jour prolong\u00e9"},"content":{"rendered":"\n<figure class=\"wp-block-image size-large\"><img loading=\"lazy\" decoding=\"async\" width=\"1024\" height=\"615\" src=\"https:\/\/dev.plumvillage.org\/wp-content\/uploads\/2018\/11\/khoa-tu-nau-an-32-1024x615.jpeg\" alt=\"\" class=\"wp-image-32509\" srcset=\"https:\/\/dev.plumvillage.org\/wp-content\/uploads\/2018\/11\/khoa-tu-nau-an-32-1024x615.jpeg 1024w, https:\/\/dev.plumvillage.org\/wp-content\/uploads\/2018\/11\/khoa-tu-nau-an-32-499x299.jpeg 499w, https:\/\/dev.plumvillage.org\/wp-content\/uploads\/2018\/11\/khoa-tu-nau-an-32-768x461.jpeg 768w, https:\/\/dev.plumvillage.org\/wp-content\/uploads\/2018\/11\/khoa-tu-nau-an-32-300x180.jpeg 300w, https:\/\/dev.plumvillage.org\/wp-content\/uploads\/2018\/11\/khoa-tu-nau-an-32-100x60.jpeg 100w, https:\/\/dev.plumvillage.org\/wp-content\/uploads\/2018\/11\/khoa-tu-nau-an-32-150x90.jpeg 150w, https:\/\/dev.plumvillage.org\/wp-content\/uploads\/2018\/11\/khoa-tu-nau-an-32-200x120.jpeg 200w, https:\/\/dev.plumvillage.org\/wp-content\/uploads\/2018\/11\/khoa-tu-nau-an-32-450x270.jpeg 450w, https:\/\/dev.plumvillage.org\/wp-content\/uploads\/2018\/11\/khoa-tu-nau-an-32-600x360.jpeg 600w, https:\/\/dev.plumvillage.org\/wp-content\/uploads\/2018\/11\/khoa-tu-nau-an-32-900x540.jpeg 900w, https:\/\/dev.plumvillage.org\/wp-content\/uploads\/2018\/11\/khoa-tu-nau-an-32.jpeg 2048w\" sizes=\"auto, (max-width: 1024px) 100vw, 1024px\" \/><figcaption class=\"wp-element-caption\">Retraitantes et volontaires lors d&rsquo;une retraite \u201ccuisine\u201d au Hameau Nouveau<\/figcaption><\/figure>\n\n\n\n<p>Le Village des Pruniers est un monast\u00e8re bouddhiste et nos r\u00e9sidents sont principalement des moines et des moniales. Les pratiquants la\u00efcs sont toujours les bienvenus. Chaque ann\u00e9e, de nombreuses personnes viennent au Village des Pruniers pour pratiquer l\u2019art de vivre en pleine conscience. Leurs visites peuvent durer une semaine, trois semaines (la retraite bi-annuelle de 21 jours), quatre semaines (la retraite d&rsquo;\u00e9t\u00e9 en juillet) ou jusqu\u2019\u00e0 trois mois (la retraite des pluies, qui se d\u00e9roule en automne).<\/p>\n\n\n\n<p>Outre ces retraites, il est possible de vivre et de pratiquer avec la Sangha pendant plus longtemps jusqu&rsquo;\u00e0 six mois ou dans le cas du Hameau du Haut et du Bas, un an. \u00c0 l&rsquo;heure actuelle, nous n&rsquo;avons pas de processus de demande en ligne pour demeurer \u00e0 long terme dans notre communaut\u00e9. Au Hameau du Haut et du Bas, les demandes de s\u00e9jour prolong\u00e9 sont accept\u00e9es pendant la retraite des pluies, et uniquement de la part de ceux qui ont particip\u00e9 \u00e0 toute la retraite qui a lieu g\u00e9n\u00e9ralement chaque ann\u00e9e <strong> de mi septembre \u00e0 mi d\u00e9cembre.<\/strong>. Le Hameau Nouveau examinera les demandes de s\u00e9jour \u00e0 long terme de toute personne ayant r\u00e9serv\u00e9 une retraite r\u00e9guli\u00e8re de deux semaines et pay\u00e9 le prix total de la r\u00e9servation initiale.<\/p>\n\n\n\n<p>Dans chaque hameau, il vous sera demand\u00e9 d\u2019\u00e9crire une lettre d\u2019aspiration expliquant les raisons qui vous poussent \u00e0 vouloir prolonger votre s\u00e9jour dans la communaut\u00e9. Une fois que vous aurez \u00e9t\u00e9 accept\u00e9, il vous sera demand\u00e9 de maintenir une communication claire avec la communaut\u00e9 par le biais de contacts avec votre mentor ou par le biais de lettres de aspirations p\u00e9riodiques, en partageant votre progression dans la pratique, vos difficult\u00e9s et tout d\u00e9veloppement de vos aspirations et de votre engagement dans la vie de la communaut\u00e9.<\/p>\n\n\n\n<p>Apr\u00e8s avoir \u00e9t\u00e9 accept\u00e9 pour un s\u00e9jour de longue dur\u00e9e, vous pourrez demander une r\u00e9duction sur votre h\u00e9bergement au Hameau Nouveau. Le Hameau du Haut et celui du Bas ont un tarif mensuel fixe pour le programme d&rsquo;un an. Le montant de votre contribution d\u00e9pendra du type de chambre dans lequel vous s\u00e9journerez. Au printemps et en \u00e9t\u00e9, le camping est une possibilit\u00e9. C&rsquo;est la plus abordable. N&rsquo;oubliez pas que pendant l&rsquo;\u00e9t\u00e9, le seul h\u00e9bergement disponible pour un s\u00e9jour de longue dur\u00e9e peut \u00eatre le camping.<\/p>\n\n\n\n<p>Nous demandons aux retraitants long-termes d&rsquo;assister \u00e0 toutes les activit\u00e9s de la communaut\u00e9 et d&rsquo;aller toujours dans le sens du d\u00e9veloppement de l&rsquo;harmonie et du lien avec la communaut\u00e9. Tant que ces conditions de base sont remplies, votre s\u00e9jour de longue dur\u00e9e ne sera pas remis en cause . Au Hameau Nouveau, votre s\u00e9jour peut \u00eatre prolong\u00e9 de deux semaines ou d&rsquo;un mois \u00e0 la fois.<\/p>\n\n\n\n<figure class=\"wp-block-image alignright size-large\"><img loading=\"lazy\" decoding=\"async\" width=\"1024\" height=\"681\" src=\"https:\/\/dev.plumvillage.org\/wp-content\/uploads\/2018\/10\/Judithteaching-1024x681.jpg\" alt=\"\" class=\"wp-image-32449\" srcset=\"https:\/\/dev.plumvillage.org\/wp-content\/uploads\/2018\/10\/Judithteaching-1024x681.jpg 1024w, https:\/\/dev.plumvillage.org\/wp-content\/uploads\/2018\/10\/Judithteaching-499x332.jpg 499w, https:\/\/dev.plumvillage.org\/wp-content\/uploads\/2018\/10\/Judithteaching-768x511.jpg 768w, https:\/\/dev.plumvillage.org\/wp-content\/uploads\/2018\/10\/Judithteaching-300x199.jpg 300w, https:\/\/dev.plumvillage.org\/wp-content\/uploads\/2018\/10\/Judithteaching-100x66.jpg 100w, https:\/\/dev.plumvillage.org\/wp-content\/uploads\/2018\/10\/Judithteaching-150x100.jpg 150w, https:\/\/dev.plumvillage.org\/wp-content\/uploads\/2018\/10\/Judithteaching-200x133.jpg 200w, https:\/\/dev.plumvillage.org\/wp-content\/uploads\/2018\/10\/Judithteaching-450x299.jpg 450w, https:\/\/dev.plumvillage.org\/wp-content\/uploads\/2018\/10\/Judithteaching-600x399.jpg 600w, https:\/\/dev.plumvillage.org\/wp-content\/uploads\/2018\/10\/Judithteaching-900x598.jpg 900w, https:\/\/dev.plumvillage.org\/wp-content\/uploads\/2018\/10\/Judithteaching-272x182.jpg 272w\" sizes=\"auto, (max-width: 1024px) 100vw, 1024px\" \/><figcaption class=\"wp-element-caption\">Des longs termes et des retraitantes travaillant ensemble \u00e0 la Happy farm du Hameau du Bas<\/figcaption><\/figure>\n\n\n\n<p>Si vous rencontrez des difficult\u00e9s pendant votre s\u00e9jour, il vous suffit de demander conseil aux s\u0153urs et aux fr\u00e8res pour en savoir plus sur la mani\u00e8re de vous adapter \u00e0 la vie dans notre communaut\u00e9, qui peut \u00eatre diff\u00e9rente de vos exp\u00e9riences pass\u00e9es ou de vos attentes. Vous interagirez chaque jour avec des personnes de nombreuses cultures et de nombreux pays. C\u2019est seulement \u00e0 travers votre propre exp\u00e9rience que vous pourrez vraiment savoir \u00e0 quoi ressemble la vie communautaire. Les fr\u00e8res, s\u0153urs et amis la\u00efcs du Village des Pruniers sont l\u00e0 pour vous aider \u00e0 apprendre l\u2019art de vivre en Pleine Conscience et \u00e0 appr\u00e9cier les nombreuses merveilles de la vie qui sont disponibles en nous et autour de nous dans le moment pr\u00e9sent.<\/p>\n\n\n\n<h2 class=\"wp-block-heading\"><strong>Volontariat<\/strong><\/h2>\n\n\n\n<p>Chaque ann\u00e9e, nous proposons des opportunit\u00e9s de b\u00e9n\u00e9volat pour soutenir les retraites importantes. Elles sont propos\u00e9es \u00e0 celles et ceux qui ont d\u00e9j\u00e0 particip\u00e9 \u00e0 des retraites du Village des Pruniers. Vous trouverez ces opportunit\u00e9s sur notre <a href=\"https:\/\/dev.plumvillage.org\/fr\/benevolat\" data-type=\"link\" data-id=\"https:\/\/dev.plumvillage.org\/fr\/benevolat\"><strong>page Volontariat<\/strong>.<\/a> Veuillez noter que nous ne sommes pas en mesure d&rsquo;offrir le g\u00eete et le couvert en \u00e9change du b\u00e9n\u00e9volat. Il y a une petite contribution \u00e0 faire pour votre s\u00e9jour en tant que b\u00e9n\u00e9vole, pour aider \u00e0 couvrir les co\u00fbts de la nourriture, de l&rsquo;utilisation des installations et pour soutenir le monast\u00e8re.<\/p>\n\n\n\n<p>Pour d&rsquo;autres occasions de servir, il y a de nombreuses possibilit\u00e9s de soutenir la communaut\u00e9 avec la m\u00e9ditation du service (optionnelle) pendant votre s\u00e9jour en tant que retraitants.<\/p>\n\n\n\n<p>Nous esp\u00e9rons que ces informations seront utiles \u00e0 la pr\u00e9paration de votre s\u00e9jour au Village des Pruniers, et nous nous r\u00e9jouissons de vous accueillir parmi nous !<\/p>\n","protected":false},"excerpt":{"rendered":"<p>Le Village des Pruniers est un monast\u00e8re bouddhiste et nos r\u00e9sidents sont principalement des moines et des moniales. Les pratiquants la\u00efcs sont toujours les bienvenus. Chaque ann\u00e9e, de nombreuses personnes viennent au Village des Pruniers pour pratiquer l\u2019art de vivre en pleine conscience. Leurs visites peuvent durer une semaine, trois semaines (la retraite bi-annuelle de<\/p>\n","protected":false},"author":1088,"featured_media":0,"parent":285068,"menu_order":0,"comment_status":"closed","ping_status":"closed","template":"","meta":{"_acf_changed":false,"sync_status":"","episode_type":"","audio_file":"","castos_file_data":"","podmotor_file_id":"","cover_image":"","cover_image_id":"","duration":"","filesize":"","filesize_raw":"","date_recorded":"","explicit":"","block":"","itunes_episode_number":"","itunes_title":"","itunes_season_number":"","itunes_episode_type":"","ep_exclude_from_search":false,"footnotes":""},"class_list":["post-140948","page","type-page","status-publish","hentry"],"acf":[],"_links":{"self":[{"href":"https:\/\/dev.plumvillage.org\/fr\/wp-json\/wp\/v2\/pages\/140948","targetHints":{"allow":["GET"]}}],"collection":[{"href":"https:\/\/dev.plumvillage.org\/fr\/wp-json\/wp\/v2\/pages"}],"about":[{"href":"https:\/\/dev.plumvillage.org\/fr\/wp-json\/wp\/v2\/types\/page"}],"author":[{"embeddable":true,"href":"https:\/\/dev.plumvillage.org\/fr\/wp-json\/wp\/v2\/users\/1088"}],"replies":[{"embeddable":true,"href":"https:\/\/dev.plumvillage.org\/fr\/wp-json\/wp\/v2\/comments?post=140948"}],"version-history":[{"count":2,"href":"https:\/\/dev.plumvillage.org\/fr\/wp-json\/wp\/v2\/pages\/140948\/revisions"}],"predecessor-version":[{"id":430676,"href":"https:\/\/dev.plumvillage.org\/fr\/wp-json\/wp\/v2\/pages\/140948\/revisions\/430676"}],"up":[{"embeddable":true,"href":"https:\/\/dev.plumvillage.org\/fr\/wp-json\/wp\/v2\/pages\/285068"}],"wp:attachment":[{"href":"https:\/\/dev.plumvillage.org\/fr\/wp-json\/wp\/v2\/media?parent=140948"}],"curies":[{"name":"wp","href":"https:\/\/api.w.org\/{rel}","templated":true}]}}