{"id":140983,"date":"2022-03-26T12:00:32","date_gmt":"2022-03-26T11:00:32","guid":{"rendered":"https:\/\/plumvillage.org\/thich-nhat-hanh-dharma-talks\/"},"modified":"2022-05-07T03:15:52","modified_gmt":"2022-05-07T01:15:52","slug":"enseignements-sur-le-dharma","status":"publish","type":"page","link":"https:\/\/dev.plumvillage.org\/fr\/enseignements-sur-le-dharma","title":{"rendered":"Enseignements"},"content":{"rendered":"\n<div class=\"wp-block-image\"><figure class=\"alignright\"><img loading=\"lazy\" decoding=\"async\" width=\"522\" height=\"375\" src=\"https:\/\/dev.plumvillage.org\/wp-content\/uploads\/2019\/08\/122-TNH-with-Lotus-flower-Upper-Hamlet-PHOTO-PV-CEB.jpg\" alt=\"\" class=\"wp-image-139457\" srcset=\"https:\/\/dev.plumvillage.org\/wp-content\/uploads\/2019\/08\/122-TNH-with-Lotus-flower-Upper-Hamlet-PHOTO-PV-CEB.jpg 522w, https:\/\/dev.plumvillage.org\/wp-content\/uploads\/2019\/08\/122-TNH-with-Lotus-flower-Upper-Hamlet-PHOTO-PV-CEB-499x358.jpg 499w\" sizes=\"auto, (max-width: 522px) 100vw, 522px\" \/><\/figure><\/div>\n\n\n\n<p class=\"has-large-font-size\">Regardez et appr\u00e9ciez des enseignements offerts par Thich Nhat Hanh et des enseignants du Dharma du Village des Pruniers.<\/p>\n\n\n\n<p>Les vid\u00e9os de Thich Nhat Hanh donnant des r\u00e9ponses \u00e0 des questions sont plus courtes que des enseignements complets. Vous pouvez y acc\u00e9der en haut \u00e0 droite du paneau des videos. <\/p>\n\n\n\n<p>Vous pouvez aussi regarder des enseignements relatifs \u00e0 la pratique du Village des Pruniers sur notre cha\u00eene <a href=\"https:\/\/www.youtube.com\/villagedespruniers\" class=\"advanced-url  \" target=\"_blank\" data-link-description=\"\" data-link-type=\"website\" rel=\"noopener noreferrer\">YouTube<\/a> et sur notre <a href=\"https:\/\/plumvillage.app\/\" target=\"_blank\" data-link-description=\"\" data-link-type=\"website\" rel=\"noopener noreferrer\" class=\"advanced-url\">Plum Village app<\/a>. <\/p>\n\n\n\n<div class=\"wp-block-group to-right-edge is-layout-flow wp-block-group-is-layout-flow\"><\/div>\n\n\n\n<p><\/p>\n","protected":false},"excerpt":{"rendered":"<p>Regardez et appr\u00e9ciez des enseignements offerts par Thich Nhat Hanh et des enseignants du Dharma du Village des Pruniers. Les vid\u00e9os de Thich Nhat Hanh donnant des r\u00e9ponses \u00e0 des questions sont plus courtes que des enseignements complets. Vous pouvez y acc\u00e9der en haut \u00e0 droite du paneau des videos. Vous pouvez aussi regarder des<\/p>\n","protected":false},"author":1116,"featured_media":30323,"parent":0,"menu_order":0,"comment_status":"closed","ping_status":"closed","template":"","meta":{"_acf_changed":false,"sync_status":"","episode_type":"","audio_file":"","castos_file_data":"","podmotor_file_id":"","cover_image":"","cover_image_id":"","duration":"","filesize":"","filesize_raw":"","date_recorded":"","explicit":"","block":"","itunes_episode_number":"","itunes_title":"","itunes_season_number":"","itunes_episode_type":"","ep_exclude_from_search":false,"footnotes":""},"class_list":["post-140983","page","type-page","status-publish","has-post-thumbnail","hentry"],"acf":[],"_links":{"self":[{"href":"https:\/\/dev.plumvillage.org\/fr\/wp-json\/wp\/v2\/pages\/140983","targetHints":{"allow":["GET"]}}],"collection":[{"href":"https:\/\/dev.plumvillage.org\/fr\/wp-json\/wp\/v2\/pages"}],"about":[{"href":"https:\/\/dev.plumvillage.org\/fr\/wp-json\/wp\/v2\/types\/page"}],"author":[{"embeddable":true,"href":"https:\/\/dev.plumvillage.org\/fr\/wp-json\/wp\/v2\/users\/1116"}],"replies":[{"embeddable":true,"href":"https:\/\/dev.plumvillage.org\/fr\/wp-json\/wp\/v2\/comments?post=140983"}],"version-history":[{"count":0,"href":"https:\/\/dev.plumvillage.org\/fr\/wp-json\/wp\/v2\/pages\/140983\/revisions"}],"wp:featuredmedia":[{"embeddable":true,"href":"https:\/\/dev.plumvillage.org\/fr\/wp-json\/wp\/v2\/media\/30323"}],"wp:attachment":[{"href":"https:\/\/dev.plumvillage.org\/fr\/wp-json\/wp\/v2\/media?parent=140983"}],"curies":[{"name":"wp","href":"https:\/\/api.w.org\/{rel}","templated":true}]}}