{"id":140987,"date":"2022-03-26T12:10:24","date_gmt":"2022-03-26T11:10:24","guid":{"rendered":"https:\/\/plumvillage.org\/audio\/"},"modified":"2022-05-07T03:16:46","modified_gmt":"2022-05-07T01:16:46","slug":"podcasts","status":"publish","type":"page","link":"https:\/\/dev.plumvillage.org\/fr\/pleine-conscience\/podcasts","title":{"rendered":"Podcasts Audio (en anglais)"},"content":{"rendered":"    <figure class=\"block block-audio alignright\"\">\n        <div class=\"block-inside\">\n                    \n            <div class=\"audio-item\">\n                                <h5>\n                    Pr\u00e9sentation en anglais par Fr\u00e8re Phap Bieu \n                                    <\/h5>\n                                                    <p>Fr. Phap Bieu vous invite \u00e0 \u00e9couter nos enseignements sur le Dharma, tout en revenant \u00e9galement \u00e0 votre corps. <\/p>\n                                                    <div class=\"buttons\">\n                        <a \n                            class=\"play-audio link-with-icon sunny-link\" \n                            id=\"presentation-en-anglais-par-frere-phap-bieu\"\n                            href=\"#\" \n                            data-url=\"https:\/\/dev.plumvillage.org\/wp-content\/uploads\/2020\/03\/Listen-Introduction-by-Br-Phap-Bieu.mp3\" \n                            data-mime-type=\"audio\/mpeg\" \n                                                        data-title=\"Pr\u00e9sentation en anglais par Fr\u00e8re Phap Bieu\"\n                                                        data-transcript=\"\" \n                            aria-label=\"Play Audio - Pr\u00e9sentation en anglais par Fr\u00e8re Phap Bieu\"\n                        >\n                            <span class=\"icon icon-play icon-sun\"><\/span>\n                            <span class=\"icon icon-pause\"><\/span>\n                            <span class=\"text text-play\">Lecture<\/span>\n                            <span class=\"text text-pause\">Pause<\/span>\n                        <\/a>\n                                                    <a class=\"link-with-icon earthy-link\" href=\"https:\/\/dev.plumvillage.org\/wp-content\/uploads\/2020\/03\/Listen-Introduction-by-Br-Phap-Bieu.mp3\" download>\n                                <span class=\"icon icon-download\"><\/span>\n                                <span class=\"text\">T\u00e9l\u00e9charger<\/span>\n                            <\/a>\n                                                                        \n                    <\/div>\n                            <\/div>\n                <\/div>    \n    <\/figure>\n\n\n\n<h4 class=\"wp-block-heading\">Ecouter | Enseignements sur le Dharma Village des Pruniers. <\/h4>\n\n\n\n<p>Vous pouvez \u00e9couter tous les enseignements r\u00e9cents dans la tradition du Village des Pruniers sur votre plateforme de podcast favorite. <\/p>\n\n\n\n<p><a class=\"advanced-url has-arrow\" href=\"https:\/\/podcasts.apple.com\/nl\/podcast\/listen-dharma-talks-from-plum-village\/id1502888044\" target=\"_blank\" data-link-type=\"website\" data-link-description=\"\" rel=\"noopener\">Ecouter sur iTunes<\/a><br><a class=\"advanced-url has-arrow\" href=\"https:\/\/open.spotify.com\/show\/5XOHEXUOa5xPGOtErFyOGB\" target=\"_blank\" data-link-type=\"website\" data-link-description=\"\" rel=\"noopener\">Ecouter sur Spotify<\/a><br><a class=\"advanced-url has-arrow\" href=\"https:\/\/playmusic.app.goo.gl\/?ibi=com.google.PlayMusic&amp;isi=691797987&amp;ius=googleplaymusic&amp;apn=com.google.android.music&amp;link=https:\/\/play.google.com\/music\/m\/Ir3pr4xxpvf2zu75nvi3qwbnypm?t%3DListen_%257C_Dharma_Talks_from_Plum_Village%26pcampaignid%3DMKT-na-all-co-pr-mu-pod-16\" target=\"_blank\" data-link-type=\"website\" data-link-description=\"\" rel=\"noopener\">Ecouter sur Google Play Music<\/a><br><a class=\"advanced-url has-arrow\" href=\"https:\/\/www.stitcher.com\/podcast\/listen-dharma-talks-from-plum-village\" target=\"_blank\" data-link-type=\"website\" data-link-description=\"\" rel=\"noopener\">Ecouter sur Sticher<\/a><br><a class=\"advanced-url has-arrow\" href=\"https:\/\/pca.st\/weytzgi5\" target=\"_blank\" data-link-type=\"website\" data-link-description=\"\" rel=\"noopener\">Ecouter sur PocketCast<\/a><br><a href=\"https:\/\/overcast.fm\/itunes1502888044\/listen-dharma-talks-from-plum-village\" class=\"advanced-url has-arrow\" target=\"_blank\" data-link-type=\"website\" data-link-description=\"\" rel=\"noopener\">Ecouter sur Overcast<\/a><\/p>\n\n\n\n<figure class=\"wp-block-image alignwide size-large\"><img loading=\"lazy\" decoding=\"async\" width=\"1024\" height=\"562\" src=\"https:\/\/dev.plumvillage.org\/wp-content\/uploads\/2020\/03\/listen-3-1024x562.jpg\" alt=\"\" class=\"wp-image-149117\" srcset=\"https:\/\/dev.plumvillage.org\/wp-content\/uploads\/2020\/03\/listen-3-1024x562.jpg 1024w, https:\/\/dev.plumvillage.org\/wp-content\/uploads\/2020\/03\/listen-3-499x274.jpg 499w, https:\/\/dev.plumvillage.org\/wp-content\/uploads\/2020\/03\/listen-3-768x421.jpg 768w, https:\/\/dev.plumvillage.org\/wp-content\/uploads\/2020\/03\/listen-3.jpg 1400w\" sizes=\"auto, (max-width: 1024px) 100vw, 1024px\" \/><\/figure>\n\n\n\n<h4 class=\"wp-block-heading\">TNH Audio (en anglais)<\/h4>\n\n\n\n<p><a href=\"https:\/\/tnhaudio.org\/about\/\" target=\"_blank\" data-link-type=\"website\" data-link-description=\"\" rel=\"noopener noreferrer\" class=\"advanced-url\">TNH Audio<\/a> est un site web (en anglais) et un podcast qui pr\u00e9sente plus de 4,000 enseignements sur le Dharma par Thich Nhat Hanh et vous offre les descriptions des enseignements avec l&rsquo;option de t\u00e9l\u00e9charger l&rsquo;audio, de l&rsquo;\u00e9couter avec une app podcast ou regarder la vid\u00e9o lorsqu&rsquo;elle est disponible. <\/p>\n\n\n\n<p><a class=\"advanced-url has-arrow\" href=\"https:\/\/podcasts.apple.com\/us\/podcast\/thich-nhat-hanh-dharma-talks\/id480787112\" data-link-type=\"website\" rel=\"noopener noreferrer\" target=\"\" data-link-description=\"\">Ecouter sur iTunes<\/a><br><a class=\"advanced-url has-arrow\" href=\"https:\/\/subscribeonandroid.com\/tnhaudio.org\/feed\/podcast\/\" target=\"_blank\" data-link-type=\"website\" rel=\"noopener noreferrer\" data-link-description=\"\">Ecouter sur un appareil Android <\/a><br><a href=\"https:\/\/tnhaudio.org\/\" class=\"advanced-url has-arrow\" target=\"_blank\" data-link-type=\"website\" rel=\"noopener noreferrer\" data-link-description=\"\">Visiter  le site web TNH Audio.<\/a><\/p>\n\n\n\n<p><\/p>\n","protected":false},"excerpt":{"rendered":"<p>Ecouter | Enseignements sur le Dharma Village des Pruniers. Vous pouvez \u00e9couter tous les enseignements r\u00e9cents dans la tradition du Village des Pruniers sur votre plateforme de podcast favorite. Ecouter sur iTunesEcouter sur SpotifyEcouter sur Google Play MusicEcouter sur SticherEcouter sur PocketCastEcouter sur Overcast TNH Audio (en anglais) TNH Audio est un site web (en<\/p>\n","protected":false},"author":1136,"featured_media":0,"parent":285097,"menu_order":0,"comment_status":"closed","ping_status":"closed","template":"","meta":{"_acf_changed":false,"sync_status":"","episode_type":"","audio_file":"","castos_file_data":"","podmotor_file_id":"","cover_image":"","cover_image_id":"","duration":"","filesize":"","filesize_raw":"","date_recorded":"","explicit":"","block":"","itunes_episode_number":"","itunes_title":"","itunes_season_number":"","itunes_episode_type":"","ep_exclude_from_search":false,"footnotes":""},"class_list":["post-140987","page","type-page","status-publish","hentry"],"acf":[],"_links":{"self":[{"href":"https:\/\/dev.plumvillage.org\/fr\/wp-json\/wp\/v2\/pages\/140987","targetHints":{"allow":["GET"]}}],"collection":[{"href":"https:\/\/dev.plumvillage.org\/fr\/wp-json\/wp\/v2\/pages"}],"about":[{"href":"https:\/\/dev.plumvillage.org\/fr\/wp-json\/wp\/v2\/types\/page"}],"author":[{"embeddable":true,"href":"https:\/\/dev.plumvillage.org\/fr\/wp-json\/wp\/v2\/users\/1136"}],"replies":[{"embeddable":true,"href":"https:\/\/dev.plumvillage.org\/fr\/wp-json\/wp\/v2\/comments?post=140987"}],"version-history":[{"count":0,"href":"https:\/\/dev.plumvillage.org\/fr\/wp-json\/wp\/v2\/pages\/140987\/revisions"}],"up":[{"embeddable":true,"href":"https:\/\/dev.plumvillage.org\/fr\/wp-json\/wp\/v2\/pages\/285097"}],"wp:attachment":[{"href":"https:\/\/dev.plumvillage.org\/fr\/wp-json\/wp\/v2\/media?parent=140987"}],"curies":[{"name":"wp","href":"https:\/\/api.w.org\/{rel}","templated":true}]}}