{"id":140991,"date":"2022-03-26T11:00:00","date_gmt":"2022-03-26T10:00:00","guid":{"rendered":"https:\/\/plumvillage.org\/pratiques-de-pleine-conscience\/mindful-apps\/"},"modified":"2024-02-08T15:28:54","modified_gmt":"2024-02-08T14:28:54","slug":"mindful-apps","status":"publish","type":"page","link":"https:\/\/dev.plumvillage.org\/fr\/pleine-conscience\/mindful-apps","title":{"rendered":"Une app pour la pleine conscience"},"content":{"rendered":"\n<figure class=\"wp-block-image alignright\"><img loading=\"lazy\" decoding=\"async\" width=\"755\" height=\"905\" src=\"https:\/\/dev.plumvillage.org\/wp-content\/uploads\/2019\/08\/Screen-Shot-2019-08-09-at-11.58.14-AM.png\" alt=\"\" class=\"wp-image-139489\" srcset=\"https:\/\/dev.plumvillage.org\/wp-content\/uploads\/2019\/08\/Screen-Shot-2019-08-09-at-11.58.14-AM.png 755w, https:\/\/dev.plumvillage.org\/wp-content\/uploads\/2019\/08\/Screen-Shot-2019-08-09-at-11.58.14-AM-499x598.png 499w\" sizes=\"auto, (max-width: 755px) 100vw, 755px\" \/><\/figure>\n\n\n\n<p class=\"has-large-font-size\">L&rsquo;App Plum Village a \u00e9t\u00e9 cr\u00e9\u00e9e avec amour par de nombreuses heures de travail b\u00e9n\u00e9vole pour nous permettre d&rsquo;amener le Village des Pruniers o\u00f9 que nous allions. Il existe aussi d&rsquo;autres applications qui peuvent soutenir notre pratique de la pleine conscience.  <\/p>\n\n\n\n<p>Souvent, quand nous sommes sur notre ordinateur ou notre t\u00e9l\u00e9phone, nous nous perdons compl\u00e8tement dans notre travail et nous nous d\u00e9connectons de notre corps et de ce qui se passe dans l&rsquo;ici et le maintenant. <\/p>\n\n\n\n<p>Vous pouvez programmer une cloche de pleine conscience sur votre ordinateur ou votre t\u00e9l\u00e9phone et, \u00e0 chaque quart d&rsquo;heure , ( ou \u00e0 la fr\u00e9quence que vous choisirez), la cloche retentira pour vous donner l&rsquo;occacsion de vous arr\u00eater, de vous d\u00e9tendre et de respirer.  Inspirer et expirer trois fois suffit \u00e0 d\u00e9tendre les tensions dans le corps, \u00e0 sourire et \u00e0 continuer votre travail. Si nous sommes au milieu d&rsquo;une conversation, entendre une cloche de pleine conscience peut \u00eatre un moyen de nous aider \u00e0 pratiquer la parole aimante et compatissante.   <\/p>\n\n\n\n<p>Il existe aussi des sanghas virtuelles, des m\u00e9ditations guid\u00e9es et d&rsquo;autres outils de pleine conscience disponible en ligne. <\/p>\n\n\n\n<p>Vous pouvez vous rendre sur <strong><a href=\"http:\/\/plumline.org\/\">Plumline<\/a><\/strong> si vous voulez trouver une sangha virtuelle dans la tradition du Village des Pruniers. ( n&rsquo;oubliez pas que vous pouvez aussi trouver un groupe local qui se rencontre en pr\u00e9sentiel pr\u00e8s de chez vous sur <strong><a href=\"https:\/\/www.parallax.org\/mindfulnessbell\/\/directory\/\">international sangha directory<\/a><\/strong>).<\/p>\n\n\n\n<p>Voici quelques exemples d&rsquo;app pour mobiles, nous esp\u00e9rons que vous les trouverez utiles pour soutenir votre \u00e9nergie de pleine conscience tout au long de la journ\u00e9e.  <\/p>\n\n\n\n<h2 class=\"wp-block-heading\">Plum Village App<\/h2>\n\n\n\n<figure class=\"wp-block-image alignleft\"><a href=\"https:\/\/plumvillage.app\/\"><img decoding=\"async\" src=\"https:\/\/is1-ssl.mzstatic.com\/image\/thumb\/Purple128\/v4\/83\/5d\/ac\/835dac6a-4af2-83eb-bbf0-a2ef8927037a\/AppIcon-1x_U007emarketing-85-220-6.png\/200x0w.jpg\" alt=\"Official Plum Village mobile app\"\/><\/a><\/figure>\n\n\n\n<p>Operating System: <a href=\"https:\/\/play.google.com\/store\/apps\/details?id=org.plumvillageapp&amp;hl=ln\">Android<\/a> | <a href=\"https:\/\/itunes.apple.com\/us\/app\/plum-village-zen-meditation\/id1273719339?mt=8\">iOS<\/a><\/p>\n\n\n\n<p>L&rsquo;app Plum Village peut nous aider \u00e0 cultiver la pleine conscience, la compassion et la joie gr\u00e2ce \u00e0 des m\u00e9ditations guid\u00e9es, des relaxations profondes, des cloches de pleine conscience, des po\u00e8mes de pratique et beaucoup d&rsquo;autres pratiques. <\/p>\n\n\n\n<p><\/p>\n\n\n\n<p>La Pleine conscience est l&rsquo;\u00e9nergie qui consiste \u00e0 \u00eatre \u00e9veill\u00e9 et attentif \u00e0 l&rsquo;instant pr\u00e9sent. C&rsquo;est la pratique continue de toucher la vie en profondeur \u00e0 chaque moment de notre vie quotidienne. Etre attentif c&rsquo;est \u00eatre vraiment vivant, pr\u00e9sent et un avec ceux qui nous entourent et avec ce que nous faisons. Nous harmonisons notre corps et notre esprit pendant que nous lavons la vaisselle, conduisons la voiture ou prenons notre douche. <\/p>\n\n\n\n<p><a href=\"https:\/\/play.google.com\/store\/apps\/details?id=org.plumvillageapp\" class=\"advanced-url has-arrow\" data-link-type=\"website\" rel=\"noopener noreferrer\" target=\"\" data-link-description=\"\">T\u00e9l\u00e9charger Google Play<br>T\u00e9l\u00e9charger iTunes<br>Site internet<\/a><\/p>\n\n\n\n<hr class=\"wp-block-separator has-css-opacity\"\/>\n\n\n\n<h2 class=\"wp-block-heading\">Autres Apps pour mobile<\/h2>\n\n\n\n<h4 class=\"wp-block-heading\"> Insight Timer<\/h4>\n\n\n\n<figure class=\"wp-block-image alignleft\"><a href=\"https:\/\/ubcadmin.org\/wp-content\/uploads\/2017\/08\/insight_timer_logo.png\"><img decoding=\"async\" src=\"https:\/\/ubcadmin.org\/wp-content\/uploads\/2017\/08\/insight_timer_logo.png\" alt=\"\" class=\"wp-image-348\"\/><\/a><\/figure>\n\n\n\n<p> Android | iOS<\/p>\n\n\n\n<p>Insight Timer est une fa\u00e7on amusante et connect\u00e9e de soutenir notre pratique de pleine conscience. Elle inclut des m\u00e9ditations guid\u00e9es gratuites de Thich Nhat Hanh et d&rsquo;autres ma\u00eetres de m\u00e9ditation. Pour les d\u00e9butants, il existe une introduction et une communaut\u00e9 de soutien pour vous aider \u00e0 commencer.  <\/p>\n\n\n\n<p><a rel=\"noopener noreferrer\" href=\"https:\/\/play.google.com\/store\/apps\/details?id=com.spotlightsix.zentimerlite2\" target=\"_blank\">T\u00e9l\u00e9charger Insight Timer sur Google Play<\/a><br><a rel=\"noopener noreferrer\" href=\"https:\/\/itunes.apple.com\/us\/app\/zen-timer-meditation-timer\/id337472899\" target=\"_blank\">T\u00e9l\u00e9charger Insight Timer sur iTunes<\/a><\/p>\n\n\n\n<h4 class=\"wp-block-heading\">MindBell<\/h4>\n\n\n\n<figure class=\"wp-block-image alignleft\"><a href=\"https:\/\/ubcadmin.org\/wp-content\/uploads\/2017\/08\/mindfulness_bell_logo.png\"><img decoding=\"async\" src=\"https:\/\/ubcadmin.org\/wp-content\/uploads\/2017\/08\/mindfulness_bell_logo.png\" alt=\"\" class=\"wp-image-350\"\/><\/a><\/figure>\n\n\n\n<p> Android<\/p>\n\n\n\n<p>MindBell sonne r\u00e9guli\u00e8rement pendant la journ\u00e9e pour vous donner l&rsquo;occasion de vous arr\u00eater, de respirer, et de sourire. S&rsquo;arr\u00eater au son de la cloche est une pratique essentielle developp\u00e9e par Thich Nhat Hanh andet la communaut\u00e9 du Village des Pruniers et c&rsquo;est le fondement sur lequel cultiver la pleine conscience,  la pr\u00e9sence et l&rsquo;auto(compassion tout au long de la journ\u00e9e. MindBell peut aussi utilis\u00e9 pour minuter vos m\u00e9ditations.<\/p>\n\n\n\n<p><a href=\"https:\/\/mbsrlyon.fr\/ressources\/application-mindbell\/\">T\u00e9l\u00e9charger MindBell <\/a><\/p>\n\n\n\n<h4 class=\"wp-block-heading\"><strong>Petit Bambou<\/strong><\/h4>\n\n\n\n<figure class=\"wp-block-image alignleft size-large\"><a href=\"https:\/\/ubcadmin.org\/wp-content\/uploads\/2017\/08\/mindfulness_bell_logo.png\"><img loading=\"lazy\" decoding=\"async\" width=\"150\" height=\"150\" src=\"https:\/\/dev.plumvillage.org\/wp-content\/uploads\/2020\/06\/petit-bambou.jpg\" alt=\"\" class=\"wp-image-152037\"\/><\/a><\/figure>\n\n\n\n<p>Syst\u00e8me Op\u00e9rateur: Android  |  iOS<\/p>\n\n\n\n<p>Une app enti\u00e8rement en fran\u00e7ais qui propose de tr\u00e8s nombreuses m\u00e9ditations guid\u00e9es, pour tous les ages et toutes les situations de la vie. Vous y trouverez notamment des m\u00e9ditations de Christophe Andr\u00e9 et des programmes pour les ados et les enfants, ansi que des programmes d\u00e9di\u00e9s \u00e0 la sant\u00e9 et une \u201ccrise de calme\u201d \u00e0 utiliser en cas d&rsquo;urgence. Un tr\u00e9sor !<\/p>\n\n\n\n<p>pour la t\u00e9l\u00e9charger, passez par leur site: <a href=\"https:\/\/www.petitbambou.com\/fr\">petit bambou<\/a> <\/p>\n\n\n\n<h4 class=\"wp-block-heading\">Menthal<\/h4>\n\n\n\n<figure class=\"wp-block-image alignleft\"><a href=\"https:\/\/ubcadmin.org\/wp-content\/uploads\/2017\/08\/menthal_logo.png\"><img decoding=\"async\" src=\"https:\/\/ubcadmin.org\/wp-content\/uploads\/2017\/08\/menthal_logo.png\" alt=\"\" class=\"wp-image-349\"\/><\/a><\/figure>\n\n\n\n<p> Syst\u00e8me Op\u00e9rateur: Android<\/p>\n\n\n\n<p>Menthal vous fournit un retour sur la fa\u00e7on dont vous utilisez votre mobile  ce qui vous donne les informations dont vous avez besoin  pour cultiver une strat\u00e9gie pour utiliser la technologie. Elle enregistre toutes les interactions entre vous et votre t\u00e9l\u00e9phone, par exemple, elle note chaque fois que vous d\u00e9verouillez votre mobile, chaque fois que vous lancez une application et chaque fois que vous recevez un appel. Cette app peut vous dire le temps que vous passez sur votre mobile chaque jour, ou le nombre fois que que vous utilisez une certaine application, de fa\u00e7on \u00e0 ce que vous puissiez faire des choix clairs sur comment vous voulez passer votre temps ou sur les habitudes que vous voulez transformer.  <\/p>\n\n\n\n<p><a rel=\"noopener noreferrer\" href=\"https:\/\/play.google.com\/store\/apps\/details?id=open.menthal\" target=\"_blank\">T\u00e9l\u00e9charger Menthal sur Google Play<\/a><\/p>\n\n\n\n<h4 class=\"wp-block-heading\">Headspace: M\u00e9ditation guid\u00e9e &amp; Pleine Conscience <\/h4>\n\n\n\n<figure class=\"wp-block-image alignleft\"><img decoding=\"async\" src=\"https:\/\/ubcadmin.org\/wp-content\/uploads\/2017\/08\/headspace_logo.png\" alt=\"\" class=\"wp-image-347\"\/><\/figure>\n\n\n\n<p>Syst\u00e8me Op\u00e9rateur: Android | iOS<\/p>\n\n\n\n<p>Headspace vous aide \u00e0 cultiver les talents transformateur de la m\u00e9ditation et de la pleine conscience. L&rsquo;inscription vous donne acc\u00e8s \u00e0 des centaines de m\u00e9ditations sur des sujets vari\u00e9s, de la gestion du stress et de l&rsquo;anxi\u00e9t\u00e9 au sommeil et \u00e0 la concentration. Il y a des programmes qui vous aident \u00e0 b\u00e2tir de meilleurs relations avec les gens que vous aimez et des programmes SOS pour trouver un espace de calme int\u00e9rieur et de relaxation durant les moments de crise. <\/p>\n\n\n\n<p><a rel=\"noopener noreferrer\" href=\"https:\/\/play.google.com\/store\/apps\/details?id=com.getsomeheadspace.android\" target=\"_blank\">T\u00e9l\u00e9charger Headspace sur Google Play<\/a><br><a rel=\"noopener noreferrer\" href=\"https:\/\/itunes.apple.com\/us\/app\/headspace-meditation-techniques\/id493145008\" target=\"_blank\">T\u00e9l\u00e9charger Headspace sur iTunes<\/a><\/p>\n\n\n\n<h2 class=\"wp-block-heading\">Desktop Apps<\/h2>\n\n\n\n<h4 class=\"wp-block-heading\">Bell of Mindfulness  (cloche de pleine conscience)<\/h4>\n\n\n\n<figure class=\"wp-block-image alignleft\"><a href=\"https:\/\/ubcadmin.org\/wp-content\/uploads\/2017\/08\/imindfulness_browser_logo.png\"><img decoding=\"async\" src=\"https:\/\/ubcadmin.org\/wp-content\/uploads\/2017\/08\/imindfulness_browser_logo.png\" alt=\"\" class=\"wp-image-355\"\/><\/a><\/figure>\n\n\n\n<p>Syst\u00e8me Op\u00e9rateur: Windows | Mac | Linux<\/p>\n\n\n\n<p>C&rsquo;est juste une cloche qui nous rappelle de faire une petite pause pour respirer quand nous sommes sur l&rsquo;ordinateur. Comme Thich Nhat Hanh l&rsquo;a enseign\u00e9, revenir \u00e0 notre respiration reconnecte notre corps et notre esprit dans l&rsquo;ici et le maintenant. Nous avons l&rsquo;occasion de prendre soin de toutes les tensions que nous y trouvons. Nous pouvons nous \u00e9tirer, sourire, nous d\u00e9tendre pendant un instant. Installer une cloche de Pleine Conscience sur notre ordinateur est le meilleur moyen de rester pleinement conscient de ce que nous y  faisons.  <\/p>\n\n\n\n<p><a rel=\"noopener noreferrer\" href=\"https:\/\/chrome.google.com\/webstore\/detail\/bell-of-mindfulness\/lggmmceliiaoddfnbaccgpfnpoifilic\" target=\"_blank\">Ajouter Bell of Mindfulness \u00e0 Chrome<\/a><\/p>\n\n\n\n<h4 class=\"wp-block-heading\">Mindful Clock (horloge de pleine conscience)<\/h4>\n\n\n\n<figure class=\"wp-block-image alignleft\"><a href=\"https:\/\/ubcadmin.org\/wp-content\/uploads\/2017\/08\/imindfu_clock_logo.png\"><img decoding=\"async\" src=\"https:\/\/ubcadmin.org\/wp-content\/uploads\/2017\/08\/imindfu_clock_logo.png\" alt=\"\" class=\"wp-image-354\"\/><\/a><\/figure>\n\n\n\n<p>Syst\u00e8me Op\u00e9rateur: Windows&nbsp;| Mac | Linux<\/p>\n\n\n\n<p>Une autre app \u201ccloche de pleine conscience\u201d inspir\u00e9e par les enseignements de Thich Nhat Hanh. Vous pouvez t\u00e9l\u00e9charger le programme dans son ensemble ou vous contenter du son de la cloche. Vous pouvez programmer la cloche de fa\u00e7on \u00e0 ce qu&rsquo;elle sonne \u00e0 intervalles r\u00e9guliers ou irr\u00e9guliers. <\/p>\n\n\n\n<p>Commencez par t\u00e9l\u00e9charger le programme, puis t\u00e9l\u00e9charger la cloche sur votre c:\\Program Files\\MindfulClock directory. Une fois que les dossiers auront \u00e9t\u00e9 t\u00e9l\u00e9charg\u00e9s, ouvrez MindfulClock et choisissez le son qui vous plait en cliquant deux fois sur le nom du dossier de son. <\/p>\n\n\n\n<p><a rel=\"noreferrer noopener\" aria-label=\" (opens in a new tab)\" href=\"http:\/\/www.mindfulclock.org\" target=\"_blank\">T\u00e9l\u00e9chargez Mindful Clock<\/a> (seulement pour Windows)<\/p>\n\n\n\n<p>Vous pouvez aussi avoir acc\u00e8s \u00e0 une version en ligne de Mindful Clock sur le site de <a rel=\"noopener noreferrer\" href=\"http:\/\/awakeningbell.org\/\" target=\"_blank\">Awakening Bell<\/a>.<\/p>\n\n\n\n<h4 class=\"wp-block-heading\">Time Out<\/h4>\n\n\n\n<figure class=\"wp-block-image alignleft\"><a href=\"https:\/\/ubcadmin.org\/wp-content\/uploads\/2017\/08\/time_out_logo.png\"><img decoding=\"async\" src=\"https:\/\/ubcadmin.org\/wp-content\/uploads\/2017\/08\/time_out_logo.png\" alt=\"\" class=\"wp-image-352\"\/><\/a><\/figure>\n\n\n\n<p> Syst\u00e8me Op\u00e9rateur : Mac<\/p>\n\n\n\n<p>Time Out vous propose des rappels de pause agr\u00e9able et facile \u00e0 personnaliser. Vous pouvez choisir que tout l&rsquo;\u00e9cran devienne flou pour vous encourager \u00e0 vous reposer de temps \u00e0 autre. <\/p>\n\n\n\n<p>Vous pouvez choisir la dur\u00e9e de chaque pause et l&rsquo;intervalle entre chacune et vous pouvez aussi d\u00e9cider un compte \u00e0 rebours quand vous faites une pause naturellement, par exemple quand vous vous \u00e9loignez de votre ordinateur. <br><a rel=\"noopener noreferrer\" href=\"https:\/\/itunes.apple.com\/us\/app\/time-out-free\/id402592703\" target=\"_blank\">T\u00e9l\u00e9chargez Time Out sur  iTunes<\/a><\/p>\n\n\n\n<h4 class=\"wp-block-heading\">Mindfulness bell menu bar (barre de menu-cloche de pleine conscience) <\/h4>\n\n\n\n<figure class=\"wp-block-image alignleft\"><a href=\"https:\/\/itunes.apple.com\/us\/app\/mindfulness-bell-menu-bar\/id1144260305?mt=12\"><img decoding=\"async\" src=\"https:\/\/is3-ssl.mzstatic.com\/image\/thumb\/Purple42\/v4\/b7\/8f\/1f\/b78f1fbd-23aa-8c3a-1bdc-d423bc374457\/AppIcon.png\/200x0w.png\" alt=\"Mindfulness Bell Menu Bar\"\/><\/a><\/figure>\n\n\n\n<p> Operating System: Mac<br>la barre de menu Mindfulness Bell est une application qui vous aide dans votre pratique de la pleine conscience. Choisissez un intervalle de temps et une cloche, petite ou grande, sonnera , vous invitant \u00e0 prendre un instant pour revenir \u00e0 l&rsquo;observation de votre respiration.  <\/p>\n\n\n\n<p><a rel=\"noopener noreferrer\" href=\"https:\/\/itunes.apple.com\/us\/app\/mindfulness-bell-menu-bar\/id1144260305?mt=12\" target=\"_blank\">T\u00e9l\u00e9chargez Mindfulness Menu Bar pour Mac<\/a><\/p>\n\n\n\n<h4 class=\"wp-block-heading\">Stay Focused (rester concentr\u00e9)<\/h4>\n\n\n\n<figure class=\"wp-block-image alignleft\"><img decoding=\"async\" src=\"https:\/\/ubcadmin.org\/wp-content\/uploads\/2017\/08\/stay-focusd.jpeg\" alt=\"\" class=\"wp-image-360\"\/><\/figure>\n\n\n\n<p> Extension de navigateur <br>Thich Nhat Hanh a dit que nous avons besoin d&rsquo;une strat\u00e9gie pour g\u00e9rer notre consommation m\u00e9diatique de fa\u00e7on consciente et \u00e9veill\u00e9e. StayFocusd est une application gratuite qui vous rend la ma\u00eetrise sur votre intention de limiter le temps que vous passez sur des sites chrono-hates. Par exemple, vous pouvez limiter \u00e0 5 ou 10 minutes par jour le temps que vous passez de nouveaux sites. Il existe aussi une nouvelle version, payante, de cette app pour smartphones et tablettes. <\/p>\n\n\n\n<p>Installer l&rsquo;extension pour <a href=\"https:\/\/chrome.google.com\/webstore\/detail\/stayfocusd\/laankejkbhbdhmipfmgcngdelahlfoji?hl=en\">Chrome<\/a>&nbsp;|&nbsp;<a href=\"https:\/\/addons.mozilla.org\/en-US\/firefox\/tag\/stayfocusd\">Firefox<\/a><br><a href=\"https:\/\/freedom.to\/stayfocusd\/?utm_source=refersion\">T\u00e9l\u00e9charger Stayfocusd Freedom App sur iOS  et Windows<\/a><\/p>\n\n\n\n<h4 class=\"wp-block-heading\">uBlock Origin (tu bloques)<\/h4>\n\n\n\n<figure class=\"wp-block-image alignleft\"><img decoding=\"async\" src=\"https:\/\/lh3.googleusercontent.com\/uwCFi5hZM9GcRUbd3y7X3yqJRJrrts7aucQDq3-0ESze2Ma7WSevcpG5iGahTBu-czDZuIxHZg=w128-h128-e365\" alt=\"uBlock Origin\"\/><\/figure>\n\n\n\n<p> Extension de navigateur<\/p>\n\n\n\n<p>Thich Nhat Hanh nous apprend que l'\u201dattention appropri\u00e9e\u201d est essentielle pour cultiver la pleine conscience. Nous devons \u00eatre attentif \u00e0 faire ce qui est juste et \u00e0 ne pas nous perdre. <\/p>\n\n\n\n<p>Pour cultiver une grande qualit\u00e9 de pr\u00e9sence et de concentration, nous savons que notre attention ne doit \u00eatre distraite par des publicit\u00e9s dont nous ne voulons pas. Les publicit\u00e9s ne veulent rien d&rsquo;autre que nous faire acheter des choses que nous ne voulons pas, dont nous n&rsquo;avons pas besoin pour \u00eatre heureux &#8211; ou qui sont m\u00eame toxiques pour notre corps et notre esprit. Nous pouvons nous limiter \u00e0  visiter des sites qui ne proposent pas de publicit\u00e9s distrayantes ou malsaines et soutenir les cr\u00e9ateurs de contenu sain en prenant des abonnements qui nous permettent de voir ces contenus sans publicit\u00e9s. Pour les publicit\u00e9s que nous ne pouvons pas contourner uBlock Origin est une application gratuite qui peut bloquer tout contenu contenant des publicit\u00e9s.  <\/p>\n\n\n\n<p>Elle peut fonctionner sur le base du choix des sites internet. Nous vous conseillons alors de l&rsquo;\u00e9teindre pour les sites qui g\u00e9n\u00e8rent leur propre publicit\u00e9 et pour lesquels, c&rsquo;et peut-\u00eatre la seule source de revenus (minimes).<\/p>\n\n\n\n<p>T\u00e9l\u00e9charger uBlock Origin pour <a href=\"https:\/\/chrome.google.com\/webstore\/detail\/ublock-origin\/cjpalhdlnbpafiamejdnhcphjbkeiagm\">Chrome<\/a>, <a href=\"https:\/\/addons.mozilla.org\/en-US\/firefox\/addon\/ublock-origin\/\">Firefox<\/a> or <a href=\"https:\/\/safari-extensions.apple.com\/details\/?id=com.el1t.uBlock-3NU33NW2M3\">Safari<\/a><\/p>\n\n\n\n<h4 class=\"wp-block-heading\"><\/h4>\n","protected":false},"excerpt":{"rendered":"<p>L&rsquo;App Plum Village a \u00e9t\u00e9 cr\u00e9\u00e9e avec amour par de nombreuses heures de travail b\u00e9n\u00e9vole pour nous permettre d&rsquo;amener le Village des Pruniers o\u00f9 que nous allions. Il existe aussi d&rsquo;autres applications qui peuvent soutenir notre pratique de la pleine conscience. Souvent, quand nous sommes sur notre ordinateur ou notre t\u00e9l\u00e9phone, nous nous perdons compl\u00e8tement<\/p>\n","protected":false},"author":9,"featured_media":149647,"parent":285097,"menu_order":0,"comment_status":"closed","ping_status":"closed","template":"","meta":{"_acf_changed":false,"sync_status":"","episode_type":"","audio_file":"","castos_file_data":"","podmotor_file_id":"","cover_image":"","cover_image_id":"","duration":"","filesize":"","filesize_raw":"","date_recorded":"","explicit":"","block":"","itunes_episode_number":"","itunes_title":"","itunes_season_number":"","itunes_episode_type":"","ep_exclude_from_search":false,"footnotes":""},"class_list":["post-140991","page","type-page","status-publish","has-post-thumbnail","hentry"],"acf":[],"_links":{"self":[{"href":"https:\/\/dev.plumvillage.org\/fr\/wp-json\/wp\/v2\/pages\/140991","targetHints":{"allow":["GET"]}}],"collection":[{"href":"https:\/\/dev.plumvillage.org\/fr\/wp-json\/wp\/v2\/pages"}],"about":[{"href":"https:\/\/dev.plumvillage.org\/fr\/wp-json\/wp\/v2\/types\/page"}],"author":[{"embeddable":true,"href":"https:\/\/dev.plumvillage.org\/fr\/wp-json\/wp\/v2\/users\/9"}],"replies":[{"embeddable":true,"href":"https:\/\/dev.plumvillage.org\/fr\/wp-json\/wp\/v2\/comments?post=140991"}],"version-history":[{"count":3,"href":"https:\/\/dev.plumvillage.org\/fr\/wp-json\/wp\/v2\/pages\/140991\/revisions"}],"predecessor-version":[{"id":435393,"href":"https:\/\/dev.plumvillage.org\/fr\/wp-json\/wp\/v2\/pages\/140991\/revisions\/435393"}],"up":[{"embeddable":true,"href":"https:\/\/dev.plumvillage.org\/fr\/wp-json\/wp\/v2\/pages\/285097"}],"wp:featuredmedia":[{"embeddable":true,"href":"https:\/\/dev.plumvillage.org\/fr\/wp-json\/wp\/v2\/media\/149647"}],"wp:attachment":[{"href":"https:\/\/dev.plumvillage.org\/fr\/wp-json\/wp\/v2\/media?parent=140991"}],"curies":[{"name":"wp","href":"https:\/\/api.w.org\/{rel}","templated":true}]}}