{"id":140998,"date":"2022-03-25T18:00:00","date_gmt":"2022-03-25T17:00:00","guid":{"rendered":"https:\/\/plumvillage.org\/international-sangha-directory\/"},"modified":"2024-05-24T17:31:49","modified_gmt":"2024-05-24T15:31:49","slug":"sanghas-locales","status":"publish","type":"page","link":"https:\/\/dev.plumvillage.org\/fr\/communaute\/sanghas-locales","title":{"rendered":"Trouver une Sangha locale"},"content":{"rendered":"\n<figure class=\"wp-block-image alignright size-medium\"><img loading=\"lazy\" decoding=\"async\" width=\"499\" height=\"212\" src=\"https:\/\/dev.plumvillage.org\/wp-content\/uploads\/2017\/09\/Go-as-a-sangha1-e1512984434529-499x212.jpg\" alt=\"\" class=\"wp-image-15624\" srcset=\"https:\/\/dev.plumvillage.org\/wp-content\/uploads\/2017\/09\/Go-as-a-sangha1-e1512984434529-499x212.jpg 499w, https:\/\/dev.plumvillage.org\/wp-content\/uploads\/2017\/09\/Go-as-a-sangha1-e1512984434529-768x327.jpg 768w, https:\/\/dev.plumvillage.org\/wp-content\/uploads\/2017\/09\/Go-as-a-sangha1-e1512984434529-1024x436.jpg 1024w, https:\/\/dev.plumvillage.org\/wp-content\/uploads\/2017\/09\/Go-as-a-sangha1-e1512984434529.jpg 1200w\" sizes=\"auto, (max-width: 499px) 100vw, 499px\" \/><\/figure>\n\n\n\n<p class=\"has-large-font-size\">Une communaut\u00e9 de pratiquants bouddhistes est appel\u00e9e \u201cSangha\u201d.<span class=\"footnote\">(Ce mot signifie \u201cins\u00e9parable en Sanskrit)<\/span>Une Sangha peut comprendre \u00e0 la fois des membres monastiques et des membres la\u00efques. Etant le troisi\u00e8me joyau du Bouddhisme, les Sanghas sont une source pr\u00e9cieuse de sagesse et de soutien. <\/p>\n\n\n\n<div class=\"jump-to align\" id=\"accueil\">\n\t<hr>\n\t<span class=\"jump-to-text\"><span class=\"label\">Allez vers <span class=\"icon icon-arrow-tiny\"><\/span><\/span>\n\t<a class=\"active\" href=\"#accueil\">Accueil<\/a>, <a  href=\"#annuaire-international-des-sanghas\">Annuaire International des Sanghas<\/a>, <a  href=\"#trouver-une-sangha-francophone\">Trouver une Sangha francophone<\/a>, <a  href=\"#les-sanghas-en-ligne\">Les Sanghas en ligne<\/a><\/span>\n<\/div>\n\n\n<p>Nous encourageons tout le monde \u00e0 rejoindre une Sangha pr\u00e8s de chez vous, ou \u00e0 participer \u00e0 des activit\u00e9s avec une communaut\u00e9 de pratique de la pleine conscience de fa\u00e7on \u00e0 pouvoir profiter de son \u00e9nergie collective de paix, de joie et de pratique.  <\/p>\n\n\n\n<figure class=\"wp-block-pullquote\"><blockquote><p>Sans Sangha, vous risquez de perdre votre pratique tr\u00e8s rapidement.<\/p><cite>Thich Nhat Hanh<\/cite><\/blockquote><\/figure>\n\n\n\n<p>Dans la tradition du Village des Pruniers, Il existe des <a href=\"https:\/\/dev.plumvillage.org\/fr\/communaute\/centres-de-pratique-monastique\/\" target=\"_blank\" rel=\"noreferrer noopener\">centres de pratique<\/a> en Europe, en Asie et Etats-Unis, avec des moines, des moniales et des pratiquants la\u00efcs, hommes et femmes. Il existe aussi des douzaines de centres la\u00efques de pleine conscience dans le monde entier et plus d&rsquo;un millier de <strong><a href=\"https:\/\/dev.plumvillage.org\/wp-content\/uploads\/2022\/12\/SANGHAS-FRANCOPHONES-DU-VILLAGE-DES-PRUNIERS-30-novembre-2022-1.pdf\" target=\"_blank\" rel=\"noreferrer noopener\">Sanghas locales<\/a> <\/strong>facilit\u00e9s par des membres la\u00efcs de la communaut\u00e9 de l&rsquo;inter-\u00eatre qui se rencontrent r\u00e9guli\u00e8rement dans les villes et les villages pour des soir\u00e9es, des journ\u00e9es ou des week ends de pratique de la pleine conscience. <\/p>\n\n\n\n<div class=\"jump-to align\" id=\"annuaire-international-des-sanghas\">\n\t<hr>\n\t<span class=\"jump-to-text\"><span class=\"label\">Allez vers <span class=\"icon icon-arrow-tiny\"><\/span><\/span>\n\t<a  href=\"#accueil\">Accueil<\/a>, <a class=\"active\" href=\"#annuaire-international-des-sanghas\">Annuaire International des Sanghas<\/a>, <a  href=\"#trouver-une-sangha-francophone\">Trouver une Sangha francophone<\/a>, <a  href=\"#les-sanghas-en-ligne\">Les Sanghas en ligne<\/a><\/span>\n<\/div>\n\n\n<h2 class=\"wp-block-heading\">Annuaire International des Sanghas <\/h2>\n\n\n\n<p><strong>Trouver un groupe local (Sangha) <\/strong> pratiquant dans la tradition du Village des Pruniers sur la carte ci-dessous. <\/p>\n\n\n\n<figure class=\"alignfull\"><iframe loading=\"lazy\" src=\"https:\/\/www.google.com\/maps\/d\/embed?mid=1Xw3-bgsbKsK47_RT9Rykh_TwdWc&amp;zoom=2\" width=\"100%\" height=\"450\"><\/iframe><\/figure>\n\n\n\n<div class=\"jump-to align\" id=\"trouver-une-sangha-francophone\">\n\t<hr>\n\t<span class=\"jump-to-text\"><span class=\"label\">Allez vers <span class=\"icon icon-arrow-tiny\"><\/span><\/span>\n\t<a  href=\"#accueil\">Accueil<\/a>, <a  href=\"#annuaire-international-des-sanghas\">Annuaire International des Sanghas<\/a>, <a class=\"active\" href=\"#trouver-une-sangha-francophone\">Trouver une Sangha francophone<\/a>, <a  href=\"#les-sanghas-en-ligne\">Les Sanghas en ligne<\/a><\/span>\n<\/div>\n\n\n<h3 class=\"wp-block-heading\">Trouver une Sangha francophone:<\/h3>\n\n\n\n<ol class=\"wp-block-list\">\n<li><strong><a href=\"https:\/\/dev.plumvillage.org\/wp-content\/uploads\/2024\/05\/Liste_sangha_franco-15-04-2024.pdf\" target=\"_blank\" rel=\"noreferrer noopener\">Sanghas francophones <\/a><\/strong>du Village des Pruniers, class\u00e9es par pays <\/li>\n\n\n\n<li><strong><a href=\"https:\/\/dev.plumvillage.org\/wp-content\/uploads\/2024\/05\/Graines_de_sangha-31-03-2024.pdf\" target=\"_blank\" rel=\"noreferrer noopener\">Graines de Sangha<\/a>\u00a0<\/strong> (personnes souhaitant cr\u00e9er une Sangha locale, \u00e0 la recherche d\u2019autres pratiquants \u00e0 proximit\u00e9)<\/li>\n<\/ol>\n\n\n\n<p>Nous compl\u00e9tons nos listes au fur et \u00e0 mesure que les informations nous sont transmises par la coordination inter-sanghas.<\/p>\n\n\n\n<p>Pour toute inscription, modification, suppression ou demande concernant la liste, vous \u00eates invit\u00e9s \u00e0 \u00e9crire \u00e0 : <strong><a href=\"mailto:Sanghasfrancophonespruniers@protonmail.com\" target=\"_blank\" rel=\"noreferrer noopener\">Sanghasfrancophonespruniers@protonmail.com<\/a><\/strong><\/p>\n\n\n\n<div class=\"jump-to align\" id=\"les-sanghas-en-ligne\">\n\t<hr>\n\t<span class=\"jump-to-text\"><span class=\"label\">Allez vers <span class=\"icon icon-arrow-tiny\"><\/span><\/span>\n\t<a  href=\"#accueil\">Accueil<\/a>, <a  href=\"#annuaire-international-des-sanghas\">Annuaire International des Sanghas<\/a>, <a  href=\"#trouver-une-sangha-francophone\">Trouver une Sangha francophone<\/a>, <a class=\"active\" href=\"#les-sanghas-en-ligne\">Les Sanghas en ligne<\/a><\/span>\n<\/div>\n\n\n<h3 class=\"wp-block-heading\">Les Sanghas en ligne<\/h3>\n\n\n\n<p>Il existe aussi des Sanghas en ligne (qui ne se rencontre que par t\u00e9l\u00e9phone, zoom ou internet). Le site <a href=\"https:\/\/www.plumline.org\/francais\">Plumline<\/a> est un site ressource pour tous ceux et celles qui souhaitent trouver une Sangha en ligne ou en construire une et la faire vivre, un endroit pour partager des id\u00e9es et des ressources \u00e0 l\u2019heure o\u00f9 les Sanghas en ligne se d\u00e9veloppent rapidement:&nbsp;<a href=\"https:\/\/www.plumline.org\/francais\" target=\"_blank\" rel=\"noreferrer noopener\">plumline.org<\/a>. (en fran\u00e7ais aussi ! )<\/p>\n","protected":false},"excerpt":{"rendered":"<p>Une communaut\u00e9 de pratiquants bouddhistes est appel\u00e9e \u201cSangha\u201d.(Ce mot signifie \u201cins\u00e9parable en Sanskrit)Une Sangha peut comprendre \u00e0 la fois des membres monastiques et des membres la\u00efques. Etant le troisi\u00e8me joyau du Bouddhisme, les Sanghas sont une source pr\u00e9cieuse de sagesse et de soutien. Nous encourageons tout le monde \u00e0 rejoindre une Sangha pr\u00e8s de chez<\/p>\n","protected":false},"author":9,"featured_media":0,"parent":140918,"menu_order":0,"comment_status":"closed","ping_status":"closed","template":"","meta":{"_acf_changed":false,"sync_status":"","episode_type":"","audio_file":"","castos_file_data":"","podmotor_file_id":"","cover_image":"","cover_image_id":"","duration":"","filesize":"","filesize_raw":"","date_recorded":"","explicit":"","block":"","itunes_episode_number":"","itunes_title":"","itunes_season_number":"","itunes_episode_type":"","ep_exclude_from_search":false,"footnotes":""},"class_list":["post-140998","page","type-page","status-publish","hentry"],"acf":[],"_links":{"self":[{"href":"https:\/\/dev.plumvillage.org\/fr\/wp-json\/wp\/v2\/pages\/140998","targetHints":{"allow":["GET"]}}],"collection":[{"href":"https:\/\/dev.plumvillage.org\/fr\/wp-json\/wp\/v2\/pages"}],"about":[{"href":"https:\/\/dev.plumvillage.org\/fr\/wp-json\/wp\/v2\/types\/page"}],"author":[{"embeddable":true,"href":"https:\/\/dev.plumvillage.org\/fr\/wp-json\/wp\/v2\/users\/9"}],"replies":[{"embeddable":true,"href":"https:\/\/dev.plumvillage.org\/fr\/wp-json\/wp\/v2\/comments?post=140998"}],"version-history":[{"count":5,"href":"https:\/\/dev.plumvillage.org\/fr\/wp-json\/wp\/v2\/pages\/140998\/revisions"}],"predecessor-version":[{"id":456957,"href":"https:\/\/dev.plumvillage.org\/fr\/wp-json\/wp\/v2\/pages\/140998\/revisions\/456957"}],"up":[{"embeddable":true,"href":"https:\/\/dev.plumvillage.org\/fr\/wp-json\/wp\/v2\/pages\/140918"}],"wp:attachment":[{"href":"https:\/\/dev.plumvillage.org\/fr\/wp-json\/wp\/v2\/media?parent=140998"}],"curies":[{"name":"wp","href":"https:\/\/api.w.org\/{rel}","templated":true}]}}