{"id":141003,"date":"2022-03-25T16:30:00","date_gmt":"2022-03-25T15:30:00","guid":{"rendered":"https:\/\/plumvillage.org\/?page_id=141003"},"modified":"2022-05-07T02:05:34","modified_gmt":"2022-05-07T00:05:34","slug":"ordre-inter-etre","status":"publish","type":"page","link":"https:\/\/dev.plumvillage.org\/fr\/communaute\/ordre-inter-etre","title":{"rendered":"Ordre de l&rsquo;Inter-Etre"},"content":{"rendered":"\n<p>L&rsquo;Ordre de l&rsquo;Inter-\u00eatre, Tiep Hien en Vietnamien, est une communaut\u00e9 de monastiques et de pratiquants la\u00efcs qui se sont engag\u00e9s \u00e0 vivre leur vie en accord avec <a href=\"https:\/\/dev.plumvillage.org\/fr\/pleine-conscience\/14-entrainements\/\" target=\"_blank\" rel=\"noreferrer noopener\">les 14 Entrainements \u00e0 la pleine conscience<\/a>, qui sont un approfondissement des enseignements de Bodhisattva (\u00eatre illumin\u00e9) du bouddhisme Mahayana. Etablit par le V\u00e9n\u00e9rable Thich Nhat Hanh \u00e0 Saigon en 1966, l&rsquo;Ordre de l&rsquo;Inter-\u00eatre f\u00fbt fond\u00e9 selon la tradition Zen Linji, bouddhisme m\u00e9ditatif, et met l&rsquo;accent sur le non-attachement aux vues, l&rsquo;exp\u00e9rimentation directe de la nature interd\u00e9pendante de toute chose \u00e0 travers la m\u00e9ditation, l&rsquo;adaptation et les moyens appropri\u00e9s.<\/p>\n\n\n\n<div class=\"wp-block-image\"><figure class=\"alignleft\"><a href=\"https:\/\/dev.plumvillage.org\/wp-content\/uploads\/2016\/02\/thich-nhat-hanh-225x276-1.jpg\"><img loading=\"lazy\" decoding=\"async\" width=\"225\" height=\"276\" src=\"https:\/\/dev.plumvillage.org\/wp-content\/uploads\/2016\/02\/thich-nhat-hanh-225x276-1.jpg\" alt=\"thich-nhat-hanh-225x276\" class=\"wp-image-9844\"\/><\/a><\/figure><\/div>\n\n\n\n<p>&nbsp;Les 6 premiers membres de l&rsquo;Ordre, ordonn\u00e9s ensemble le 5 f\u00e9vrier 1966, \u00e9taient des coll\u00e8gues et \u00e9tudiants de Thich Nhah Hanh qui travaillaient avec lui \u00e0 soulager les souffrances de la guerre au Vietnam, \u00e0 travers des projets organis\u00e9s par l&rsquo;Ecole de la Jeunesse pour le Service Social. En rejoignant l&rsquo;Ordre de l&rsquo;Inter-\u00eatre, ils s&rsquo;engageaient \u00e0 pratiquer diligemment la pleine conscience, \u00e0 d\u00e9velopper un mode de vie \u00e9thique et \u00e0 agir avec compassion au sein de la soci\u00e9t\u00e9<\/p>\n\n\n\n<p>Due aux s\u00e9parations caus\u00e9es par la guerre et l&rsquo;exile de Thich Nhat Hanh du Vietnam, aucune ordination suppl\u00e9mentaire dans l&rsquo;Ordre ne se passa pendant 15 ans. Ensuite, en 1981, Thich Nhat Hanh invita quelques uns de ces nombreux \u00e9tudiants la\u00efcs et monastiques qui pratiquaient et \u00e9tudiaient avec lui en Occident \u00e0 rejoindre l&rsquo;Ordre. D&rsquo;ici 2006 l&rsquo;Ordre avait atteint environ 1000 pratiquants la\u00efques et monastiques hors du Vietnam.<\/p>\n\n\n\n<p>En 2006, suite \u00e0 sa premi\u00e8re visite au Vietnam apr\u00e8s 36 ans d&rsquo;exile en 2005, Thich Nhat Hanh offrit \u00e0 nouveau une ordination pour rejoindre l&rsquo;Ordre de l&rsquo;Inter-\u00eatre pour les pratiquants Vietnamiens les plus diligents. Dans l&rsquo;ann\u00e9e suivant la visite de Thich Nhat Hanh, en conjonction avec l&rsquo;\u00e9tablissement de monast\u00e8res vietnamiens pratiquant sous sa supervision, l&rsquo;Ordre grandit au Vietnam jusqu&rsquo;\u00e0 inclure des centaines de nouveaux monastiques et pratiquants la\u00efques.<\/p>\n","protected":false},"excerpt":{"rendered":"<p>L&rsquo;Ordre de l&rsquo;Inter-\u00eatre, Tiep Hien en Vietnamien, est une communaut\u00e9 de monastiques et de pratiquants la\u00efcs qui se sont engag\u00e9s \u00e0 vivre leur vie en accord avec les 14 Entrainements \u00e0 la pleine conscience, qui sont un approfondissement des enseignements de Bodhisattva (\u00eatre illumin\u00e9) du bouddhisme Mahayana. Etablit par le V\u00e9n\u00e9rable Thich Nhat Hanh \u00e0<\/p>\n","protected":false},"author":1088,"featured_media":28117,"parent":140918,"menu_order":0,"comment_status":"closed","ping_status":"closed","template":"","meta":{"_acf_changed":false,"sync_status":"","episode_type":"","audio_file":"","castos_file_data":"","podmotor_file_id":"","cover_image":"","cover_image_id":"","duration":"","filesize":"","filesize_raw":"","date_recorded":"","explicit":"","block":"","itunes_episode_number":"","itunes_title":"","itunes_season_number":"","itunes_episode_type":"","ep_exclude_from_search":false,"footnotes":""},"class_list":["post-141003","page","type-page","status-publish","has-post-thumbnail","hentry"],"acf":[],"_links":{"self":[{"href":"https:\/\/dev.plumvillage.org\/fr\/wp-json\/wp\/v2\/pages\/141003","targetHints":{"allow":["GET"]}}],"collection":[{"href":"https:\/\/dev.plumvillage.org\/fr\/wp-json\/wp\/v2\/pages"}],"about":[{"href":"https:\/\/dev.plumvillage.org\/fr\/wp-json\/wp\/v2\/types\/page"}],"author":[{"embeddable":true,"href":"https:\/\/dev.plumvillage.org\/fr\/wp-json\/wp\/v2\/users\/1088"}],"replies":[{"embeddable":true,"href":"https:\/\/dev.plumvillage.org\/fr\/wp-json\/wp\/v2\/comments?post=141003"}],"version-history":[{"count":0,"href":"https:\/\/dev.plumvillage.org\/fr\/wp-json\/wp\/v2\/pages\/141003\/revisions"}],"up":[{"embeddable":true,"href":"https:\/\/dev.plumvillage.org\/fr\/wp-json\/wp\/v2\/pages\/140918"}],"wp:featuredmedia":[{"embeddable":true,"href":"https:\/\/dev.plumvillage.org\/fr\/wp-json\/wp\/v2\/media\/28117"}],"wp:attachment":[{"href":"https:\/\/dev.plumvillage.org\/fr\/wp-json\/wp\/v2\/media?parent=141003"}],"curies":[{"name":"wp","href":"https:\/\/api.w.org\/{rel}","templated":true}]}}