{"id":141010,"date":"2022-03-25T17:00:00","date_gmt":"2022-03-25T16:00:00","guid":{"rendered":"https:\/\/plumvillage.org\/communaute\/wake-up-schools\/"},"modified":"2023-12-11T10:20:38","modified_gmt":"2023-12-11T09:20:38","slug":"wake-up-schools","status":"publish","type":"page","link":"https:\/\/dev.plumvillage.org\/fr\/communaute\/wake-up-schools","title":{"rendered":"Wake Up Schools &#8211; Pleine Conscience et \u00e9ducation"},"content":{"rendered":"\n<figure class=\"wp-block-image alignright\"><img loading=\"lazy\" decoding=\"async\" width=\"960\" height=\"640\" src=\"https:\/\/dev.plumvillage.org\/wp-content\/uploads\/2019\/08\/165-TNH-celebrating-honorary-doctorate-from-Hong-Kong-University-2014-PHOTO-PVCEB.jpg\" alt=\"\" class=\"wp-image-139363\" srcset=\"https:\/\/dev.plumvillage.org\/wp-content\/uploads\/2019\/08\/165-TNH-celebrating-honorary-doctorate-from-Hong-Kong-University-2014-PHOTO-PVCEB.jpg 960w, https:\/\/dev.plumvillage.org\/wp-content\/uploads\/2019\/08\/165-TNH-celebrating-honorary-doctorate-from-Hong-Kong-University-2014-PHOTO-PVCEB-499x333.jpg 499w, https:\/\/dev.plumvillage.org\/wp-content\/uploads\/2019\/08\/165-TNH-celebrating-honorary-doctorate-from-Hong-Kong-University-2014-PHOTO-PVCEB-768x512.jpg 768w\" sizes=\"auto, (max-width: 960px) 100vw, 960px\" \/><\/figure>\n\n\n\n<p class=\"has-large-font-size\">Le mouvement Wake Up Schools soutient les \u00e9ducateurs dans leur d\u00e9sir d&rsquo;amener les pratiques de la pleine conscience et de l&rsquo;\u00e9thique appliqu\u00e9e dans leur vie de fa\u00e7on \u00e0 trouver le bonheur et la libert\u00e9, et aussi de fa\u00e7on \u00e0 pouvoir partager ces pratiques avec leurs coll\u00e8gues et \u00e9l\u00e8ves dans leurs \u00e9coles.  Gr\u00e2ce \u00e0 la pleine conscience, les enseignants et les \u00e9l\u00e8ves peuvent faire l&rsquo;exp\u00e9rience de plus de paix, apprendre \u00e0 prendre soin des \u00e9motions difficiles et construire les conditions n\u00e9cessaires \u00e0 une \u00e9cole heureuse et \u00e0 un monde heureux.<\/p>\n\n\n\n<figure class=\"wp-block-pullquote alignright\"><blockquote><p>Je pense que les bons enseignants seront capables de changer le monde. C&rsquo;est ce que je crois. En effet, un enseignant peut nourrir, peut gu\u00e9rir,  peut contribuer \u00e0 la construction d&rsquo;\u00eatres humains heureux et sains. <\/p><cite>Thich Nhat Hanh<\/cite><\/blockquote><\/figure>\n\n\n\n<p><a href=\"https:\/\/wakeupschools.org\/\" target=\"_blank\" data-link-description=\"\" data-link-type=\"website\" class=\"advanced-url\" rel=\"noopener\">Wake Up Schools<\/a> est un mouvement mondial qui croit au pouvoir transformateur de la pleine conscience, surtout dans les lieux d&rsquo;apprentissage. Ce mouvement comprend un r\u00e9seau de pratiquants r\u00e9guliers, s&rsquo;engageant \u00e0 \u00e9tablir une pratique personnelle stable (respiration, mouvement, relaxation profonde, repas etc&#8230;). Dans un esprit de service, les \u00e9ducateurs explore les moyens d&rsquo;int\u00e9grer les pratiques de base dans leur environnement \u00e9ducatif avec les enfants, les adolescents, les jeunes et tous les membres de leurs communaut\u00e9s \u00e9ducatives. <\/p>\n\n\n<figure class=\"video-embed align\"\">\n\n    <script>var $pE6AMuzp5E845 = '<iframe loading=\"lazy\" id=\"hyperyoutubeplayer\" data-player-type=\"youtube\" title=\"Happy Teachers Will Change the World\" width=\"640\" height=\"360\" src=\"https:\/\/www.youtube.com\/embed\/pE6AM-uzp5E?feature=oembed&#038;modestbranding=1&#038;rel=0&#038;cc_load_policy=1&#038;cc_lang_pref=fr&#038;enablejsapi=1&#038;origin=https:\/\/dev.plumvillage.org&#038;playsinline=1&#038;autoplay=1\" frameborder=\"0\" allow=\"accelerometer; autoplay; clipboard-write; encrypted-media; gyroscope; picture-in-picture; web-share\" referrerpolicy=\"strict-origin-when-cross-origin\" allowfullscreen><\/iframe>';<\/script>      <div class=\"video-wrapper\">\n                  <a class=\"play \" aria-label=\"Play Video\" href=\"#\" data-embed-link=\"$pE6AMuzp5E845\" data-target=\"pE6AMuzp5E845\">\n          <img decoding=\"async\" src=\"https:\/\/i.ytimg.com\/vi\/pE6AM-uzp5E\/maxresdefault.jpg\">          <span class=\"icon icon-bg icon-play\"><\/span><\/a>\n                          <div class=\"iframe-target iframe-target-pE6AMuzp5E845\"><span class=\"icon icon-close\"><\/span><div class=\"iframe-container ratio ratio-16x9 dropzone\"><\/div><\/div>\n              <\/div>  \n              <figcaption>Un film sur les enseignants &#8211; en anglais sous-titr\u00e9 en fran\u00e7ais<\/figcaption>\n    \n<\/figure>\n\n\n    <div class=\"panel panel-books align        panel-collapsable \n        panel-open \n        \">\n                    <h5><span class=\"icon icon-caret-right\"><\/span><span class=\"underline-me\">Un livre : Un prof heureux peut changer le monde<\/span><\/h5>\n                <div class=\"row row-collapsable\">\n            <div class=\"col-md-12\">\n                <div class=\"row \">\n                                                                                                <div class=\"index-item index-book col single-book\">\n                                <a class=\"link-zoom\" data-base-class=\"lg-hide-close-button\" data-small-btn=\"false\" data-fancybox=\"block_c751e886d8f0a675d40f1ac449d94f14\" data-type=\"ajax\" data-touch=\"false\" href=\"https:\/\/dev.plumvillage.org\/fr\/books\/un-prof-heureux-peut-changer-le-monde\"><span class=\"book-cover\"><span class=\"icon icon-bg icon-zoom\"><\/span><img loading=\"lazy\" decoding=\"async\" width=\"499\" height=\"802\" src=\"https:\/\/dev.plumvillage.org\/wp-content\/uploads\/2020\/06\/61pw-FmBxqL-499x802.jpg\" class=\"attachment-medium size-medium wp-post-image\" alt=\"\" srcset=\"https:\/\/dev.plumvillage.org\/wp-content\/uploads\/2020\/06\/61pw-FmBxqL-499x802.jpg 499w, https:\/\/dev.plumvillage.org\/wp-content\/uploads\/2020\/06\/61pw-FmBxqL-638x1024.jpg 638w, https:\/\/dev.plumvillage.org\/wp-content\/uploads\/2020\/06\/61pw-FmBxqL-768x1234.jpg 768w, https:\/\/dev.plumvillage.org\/wp-content\/uploads\/2020\/06\/61pw-FmBxqL.jpg 800w\" sizes=\"auto, (max-width: 499px) 100vw, 499px\" \/><\/span>\n                                                                    <figcaption>Un Prof Heureux peut changer le monde<\/figcaption>\n                                                                <\/a>\n                            <\/div>\n                                                            <\/div>\n            <\/div>\n        <\/div>\n    <\/div>\n\n\n    <div class=\"panel panel-links align panel-collapsable panel-open\">\n                    <h5><span class=\"icon icon-caret-right\"><\/span><span class=\"underline-me\">Vous pouvez aussi consulter le site des Wake Up Schools<\/span><\/h5>\n                <div class=\"row row-collapsable \">\n            <div class=\"col-12\">\n                <ul class=\"small\">\n                                                        <li><a target=\"_blank\" href=\"https:\/\/sites.google.com\/site\/wakeupschoolsfrance\/accueil\">Site WakeUpSchools en fran\u00e7ais<\/a><\/li>\n                                                        <li><a target=\"_blank\" href=\"https:\/\/wakeupschools.org\/\">Site international https:\/\/wakeupschools.org\/<\/a><\/li>\n                                <\/ul>\n            <\/div>\n        <\/div>\n    <\/div>\n","protected":false},"excerpt":{"rendered":"<p>Le mouvement Wake Up Schools soutient les \u00e9ducateurs dans leur d\u00e9sir d&rsquo;amener les pratiques de la pleine conscience et de l&rsquo;\u00e9thique appliqu\u00e9e dans leur vie de fa\u00e7on \u00e0 trouver le bonheur et la libert\u00e9, et aussi de fa\u00e7on \u00e0 pouvoir partager ces pratiques avec leurs coll\u00e8gues et \u00e9l\u00e8ves dans leurs \u00e9coles. Gr\u00e2ce \u00e0 la pleine<\/p>\n","protected":false},"author":1136,"featured_media":0,"parent":140918,"menu_order":0,"comment_status":"closed","ping_status":"closed","template":"","meta":{"_acf_changed":false,"sync_status":"","episode_type":"","audio_file":"","castos_file_data":"","podmotor_file_id":"","cover_image":"","cover_image_id":"","duration":"","filesize":"","filesize_raw":"","date_recorded":"","explicit":"","block":"","itunes_episode_number":"","itunes_title":"","itunes_season_number":"","itunes_episode_type":"","ep_exclude_from_search":false,"footnotes":""},"class_list":["post-141010","page","type-page","status-publish","hentry"],"acf":[],"_links":{"self":[{"href":"https:\/\/dev.plumvillage.org\/fr\/wp-json\/wp\/v2\/pages\/141010","targetHints":{"allow":["GET"]}}],"collection":[{"href":"https:\/\/dev.plumvillage.org\/fr\/wp-json\/wp\/v2\/pages"}],"about":[{"href":"https:\/\/dev.plumvillage.org\/fr\/wp-json\/wp\/v2\/types\/page"}],"author":[{"embeddable":true,"href":"https:\/\/dev.plumvillage.org\/fr\/wp-json\/wp\/v2\/users\/1136"}],"replies":[{"embeddable":true,"href":"https:\/\/dev.plumvillage.org\/fr\/wp-json\/wp\/v2\/comments?post=141010"}],"version-history":[{"count":5,"href":"https:\/\/dev.plumvillage.org\/fr\/wp-json\/wp\/v2\/pages\/141010\/revisions"}],"predecessor-version":[{"id":424202,"href":"https:\/\/dev.plumvillage.org\/fr\/wp-json\/wp\/v2\/pages\/141010\/revisions\/424202"}],"up":[{"embeddable":true,"href":"https:\/\/dev.plumvillage.org\/fr\/wp-json\/wp\/v2\/pages\/140918"}],"wp:attachment":[{"href":"https:\/\/dev.plumvillage.org\/fr\/wp-json\/wp\/v2\/media?parent=141010"}],"curies":[{"name":"wp","href":"https:\/\/api.w.org\/{rel}","templated":true}]}}