{"id":141057,"date":"2022-03-27T18:00:26","date_gmt":"2022-03-27T16:00:26","guid":{"rendered":"https:\/\/plumvillage.org\/when-can-you-visit-us\/"},"modified":"2024-07-22T17:43:40","modified_gmt":"2024-07-22T15:43:40","slug":"calendrier-retraites","status":"publish","type":"page","link":"https:\/\/dev.plumvillage.org\/fr\/retraites\/calendrier-retraites","title":{"rendered":"Calendrier des retraites"},"content":{"rendered":"\n<p class=\"has-large-font-size\">Vous trouverez ci-dessous toutes nos prochaines retraites (en pr\u00e9sentiel et en ligne) organis\u00e9es par nos monast\u00e8res en France.<\/p>\n\n\n\n<p>Veuillez noter que nous ne proposons pas de s\u00e9jours en dehors des dates indiqu\u00e9es sur le site.<br>Les inscriptions pour les retraites pr\u00e9vues plus tard dans l&rsquo;ann\u00e9e et pour l&rsquo;ann\u00e9e prochaine ne seront ouvertes que quelques mois avant ces retraites.<\/p>\n\n\n\n<p>Vous trouverez toutes les opportunit\u00e9s de <strong>b\u00e9n\u00e9volat<\/strong> sur <a href=\"https:\/\/dev.plumvillage.org\/fr\/benevolat\" data-type=\"link\" data-id=\"https:\/\/dev.plumvillage.org\/fr\/benevolat\">cette page<\/a>. <\/p>\n\n\n\n<p>Pour toutes les retraites et tourn\u00e9es situ\u00e9es <strong>en dehors des pays francophones<\/strong>, veuillez consulter <a rel=\"noreferrer noopener\" href=\"https:\/\/dev.plumvillage.org\/retreats\/retreats-calendar\/#filter=.region-eu\" target=\"_blank\"><strong>notre page en anglais<\/strong><\/a>.<\/p>\n\n\n\n<div class=\"block block-retreats-list align to-right-edge\">\n\n\t\t\t\t\t\t<p>No upcoming retreats.<\/p>\n\t\t\t<\/div>\n\n\n<p><br><\/p>\n","protected":false},"excerpt":{"rendered":"<p>Vous trouverez ci-dessous toutes nos prochaines retraites (en pr\u00e9sentiel et en ligne) organis\u00e9es par nos monast\u00e8res en France. Veuillez noter que nous ne proposons pas de s\u00e9jours en dehors des dates indiqu\u00e9es sur le site.Les inscriptions pour les retraites pr\u00e9vues plus tard dans l&rsquo;ann\u00e9e et pour l&rsquo;ann\u00e9e prochaine ne seront ouvertes que quelques mois avant<\/p>\n","protected":false},"author":1169,"featured_media":154506,"parent":285068,"menu_order":1,"comment_status":"closed","ping_status":"closed","template":"","meta":{"_acf_changed":false,"sync_status":"","episode_type":"","audio_file":"","castos_file_data":"","podmotor_file_id":"","cover_image":"","cover_image_id":"","duration":"","filesize":"","filesize_raw":"","date_recorded":"","explicit":"","block":"","itunes_episode_number":"","itunes_title":"","itunes_season_number":"","itunes_episode_type":"","ep_exclude_from_search":false,"footnotes":""},"class_list":["post-141057","page","type-page","status-publish","has-post-thumbnail","hentry"],"acf":[],"_links":{"self":[{"href":"https:\/\/dev.plumvillage.org\/fr\/wp-json\/wp\/v2\/pages\/141057","targetHints":{"allow":["GET"]}}],"collection":[{"href":"https:\/\/dev.plumvillage.org\/fr\/wp-json\/wp\/v2\/pages"}],"about":[{"href":"https:\/\/dev.plumvillage.org\/fr\/wp-json\/wp\/v2\/types\/page"}],"author":[{"embeddable":true,"href":"https:\/\/dev.plumvillage.org\/fr\/wp-json\/wp\/v2\/users\/1169"}],"replies":[{"embeddable":true,"href":"https:\/\/dev.plumvillage.org\/fr\/wp-json\/wp\/v2\/comments?post=141057"}],"version-history":[{"count":4,"href":"https:\/\/dev.plumvillage.org\/fr\/wp-json\/wp\/v2\/pages\/141057\/revisions"}],"predecessor-version":[{"id":463397,"href":"https:\/\/dev.plumvillage.org\/fr\/wp-json\/wp\/v2\/pages\/141057\/revisions\/463397"}],"up":[{"embeddable":true,"href":"https:\/\/dev.plumvillage.org\/fr\/wp-json\/wp\/v2\/pages\/285068"}],"wp:featuredmedia":[{"embeddable":true,"href":"https:\/\/dev.plumvillage.org\/fr\/wp-json\/wp\/v2\/media\/154506"}],"wp:attachment":[{"href":"https:\/\/dev.plumvillage.org\/fr\/wp-json\/wp\/v2\/media?parent=141057"}],"curies":[{"name":"wp","href":"https:\/\/api.w.org\/{rel}","templated":true}]}}