{"id":149955,"date":"2022-03-24T18:00:37","date_gmt":"2022-03-24T17:00:37","guid":{"rendered":"https:\/\/plumvillage.org\/?page_id=149955"},"modified":"2024-06-01T12:06:39","modified_gmt":"2024-06-01T10:06:39","slug":"live","status":"publish","type":"page","link":"https:\/\/dev.plumvillage.org\/fr\/live","title":{"rendered":"Sessions en direct (en zoom ou youtube)"},"content":{"rendered":"\n<p class=\"has-large-font-size\">Rejoignez la communaut\u00e9 francophone du Village des Pruniers pour nos \u00e9v\u00e8nements en ligne et en direct. Et pour les sessions internationales en anglais, rendez-vous sur la<a referrerpolicy=\"origin\" href=\"https:www.plumvillage.org\/live\/\"> page anglophone<\/a>. <\/p>\n\n\n\t<\/div>\n\n\n\n\n\n\n\n<p><\/p>\n\n\n\n<div class=\"wp-block-group index-horizontal-large has-fresh-stamp-background-color has-background is-layout-constrained wp-block-group-is-layout-constrained\">\n<p><mark style=\"background-color:rgba(0, 0, 0, 0)\" class=\"has-inline-color has-stamp-color\">Si vous avez des questions concernant nos modalit\u00e9s de visite, les journ\u00e9es de Pleine Conscience, les retraites ou encore les commodit\u00e9s d&rsquo;accueil propos\u00e9es dans chacun de nos hameaux, merci de nous contacter uniquement en utilisant le lien suivant : <a href=\"https:\/\/dev.plumvillage.org\/fr\/contact\/\" target=\"_blank\" rel=\"noreferrer noopener\"><strong>cliquez ici<\/strong><\/a>.<\/mark><\/p>\n\n\n\n<p><\/p>\n<\/div>\n","protected":false},"excerpt":{"rendered":"<p>Rejoignez la communaut\u00e9 francophone du Village des Pruniers pour nos \u00e9v\u00e8nements en ligne et en direct. Et pour les sessions internationales en anglais, rendez-vous sur la page anglophone. Si vous avez des questions concernant nos modalit\u00e9s de visite, les journ\u00e9es de Pleine Conscience, les retraites ou encore les commodit\u00e9s d&rsquo;accueil propos\u00e9es dans chacun de nos<\/p>\n","protected":false},"author":9,"featured_media":0,"parent":0,"menu_order":0,"comment_status":"open","ping_status":"closed","template":"","meta":{"_acf_changed":false,"sync_status":"","episode_type":"","audio_file":"","castos_file_data":"","podmotor_file_id":"","cover_image":"","cover_image_id":"","duration":"","filesize":"","filesize_raw":"","date_recorded":"","explicit":"","block":"","itunes_episode_number":"","itunes_title":"","itunes_season_number":"","itunes_episode_type":"","ep_exclude_from_search":false,"footnotes":""},"class_list":["post-149955","page","type-page","status-publish","hentry"],"acf":[],"_links":{"self":[{"href":"https:\/\/dev.plumvillage.org\/fr\/wp-json\/wp\/v2\/pages\/149955","targetHints":{"allow":["GET"]}}],"collection":[{"href":"https:\/\/dev.plumvillage.org\/fr\/wp-json\/wp\/v2\/pages"}],"about":[{"href":"https:\/\/dev.plumvillage.org\/fr\/wp-json\/wp\/v2\/types\/page"}],"author":[{"embeddable":true,"href":"https:\/\/dev.plumvillage.org\/fr\/wp-json\/wp\/v2\/users\/9"}],"replies":[{"embeddable":true,"href":"https:\/\/dev.plumvillage.org\/fr\/wp-json\/wp\/v2\/comments?post=149955"}],"version-history":[{"count":5,"href":"https:\/\/dev.plumvillage.org\/fr\/wp-json\/wp\/v2\/pages\/149955\/revisions"}],"predecessor-version":[{"id":457602,"href":"https:\/\/dev.plumvillage.org\/fr\/wp-json\/wp\/v2\/pages\/149955\/revisions\/457602"}],"wp:attachment":[{"href":"https:\/\/dev.plumvillage.org\/fr\/wp-json\/wp\/v2\/media?parent=149955"}],"curies":[{"name":"wp","href":"https:\/\/api.w.org\/{rel}","templated":true}]}}