{"id":151557,"date":"2021-03-08T16:21:47","date_gmt":"2021-03-08T15:21:47","guid":{"rendered":"https:\/\/plumvillage.org\/?page_id=151557"},"modified":"2023-11-07T19:55:05","modified_gmt":"2023-11-07T18:55:05","slug":"confidentialite","status":"publish","type":"page","link":"https:\/\/dev.plumvillage.org\/fr\/confidentialite","title":{"rendered":"Confidentialit\u00e9"},"content":{"rendered":"\n<p><strong>Politique de confidentialit\u00e9<\/strong><br>Au CBZ Village des Pruniers, nous nous engageons \u00e0 prot\u00e9ger et \u00e0 respecter votre vie priv\u00e9e. Cette politique explique quand et pourquoi nous recueillons des informations personnelles sur les personnes qui visitent notre site web, comment nous les utilisons, les conditions dans lesquelles nous pouvons les divulguer \u00e0 d&rsquo;autres et comment nous les gardons en s\u00e9curit\u00e9.<\/p>\n\n\n\n<p>Nous pouvons modifier cette politique de temps \u00e0 autre, aussi nous vous invitons \u00e0 consulter cette page de temps \u00e0 autre pour vous assurer que vous \u00eates satisfait des changements apport\u00e9s. En utilisant notre site web, vous acceptez d&rsquo;\u00eatre li\u00e9 par la pr\u00e9sente politique.<\/p>\n\n\n\n<p>Toute question concernant la pr\u00e9sente politique et nos pratiques en mati\u00e8re de protection de la vie priv\u00e9e doit \u00eatre envoy\u00e9e par courrier \u00e9lectronique \u00e0 <a href=\"mailto:privacy@plumvillage.org\" class=\"advanced-url  \" target=\"\" data-link-description=\"\" data-link-type=\"website\" rel=\"noopener noreferrer\">privacy@plumvillage.org<\/a><\/p>\n\n\n\n<h4 class=\"wp-block-heading\">Qui sommes-nous ?<\/h4>\n\n\n\n<p>Nous sommes le CBZ Village des Pruniers, le plus grand centre de m\u00e9ditation bouddhiste d&rsquo;Europe, qui se consacre \u00e0 apporter la pleine conscience dans la vie des gens. Le CBZ Village des Pruniers est une association enregistr\u00e9e pour les activit\u00e9s religieuses (SIRET : 753 112 333 et 425 182 565). L&rsquo;adresse enregistr\u00e9e est la suivante : 13 Martineau, 33580, Dieulivol, France.<\/p>\n\n\n\n<p>Nous pouvons utiliser vos informations pour :<\/p>\n\n\n\n<p>traiter un don que vous avez fait traiter une r\u00e9servation que vous avez faite<br>d&rsquo;ex\u00e9cuter nos obligations d\u00e9coulant de tout contrat conclu entre vous et nous<br>solliciter votre avis ou vos commentaires sur les services que nous fournissons<br>vous informer des modifications apport\u00e9es \u00e0 nos services vous envoyer les communications que vous avez demand\u00e9es et qui peuvent vous int\u00e9resser. Il peut s&rsquo;agir d&rsquo;informations sur des campagnes, des appels, d&rsquo;autres activit\u00e9s de collecte de fonds, traiter une demande de bourse ou d&#8217;emploi.<br>Nous r\u00e9visons r\u00e9guli\u00e8rement nos p\u00e9riodes de conservation des informations personnelles. Nous sommes l\u00e9galement tenus de conserver certains types d&rsquo;informations pour remplir nos obligations l\u00e9gales. Nous conserverons vos informations personnelles dans nos syst\u00e8mes aussi longtemps que n\u00e9cessaire pour l&rsquo;activit\u00e9 concern\u00e9e, ou aussi longtemps qu&rsquo;il est stipul\u00e9 dans tout contrat pertinent que vous avez conclu avec nous.<\/p>\n\n\n\n<p>Qui a acc\u00e8s \u00e0 vos informations ?<\/p>\n\n\n\n<p>Nous ne vendrons ni ne louerons vos informations \u00e0 des tiers.<\/p>\n\n\n\n<p>Nous ne partagerons pas vos informations avec des tiers \u00e0 des fins de marketing.<\/p>\n\n\n\n<p>Fournisseurs de services tiers travaillant pour notre compte : Nous pouvons transmettre vos informations \u00e0 nos prestataires de services tiers, agents, sous-traitants et autres organisations associ\u00e9es dans le but de r\u00e9aliser des t\u00e2ches et de vous fournir des services en notre nom (par exemple pour traiter des dons et vous envoyer des mailings). Toutefois, lorsque nous faisons appel \u00e0 des prestataires de services tiers, nous ne divulguons que les informations personnelles n\u00e9cessaires \u00e0 la prestation du service et nous avons mis en place un contrat qui leur impose de conserver vos informations en toute s\u00e9curit\u00e9 et de ne pas les utiliser \u00e0 leurs propres fins de marketing direct. Soyez assur\u00e9s que nous ne communiquerons pas vos informations \u00e0 des tiers en dehors du r\u00e9seau du CBZ Village des Pruniers pour qu&rsquo;ils les utilisent \u00e0 leurs propres fins de marketing direct, sauf si vous nous avez demand\u00e9 de le faire ou si nous y sommes oblig\u00e9s par la loi, par exemple par une ordonnance du tribunal ou \u00e0 des fins de pr\u00e9vention de la fraude ou d&rsquo;autres crimes.<\/p>\n\n\n\n<p>Lorsque vous utilisez nos pages de dons en ligne s\u00e9curis\u00e9es, votre don est trait\u00e9 par un tiers charg\u00e9 du traitement des paiements, sp\u00e9cialis\u00e9 dans la saisie et le traitement en ligne s\u00e9curis\u00e9 des transactions par carte de cr\u00e9dit\/d\u00e9bit. Si vous avez des questions concernant les transactions s\u00e9curis\u00e9es, veuillez nous contacter en envoyant un e-mail \u00e0 privacy@plumvillage.org.<\/p>\n\n\n\n<p>Nous pouvons transf\u00e9rer vos informations si nous sommes dans l&rsquo;obligation de divulguer ou de partager vos donn\u00e9es personnelles afin de nous conformer \u00e0 toute obligation l\u00e9gale ou d&rsquo;appliquer nos conditions d&rsquo;utilisation ou de prot\u00e9ger les droits, la propri\u00e9t\u00e9 ou la s\u00e9curit\u00e9 de nos supporters et de nos retraitants. Toutefois, nous prendrons des mesures dans le but de garantir que vos droits \u00e0 la vie priv\u00e9e continuent d&rsquo;\u00eatre prot\u00e9g\u00e9s.<\/p>\n\n\n\n<p>Vos choix<\/p>\n\n\n\n<p>Vous avez le choix de recevoir ou non des informations de notre part. Si vous ne souhaitez pas recevoir de communications de marketing direct de notre part concernant le cabinet et nos retraites, vous pouvez alors s\u00e9lectionner vos choix en cochant les cases correspondantes situ\u00e9es sur le formulaire sur lequel nous recueillons vos informations.<\/p>\n\n\n\n<p>Nous ne vous contacterons pas \u00e0 des fins de marketing par courrier \u00e9lectronique, t\u00e9l\u00e9phone ou SMS sans votre consentement pr\u00e9alable. Nous ne vous contacterons pas \u00e0 des fins de marketing par courrier si vous avez indiqu\u00e9 que vous ne souhaitez pas \u00eatre contact\u00e9. Vous pouvez modifier vos pr\u00e9f\u00e9rences en mati\u00e8re de marketing \u00e0 tout moment en nous contactant par courrier \u00e9lectronique : dana@plumvillage.org<\/p>\n\n\n\n<h4 class=\"wp-block-heading\">Comment acc\u00e9der \u00e0 vos informations et les mettre \u00e0 jour<\/h4>\n\n\n\n<p>L&rsquo;exactitude de vos informations est importante pour nous. Nous travaillons sur les moyens de faciliter l&rsquo;examen et la correction des informations que nous d\u00e9tenons \u00e0 votre sujet. Dans l&rsquo;intervalle, si vous changez d&rsquo;adresse \u00e9lectronique, si l&rsquo;une des autres informations que nous d\u00e9tenons est inexacte ou p\u00e9rim\u00e9e ou si vous souhaitez supprimer vos informations, veuillez nous envoyer un courriel \u00e0 l&rsquo;adresse suivante : privacy@plumvillage.org.<\/p>\n\n\n\n<p>Vous avez le droit de demander une copie des informations que le CBZ Village des Pruniers d\u00e9tient \u00e0 votre sujet.<\/p>\n\n\n\n<p>Les mesures de s\u00e9curit\u00e9 mises en place pour prot\u00e9ger la perte, l&rsquo;utilisation abusive ou l&rsquo;alt\u00e9ration de vos informations<\/p>\n\n\n\n<p>Lorsque vous nous fournissez des informations personnelles, nous prenons des mesures pour nous assurer qu&rsquo;elles sont trait\u00e9es en toute s\u00e9curit\u00e9. Toutes les informations sensibles (telles que les donn\u00e9es de carte de cr\u00e9dit ou de d\u00e9bit) sont crypt\u00e9es et prot\u00e9g\u00e9es par le logiciel suivant Cryptage 128 bits sur SSL. Lorsque vous \u00eates sur une page s\u00e9curis\u00e9e, une ic\u00f4ne de verrouillage appara\u00eet au bas des navigateurs web tels que Microsoft Internet Explorer.<\/p>\n\n\n\n<p>Les donn\u00e9es non sensibles (votre adresse \u00e9lectronique, etc.) sont transmises normalement sur Internet, et leur s\u00e9curit\u00e9 ne peut jamais \u00eatre garantie \u00e0 100 %. Par cons\u00e9quent, bien que nous nous efforcions de prot\u00e9ger vos informations personnelles, nous ne pouvons pas garantir la s\u00e9curit\u00e9 des informations que vous nous transmettez, et vous le faites \u00e0 vos propres risques. Une fois que nous recevons vos informations, nous faisons tout notre possible pour assurer leur s\u00e9curit\u00e9 dans nos syst\u00e8mes. Lorsque nous vous avons donn\u00e9 (ou lorsque vous avez choisi) un mot de passe qui vous permet d&rsquo;acc\u00e9der \u00e0 certaines parties de nos sites web, vous \u00eates responsable de la confidentialit\u00e9 de ce mot de passe. Nous vous demandons de ne pas partager votre mot de passe avec qui que ce soit.<\/p>\n\n\n\n<p>Profilage<\/p>\n\n\n\n<p>Nous pouvons analyser vos informations personnelles pour cr\u00e9er un profil de vos int\u00e9r\u00eats et pr\u00e9f\u00e9rences afin de pouvoir vous contacter avec des informations qui vous concernent. Nous pouvons utiliser des informations suppl\u00e9mentaires vous concernant, lorsqu&rsquo;elles sont disponibles aupr\u00e8s de sources externes, pour nous aider \u00e0 le faire efficacement. Nous pouvons \u00e9galement utiliser vos informations personnelles pour d\u00e9tecter et r\u00e9duire les risques de fraude et de cr\u00e9dit.<\/p>\n\n\n\n<h4 class=\"wp-block-heading\" id=\"cookies\">Utilisation des \u201ccookies\u201d<\/h4>\n\n\n\n<p>Comme beaucoup d&rsquo;autres sites web, le site du CBZ Village des Pruniers utilise des cookies. Les \u201ccookies\u201d sont de petites informations envoy\u00e9es par une organisation \u00e0 votre ordinateur et stock\u00e9es sur votre disque dur pour permettre \u00e0 ce site web de vous reconna\u00eetre lors de votre visite. Ils collectent des donn\u00e9es statistiques sur vos actions et vos habitudes de navigation et ne vous identifient pas en tant qu&rsquo;individu. Par exemple, nous utilisons des cookies pour enregistrer votre pr\u00e9f\u00e9rence de pays. Cela nous aide \u00e0 am\u00e9liorer notre site web et \u00e0 fournir un service meilleur et plus personnalis\u00e9.<\/p>\n\n\n\n<p>Il est possible de d\u00e9sactiver les cookies en d\u00e9finissant les pr\u00e9f\u00e9rences de votre navigateur. La d\u00e9sactivation des cookies peut entra\u00eener une perte de fonctionnalit\u00e9 lors de l&rsquo;utilisation de notre site web.<\/p>\n\n\n\n<h4 class=\"wp-block-heading\">Liens vers d&rsquo;autres sites web<\/h4>\n\n\n\n<p>Notre site web peut contenir des liens vers d&rsquo;autres sites web g\u00e9r\u00e9s par d&rsquo;autres organisations. La pr\u00e9sente politique de confidentialit\u00e9 s&rsquo;applique uniquement \u00e0 notre site web\u201d. Nous vous encourageons donc \u00e0 lire les d\u00e9clarations de confidentialit\u00e9 des autres sites web que vous visitez. Nous ne pouvons \u00eatre tenus pour responsables des politiques et pratiques en mati\u00e8re de protection de la vie priv\u00e9e des autres sites, m\u00eame si vous y acc\u00e9dez en utilisant des liens depuis notre site web.<\/p>\n\n\n\n<p>En outre, si vous acc\u00e9dez \u00e0 notre site web \u00e0 partir d&rsquo;un site tiers, nous ne pouvons \u00eatre tenus responsables des politiques et pratiques en mati\u00e8re de protection de la vie priv\u00e9e des propri\u00e9taires et op\u00e9rateurs de ce site tiers et vous recommandons de v\u00e9rifier la politique de ce site tiers.<\/p>\n\n\n\n<h4 class=\"wp-block-heading\">16 ans ou moins<\/h4>\n\n\n\n<p>Nous sommes soucieux de prot\u00e9ger la vie priv\u00e9e des enfants \u00e2g\u00e9s de 16 ans ou moins. Si vous avez 16 ans ou moins, veuillez obtenir l&rsquo;autorisation pr\u00e9alable de vos parents\/tuteurs chaque fois que vous nous fournissez des informations personnelles.<\/p>\n\n\n\n<h4 class=\"wp-block-heading\">Transfert de vos informations en dehors de l&rsquo;Europe<\/h4>\n\n\n\n<p>Dans le cadre des services qui vous sont propos\u00e9s par l&rsquo;interm\u00e9diaire de ce site web, les informations que vous nous fournissez peuvent \u00eatre transf\u00e9r\u00e9es vers des pays ext\u00e9rieurs \u00e0 l&rsquo;Union europ\u00e9enne (\u201cUE\u201d). Par exemple, cela peut arriver si l&rsquo;un de nos serveurs se trouve de temps en temps dans un pays hors de l&rsquo;UE. Ces pays peuvent ne pas avoir de lois sur la protection des donn\u00e9es similaires \u00e0 celles de l&rsquo;UE. En soumettant vos donn\u00e9es personnelles, vous acceptez ce transfert, ce stockage ou ce traitement. Si nous transf\u00e9rons vos informations en dehors de l&rsquo;UE de cette mani\u00e8re, nous prendrons des mesures de s\u00e9curit\u00e9 appropri\u00e9es afin de garantir que vos droits \u00e0 la vie priv\u00e9e continuent d&rsquo;\u00eatre prot\u00e9g\u00e9s comme indiqu\u00e9 dans la pr\u00e9sente politique.<\/p>\n\n\n\n<p>Si vous utilisez nos services alors que vous \u00eates en dehors de l&rsquo;UE, vos informations peuvent \u00eatre transf\u00e9r\u00e9es en dehors de l&rsquo;UE afin de vous fournir ces services.<\/p>\n","protected":false},"excerpt":{"rendered":"<p>Politique de confidentialit\u00e9Au CBZ Village des Pruniers, nous nous engageons \u00e0 prot\u00e9ger et \u00e0 respecter votre vie priv\u00e9e. Cette politique explique quand et pourquoi nous recueillons des informations personnelles sur les personnes qui visitent notre site web, comment nous les utilisons, les conditions dans lesquelles nous pouvons les divulguer \u00e0 d&rsquo;autres et comment nous les<\/p>\n","protected":false},"author":9,"featured_media":0,"parent":0,"menu_order":0,"comment_status":"closed","ping_status":"closed","template":"","meta":{"_acf_changed":false,"sync_status":"","episode_type":"","audio_file":"","castos_file_data":"","podmotor_file_id":"","cover_image":"","cover_image_id":"","duration":"","filesize":"","filesize_raw":"","date_recorded":"","explicit":"","block":"","itunes_episode_number":"","itunes_title":"","itunes_season_number":"","itunes_episode_type":"","ep_exclude_from_search":false,"footnotes":""},"class_list":["post-151557","page","type-page","status-publish","hentry"],"acf":[],"_links":{"self":[{"href":"https:\/\/dev.plumvillage.org\/fr\/wp-json\/wp\/v2\/pages\/151557","targetHints":{"allow":["GET"]}}],"collection":[{"href":"https:\/\/dev.plumvillage.org\/fr\/wp-json\/wp\/v2\/pages"}],"about":[{"href":"https:\/\/dev.plumvillage.org\/fr\/wp-json\/wp\/v2\/types\/page"}],"author":[{"embeddable":true,"href":"https:\/\/dev.plumvillage.org\/fr\/wp-json\/wp\/v2\/users\/9"}],"replies":[{"embeddable":true,"href":"https:\/\/dev.plumvillage.org\/fr\/wp-json\/wp\/v2\/comments?post=151557"}],"version-history":[{"count":3,"href":"https:\/\/dev.plumvillage.org\/fr\/wp-json\/wp\/v2\/pages\/151557\/revisions"}],"predecessor-version":[{"id":413489,"href":"https:\/\/dev.plumvillage.org\/fr\/wp-json\/wp\/v2\/pages\/151557\/revisions\/413489"}],"wp:attachment":[{"href":"https:\/\/dev.plumvillage.org\/fr\/wp-json\/wp\/v2\/media?parent=151557"}],"curies":[{"name":"wp","href":"https:\/\/api.w.org\/{rel}","templated":true}]}}