{"id":279441,"date":"2022-04-02T15:00:00","date_gmt":"2022-04-02T13:00:00","guid":{"rendered":"https:\/\/plumvillage.org\/?page_id=279441"},"modified":"2022-05-06T21:37:47","modified_gmt":"2022-05-06T19:37:47","slug":"a-cloud-never-dies","status":"publish","type":"page","link":"https:\/\/dev.plumvillage.org\/fr\/a-cloud-never-dies","title":{"rendered":"Un Nuage ne Meurt Jamais"},"content":{"rendered":"\n<p class=\"has-large-font-size\">En r\u00e9ponse \u00e0 la crise humanitaire croissante en Ukraine, la communaut\u00e9 internationale du Village des Pruniers diffuse <em>A Cloud Never Dies<\/em> (<em>Un Nuage ne Meurt Jamais<\/em>), un documentaire sur le d\u00e9funt ma\u00eetre zen <a rel=\"noreferrer noopener\" href=\"https:\/\/dev.plumvillage.org\/fr\/au-sujet\/thich-nhat-hanh\/\" target=\"_blank\">Thich Nhat Hanh<\/a> (Thay), et a publi\u00e9 une <a href=\"https:\/\/dev.plumvillage.org\/fr\/articles-fr\/an-open-letter-calling-for-peace\/\" data-type=\"URL\" data-id=\"https:\/\/dev.plumvillage.org\/fr\/articles-fr\/an-open-letter-calling-for-peace\/\" target=\"_blank\" rel=\"noreferrer noopener\">lettre ouverte <\/a>appelant \u00e0 la paix et \u00e0 un cessez-le-feu imm\u00e9diat.<\/p>\n\n\n\n<div class=\"jump-to alignwide\" id=\"regarder\">\n\t<hr>\n\t<span class=\"jump-to-text\"><span class=\"label\">Allez vers <span class=\"icon icon-arrow-tiny\"><\/span><\/span>\n\t<a class=\"active\" href=\"#regarder\">Regarder<\/a>, <a  href=\"#lettre-ouverte\">Lettre ouverte<\/a>, <a  href=\"#regarder-ensemble\">Regarder ensemble<\/a>, <a  href=\"#devenez-un-ambassadeur\">Devenez un ambassadeur<\/a>, <a  href=\"#a-propos\">\u00c0 propos<\/a>, <a  href=\"#reactions\">R\u00e9actions<\/a><\/span>\n<\/div>\n\n\n<h2 class=\"wp-block-heading\">Regarder le documentaire<\/h2>\n\n\n\n<p>Tout au long de sa vie, le ma\u00eetre zen Thich Nhat Hanh (Thay) a \u00e9t\u00e9 un infatigable d\u00e9fenseur de la paix et des droits de l&rsquo;homme. Certains de ses enseignements, visions profondes et pratiques ont \u00e9t\u00e9 forg\u00e9s pendant les guerres du Vietnam.<\/p>\n\n\n\n<figure class=\"wp-block-pullquote\"><blockquote><p>Il n&rsquo;y a pas de Chemin vers la Paix. La Paix est le Chemin.<\/p><cite>Thich Nhat Hanh<\/cite><\/blockquote><\/figure>\n\n\n<figure class=\"video-embed alignfull\"\">\n\n    <script>var $DRObW9noiVk575 = '<iframe loading=\"lazy\" id=\"hyperyoutubeplayer\" data-player-type=\"youtube\" title=\"&quot;A Cloud Never Dies&quot; biographical documentary of Zen Master Thich Nhat Hanh narrated by Peter Coyote\" width=\"640\" height=\"360\" src=\"https:\/\/www.youtube.com\/embed\/DRObW9noiVk?feature=oembed&#038;modestbranding=1&#038;rel=0&#038;cc_load_policy=1&#038;cc_lang_pref=fr&#038;enablejsapi=1&#038;origin=https:\/\/dev.plumvillage.org&#038;playsinline=1&#038;autoplay=1\" frameborder=\"0\" allow=\"accelerometer; autoplay; clipboard-write; encrypted-media; gyroscope; picture-in-picture; web-share\" referrerpolicy=\"strict-origin-when-cross-origin\" allowfullscreen><\/iframe>';<\/script>      <div class=\"video-wrapper\">\n                  <a class=\"play \" aria-label=\"Play Video\" href=\"#\" data-embed-link=\"$DRObW9noiVk575\" data-target=\"DRObW9noiVk575\">\n          <img loading=\"lazy\" decoding=\"async\" width=\"1920\" height=\"1080\" src=\"https:\/\/dev.plumvillage.org\/wp-content\/uploads\/2022\/03\/JGRF_ACND_POSTER_V18_29Mar2022_v2.jpg\" class=\"attachment-full size-full\" alt=\"\" srcset=\"https:\/\/dev.plumvillage.org\/wp-content\/uploads\/2022\/03\/JGRF_ACND_POSTER_V18_29Mar2022_v2.jpg 1920w, https:\/\/dev.plumvillage.org\/wp-content\/uploads\/2022\/03\/JGRF_ACND_POSTER_V18_29Mar2022_v2-499x281.jpg 499w, https:\/\/dev.plumvillage.org\/wp-content\/uploads\/2022\/03\/JGRF_ACND_POSTER_V18_29Mar2022_v2-1024x576.jpg 1024w, https:\/\/dev.plumvillage.org\/wp-content\/uploads\/2022\/03\/JGRF_ACND_POSTER_V18_29Mar2022_v2-768x432.jpg 768w, https:\/\/dev.plumvillage.org\/wp-content\/uploads\/2022\/03\/JGRF_ACND_POSTER_V18_29Mar2022_v2-1536x864.jpg 1536w\" sizes=\"auto, (max-width: 1920px) 100vw, 1920px\" \/>          <span class=\"icon icon-bg icon-play\"><\/span><\/a>\n                          <div class=\"iframe-target iframe-target-DRObW9noiVk575\"><span class=\"icon icon-close\"><\/span><div class=\"iframe-container ratio ratio-16x9 dropzone\"><\/div><\/div>\n              <\/div>  \n      \n<\/figure>\n\n\n\n<div class=\"wp-block-group has-fresh-sun-background-color has-background is-layout-flow wp-block-group-is-layout-flow\">\n<h4 class=\"wp-block-heading\">En savoir plus sur Thich Nhat Hanh<\/h4>\n\n\n\n<ul class=\"wp-block-list\"><li><a rel=\"noreferrer noopener\" href=\"https:\/\/dev.plumvillage.org\/fr\/au-sujet\/thich-nhat-hanh\/biographie\/\" target=\"_blank\">La vie de Thich Nhat Hanh<\/a><\/li><li><a rel=\"noreferrer noopener\" href=\"https:\/\/dev.plumvillage.org\/fr\/au-sujet\/thich-nhat-hanh\/thich-nhat-hanh-full-biography\/\" target=\"_blank\">La biographie longue<\/a><\/li><li><a href=\"https:\/\/dev.plumvillage.org\/fr\/au-sujet\/thich-nhat-hanh\/enseignements-cles\/\" target=\"_blank\" rel=\"noreferrer noopener\">Enseignements cl\u00e9s<\/a><\/li><li><a href=\"https:\/\/dev.plumvillage.org\/fr\/au-sujet\/thich-nhat-hanh\/key-books\/\" data-type=\"URL\" data-id=\"https:\/\/dev.plumvillage.org\/about\/thich-nhat-hanh\/key-books\/\">Livres cl\u00e9s<\/a><\/li><li><a rel=\"noreferrer noopener\" href=\"https:\/\/dev.plumvillage.org\/fr\/au-sujet\/thich-nhat-hanh\/calligraphy\/\" target=\"_blank\">Calligraphies<\/a><\/li><\/ul>\n<\/div>\n\n\n\n<p>En tant que continuation de Thay, apr\u00e8s sa mort survenue plus t\u00f4t dans l&rsquo;ann\u00e9e, et en r\u00e9ponse \u00e0 la crise humanitaire croissante en Ukraine, la communaut\u00e9 internationale du Village des Pruniers diffuse, le 2 avril 2022, A Cloud Never Dies, un documentaire \u00e9mouvant sur la vie de Thay, ainsi qu&rsquo;une lettre de ses monastiques sup\u00e9rieurs appelant toutes les parties \u00e0 mettre fin \u00e0 la tuerie en Ukraine.<\/p>\n\n\n\n<p>Racont\u00e9 par l&rsquo;acteur Peter Coyote, A Cloud Never Dies offre un aper\u00e7u intime de la vie du leader spirituel, po\u00e8te et militant pour la paix, v\u00e9n\u00e9r\u00e9 dans le monde entier pour ses enseignements novateurs sur la pleine conscience, l&rsquo;\u00e9thique mondiale et la paix.<\/p>\n\n\n\n<p>Le film est le fruit d&rsquo;une collaboration entre des historiens monastiques, des membres de la communaut\u00e9 et les r\u00e9alisateurs Max Pugh et Marc J. Francis. Vous trouverez ci-dessous des liens vers la lettre sur l&rsquo;Ukraine, le film, un guide de l&rsquo;animateur pour partager et r\u00e9agir au film avec les Sanghas et d&rsquo;autres membres de la communaut\u00e9, ainsi que d&rsquo;autres ressources.<\/p>\n\n\n\n<div class=\"jump-to alignwide\" id=\"lettre-ouverte\">\n\t<hr>\n\t<span class=\"jump-to-text\"><span class=\"label\">Allez vers <span class=\"icon icon-arrow-tiny\"><\/span><\/span>\n\t<a  href=\"#regarder\">Regarder<\/a>, <a class=\"active\" href=\"#lettre-ouverte\">Lettre ouverte<\/a>, <a  href=\"#regarder-ensemble\">Regarder ensemble<\/a>, <a  href=\"#devenez-un-ambassadeur\">Devenez un ambassadeur<\/a>, <a  href=\"#a-propos\">\u00c0 propos<\/a>, <a  href=\"#reactions\">R\u00e9actions<\/a><\/span>\n<\/div>\n\n\n<h2 class=\"wp-block-heading\">Lettre ouverte appelant \u00e0 la Paix<\/h2>\n\n\n\n<div class=\"wp-block-group has-fresh-earth-background-color has-background is-layout-flow wp-block-group-is-layout-flow\">\n<p>Ch\u00e8re famille humaine,<\/p>\n\n\n\n<p>En observant la trag\u00e9die de la guerre qui se d\u00e9roule chaque jour en Ukraine, nous ouvrons nos c\u0153urs \u00e0 la souffrance des personnes jeunes et \u00e2g\u00e9es. En tant que communaut\u00e9 internationale de bouddhistes engag\u00e9s, nous assistons \u00e0 la guerre actuelle emplis de douleur et inqui\u00e9tude.<\/p>\n\n\n\n<p>Dans notre communaut\u00e9 bouddhiste, chaque No\u00ebl, nous \u00e9coutons le son des cloches des \u00e9glises russes avec une grande joie, et nous ouvrons nos c\u0153urs au riche patrimoine spirituel de la Russie et de l&rsquo;Europe. Notre ma\u00eetre Thich Nhat Hanh disait : \u201cUne cloche est toujours une cloche ; qu&rsquo;elle soit catholique, protestante, orthodoxe ou bouddhiste, elle reste une cloche\u201d. En \u00e9coutant la cloche, quelles que soient nos racines culturelles ou religieuses, nous pouvons faire une exp\u00e9rience profonde et toucher la paix et une dimension spirituelle partag\u00e9e. Nous aspirons tous \u00e0 la paix. Nous avons tous besoin de paix<\/p>\n\n\n\n<p>Nos propres racines se trouvent dans la guerre du Vietnam, au cours de laquelle plus de trois millions de personnes sont mortes et quelque deux millions ont fui en tant que r\u00e9fugi\u00e9s. Notre enseignant, le v\u00e9n\u00e9rable moine bouddhiste vietnamien Th\u00edch Nh\u1ea5t H\u1ea1nh, nous a appris que la guerre n&rsquo;est jamais une solution. Elle ne m\u00e8ne qu&rsquo;\u00e0 la division et \u00e0 la haine qui peuvent se perp\u00e9tuer pendant des g\u00e9n\u00e9rations.<\/p>\n<\/div>\n\n\n\n<p><a href=\"https:\/\/dev.plumvillage.org\/fr\/?p=279318&amp;preview=1&amp;_ppp=55d2c267d8\" target=\"_blank\" rel=\"noreferrer noopener\">Lisez la lettre en son entier.<\/a><\/p>\n\n\n\n<div class=\"jump-to alignwide\" id=\"regarder-ensemble\">\n\t<hr>\n\t<span class=\"jump-to-text\"><span class=\"label\">Allez vers <span class=\"icon icon-arrow-tiny\"><\/span><\/span>\n\t<a  href=\"#regarder\">Regarder<\/a>, <a  href=\"#lettre-ouverte\">Lettre ouverte<\/a>, <a class=\"active\" href=\"#regarder-ensemble\">Regarder ensemble<\/a>, <a  href=\"#devenez-un-ambassadeur\">Devenez un ambassadeur<\/a>, <a  href=\"#a-propos\">\u00c0 propos<\/a>, <a  href=\"#reactions\">R\u00e9actions<\/a><\/span>\n<\/div>\n\n\n<h2 class=\"wp-block-heading\">Regarder ensemble<\/h2>\n\n\n\n<p>Con\u00e7u pour les responsables de la Sangha et d&rsquo;autres communaut\u00e9s, ce PDF t\u00e9l\u00e9chargeable fournit des informations g\u00e9n\u00e9rales sur le film et sur le ma\u00eetre zen Thich Nhat Hahn, des suggestions pour animer une discussion sur le film et des ressources pour en savoir plus sur les enseignements de Thay sur le r\u00e9tablissement de la paix et sur la mani\u00e8re dont les pratiquants peuvent cultiver la non-violence.<\/p>\n\n\n\n<div class=\"wp-block-buttons is-layout-flex wp-block-buttons-is-layout-flex\">\n<div class=\"wp-block-button\"><a class=\"wp-block-button__link\" href=\"https:\/\/dev.plumvillage.org\/wp-content\/uploads\/2022\/04\/Un-Nuage-ne-Meurt-Jamais-_-Guide-de-partage-de-video_FR.docx.pdf\" target=\"_blank\" rel=\"noreferrer noopener\">T\u00e9l\u00e9charger le guide<\/a><\/div>\n<\/div>\n\n\n\n<div class=\"jump-to alignwide\" id=\"devenez-un-ambassadeur\">\n\t<hr>\n\t<span class=\"jump-to-text\"><span class=\"label\">Allez vers <span class=\"icon icon-arrow-tiny\"><\/span><\/span>\n\t<a  href=\"#regarder\">Regarder<\/a>, <a  href=\"#lettre-ouverte\">Lettre ouverte<\/a>, <a  href=\"#regarder-ensemble\">Regarder ensemble<\/a>, <a class=\"active\" href=\"#devenez-un-ambassadeur\">Devenez un ambassadeur<\/a>, <a  href=\"#a-propos\">\u00c0 propos<\/a>, <a  href=\"#reactions\">R\u00e9actions<\/a><\/span>\n<\/div>\n\n\n<h2 class=\"wp-block-heading\">Devenez un ambassadeur de la paix<\/h2>\n\n\n\n<p><em>A Cloud Never Dies <\/em>n&rsquo;est pas seulement destin\u00e9 \u00e0 informer les spectateurs. Nous esp\u00e9rons qu&rsquo;il vous incitera \u00e9galement \u00e0 agir, conform\u00e9ment aux enseignements de Thay sur le bouddhisme engag\u00e9. Apr\u00e8s avoir vu ce film et lu la lettre sur l&rsquo;Ukraine, vous vous demanderez peut-\u00eatre : que puis-je faire pour continuer \u00e0 suivre Thay et \u00eatre un instrument de paix ? Vous trouverez ci-dessous plusieurs suggestions, compil\u00e9es avec l&rsquo;aide de nos enseignants du Dharma la\u00efcs, que vous pourrez consid\u00e9rer comme vos prochaines \u00e9tapes :<\/p>\n\n\n\n<ul class=\"wp-block-list\"><li><strong>Lancer une discussion sur un livre<\/strong>: En utilisant l&rsquo;un des livres \u00e9num\u00e9r\u00e9s ci-dessous dans la section Ressources s\u00e9lectionn\u00e9es, formez un groupe de discussion en ligne ou en personne pour explorer plus en profondeur l&rsquo;utilisation par Thay de l&rsquo;action non violente pendant la guerre du Vietnam.<\/li><li><strong>Marcher pour la paix<\/strong>: Organisez une m\u00e9ditation march\u00e9e silencieuse pour la paix dans votre communaut\u00e9. Avant votre marche, invitez la cloche et envisagez de lire l&rsquo;un des po\u00e8mes de Thay (comme <em>Appelez moi par mes vrais noms<\/em>) ou un passage d&rsquo;un des livres de Thay. Ensuite, pensez \u00e0 former un cercle, \u00e0 d\u00e9dier le m\u00e9rite de la marche \u00e0 toutes les victimes de la guerre et de la violence (y compris les auteurs), et invitez les participants \u00e0 partager du fond du c\u0153ur tout ce qu&rsquo;ils ont pu remarquer au cours de la marche, en eux ou autour d&rsquo;eux.&nbsp;<\/li><li><strong>Ecrire des lettres d&rsquo;amour<\/strong>: Thay et S\u0153ur Chan Khong \u00e9crivaient souvent des \u201clettres d&rsquo;amour\u201d aux dirigeants politiques, s&rsquo;adressant \u00e0 eux en tant que fr\u00e8res et s\u0153urs, et leur demandant de choisir la voie de la paix lorsqu&rsquo;ils envisagent de faire des lois et de diriger leur pays ou leur \u00c9tat. Si vous faites partie d&rsquo;une sangha, envisagez de vous r\u00e9unir pour \u00e9crire des lettres \u00e0 vos dirigeants politiques, en gardant toujours \u00e0 l&rsquo;esprit que la bont\u00e9 aimante ouvre plus de c\u0153urs (et de portes) que la col\u00e8re et la critique.&nbsp;<\/li><li><strong>S&rsquo;engager dans l&rsquo;Action Juste<\/strong>: La communaut\u00e9 du Village des Pruniers propose les <a href=\"https:\/\/dev.plumvillage.org\/fr\/pratiques-de-pleine-conscience\/les-5-entrainements-a-la-pleine-conscience\/\" target=\"_blank\" rel=\"noreferrer noopener\">5 entra\u00eenements \u00e0 la pleine conscience<\/a> et les <a href=\"https:\/\/dev.plumvillage.org\/fr\/pratiques-de-pleine-conscience\/les-14-entrainements-a-la-pleine-conscience\/\" target=\"_blank\" rel=\"noreferrer noopener\">14 entra\u00eenements \u00e0 la pleine conscience<\/a> pour soutenir une vie \u00e9thique et pacifique. La r\u00e9citation r\u00e9guli\u00e8re de ces pr\u00e9ceptes, seul ou au sein d&rsquo;une sangha, peut vous apporter nourriture et soutien alors que vous d\u00e9terminez la meilleure fa\u00e7on de parler et de vivre dans un monde en proie \u00e0 la violence et au d\u00e9sespoir.<\/li><\/ul>\n\n\n\n<div class=\"jump-to alignwide\" id=\"a-propos\">\n\t<hr>\n\t<span class=\"jump-to-text\"><span class=\"label\">Allez vers <span class=\"icon icon-arrow-tiny\"><\/span><\/span>\n\t<a  href=\"#regarder\">Regarder<\/a>, <a  href=\"#lettre-ouverte\">Lettre ouverte<\/a>, <a  href=\"#regarder-ensemble\">Regarder ensemble<\/a>, <a  href=\"#devenez-un-ambassadeur\">Devenez un ambassadeur<\/a>, <a class=\"active\" href=\"#a-propos\">\u00c0 propos<\/a>, <a  href=\"#reactions\">R\u00e9actions<\/a><\/span>\n<\/div>\n\n\n<h2 class=\"wp-block-heading\">\u00c0 propos du documentaire<\/h2>\n\n\n\n<p>Racont\u00e9 par l&rsquo;acteur Peter Coyote, <em>A Cloud Never Dies<\/em> est le premier film biographique autoris\u00e9 sur la vie du ma\u00eetre zen Thich Nhat Hanh. Tissant ensemble des archives vid\u00e9o et photographiques originales, ce film d\u00e9crit l&rsquo;ascension d&rsquo;un jeune moine vietnamien modeste qui est devenu l&rsquo;un des chefs spirituels les plus influents et les plus aim\u00e9s au monde, inspirant des millions de personnes \u00e0 pratiquer la pleine conscience pour trouver la paix en eux-m\u00eames et dans le monde. Ce film a \u00e9t\u00e9 command\u00e9 par la Communaut\u00e9 du Bouddhisme Engag\u00e9 du Village des Pruniers et cr\u00e9\u00e9 par les historiens monastiques et les membres de la communaut\u00e9 de Thich Nhat Hanh, avec Max Pugh et Marc J. Francis, qui ont produit le long m\u00e9trage documentaire \u201c<em>Voyage en Pleine Conscience<\/em>\u201c.<\/p>\n\n\n\n<h4 class=\"wp-block-heading\">\u00c0 propos des producteurs<\/h4>\n\n\n\n<ul class=\"wp-block-list\"><li><strong><a rel=\"noreferrer noopener\" href=\"https:\/\/www.marcjfrancis.com\/\" data-type=\"URL\" data-id=\"https:\/\/www.marcjfrancis.com\/\" target=\"_blank\">Marc J. Francis<\/a><\/strong> est un r\u00e9alisateur, producteur et directeur de la photographie dont les films documentaires ont \u00e9t\u00e9 salu\u00e9s par la critique internationale et distribu\u00e9s dans les cin\u00e9mas, \u00e0 la t\u00e9l\u00e9vision et sur les plateformes de streaming. En tant que conteur et chercheur de sagesse, Marc \u00e9claire la condition humaine en explorant les histoires extraordinaires de personnes marginalis\u00e9es et de h\u00e9ros m\u00e9connus dans son style immersif et intime. <\/li><li><strong><a rel=\"noreferrer noopener\" href=\"http:\/\/www.maxpugh.com\/\" data-type=\"URL\" data-id=\"http:\/\/www.maxpugh.com\/\" target=\"_blank\">Max Pugh<\/a><\/strong> est un r\u00e9alisateur franco-britannique de longs m\u00e9trages documentaires et de fiction qui a \u00e9galement \u00e9t\u00e9 acclam\u00e9 par la critique dans le monde entier pour son travail d&rsquo;art vid\u00e9o et d&rsquo;installation avec le compositeur et cin\u00e9aste Michael Nyman. Max a \u00e9galement r\u00e9alis\u00e9 des fictions pour la t\u00e9l\u00e9vision et \u00e9crit et r\u00e9alis\u00e9 des courts m\u00e9trages soutenus par le UK Film Council.<\/li><\/ul>\n\n\n\n<div class=\"jump-to alignwide\" id=\"reactions\">\n\t<hr>\n\t<span class=\"jump-to-text\"><span class=\"label\">Allez vers <span class=\"icon icon-arrow-tiny\"><\/span><\/span>\n\t<a  href=\"#regarder\">Regarder<\/a>, <a  href=\"#lettre-ouverte\">Lettre ouverte<\/a>, <a  href=\"#regarder-ensemble\">Regarder ensemble<\/a>, <a  href=\"#devenez-un-ambassadeur\">Devenez un ambassadeur<\/a>, <a  href=\"#a-propos\">\u00c0 propos<\/a>, <a class=\"active\" href=\"#reactions\">R\u00e9actions<\/a><\/span>\n<\/div>\n\n\n<h2 class=\"wp-block-heading\">R\u00e9actions<\/h2>\n\n\n\n<p>Thich Nhat Hanh a dit que m\u00eame si toutes les bombes du monde \u00e9taient envoy\u00e9es sur la lune, tant que nous ne cultiverions pas la paix dans nos c\u0153urs, la guerre et la violence persisteraient. La paix, disait-il, commence par nous-m\u00eames. Apr\u00e8s avoir regard\u00e9 Un nuage ne meurt jamais, ou alors que vous et vos Sanghas explorez les moyens d&rsquo;\u00eatre en paix dans vos communaut\u00e9s, nous aimerions entendre vos id\u00e9es et vos histoires. N&rsquo;h\u00e9sitez pas \u00e0 les partager ci-dessous.<\/p>\n","protected":false},"excerpt":{"rendered":"<p>En r\u00e9ponse \u00e0 la crise humanitaire croissante en Ukraine, la communaut\u00e9 internationale du Village des Pruniers diffuse A Cloud Never Dies (Un Nuage ne Meurt Jamais), un documentaire sur le d\u00e9funt ma\u00eetre zen Thich Nhat Hanh (Thay), et a publi\u00e9 une lettre ouverte appelant \u00e0 la paix et \u00e0 un cessez-le-feu imm\u00e9diat.<\/p>\n","protected":false},"author":1142,"featured_media":278621,"parent":0,"menu_order":0,"comment_status":"open","ping_status":"closed","template":"","meta":{"_acf_changed":false,"sync_status":"","episode_type":"","audio_file":"","castos_file_data":"","podmotor_file_id":"","cover_image":"","cover_image_id":"","duration":"","filesize":"","filesize_raw":"","date_recorded":"","explicit":"","block":"","itunes_episode_number":"","itunes_title":"","itunes_season_number":"","itunes_episode_type":"","ep_exclude_from_search":false,"footnotes":""},"class_list":["post-279441","page","type-page","status-publish","has-post-thumbnail","hentry"],"acf":[],"_links":{"self":[{"href":"https:\/\/dev.plumvillage.org\/fr\/wp-json\/wp\/v2\/pages\/279441","targetHints":{"allow":["GET"]}}],"collection":[{"href":"https:\/\/dev.plumvillage.org\/fr\/wp-json\/wp\/v2\/pages"}],"about":[{"href":"https:\/\/dev.plumvillage.org\/fr\/wp-json\/wp\/v2\/types\/page"}],"author":[{"embeddable":true,"href":"https:\/\/dev.plumvillage.org\/fr\/wp-json\/wp\/v2\/users\/1142"}],"replies":[{"embeddable":true,"href":"https:\/\/dev.plumvillage.org\/fr\/wp-json\/wp\/v2\/comments?post=279441"}],"version-history":[{"count":0,"href":"https:\/\/dev.plumvillage.org\/fr\/wp-json\/wp\/v2\/pages\/279441\/revisions"}],"wp:featuredmedia":[{"embeddable":true,"href":"https:\/\/dev.plumvillage.org\/fr\/wp-json\/wp\/v2\/media\/278621"}],"wp:attachment":[{"href":"https:\/\/dev.plumvillage.org\/fr\/wp-json\/wp\/v2\/media?parent=279441"}],"curies":[{"name":"wp","href":"https:\/\/api.w.org\/{rel}","templated":true}]}}