{"id":284939,"date":"2022-03-29T15:00:44","date_gmt":"2022-03-29T13:00:44","guid":{"rendered":"https:\/\/plumvillage.org\/?page_id=284939"},"modified":"2024-06-27T17:05:02","modified_gmt":"2024-06-27T15:05:02","slug":"nos-hameaux","status":"publish","type":"page","link":"https:\/\/dev.plumvillage.org\/fr\/a-propos\/village-des-pruniers\/nos-hameaux","title":{"rendered":"Nos hameaux"},"content":{"rendered":"\n<p class=\"has-large-font-size\">Le Village des Pruniers, situ\u00e9 dans le sud de la France, se compose actuellement de trois lieux diff\u00e9rents que l&rsquo;on appelle \u201chameaux\u201d.<\/p>\n\n\n\n<p>Ces hameaux sont des communaut\u00e9s autonomes o\u00f9 les membres monastiques et la\u00efques pratiquent, mangent, travaillent et se d\u00e9tendent ensemble, en famille spirituelle. Les trois hameaux se retrouvent en g\u00e9n\u00e9ral deux fois par semaine, pendant des \u201cjourn\u00e9es de Pleine Conscience\u201d, pour \u00e9couter un enseignement et pratiquer la pleine conscience tout au long de la journ\u00e9e en communaut\u00e9. <\/p>\n\n\n\n<p class=\"has-fresh-stamp-background-color has-background\">Pour les nuit\u00e9es, chaque hameau ne peut recevoir que des invit\u00e9s qui se sont inscrits et ont pay\u00e9 pour l&rsquo;une de nos retraites dans notre calendrier des retraites. Nous ne sommes pas en mesure d&rsquo;accueillir des personnes qui arrivent sans r\u00e9servation. Nous ne pouvons pas non plus accueillir des invit\u00e9s qui souhaitent passer la nuit en dehors des dates de retraite. Nous vous remercions de votre soutien et de votre compr\u00e9hension.<\/p>\n\n\n\n<h5 class=\"wp-block-heading\" id=\"sommaire\">En savoir plus sur :<\/h5>\n\n\n\n<ul class=\"wp-block-list\">\n<li><a href=\"#femmes\">Nos deux communaut\u00e9s de moniales  (ou \u201csoeurs\u201d)<\/a>\n<ul class=\"wp-block-list\">\n<li><a href=\"https:\/\/dev.plumvillage.org\/fr\/practice-centre\/village-des-pruniers\/hameau-nouveau\" target=\"_blank\" rel=\"noreferrer noopener\">Le Hameau Nouveau<\/a><\/li>\n\n\n\n<li><a href=\"https:\/\/dev.plumvillage.org\/fr\/practice-centre\/village-des-pruniers\/hameau-du-bas\" target=\"_blank\" rel=\"noreferrer noopener\">Le Hameau du Bas<\/a><\/li>\n<\/ul>\n<\/li>\n\n\n\n<li><a href=\"#hommes\">Notre communaut\u00e9 de moines (ou \u201cfr\u00e8res\u201d)<\/a><\/li>\n\n\n\n<li><a href=\"#inscriptions\">O\u00f9 s&rsquo;inscrire ?<\/a><\/li>\n<\/ul>\n\n\n\n<figure class=\"wp-block-image alignfull size-large\"><img loading=\"lazy\" decoding=\"async\" width=\"1024\" height=\"414\" src=\"https:\/\/dev.plumvillage.org\/wp-content\/uploads\/2016\/06\/2016-Plum-Village-Vulture-Peak-Gathering-18-1024x414.jpg\" alt=\"\" class=\"wp-image-30907\" srcset=\"https:\/\/dev.plumvillage.org\/wp-content\/uploads\/2016\/06\/2016-Plum-Village-Vulture-Peak-Gathering-18-1024x414.jpg 1024w, https:\/\/dev.plumvillage.org\/wp-content\/uploads\/2016\/06\/2016-Plum-Village-Vulture-Peak-Gathering-18-499x202.jpg 499w, https:\/\/dev.plumvillage.org\/wp-content\/uploads\/2016\/06\/2016-Plum-Village-Vulture-Peak-Gathering-18-768x310.jpg 768w, https:\/\/dev.plumvillage.org\/wp-content\/uploads\/2016\/06\/2016-Plum-Village-Vulture-Peak-Gathering-18-300x121.jpg 300w, https:\/\/dev.plumvillage.org\/wp-content\/uploads\/2016\/06\/2016-Plum-Village-Vulture-Peak-Gathering-18-100x40.jpg 100w, https:\/\/dev.plumvillage.org\/wp-content\/uploads\/2016\/06\/2016-Plum-Village-Vulture-Peak-Gathering-18-150x61.jpg 150w, https:\/\/dev.plumvillage.org\/wp-content\/uploads\/2016\/06\/2016-Plum-Village-Vulture-Peak-Gathering-18-200x81.jpg 200w, https:\/\/dev.plumvillage.org\/wp-content\/uploads\/2016\/06\/2016-Plum-Village-Vulture-Peak-Gathering-18-450x182.jpg 450w, https:\/\/dev.plumvillage.org\/wp-content\/uploads\/2016\/06\/2016-Plum-Village-Vulture-Peak-Gathering-18-600x243.jpg 600w, https:\/\/dev.plumvillage.org\/wp-content\/uploads\/2016\/06\/2016-Plum-Village-Vulture-Peak-Gathering-18-900x364.jpg 900w, https:\/\/dev.plumvillage.org\/wp-content\/uploads\/2016\/06\/2016-Plum-Village-Vulture-Peak-Gathering-18.jpg 1138w\" sizes=\"auto, (max-width: 1024px) 100vw, 1024px\" \/><figcaption class=\"wp-element-caption\">Repas formel au Hameau du Bas<\/figcaption><\/figure>\n\n\n\n<div class=\"jump-to alignwide\" id=\"communautes-de-moniales\">\n\t<hr>\n\t<span class=\"jump-to-text\"><span class=\"label\">Allez vers <span class=\"icon icon-arrow-tiny\"><\/span><\/span>\n\t<a class=\"active\" href=\"#communautes-de-moniales\">Communaut\u00e9s de moniales<\/a>, <a  href=\"#communaute-de-moines\">Communaut\u00e9 de moines<\/a>, <a  href=\"#ou-sinscrire\">O\u00f9 s&rsquo;inscrire<\/a><\/span>\n<\/div>\n\n\n<h2 class=\"wp-block-heading\" id=\"femmes\">Nos deux communaut\u00e9s de moniales<\/h2>\n\n\n\n<p><strong><a href=\"#new\" data-link-type=\"website\" rel=\"noopener noreferrer\" target=\"\" data-link-description=\"\" class=\"advanced-url\"><a href=\"https:\/\/dev.plumvillage.org\/fr\/practice-centre\/village-des-pruniers\/hameau-nouveau\" target=\"_blank\" rel=\"noreferrer noopener\">Le Hameau Nouveau<\/a><\/a><\/strong> et <strong><a href=\"#lower\" data-link-type=\"website\" rel=\"noopener noreferrer\" target=\"\" data-link-description=\"\" class=\"advanced-url\"><a href=\"https:\/\/dev.plumvillage.org\/fr\/practice-centre\/village-des-pruniers\/hameau-du-bas\" target=\"_blank\" rel=\"noreferrer noopener\">le Hameau du Bas<\/a><\/a><\/strong> sont deux communaut\u00e9s de moniales (ou \u201csoeurs\u201d) du Village des Pruniers qui se situent \u00e0 18 kilom\u00e8tres l&rsquo;un de l&rsquo;autre.<\/p>\n\n\n\n<p class=\"has-small-font-size\"><em>Si vous \u00eates une femme venant seule, merci de vous inscrire dans un seul de ces deux hameaux.  <\/em><\/p>\n\n\n\n<p class=\"has-text-align-right\"><em><a href=\"#sommaire\">Retour au sommaire<\/a><\/em><\/p>\n\n\n\n<div class=\"jump-to alignwide\" id=\"communaute-de-moines\">\n\t<hr>\n\t<span class=\"jump-to-text\"><span class=\"label\">Allez vers <span class=\"icon icon-arrow-tiny\"><\/span><\/span>\n\t<a  href=\"#communautes-de-moniales\">Communaut\u00e9s de moniales<\/a>, <a class=\"active\" href=\"#communaute-de-moines\">Communaut\u00e9 de moines<\/a>, <a  href=\"#ou-sinscrire\">O\u00f9 s&rsquo;inscrire<\/a><\/span>\n<\/div>\n\n\n<h2 class=\"wp-block-heading\" id=\"hommes\">Notre communaut\u00e9 de moines<\/h2>\n\n\n\n<p><strong><a href=\"#upper\" data-link-type=\"website\" rel=\"noopener noreferrer\" target=\"\" data-link-description=\"\" class=\"advanced-url\"><\/a><a href=\"https:\/\/dev.plumvillage.org\/fr\/practice-centre\/village-des-pruniers\/hameau-du-haut\" target=\"_blank\" rel=\"noreferrer noopener\">Le Hameau du Haut<\/a><\/strong> est le lieu o\u00f9 vivent et pratiques les moines (ou \u201cfr\u00e8res\u201d) et les r\u00e9sidents la\u00efcs de sexe masculin.<\/p>\n\n\n\n<p class=\"has-small-font-size\"><em>Si vous \u00eates un homme venant seul, merci de vous inscrire au Hameau du Haut. <\/em>  <\/p>\n\n\n\n<p class=\"has-text-align-right\"><em><a href=\"#sommaire\">Retour au sommaire<\/a><\/em><\/p>\n\n\n\n<div class=\"jump-to alignwide\" id=\"ou-sinscrire\">\n\t<hr>\n\t<span class=\"jump-to-text\"><span class=\"label\">Allez vers <span class=\"icon icon-arrow-tiny\"><\/span><\/span>\n\t<a  href=\"#communautes-de-moniales\">Communaut\u00e9s de moniales<\/a>, <a  href=\"#communaute-de-moines\">Communaut\u00e9 de moines<\/a>, <a class=\"active\" href=\"#ou-sinscrire\">O\u00f9 s&rsquo;inscrire<\/a><\/span>\n<\/div>\n\n\n<h2 class=\"wp-block-heading\" id=\"inscriptions\">O\u00f9 s&rsquo;inscrire ?<\/h2>\n\n\n\n<p>Si vous \u00eates une femme venant seule, merci de vous inscrire dans l&rsquo;un seul de ces deux hameaux : le <a href=\"https:\/\/dev.plumvillage.org\/fr\/practice-centre\/village-des-pruniers\/hameau-nouveau\" target=\"_blank\" rel=\"noreferrer noopener\">Hameau Nouveau<\/a> ou le <a href=\"https:\/\/dev.plumvillage.org\/fr\/practice-centre\/village-des-pruniers\/hameau-du-bas\" target=\"_blank\" rel=\"noreferrer noopener\">Hameau du Bas<\/a>.<\/p>\n\n\n\n<p>Si vous \u00eates un homme venant seul, merci de vous inscrire au <a href=\"https:\/\/dev.plumvillage.org\/fr\/practice-centre\/village-des-pruniers\/hameau-du-haut\" target=\"_blank\" rel=\"noreferrer noopener\">Hameau du Haut<\/a>.<\/p>\n\n\n\n<p>Tous les hameaux acceptent les couples et les familles pour des retraites de courte dur\u00e9e. Pour les retraites \u00e0 long terme, comme la retraite des pluies, les conditions peuvent varier. Il est donc pr\u00e9f\u00e9rable de lire les conditions sur le formulaire d&rsquo;inscription de chaque hameau, ou de contacter directement le hameau.<\/p>\n\n\n\n<p>Si vous voulez venir avec une personne de l&rsquo;autre sexe et que vous ne souhaitez pas partager votre chambre, merci de vous inscrire s\u00e9par\u00e9ment dans les hameaux qui conviennent \u00e0 chacun.e. <\/p>\n\n\n\n<p>Merci de faire parvenir vos questions au bureau du Hameau dans lequel vous vous inscrivez pour que nous puissions y r\u00e9pondre \u00e0 temps avant votre arriv\u00e9e.  <\/p>\n\n\n\n<p><em>Merci de consid\u00e9rer que les bureaux d&rsquo;inscription des trois hameaux ont des horaires diff\u00e9rents. <\/em><\/p>\n\n\n\n<p class=\"has-text-align-right\"><em><a href=\"#sommaire\">Retour au sommaire<\/a><\/em><\/p>\n","protected":false},"excerpt":{"rendered":"<p>Le Village des Pruniers, situ\u00e9 dans le sud de la France, se compose actuellement de trois lieux diff\u00e9rents que l&rsquo;on appelle \u201chameaux\u201d. Ces hameaux sont des communaut\u00e9s autonomes o\u00f9 les membres monastiques et la\u00efques pratiquent, mangent, travaillent et se d\u00e9tendent ensemble, en famille spirituelle. Les trois hameaux se retrouvent en g\u00e9n\u00e9ral deux fois par semaine,<\/p>\n","protected":false},"author":1169,"featured_media":0,"parent":140786,"menu_order":0,"comment_status":"closed","ping_status":"open","template":"","meta":{"_acf_changed":false,"sync_status":"","episode_type":"","audio_file":"","castos_file_data":"","podmotor_file_id":"","cover_image":"","cover_image_id":"","duration":"","filesize":"","filesize_raw":"","date_recorded":"","explicit":"","block":"","itunes_episode_number":"","itunes_title":"","itunes_season_number":"","itunes_episode_type":"","ep_exclude_from_search":false,"footnotes":""},"class_list":["post-284939","page","type-page","status-publish","hentry"],"acf":[],"_links":{"self":[{"href":"https:\/\/dev.plumvillage.org\/fr\/wp-json\/wp\/v2\/pages\/284939","targetHints":{"allow":["GET"]}}],"collection":[{"href":"https:\/\/dev.plumvillage.org\/fr\/wp-json\/wp\/v2\/pages"}],"about":[{"href":"https:\/\/dev.plumvillage.org\/fr\/wp-json\/wp\/v2\/types\/page"}],"author":[{"embeddable":true,"href":"https:\/\/dev.plumvillage.org\/fr\/wp-json\/wp\/v2\/users\/1169"}],"replies":[{"embeddable":true,"href":"https:\/\/dev.plumvillage.org\/fr\/wp-json\/wp\/v2\/comments?post=284939"}],"version-history":[{"count":4,"href":"https:\/\/dev.plumvillage.org\/fr\/wp-json\/wp\/v2\/pages\/284939\/revisions"}],"predecessor-version":[{"id":461633,"href":"https:\/\/dev.plumvillage.org\/fr\/wp-json\/wp\/v2\/pages\/284939\/revisions\/461633"}],"up":[{"embeddable":true,"href":"https:\/\/dev.plumvillage.org\/fr\/wp-json\/wp\/v2\/pages\/140786"}],"wp:attachment":[{"href":"https:\/\/dev.plumvillage.org\/fr\/wp-json\/wp\/v2\/media?parent=284939"}],"curies":[{"name":"wp","href":"https:\/\/api.w.org\/{rel}","templated":true}]}}