{"id":287302,"date":"2014-05-21T09:18:00","date_gmt":"2014-05-21T07:18:00","guid":{"rendered":"https:\/\/plumvillage.org\/?page_id=287302"},"modified":"2022-12-21T15:23:41","modified_gmt":"2022-12-21T14:23:41","slug":"venir-et-rester-au-village-en-tant-que-couple","status":"publish","type":"page","link":"https:\/\/dev.plumvillage.org\/fr\/retraites\/venir-et-rester-au-village-en-tant-que-couple","title":{"rendered":"Venir en tant que couple."},"content":{"rendered":"\n<p class=\"has-large-font-size\">Le Village des Pruniers est un monast\u00e8re et un centre de pratique de la pleine conscience, o\u00f9 des moines, des nonnes, des hommes et des femmes la\u00efcs explorent l&rsquo;art de vivre en pleine conscience, ensemble, en tant que communaut\u00e9, dans un esprit de joie et de paix<em><strong>.<\/strong><\/em><\/p>\n\n\n\n<p>Des pratiquants la\u00efcs c\u00e9libataires, des couples et des familles nous rejoignent tout au long de l&rsquo;ann\u00e9e, pour des s\u00e9jours courts ou longs. L&rsquo;\u00e9nergie collective de tous ceux qui pratiquent la marche en pleine conscience, la respiration en pleine conscience, l&rsquo;\u00e9coute profonde et la parole aimante est tr\u00e8s puissante &#8211; bien plus puissante que l&rsquo;\u00e9nergie g\u00e9n\u00e9r\u00e9e par une seule personne. Comme de plus en plus de personnes souhaitent venir pratiquer avec nous, nous nous adaptons aux besoins de notre \u00e9poque.<\/p>\n\n\n\n<p><strong>Il est possible de s\u00e9journer dans l&rsquo;un de nos hameaux en tant que couple<\/strong>.<\/p>\n\n\n\n<p><strong>Nous demandons simplement aux couples de suivre les directives suivantes<\/strong> afin de soutenir l&rsquo;\u00e9nergie collective de l&rsquo;ensemble de la communaut\u00e9 des moines, des nonnes et des pratiquants la\u00efcs pendant toute la dur\u00e9e de leur s\u00e9jour dans un de nos hameaux :<\/p>\n\n\n\n<ul class=\"wp-block-list\"><li>Le Village des Pruniers est un centre de pratique et un monast\u00e8re, nous vous demandons donc de vous abstenir de toute relation sexuelle pendant votre s\u00e9jour. Nous vous demandons \u00e9galement de montrer votre amour pour votre bien-aim\u00e9(e) sans l&#8217;embrasser ni le\/la caresser, surtout en public.<\/li><li>Si vous n&rsquo;\u00eates pas encore familiaris\u00e9 avec les cinq entra\u00eenements \u00e0 la pleine conscience, nous vous demandons de les lire, en particulier le troisi\u00e8me.<\/li><li>Pendant votre retraite au Village des Pruniers, si vous souhaitez en savoir plus sur les pratiques de pleine conscience qui peuvent aider dans les relations, n&rsquo;h\u00e9sitez pas \u00e0 demander \u00e0 l&rsquo;un des moines ou des nonnes.<\/li><\/ul>\n\n\n\n<p>Avec une profonde r\u00e9v\u00e9rence de gratitude pour votre soutien et votre compr\u00e9hension,<\/p>\n\n\n\n<p>Les moines et moniales du Village des Pruniers<\/p>\n","protected":false},"excerpt":{"rendered":"<p>Le Village des Pruniers est un monast\u00e8re et un centre de pratique de la pleine conscience, o\u00f9 des moines, des nonnes, des hommes et des femmes la\u00efcs explorent l&rsquo;art de vivre en pleine conscience, ensemble, en tant que communaut\u00e9, dans un esprit de joie et de paix. Des pratiquants la\u00efcs c\u00e9libataires, des couples et des<\/p>\n","protected":false},"author":9,"featured_media":0,"parent":285068,"menu_order":0,"comment_status":"closed","ping_status":"closed","template":"","meta":{"_acf_changed":false,"sync_status":"","episode_type":"","audio_file":"","castos_file_data":"","podmotor_file_id":"","cover_image":"","cover_image_id":"","duration":"","filesize":"","filesize_raw":"","date_recorded":"","explicit":"","block":"","itunes_episode_number":"","itunes_title":"","itunes_season_number":"","itunes_episode_type":"","ep_exclude_from_search":false,"footnotes":""},"class_list":["post-287302","page","type-page","status-publish","hentry"],"acf":[],"_links":{"self":[{"href":"https:\/\/dev.plumvillage.org\/fr\/wp-json\/wp\/v2\/pages\/287302","targetHints":{"allow":["GET"]}}],"collection":[{"href":"https:\/\/dev.plumvillage.org\/fr\/wp-json\/wp\/v2\/pages"}],"about":[{"href":"https:\/\/dev.plumvillage.org\/fr\/wp-json\/wp\/v2\/types\/page"}],"author":[{"embeddable":true,"href":"https:\/\/dev.plumvillage.org\/fr\/wp-json\/wp\/v2\/users\/9"}],"replies":[{"embeddable":true,"href":"https:\/\/dev.plumvillage.org\/fr\/wp-json\/wp\/v2\/comments?post=287302"}],"version-history":[{"count":0,"href":"https:\/\/dev.plumvillage.org\/fr\/wp-json\/wp\/v2\/pages\/287302\/revisions"}],"up":[{"embeddable":true,"href":"https:\/\/dev.plumvillage.org\/fr\/wp-json\/wp\/v2\/pages\/285068"}],"wp:attachment":[{"href":"https:\/\/dev.plumvillage.org\/fr\/wp-json\/wp\/v2\/media?parent=287302"}],"curies":[{"name":"wp","href":"https:\/\/api.w.org\/{rel}","templated":true}]}}