{"id":367751,"date":"2023-03-03T12:01:53","date_gmt":"2023-03-03T11:01:53","guid":{"rendered":"https:\/\/plumvillage.org\/?page_id=367751"},"modified":"2023-03-05T19:29:46","modified_gmt":"2023-03-05T18:29:46","slug":"coming-with-children-aged-0-17","status":"publish","type":"page","link":"https:\/\/dev.plumvillage.org\/fr\/coming-with-children-aged-0-17","title":{"rendered":"Venir avec des enfants entre 0-17 ans"},"content":{"rendered":"\n<iframe loading=\"lazy\" id=\"myIframe\" src=\"https:\/\/new.plumvillage.org\/processRegistration\/programs.php?lang=fr\" scrolling=\"no\" width=\"100%\"  height=\"1200px\" frameborder=\"0\"><\/iframe>\n\n<script type=\"text\/javascript\">\n    function resizeIframe(event) {\n        if (event.origin !== \"https:\/\/new.plumvillage.org\") return; \/\/ check that message is from trusted domain\n        var iframe = document.getElementById(\"myIframe\");\n        var newHeight = event.data + 20; \/\/ add 20px to the height value\n        iframe.style.height = newHeight + 'px';\n    }\n    window.addEventListener(\"message\", resizeIframe, false);\n<\/script>\n\n\n\n<p>Ce tableau pr\u00e9sente le statut des programmes pour enfants et adolescents dans les trois hameaux de Plum Village. Vous pouvez consulter ce tableau avant de proc\u00e9der \u00e0 l&rsquo;enregistrement.<\/p>\n\n\n\n<p>Explications du statut dans le tableau :<\/p>\n\n\n\n<p><strong>\u201cPas de programme\u201d <\/strong>signifie qu&rsquo;il n&rsquo;y a pas de programme pour cette semaine.<\/p>\n\n\n\n<p><strong>\u201cListe d&rsquo;attente\u201d<\/strong> signifie que vous pouvez faire votre demande par le biais du flux d&rsquo;inscription pour rejoindre cette liste.<\/p>\n\n\n\n<p><strong>\u201cListe de d\u00e9bordement\u201d<\/strong> signifie que toutes les places de la liste d&rsquo;attente sont occup\u00e9es, mais que vous pouvez faire votre demande par le biais du flux d&rsquo;inscription pour faire la queue et rejoindre la liste d&rsquo;attente.<\/p>\n\n\n\n<p><strong>\u201cComplet\u201d<\/strong> signifie que les listes ci-dessus n&rsquo;acceptent plus de demandes pour ce programme cette semaine-l\u00e0, et qu&rsquo;il est donc inutile d&rsquo;essayer de faire une demande \u00e0 ce stade. Vous pouvez revenir sur la page d&rsquo;inscription pour v\u00e9rifier le statut un autre jour, au cas o\u00f9 une place se lib\u00e9rerait dans la \u201cliste de d\u00e9bordement\u201d.<\/p>\n\n\n\n<p>Veuillez <strong>consid\u00e9rer attentivement les informations suivantes<\/strong> lorsque vous venez en famille :<\/p>\n\n\n\n<ul class=\"wp-block-list\">\n<li>\u201cFamille\u201d : tout <strong>groupe compos\u00e9 d&rsquo;enfants \u00e2g\u00e9s de 0 \u00e0 17 ans et comprenant uniquement le(s) parent(s) ou le(s) tuteur(s)<\/strong>.<\/li>\n\n\n\n<li>\u201cFamille \u00e9largie\u201d : <strong>tout autre personne de votre famille<\/strong> tel que les grands-parents, les oncles et tantes qui souhaitent <strong>r\u00e9server un autre type de logement<\/strong>.<\/li>\n\n\n\n<li>\u201cTuteur\u201d : <strong>tout adulte qui accepte d&rsquo;\u00eatre responsable et de s&rsquo;occuper d&rsquo;un enfant<\/strong>. Il peut s&rsquo;agir d&rsquo;un(e) ami(e) ou de tout membre de votre foyer \u00e2g\u00e9 de 18 ans ou plus.<\/li>\n\n\n\n<li>Veuillez inscrire tous les membres de votre famille, y compris <strong>les b\u00e9b\u00e9s et les enfants de 5 ans et moins.<\/strong><\/li>\n\n\n\n<li>Notre syst\u00e8me ne peut accepter plus de <strong>3 adultes et 6 enfants dans une m\u00eame r\u00e9servation<\/strong>.<\/li>\n\n\n\n<li>Les enfants ou adolescents qui sont inscrits dans des programmes<strong> doivent obligatoirement avoir un parent ou un tuteur qui dort dans le m\u00eame hameau.<\/strong><\/li>\n\n\n\n<li><strong>Le camping <\/strong>sera la seule forme d&rsquo;h\u00e9bergement disponible \u00e0 la r\u00e9servation pour les familles dans les trois hameaux. <\/li>\n<\/ul>\n\n\n\n<p>Veuillez choisir parmi les options suivantes celle qui correspond \u00e0 votre situation:<\/p>\n\n\n\n<figure class=\"wp-block-table is-style-stripes has-small-font-size\"><table><tbody><tr><td><strong>Option 1 &#8211;<\/strong><br>Venir avec des membres de la<strong> famille \u00e9largie<\/strong><\/td><td><strong>Option 2 <\/strong>&#8211;<br>Venir avec des ami(e)s<br> <strong>qui ont des enfants.<\/strong>                  <br>  <\/td><td><strong>Option 3 <\/strong>&#8211;<br>Venir avec des ami(e)s <strong>qui n&rsquo;ont pas d&rsquo;enfants<\/strong><\/td><td><strong>Option 4 &#8211; <\/strong><br>Venir avec <strong>ma famille uniquement.<\/strong>            <br><\/td><\/tr><tr><td>Vous venez avec votre famille, qui comprend:<\/td><td>Vous venez avec votre famille, qui comprend:<\/td><td>Vous venez avec votre famille, qui comprend:<\/td><td>Vous venez avec votre famille, qui comprend:<\/td><\/tr><tr><td>Votre partenaire<br>ou seul(e)<br>Vos enfants<br><strong>un membre de votre <\/strong><br><strong>famille \u00e9largie<\/strong><\/td><td>Votre partenaire<br>ou seul(e)<br>Vos enfants<br><strong>des ami(e)s qui ont des enfants<\/strong><\/td><td>Votre partenaire<br>ou seul(e)<br>Vos enfants<br><strong>des ami(e)s qui n&rsquo;ont pas d&rsquo;enfants<\/strong><\/td><td>Votre partenaire<br>ou seul(e)<br>Vos enfants<\/td><\/tr><\/tbody><\/table><\/figure>\n\n\n\n<div class=\"wp-block-buttons is-layout-flex wp-block-buttons-is-layout-flex\">\n<div class=\"wp-block-button has-custom-width wp-block-button__width-25 has-custom-font-size is-style-fill has-normal-font-size\"><a class=\"wp-block-button__link wp-element-button\" href=\"https:\/\/dev.plumvillage.org\/venir-avec-des-membres-de-votre-famille-elargie\/\" target=\"_blank\" rel=\"noreferrer noopener\">Cliquer ici<\/a><\/div>\n\n\n\n<div class=\"wp-block-button has-custom-width wp-block-button__width-25 has-custom-font-size has-normal-font-size\"><a class=\"wp-block-button__link wp-element-button\" href=\"https:\/\/dev.plumvillage.org\/venir-avec-des-amies-qui-ont-des-enfants\/\" target=\"_blank\" rel=\"noreferrer noopener\">Cliquer ici<\/a><\/div>\n\n\n\n<div class=\"wp-block-button has-custom-width wp-block-button__width-25 has-custom-font-size has-normal-font-size\"><a class=\"wp-block-button__link wp-element-button\" href=\"https:\/\/dev.plumvillage.org\/venir-avec-des-amies-qui-nont-pas-denfants\/\" target=\"_blank\" rel=\"noreferrer noopener\">Cliquer ici<\/a><\/div>\n\n\n\n<div class=\"wp-block-button has-custom-font-size has-normal-font-size\"><a class=\"wp-block-button__link wp-element-button\" href=\"https:\/\/dev.plumvillage.org\/venir-avec-ma-famille\/\" target=\"_blank\" rel=\"noreferrer noopener\">     Cliquer ici     <\/a><\/div>\n<\/div>\n\n\n\n<p><\/p>\n\n\n\n<p class=\"has-text-align-center has-small-font-size\"><a href=\"https:\/\/dev.plumvillage.org\/retraite-dete-inscriptions\/\">Revenir \u00e0 la page Principale<\/a><\/p>\n","protected":false},"excerpt":{"rendered":"<p>Ce tableau pr\u00e9sente le statut des programmes pour enfants et adolescents dans les trois hameaux de Plum Village. Vous pouvez consulter ce tableau avant de proc\u00e9der \u00e0 l&rsquo;enregistrement. Explications du statut dans le tableau : \u201cPas de programme\u201d signifie qu&rsquo;il n&rsquo;y a pas de programme pour cette semaine. \u201cListe d&rsquo;attente\u201d signifie que vous pouvez faire<\/p>\n","protected":false},"author":1112,"featured_media":0,"parent":0,"menu_order":0,"comment_status":"closed","ping_status":"closed","template":"","meta":{"_acf_changed":false,"sync_status":"","episode_type":"","audio_file":"","castos_file_data":"","podmotor_file_id":"","cover_image":"","cover_image_id":"","duration":"","filesize":"","filesize_raw":"","date_recorded":"","explicit":"","block":"","itunes_episode_number":"","itunes_title":"","itunes_season_number":"","itunes_episode_type":"","ep_exclude_from_search":false,"footnotes":""},"class_list":["post-367751","page","type-page","status-publish","hentry"],"acf":[],"_links":{"self":[{"href":"https:\/\/dev.plumvillage.org\/fr\/wp-json\/wp\/v2\/pages\/367751","targetHints":{"allow":["GET"]}}],"collection":[{"href":"https:\/\/dev.plumvillage.org\/fr\/wp-json\/wp\/v2\/pages"}],"about":[{"href":"https:\/\/dev.plumvillage.org\/fr\/wp-json\/wp\/v2\/types\/page"}],"author":[{"embeddable":true,"href":"https:\/\/dev.plumvillage.org\/fr\/wp-json\/wp\/v2\/users\/1112"}],"replies":[{"embeddable":true,"href":"https:\/\/dev.plumvillage.org\/fr\/wp-json\/wp\/v2\/comments?post=367751"}],"version-history":[{"count":5,"href":"https:\/\/dev.plumvillage.org\/fr\/wp-json\/wp\/v2\/pages\/367751\/revisions"}],"predecessor-version":[{"id":368200,"href":"https:\/\/dev.plumvillage.org\/fr\/wp-json\/wp\/v2\/pages\/367751\/revisions\/368200"}],"wp:attachment":[{"href":"https:\/\/dev.plumvillage.org\/fr\/wp-json\/wp\/v2\/media?parent=367751"}],"curies":[{"name":"wp","href":"https:\/\/api.w.org\/{rel}","templated":true}]}}