{"id":367779,"date":"2023-03-03T12:18:39","date_gmt":"2023-03-03T11:18:39","guid":{"rendered":"https:\/\/plumvillage.org\/?page_id=367779"},"modified":"2023-03-04T00:10:14","modified_gmt":"2023-03-03T23:10:14","slug":"venir-avec-des-membres-de-votre-famille-elargie","status":"publish","type":"page","link":"https:\/\/dev.plumvillage.org\/fr\/venir-avec-des-membres-de-votre-famille-elargie","title":{"rendered":"Venir avec des membres de votre famille \u00e9largie"},"content":{"rendered":"\n<h2 class=\"has-text-align-left wp-block-heading\">Vous venez en tant que parent seul ou avec votre partenaire, vos enfants et <strong>un(e) ou plusieurs parents qui ne souhaitent pas camper et qui ne seront pas consid\u00e9r\u00e9(e)s comme tuteurs.<\/strong><\/h2>\n\n\n\n<p><\/p>\n\n\n\n<p>Vous devrez faire <strong>2 r\u00e9servations s\u00e9par\u00e9es<\/strong>, s&rsquo;il vous pla\u00eet assurez-vous que <strong>vous faites la r\u00e9servation de la famille EN PREMIER <\/strong>:<\/p>\n\n\n\n<ul class=\"wp-block-list\">\n<li><strong>Une<\/strong> pour le(s) parent(s)\/tuteur(s) l\u00e9gal(aux) et les enfants, <a href=\"https:\/\/typebot.io\/family-2023-fr\"><strong>cliquez ici<\/strong>.<\/a><\/li>\n\n\n\n<li><strong>Une <\/strong>pour le(s) personne(s) suppl\u00e9mentaire(s), <strong><a href=\"https:\/\/typebot.io\/summer-french-2023\">cliquez ici<\/a>.<\/strong>&nbsp;<\/li>\n<\/ul>\n\n\n\n<p><\/p>\n\n\n\n<p><strong>Si vous souhaitez \u00eatre ensemble, ajoutez le num\u00e9ro de r\u00e9servation du ou des membres de la famille, ou leur nom dans la section Note \u00e0 la fin de votre r\u00e9servation<\/strong>.<\/p>\n\n\n\n<p>En fonction des disponibilit\u00e9s, il se peut que vous deviez s\u00e9journer dans un autre hameau.<\/p>\n\n\n\n<p class=\"has-text-align-center has-small-font-size\"><a href=\"https:\/\/dev.plumvillage.org\/fr\/retreats\/info\/retraite-dete-2023\/\">Revenir \u00e0 la page des Inscriptions<\/a><\/p>\n","protected":false},"excerpt":{"rendered":"<p>Vous venez en tant que parent seul ou avec votre partenaire, vos enfants et un(e) ou plusieurs parents qui ne souhaitent pas camper et qui ne seront pas consid\u00e9r\u00e9(e)s comme tuteurs. Vous devrez faire 2 r\u00e9servations s\u00e9par\u00e9es, s&rsquo;il vous pla\u00eet assurez-vous que vous faites la r\u00e9servation de la famille EN PREMIER : Si vous souhaitez<\/p>\n","protected":false},"author":1112,"featured_media":0,"parent":0,"menu_order":0,"comment_status":"closed","ping_status":"closed","template":"","meta":{"_acf_changed":false,"sync_status":"","episode_type":"","audio_file":"","castos_file_data":"","podmotor_file_id":"","cover_image":"","cover_image_id":"","duration":"","filesize":"","filesize_raw":"","date_recorded":"","explicit":"","block":"","itunes_episode_number":"","itunes_title":"","itunes_season_number":"","itunes_episode_type":"","ep_exclude_from_search":false,"footnotes":""},"class_list":["post-367779","page","type-page","status-publish","hentry"],"acf":[],"_links":{"self":[{"href":"https:\/\/dev.plumvillage.org\/fr\/wp-json\/wp\/v2\/pages\/367779","targetHints":{"allow":["GET"]}}],"collection":[{"href":"https:\/\/dev.plumvillage.org\/fr\/wp-json\/wp\/v2\/pages"}],"about":[{"href":"https:\/\/dev.plumvillage.org\/fr\/wp-json\/wp\/v2\/types\/page"}],"author":[{"embeddable":true,"href":"https:\/\/dev.plumvillage.org\/fr\/wp-json\/wp\/v2\/users\/1112"}],"replies":[{"embeddable":true,"href":"https:\/\/dev.plumvillage.org\/fr\/wp-json\/wp\/v2\/comments?post=367779"}],"version-history":[{"count":5,"href":"https:\/\/dev.plumvillage.org\/fr\/wp-json\/wp\/v2\/pages\/367779\/revisions"}],"predecessor-version":[{"id":367898,"href":"https:\/\/dev.plumvillage.org\/fr\/wp-json\/wp\/v2\/pages\/367779\/revisions\/367898"}],"wp:attachment":[{"href":"https:\/\/dev.plumvillage.org\/fr\/wp-json\/wp\/v2\/media?parent=367779"}],"curies":[{"name":"wp","href":"https:\/\/api.w.org\/{rel}","templated":true}]}}