{"id":367784,"date":"2023-03-03T12:35:33","date_gmt":"2023-03-03T11:35:33","guid":{"rendered":"https:\/\/plumvillage.org\/?page_id=367784"},"modified":"2023-03-04T00:07:09","modified_gmt":"2023-03-03T23:07:09","slug":"venir-avec-des-amies-qui-ont-des-enfants","status":"publish","type":"page","link":"https:\/\/dev.plumvillage.org\/fr\/venir-avec-des-amies-qui-ont-des-enfants","title":{"rendered":"Venir avec des ami(e)s qui ont des enfants"},"content":{"rendered":"\n<h2 class=\"wp-block-heading\">Vous venez avec des amis qui ont aussi des enfants, veuillez faire <strong>1 r\u00e9servation par famille<\/strong> car notre syst\u00e8me <strong>ne peut accepter plus de 3 adultes et 6 enfants par r\u00e9servation.<\/strong><\/h2>\n\n\n\n<p><\/p>\n\n\n\n<p><strong><a href=\"https:\/\/typebot.io\/family-2023-fr\">Cliquez ici<\/a><span style=\"text-decoration: underline;\"> <\/span><\/strong>pour commencer l&rsquo;inscription de la premi\u00e8re famille.<\/p>\n\n\n\n<p><strong><strong><a href=\"https:\/\/typebot.io\/family-2023-fr\">Cliquez ici <\/a><\/strong><\/strong>pour l&rsquo;inscription de tout autre famille.<\/p>\n\n\n\n<p><strong>Si vous souhaitez \u00eatre ensemble, ajoutez le nom de l&rsquo;autre (des autres) famille(s) dans la section Note \u00e0 la fin de la derni\u00e8re r\u00e9servation.<\/strong><\/p>\n\n\n\n<p>Nous ne pouvons pas garantir que nous serons en mesure de vous enregistrer dans le m\u00eame hameau.<\/p>\n\n\n\n<p class=\"has-text-align-center has-small-font-size\"><a href=\"https:\/\/dev.plumvillage.org\/fr\/retreats\/info\/retraite-dete-2023\/\">Revenir \u00e0 la page des Inscriptions<\/a><\/p>\n","protected":false},"excerpt":{"rendered":"<p>Vous venez avec des amis qui ont aussi des enfants, veuillez faire 1 r\u00e9servation par famille car notre syst\u00e8me ne peut accepter plus de 3 adultes et 6 enfants par r\u00e9servation. Cliquez ici pour commencer l&rsquo;inscription de la premi\u00e8re famille. Cliquez ici pour l&rsquo;inscription de tout autre famille. Si vous souhaitez \u00eatre ensemble, ajoutez le<\/p>\n","protected":false},"author":1112,"featured_media":0,"parent":0,"menu_order":0,"comment_status":"closed","ping_status":"closed","template":"","meta":{"_acf_changed":false,"sync_status":"","episode_type":"","audio_file":"","castos_file_data":"","podmotor_file_id":"","cover_image":"","cover_image_id":"","duration":"","filesize":"","filesize_raw":"","date_recorded":"","explicit":"","block":"","itunes_episode_number":"","itunes_title":"","itunes_season_number":"","itunes_episode_type":"","ep_exclude_from_search":false,"footnotes":""},"class_list":["post-367784","page","type-page","status-publish","hentry"],"acf":[],"_links":{"self":[{"href":"https:\/\/dev.plumvillage.org\/fr\/wp-json\/wp\/v2\/pages\/367784","targetHints":{"allow":["GET"]}}],"collection":[{"href":"https:\/\/dev.plumvillage.org\/fr\/wp-json\/wp\/v2\/pages"}],"about":[{"href":"https:\/\/dev.plumvillage.org\/fr\/wp-json\/wp\/v2\/types\/page"}],"author":[{"embeddable":true,"href":"https:\/\/dev.plumvillage.org\/fr\/wp-json\/wp\/v2\/users\/1112"}],"replies":[{"embeddable":true,"href":"https:\/\/dev.plumvillage.org\/fr\/wp-json\/wp\/v2\/comments?post=367784"}],"version-history":[{"count":3,"href":"https:\/\/dev.plumvillage.org\/fr\/wp-json\/wp\/v2\/pages\/367784\/revisions"}],"predecessor-version":[{"id":367897,"href":"https:\/\/dev.plumvillage.org\/fr\/wp-json\/wp\/v2\/pages\/367784\/revisions\/367897"}],"wp:attachment":[{"href":"https:\/\/dev.plumvillage.org\/fr\/wp-json\/wp\/v2\/media?parent=367784"}],"curies":[{"name":"wp","href":"https:\/\/api.w.org\/{rel}","templated":true}]}}