{"id":373774,"date":"2012-12-07T17:14:15","date_gmt":"2012-12-07T16:14:15","guid":{"rendered":"https:\/\/plumvillage.org\/?page_id=373774"},"modified":"2024-06-18T16:38:25","modified_gmt":"2024-06-18T14:38:25","slug":"donner","status":"publish","type":"page","link":"https:\/\/dev.plumvillage.org\/fr\/donner","title":{"rendered":"Donner"},"content":{"rendered":"\n<p>Les enseignements attentifs et la pratique aimante du ma\u00eetre zen Thich Nhat Hanh nous invitent, chacune et chacun, \u00e0 savourer un moment de bonheur \u00e0 chaque respiration et \u00e0 chacun de nos pas.<\/p>\n\n\n\n<p>Thich Nhat Hanh, que l&rsquo;on appelle affectueusement Th\u1ea7y (ma\u00eetre), apporte au monde l&rsquo;art d&rsquo;une vie en pleine conscience et du bouddhisme engag\u00e9, transformant la souffrance et apportant la paix \u00e0 des millions de personnes. Aujourd&rsquo;hui, maintenant, une joyeuse opportunit\u00e9 s&rsquo;offre \u00e0 nous pour soutenir les enseignements de Th\u1ea7y.<\/p>\n\n\n\n<p>La Fondation Thich Nhat Hanh oeuvre en pleine conscience \u00e0 l&rsquo;engagement de notre communaut\u00e9 dans le don joyeux, afin de soutenir partout dans le monde les enseignements de pleine conscience et la pratique de l&rsquo;amour qu&rsquo;offre Th\u1ea7y.<\/p>\n\n\n\n<p>Le soutien financier que nous pouvons apporter n&rsquo;est possible que gr\u00e2ce au c\u0153ur g\u00e9n\u00e9reux et \u00e0 l&rsquo;engagement empreint d&rsquo;amour de personnes qui, comme vous, souhaitent soutenir la pratique de Th\u1ea7y. Les dons effectu\u00e9s au titre de soutien g\u00e9n\u00e9ral apportent le financement n\u00e9cessaire pour grand nombre de nos efforts en mati\u00e8re de pratique de la pleine conscience.<\/p>\n\n\n\n<h4 class=\"wp-block-heading\">Contribuer au:<\/h4>\n\n\n\n<div class=\"wp-block-buttons mt-3 is-layout-flex wp-block-buttons-is-layout-flex\">\n<div class=\"wp-block-button has-custom-font-size is-style-large has-normal-font-size\"><a class=\"wp-block-button__link wp-element-button\" href=\"?form=FUNMTNCXZBH\">Soutien Global<\/a><\/div>\n\n\n\n<div class=\"wp-block-button has-custom-font-size is-style-large has-normal-font-size\"><a class=\"wp-block-button__link wp-element-button\" href=\"?form=FUNYXNVFYDC\">Les travaux de construction du Village des Pruniers<\/a><\/div>\n<\/div>\n\n\n\n<hr class=\"wp-block-separator has-alpha-channel-opacity\"\/>\n\n\n\n<h4 class=\"wp-block-heading\">Lancer une collecte de fonds<\/h4>\n\n\n\n<p>Soutenez notre communaut\u00e9 en organisant votre propre collecte de fonds pour le Village des Pruniers. C&rsquo;est un moyen simple et efficace de partager votre pratique de la pleine conscience et de la paix avec les autres. Vous pouvez utiliser nos outils en ligne pour cr\u00e9er votre page, partager votre histoire et inviter vos amis, votre famille ou votre Sangha locale \u00e0 contribuer. Ensemble, nous pouvons diffuser un message d&rsquo;amour et de compr\u00e9hension.<\/p>\n\n\n\n<div class=\"wp-block-buttons is-layout-flex wp-block-buttons-is-layout-flex\">\n<div class=\"wp-block-button\"><a class=\"wp-block-button__link wp-element-button\" href=\"?form=XZSDUKYX\">Collecte Soutien Global<\/a><\/div>\n\n\n\n<div class=\"wp-block-button\"><a class=\"wp-block-button__link wp-element-button\" href=\"?form=XBKYKYPS\">Collecte D\u00e9veloppement du Village<\/a><\/div>\n<\/div>\n","protected":false},"excerpt":{"rendered":"<p>Les enseignements attentifs et la pratique aimante du ma\u00eetre zen Thich Nhat Hanh nous invitent, chacune et chacun, \u00e0 savourer un moment de bonheur \u00e0 chaque respiration et \u00e0 chacun de nos pas. Thich Nhat Hanh, que l&rsquo;on appelle affectueusement Th\u1ea7y (ma\u00eetre), apporte au monde l&rsquo;art d&rsquo;une vie en pleine conscience et du bouddhisme engag\u00e9,<\/p>\n","protected":false},"author":9,"featured_media":0,"parent":0,"menu_order":6,"comment_status":"closed","ping_status":"closed","template":"","meta":{"_acf_changed":false,"sync_status":"","episode_type":"","audio_file":"","castos_file_data":"","podmotor_file_id":"","cover_image":"","cover_image_id":"","duration":"","filesize":"","filesize_raw":"","date_recorded":"","explicit":"","block":"","itunes_episode_number":"","itunes_title":"","itunes_season_number":"","itunes_episode_type":"","ep_exclude_from_search":false,"footnotes":""},"class_list":["post-373774","page","type-page","status-publish","hentry"],"acf":[],"_links":{"self":[{"href":"https:\/\/dev.plumvillage.org\/fr\/wp-json\/wp\/v2\/pages\/373774","targetHints":{"allow":["GET"]}}],"collection":[{"href":"https:\/\/dev.plumvillage.org\/fr\/wp-json\/wp\/v2\/pages"}],"about":[{"href":"https:\/\/dev.plumvillage.org\/fr\/wp-json\/wp\/v2\/types\/page"}],"author":[{"embeddable":true,"href":"https:\/\/dev.plumvillage.org\/fr\/wp-json\/wp\/v2\/users\/9"}],"replies":[{"embeddable":true,"href":"https:\/\/dev.plumvillage.org\/fr\/wp-json\/wp\/v2\/comments?post=373774"}],"version-history":[{"count":5,"href":"https:\/\/dev.plumvillage.org\/fr\/wp-json\/wp\/v2\/pages\/373774\/revisions"}],"predecessor-version":[{"id":460373,"href":"https:\/\/dev.plumvillage.org\/fr\/wp-json\/wp\/v2\/pages\/373774\/revisions\/460373"}],"wp:attachment":[{"href":"https:\/\/dev.plumvillage.org\/fr\/wp-json\/wp\/v2\/media?parent=373774"}],"curies":[{"name":"wp","href":"https:\/\/api.w.org\/{rel}","templated":true}]}}