{"id":373888,"date":"2023-04-14T17:33:21","date_gmt":"2023-04-14T15:33:21","guid":{"rendered":"https:\/\/plumvillage.org\/?page_id=373888"},"modified":"2023-06-15T14:06:47","modified_gmt":"2023-06-15T12:06:47","slug":"nouvelle-residence-monastique-de-hameau-nouveau","status":"publish","type":"page","link":"https:\/\/dev.plumvillage.org\/fr\/donner\/nouvelle-residence-monastique-de-hameau-nouveau","title":{"rendered":"Nouvelle r\u00e9sidence monastique de Hameau Nouveau"},"content":{"rendered":"\n<figure class=\"wp-block-image size-full\"><img loading=\"lazy\" decoding=\"async\" width=\"1024\" height=\"683\" src=\"https:\/\/dev.plumvillage.org\/wp-content\/uploads\/2023\/04\/New-Hamlet-monastic-residence.png\" alt=\"\" class=\"wp-image-373890\" srcset=\"https:\/\/dev.plumvillage.org\/wp-content\/uploads\/2023\/04\/New-Hamlet-monastic-residence.png 1024w, https:\/\/dev.plumvillage.org\/wp-content\/uploads\/2023\/04\/New-Hamlet-monastic-residence-499x333.png 499w, https:\/\/dev.plumvillage.org\/wp-content\/uploads\/2023\/04\/New-Hamlet-monastic-residence-768x512.png 768w\" sizes=\"auto, (max-width: 1024px) 100vw, 1024px\" \/><\/figure>\n\n\n\n<p><strong>Aidez les soeurs \u00e0 cr\u00e9er des conditions de vie harmonieuses pour la communaut\u00e9 monastique et la\u00efque en plein essor<\/strong><\/p>\n\n\n\n<p>La pratique dans la tradition du Village des Pruniers de Thich Nhat Hanh suscite un int\u00e9r\u00eat consid\u00e9rable, cependant les capacit\u00e9s d\u2019accueil du Hameau Nouveau sont \u00e0 pr\u00e9sent d\u00e9pass\u00e9es. Chaque ann\u00e9e, le nombre de retraitant(e)s ne cesse d\u2019augmenter car de plus en plus de personnes reconnaissent les bienfaits de la vie en pleine conscience. Chaque ann\u00e9e de nouveaux aspirants et novices rejoignent les soeurs sur le chemin monastique.<\/p>\n\n\n\n<p>Une nouvelle r\u00e9sidence monastique permettrait aux soeurs, \u00e0 nos ami(e)s la\u00efques et nos internes de pratiquer, grandir, gu\u00e9rir et s\u2019\u00e9veiller ensemble dans de meilleures conditions. <strong>Nous vous serions reconnaissants de contribuer \u00e0 ce que le Hameau Nouveau puisse demeurer un lieu de refuge et de renouveau pour des pratiquantes comme nous et pour les g\u00e9n\u00e9rations \u00e0 venir.<\/strong> Gr\u00e2ce \u00e0 votre soutien, le Hameau Nouveau pourra continuer \u00e0 \u00eatre notre vraie maison, un endroit o\u00f9 nous pouvons revenir \u00e0 nous-m\u00eame. Chaque don fait la diff\u00e9rence.<\/p>\n\n\n\n<p><strong>Votre don peut \u00eatre d\u00e9ductible des imp\u00f4ts.<\/strong><\/p>\n\n\n\n<p>Vous pourriez d\u00e9duire de votre imp\u00f4t sur le revenu <strong>66% du montant de votre don<\/strong>, dans la limite de 20% de votre revenu imposable. Ainsi si vous donnez 100\u20ac cela vous co\u00fbterait r\u00e9ellement 34\u20ac.<\/p>\n\n\n\n<p>Ceci ne constitue pas un conseil fiscal ou comptable ; veuillez consulter vos conseillers financiers ou l\u2019administration fiscale locale pour confirmer si votre don est d\u00e9ductible des imp\u00f4ts.<\/p>\n\n\n\n<p>Si vous souhaitez donner, nous vous invitons \u00e0 nous contacter \u00e0 : <a href=\"mailto:dana@plumvillage.org\">dana@plumvillage.org<\/a><\/p>\n","protected":false},"excerpt":{"rendered":"<p>Aidez les soeurs \u00e0 cr\u00e9er des conditions de vie harmonieuses pour la communaut\u00e9 monastique et la\u00efque en plein essor La pratique dans la tradition du Village des Pruniers de Thich Nhat Hanh suscite un int\u00e9r\u00eat consid\u00e9rable, cependant les capacit\u00e9s d\u2019accueil du Hameau Nouveau sont \u00e0 pr\u00e9sent d\u00e9pass\u00e9es. Chaque ann\u00e9e, le nombre de retraitant(e)s ne cesse<\/p>\n","protected":false},"author":1088,"featured_media":0,"parent":373774,"menu_order":0,"comment_status":"closed","ping_status":"closed","template":"","meta":{"_acf_changed":false,"sync_status":"","episode_type":"","audio_file":"","castos_file_data":"","podmotor_file_id":"","cover_image":"","cover_image_id":"","duration":"","filesize":"","filesize_raw":"","date_recorded":"","explicit":"","block":"","itunes_episode_number":"","itunes_title":"","itunes_season_number":"","itunes_episode_type":"","ep_exclude_from_search":false,"footnotes":""},"class_list":["post-373888","page","type-page","status-publish","hentry"],"acf":[],"_links":{"self":[{"href":"https:\/\/dev.plumvillage.org\/fr\/wp-json\/wp\/v2\/pages\/373888","targetHints":{"allow":["GET"]}}],"collection":[{"href":"https:\/\/dev.plumvillage.org\/fr\/wp-json\/wp\/v2\/pages"}],"about":[{"href":"https:\/\/dev.plumvillage.org\/fr\/wp-json\/wp\/v2\/types\/page"}],"author":[{"embeddable":true,"href":"https:\/\/dev.plumvillage.org\/fr\/wp-json\/wp\/v2\/users\/1088"}],"replies":[{"embeddable":true,"href":"https:\/\/dev.plumvillage.org\/fr\/wp-json\/wp\/v2\/comments?post=373888"}],"version-history":[{"count":3,"href":"https:\/\/dev.plumvillage.org\/fr\/wp-json\/wp\/v2\/pages\/373888\/revisions"}],"predecessor-version":[{"id":390034,"href":"https:\/\/dev.plumvillage.org\/fr\/wp-json\/wp\/v2\/pages\/373888\/revisions\/390034"}],"up":[{"embeddable":true,"href":"https:\/\/dev.plumvillage.org\/fr\/wp-json\/wp\/v2\/pages\/373774"}],"wp:attachment":[{"href":"https:\/\/dev.plumvillage.org\/fr\/wp-json\/wp\/v2\/media?parent=373888"}],"curies":[{"name":"wp","href":"https:\/\/api.w.org\/{rel}","templated":true}]}}