{"id":429555,"date":"2024-01-17T11:58:11","date_gmt":"2024-01-17T10:58:11","guid":{"rendered":"https:\/\/plumvillage.org\/?page_id=429555"},"modified":"2024-01-20T22:31:09","modified_gmt":"2024-01-20T21:31:09","slug":"benevolat","status":"publish","type":"page","link":"https:\/\/dev.plumvillage.org\/fr\/benevolat","title":{"rendered":"B\u00e9n\u00e9volat"},"content":{"rendered":"\n<p>Voici les prochaines opportunit\u00e9s de b\u00e9n\u00e9volat pour ceux qui souhaitent soutenir nos retraites. Ces opportunit\u00e9s sont particuli\u00e8rement appropri\u00e9es pour celles et ceux qui ont de l&rsquo;exp\u00e9rience dans la tradition du Village des Pruniers et qui connaissent bien nos retraites.<\/p>\n\n\n\n<div class=\"block block-retreats-list align to-right-edge\">\n\n\t\t\t\t\t\t<p>No upcoming retreats.<\/p>\n\t\t\t<\/div>","protected":false},"excerpt":{"rendered":"<p>Voici les prochaines opportunit\u00e9s de b\u00e9n\u00e9volat pour ceux qui souhaitent soutenir nos retraites. Ces opportunit\u00e9s sont particuli\u00e8rement appropri\u00e9es pour celles et ceux qui ont de l&rsquo;exp\u00e9rience dans la tradition du Village des Pruniers et qui connaissent bien nos retraites.<\/p>\n","protected":false},"author":1088,"featured_media":0,"parent":0,"menu_order":0,"comment_status":"closed","ping_status":"closed","template":"","meta":{"_acf_changed":false,"sync_status":"","episode_type":"","audio_file":"","castos_file_data":"","podmotor_file_id":"","cover_image":"","cover_image_id":"","duration":"","filesize":"","filesize_raw":"","date_recorded":"","explicit":"","block":"","itunes_episode_number":"","itunes_title":"","itunes_season_number":"","itunes_episode_type":"","ep_exclude_from_search":false,"footnotes":""},"class_list":["post-429555","page","type-page","status-publish","hentry"],"acf":[],"_links":{"self":[{"href":"https:\/\/dev.plumvillage.org\/fr\/wp-json\/wp\/v2\/pages\/429555","targetHints":{"allow":["GET"]}}],"collection":[{"href":"https:\/\/dev.plumvillage.org\/fr\/wp-json\/wp\/v2\/pages"}],"about":[{"href":"https:\/\/dev.plumvillage.org\/fr\/wp-json\/wp\/v2\/types\/page"}],"author":[{"embeddable":true,"href":"https:\/\/dev.plumvillage.org\/fr\/wp-json\/wp\/v2\/users\/1088"}],"replies":[{"embeddable":true,"href":"https:\/\/dev.plumvillage.org\/fr\/wp-json\/wp\/v2\/comments?post=429555"}],"version-history":[{"count":4,"href":"https:\/\/dev.plumvillage.org\/fr\/wp-json\/wp\/v2\/pages\/429555\/revisions"}],"predecessor-version":[{"id":430688,"href":"https:\/\/dev.plumvillage.org\/fr\/wp-json\/wp\/v2\/pages\/429555\/revisions\/430688"}],"wp:attachment":[{"href":"https:\/\/dev.plumvillage.org\/fr\/wp-json\/wp\/v2\/media?parent=429555"}],"curies":[{"name":"wp","href":"https:\/\/api.w.org\/{rel}","templated":true}]}}